{"id":98823,"date":"2025-06-17T11:19:47","date_gmt":"2025-06-17T09:19:47","guid":{"rendered":"https:\/\/shop.pfarrplatz.com\/?post_type=product&#038;p=98823"},"modified":"2025-06-17T15:45:46","modified_gmt":"2025-06-17T13:45:46","slug":"12er-paket-das-prickelnde-fraeulein-rose-mini","status":"publish","type":"product","link":"https:\/\/shop.pfarrplatz.com\/en\/wein\/12er-paket-das-prickelnde-fraeulein-rose-mini\/","title":{"rendered":"12er-Paket Das prickelnde Fr\u00e4ulein Ros\u00e9 Mini"},"content":{"rendered":"","protected":false},"excerpt":{"rendered":"<p>Lebendiger Ros\u00e9-Sekt , floral und aromatisch in der Nase, schmeichelhaft am Gaumen mit leicht s\u00fc\u00dfen Beerenaromen. Feines Mousseux und gut integrierter Perlage.<\/p>\n","protected":false},"featured_media":98824,"comment_status":"closed","ping_status":"closed","template":"","meta":[],"product_brand":[],"product_cat":[217,167,45,115],"product_tag":[],"class_list":{"0":"post-98823","1":"product","2":"type-product","3":"status-publish","4":"has-post-thumbnail","6":"product_cat-besonderes","7":"product_cat-mayer-am-pfarrplatz","8":"product_cat-sekt","9":"product_cat-weinsets","10":"pa_allergene-contains-sulfites-2","11":"pa_einheit-flasche","12":"pa_gebinde-117","13":"pa_geschmack-dry-2","14":"pa_lage-weingarten-gebietswein","15":"pa_lagerfaehigkeit-1-2-years-2","16":"pa_produkt-rose","17":"pa_produkt-sekt","18":"pa_rebsorte-zweigelt","19":"pa_weingut-mayer-am-pfarrplatz","21":"first","22":"instock","23":"taxable","24":"shipping-taxable","25":"purchasable","26":"product-type-simple"},"yoast_head":"<!-- This site is optimized with the Yoast SEO plugin v27.3 - https:\/\/yoast.com\/product\/yoast-seo-wordpress\/ -->\n<title>12er-Paket Das prickelnde Fr\u00e4ulein Ros\u00e9 Mini - Online-Shop der Weing\u00fcter Mayer am Pfarrplatz und Rotes Haus<\/title>\n<meta name=\"robots\" content=\"index, follow, max-snippet:-1, max-image-preview:large, max-video-preview:-1\" \/>\n<link rel=\"canonical\" href=\"https:\/\/shop.pfarrplatz.com\/en\/wein\/12er-paket-das-prickelnde-fraeulein-rose-mini\/\" \/>\n<meta property=\"og:locale\" content=\"en_US\" \/>\n<meta property=\"og:type\" content=\"article\" \/>\n<meta property=\"og:title\" content=\"12er-Paket Das prickelnde Fr\u00e4ulein Ros\u00e9 Mini - Online-Shop der Weing\u00fcter Mayer am Pfarrplatz und Rotes Haus\" \/>\n<meta property=\"og:description\" content=\"Lebendiger Ros\u00e9-Sekt , floral und aromatisch in der Nase, schmeichelhaft am Gaumen mit leicht s\u00fc\u00dfen Beerenaromen. Feines Mousseux und gut integrierter Perlage.\" \/>\n<meta property=\"og:url\" content=\"https:\/\/shop.pfarrplatz.com\/en\/wein\/12er-paket-das-prickelnde-fraeulein-rose-mini\/\" \/>\n<meta property=\"og:site_name\" content=\"Online-Shop der Weing\u00fcter Mayer am Pfarrplatz und Rotes Haus\" \/>\n<meta property=\"article:modified_time\" content=\"2025-06-17T13:45:46+00:00\" \/>\n<meta property=\"og:image\" content=\"https:\/\/shop.pfarrplatz.com\/wp-content\/uploads\/sites\/16\/2025\/06\/RoseBox-864x1030.png\" \/>\n\t<meta property=\"og:image:width\" content=\"864\" \/>\n\t<meta property=\"og:image:height\" content=\"1030\" \/>\n\t<meta property=\"og:image:type\" content=\"image\/png\" \/>\n<meta name=\"twitter:card\" content=\"summary_large_image\" \/>\n<meta name=\"twitter:label1\" content=\"Est. reading time\" \/>\n\t<meta name=\"twitter:data1\" content=\"1 minute\" \/>\n<script type=\"application\/ld+json\" class=\"yoast-schema-graph\">{\"@context\":\"https:\\\/\\\/schema.org\",\"@graph\":[{\"@type\":\"WebPage\",\"@id\":\"https:\\\/\\\/shop.pfarrplatz.com\\\/en\\\/wein\\\/12er-paket-das-prickelnde-fraeulein-rose-mini\\\/\",\"url\":\"https:\\\/\\\/shop.pfarrplatz.com\\\/en\\\/wein\\\/12er-paket-das-prickelnde-fraeulein-rose-mini\\\/\",\"name\":\"12er-Paket Das prickelnde Fr\u00e4ulein Ros\u00e9 Mini - Online-Shop der Weing\u00fcter Mayer am Pfarrplatz und Rotes Haus\",\"isPartOf\":{\"@id\":\"https:\\\/\\\/shop.pfarrplatz.com\\\/en\\\/#website\"},\"primaryImageOfPage\":{\"@id\":\"https:\\\/\\\/shop.pfarrplatz.com\\\/en\\\/wein\\\/12er-paket-das-prickelnde-fraeulein-rose-mini\\\/#primaryimage\"},\"image\":{\"@id\":\"https:\\\/\\\/shop.pfarrplatz.com\\\/en\\\/wein\\\/12er-paket-das-prickelnde-fraeulein-rose-mini\\\/#primaryimage\"},\"thumbnailUrl\":\"https:\\\/\\\/shop.pfarrplatz.com\\\/wp-content\\\/uploads\\\/sites\\\/16\\\/2025\\\/06\\\/RoseBox.png\",\"datePublished\":\"2025-06-17T09:19:47+00:00\",\"dateModified\":\"2025-06-17T13:45:46+00:00\",\"breadcrumb\":{\"@id\":\"https:\\\/\\\/shop.pfarrplatz.com\\\/en\\\/wein\\\/12er-paket-das-prickelnde-fraeulein-rose-mini\\\/#breadcrumb\"},\"inLanguage\":\"en-US\",\"potentialAction\":[{\"@type\":\"ReadAction\",\"target\":[\"https:\\\/\\\/shop.pfarrplatz.com\\\/en\\\/wein\\\/12er-paket-das-prickelnde-fraeulein-rose-mini\\\/\"]}]},{\"@type\":\"ImageObject\",\"inLanguage\":\"en-US\",\"@id\":\"https:\\\/\\\/shop.pfarrplatz.com\\\/en\\\/wein\\\/12er-paket-das-prickelnde-fraeulein-rose-mini\\\/#primaryimage\",\"url\":\"https:\\\/\\\/shop.pfarrplatz.com\\\/wp-content\\\/uploads\\\/sites\\\/16\\\/2025\\\/06\\\/RoseBox.png\",\"contentUrl\":\"https:\\\/\\\/shop.pfarrplatz.com\\\/wp-content\\\/uploads\\\/sites\\\/16\\\/2025\\\/06\\\/RoseBox.png\",\"width\":2516,\"height\":3000},{\"@type\":\"BreadcrumbList\",\"@id\":\"https:\\\/\\\/shop.pfarrplatz.com\\\/en\\\/wein\\\/12er-paket-das-prickelnde-fraeulein-rose-mini\\\/#breadcrumb\",\"itemListElement\":[{\"@type\":\"ListItem\",\"position\":1,\"name\":\"Startseite\",\"item\":\"https:\\\/\\\/shop.pfarrplatz.com\\\/en\\\/\"},{\"@type\":\"ListItem\",\"position\":2,\"name\":\"Produkte\",\"item\":\"https:\\\/\\\/shop.pfarrplatz.com\\\/de\\\/shop\\\/\"},{\"@type\":\"ListItem\",\"position\":3,\"name\":\"12er-Paket Das prickelnde Fr\u00e4ulein Ros\u00e9 Mini\"}]},{\"@type\":\"WebSite\",\"@id\":\"https:\\\/\\\/shop.pfarrplatz.com\\\/en\\\/#website\",\"url\":\"https:\\\/\\\/shop.pfarrplatz.com\\\/en\\\/\",\"name\":\"Online-Shop der Weing\u00fcter Mayer am Pfarrplatz und Rotes Haus\",\"description\":\"Wein Online-Shop f\u00fcr Mayer am Pfarrplatz und Rotes Haus\",\"alternateName\":\"Online-Shop der Weing\u00fcter Mayer am Pfarrplatz und Rotes Haus\",\"potentialAction\":[{\"@type\":\"SearchAction\",\"target\":{\"@type\":\"EntryPoint\",\"urlTemplate\":\"https:\\\/\\\/shop.pfarrplatz.com\\\/en\\\/?s={search_term_string}\"},\"query-input\":{\"@type\":\"PropertyValueSpecification\",\"valueRequired\":true,\"valueName\":\"search_term_string\"}}],\"inLanguage\":\"en-US\"}]}<\/script>\n<!-- \/ Yoast SEO plugin. -->","yoast_head_json":{"title":"12er-Paket Das prickelnde Fr\u00e4ulein Ros\u00e9 Mini - Online-Shop der Weing\u00fcter Mayer am Pfarrplatz und Rotes Haus","robots":{"index":"index","follow":"follow","max-snippet":"max-snippet:-1","max-image-preview":"max-image-preview:large","max-video-preview":"max-video-preview:-1"},"canonical":"https:\/\/shop.pfarrplatz.com\/en\/wein\/12er-paket-das-prickelnde-fraeulein-rose-mini\/","og_locale":"en_US","og_type":"article","og_title":"12er-Paket Das prickelnde Fr\u00e4ulein Ros\u00e9 Mini - Online-Shop der Weing\u00fcter Mayer am Pfarrplatz und Rotes Haus","og_description":"Lebendiger Ros\u00e9-Sekt , floral und aromatisch in der Nase, schmeichelhaft am Gaumen mit leicht s\u00fc\u00dfen Beerenaromen. Feines Mousseux und gut integrierter Perlage.","og_url":"https:\/\/shop.pfarrplatz.com\/en\/wein\/12er-paket-das-prickelnde-fraeulein-rose-mini\/","og_site_name":"Online-Shop der Weing\u00fcter Mayer am Pfarrplatz und Rotes Haus","article_modified_time":"2025-06-17T13:45:46+00:00","og_image":[{"width":864,"height":1030,"url":"https:\/\/shop.pfarrplatz.com\/wp-content\/uploads\/sites\/16\/2025\/06\/RoseBox-864x1030.png","type":"image\/png"}],"twitter_card":"summary_large_image","twitter_misc":{"Est. reading time":"1 minute"},"schema":{"@context":"https:\/\/schema.org","@graph":[{"@type":"WebPage","@id":"https:\/\/shop.pfarrplatz.com\/en\/wein\/12er-paket-das-prickelnde-fraeulein-rose-mini\/","url":"https:\/\/shop.pfarrplatz.com\/en\/wein\/12er-paket-das-prickelnde-fraeulein-rose-mini\/","name":"12er-Paket Das prickelnde Fr\u00e4ulein Ros\u00e9 Mini - Online-Shop der Weing\u00fcter Mayer am Pfarrplatz und Rotes Haus","isPartOf":{"@id":"https:\/\/shop.pfarrplatz.com\/en\/#website"},"primaryImageOfPage":{"@id":"https:\/\/shop.pfarrplatz.com\/en\/wein\/12er-paket-das-prickelnde-fraeulein-rose-mini\/#primaryimage"},"image":{"@id":"https:\/\/shop.pfarrplatz.com\/en\/wein\/12er-paket-das-prickelnde-fraeulein-rose-mini\/#primaryimage"},"thumbnailUrl":"https:\/\/shop.pfarrplatz.com\/wp-content\/uploads\/sites\/16\/2025\/06\/RoseBox.png","datePublished":"2025-06-17T09:19:47+00:00","dateModified":"2025-06-17T13:45:46+00:00","breadcrumb":{"@id":"https:\/\/shop.pfarrplatz.com\/en\/wein\/12er-paket-das-prickelnde-fraeulein-rose-mini\/#breadcrumb"},"inLanguage":"en-US","potentialAction":[{"@type":"ReadAction","target":["https:\/\/shop.pfarrplatz.com\/en\/wein\/12er-paket-das-prickelnde-fraeulein-rose-mini\/"]}]},{"@type":"ImageObject","inLanguage":"en-US","@id":"https:\/\/shop.pfarrplatz.com\/en\/wein\/12er-paket-das-prickelnde-fraeulein-rose-mini\/#primaryimage","url":"https:\/\/shop.pfarrplatz.com\/wp-content\/uploads\/sites\/16\/2025\/06\/RoseBox.png","contentUrl":"https:\/\/shop.pfarrplatz.com\/wp-content\/uploads\/sites\/16\/2025\/06\/RoseBox.png","width":2516,"height":3000},{"@type":"BreadcrumbList","@id":"https:\/\/shop.pfarrplatz.com\/en\/wein\/12er-paket-das-prickelnde-fraeulein-rose-mini\/#breadcrumb","itemListElement":[{"@type":"ListItem","position":1,"name":"Startseite","item":"https:\/\/shop.pfarrplatz.com\/en\/"},{"@type":"ListItem","position":2,"name":"Produkte","item":"https:\/\/shop.pfarrplatz.com\/de\/shop\/"},{"@type":"ListItem","position":3,"name":"12er-Paket Das prickelnde Fr\u00e4ulein Ros\u00e9 Mini"}]},{"@type":"WebSite","@id":"https:\/\/shop.pfarrplatz.com\/en\/#website","url":"https:\/\/shop.pfarrplatz.com\/en\/","name":"Online-Shop der Weing\u00fcter Mayer am Pfarrplatz und Rotes Haus","description":"Wein Online-Shop f\u00fcr Mayer am Pfarrplatz und Rotes Haus","alternateName":"Online-Shop der Weing\u00fcter Mayer am Pfarrplatz und Rotes Haus","potentialAction":[{"@type":"SearchAction","target":{"@type":"EntryPoint","urlTemplate":"https:\/\/shop.pfarrplatz.com\/en\/?s={search_term_string}"},"query-input":{"@type":"PropertyValueSpecification","valueRequired":true,"valueName":"search_term_string"}}],"inLanguage":"en-US"}]}},"_links":{"self":[{"href":"https:\/\/shop.pfarrplatz.com\/en\/wp-json\/wp\/v2\/product\/98823","targetHints":{"allow":["GET"]}}],"collection":[{"href":"https:\/\/shop.pfarrplatz.com\/en\/wp-json\/wp\/v2\/product"}],"about":[{"href":"https:\/\/shop.pfarrplatz.com\/en\/wp-json\/wp\/v2\/types\/product"}],"replies":[{"embeddable":true,"href":"https:\/\/shop.pfarrplatz.com\/en\/wp-json\/wp\/v2\/comments?post=98823"}],"wp:featuredmedia":[{"embeddable":true,"href":"https:\/\/shop.pfarrplatz.com\/en\/wp-json\/wp\/v2\/media\/98824"}],"wp:attachment":[{"href":"https:\/\/shop.pfarrplatz.com\/en\/wp-json\/wp\/v2\/media?parent=98823"}],"wp:term":[{"taxonomy":"product_brand","embeddable":true,"href":"https:\/\/shop.pfarrplatz.com\/en\/wp-json\/wp\/v2\/product_brand?post=98823"},{"taxonomy":"product_cat","embeddable":true,"href":"https:\/\/shop.pfarrplatz.com\/en\/wp-json\/wp\/v2\/product_cat?post=98823"},{"taxonomy":"product_tag","embeddable":true,"href":"https:\/\/shop.pfarrplatz.com\/en\/wp-json\/wp\/v2\/product_tag?post=98823"}],"curies":[{"name":"wp","href":"https:\/\/api.w.org\/{rel}","templated":true}]}}