{"id":93198,"date":"2024-04-30T15:34:25","date_gmt":"2024-04-30T13:34:25","guid":{"rendered":"https:\/\/shop.pfarrplatz.com\/?post_type=product&#038;p=93198"},"modified":"2025-05-14T14:48:01","modified_gmt":"2025-05-14T12:48:01","slug":"12er-paket-zweigelt-mini","status":"publish","type":"product","link":"https:\/\/shop.pfarrplatz.com\/en\/wein\/12er-paket-zweigelt-mini\/","title":{"rendered":"12er-Paket Zweigelt Mini"},"content":{"rendered":"","protected":false},"excerpt":{"rendered":"<p>Unser Zweigelt in der praktischen Miniflasche , perfekt f\u00fcr den vinophilen Genuss to-go, beim Picknick oder einfach zum Genie\u00dfen, wenn mal eine Bouteille zu viel sein sollte. ;-)<\/p>\n<p>Klares rubinrot, in der Nase w\u00fcrzige Aromen mit heller Beerenfrucht. Am Gaumen zarte Schwarzteearomen unterlegt mit elegant-weichen Tanninen, w\u00fcrziger Nachhall.<\/p>\n<p>Preis pro Karton. Ein Karton beinhaltet 12 Flaschen \u00e0 0,187l.<\/p>\n","protected":false},"featured_media":94686,"comment_status":"closed","ping_status":"closed","template":"","meta":[],"product_brand":[],"product_cat":[217,167,115],"product_tag":[],"class_list":{"0":"post-93198","1":"product","2":"type-product","3":"status-publish","4":"has-post-thumbnail","6":"product_cat-besonderes","7":"product_cat-mayer-am-pfarrplatz","8":"product_cat-weinsets","9":"pa_allergene-contains-sulfites-2","10":"pa_einheit-flasche","11":"pa_gebinde-117","12":"pa_geschmack-dry-2","13":"pa_jahrgang-802","14":"pa_lage-weingarten-gebietswein","15":"pa_lagerfaehigkeit-1-2-years-2","16":"pa_produkt-red-wine-2","17":"pa_rebsorte-zweigelt","18":"pa_trinktemperatur-10-12-c","19":"pa_verschluss-screw-2","20":"pa_weingut-mayer-am-pfarrplatz","22":"first","23":"instock","24":"taxable","25":"shipping-taxable","26":"purchasable","27":"product-type-simple"},"yoast_head":"<!-- This site is optimized with the Yoast SEO plugin v27.3 - https:\/\/yoast.com\/product\/yoast-seo-wordpress\/ -->\n<title>12er-Paket Zweigelt Mini - Online-Shop der Weing\u00fcter Mayer am Pfarrplatz und Rotes Haus<\/title>\n<meta name=\"robots\" content=\"index, follow, max-snippet:-1, max-image-preview:large, max-video-preview:-1\" \/>\n<link rel=\"canonical\" href=\"https:\/\/shop.pfarrplatz.com\/de\/wein\/12er-paket-zweigelt-mini\/\" \/>\n<meta property=\"og:locale\" content=\"en_US\" \/>\n<meta property=\"og:type\" content=\"article\" \/>\n<meta property=\"og:title\" content=\"12er-Paket Zweigelt Mini - Online-Shop der Weing\u00fcter Mayer am Pfarrplatz und Rotes Haus\" \/>\n<meta property=\"og:description\" content=\"Unser Zweigelt in der praktischen Miniflasche , perfekt f\u00fcr den vinophilen Genuss to-go, beim Picknick oder einfach zum Genie\u00dfen, wenn mal eine Bouteille zu viel sein sollte. ;-)  Klares rubinrot, in der Nase w\u00fcrzige Aromen mit heller Beerenfrucht. Am Gaumen zarte Schwarzteearomen unterlegt mit elegant-weichen Tanninen, w\u00fcrziger Nachhall.  Preis pro Karton. Ein Karton beinhaltet 12 Flaschen \u00e0 0,187l.\" \/>\n<meta property=\"og:url\" content=\"https:\/\/shop.pfarrplatz.com\/de\/wein\/12er-paket-zweigelt-mini\/\" \/>\n<meta property=\"og:site_name\" content=\"Online-Shop der Weing\u00fcter Mayer am Pfarrplatz und Rotes Haus\" \/>\n<meta property=\"article:modified_time\" content=\"2025-05-14T12:48:01+00:00\" \/>\n<meta property=\"og:image\" content=\"https:\/\/shop.pfarrplatz.com\/wp-content\/uploads\/sites\/16\/2024\/04\/Box_Mini-1030x831.png\" \/>\n\t<meta property=\"og:image:width\" content=\"1030\" \/>\n\t<meta property=\"og:image:height\" content=\"831\" \/>\n\t<meta property=\"og:image:type\" content=\"image\/png\" \/>\n<meta name=\"twitter:card\" content=\"summary_large_image\" \/>\n<meta name=\"twitter:label1\" content=\"Est. reading time\" \/>\n\t<meta name=\"twitter:data1\" content=\"1 minute\" \/>\n<script type=\"application\/ld+json\" class=\"yoast-schema-graph\">{\"@context\":\"https:\\\/\\\/schema.org\",\"@graph\":[{\"@type\":\"WebPage\",\"@id\":\"https:\\\/\\\/shop.pfarrplatz.com\\\/de\\\/wein\\\/12er-paket-zweigelt-mini\\\/\",\"url\":\"https:\\\/\\\/shop.pfarrplatz.com\\\/de\\\/wein\\\/12er-paket-zweigelt-mini\\\/\",\"name\":\"12er-Paket Zweigelt Mini - Online-Shop der Weing\u00fcter Mayer am Pfarrplatz und Rotes Haus\",\"isPartOf\":{\"@id\":\"https:\\\/\\\/shop.pfarrplatz.com\\\/en\\\/#website\"},\"primaryImageOfPage\":{\"@id\":\"https:\\\/\\\/shop.pfarrplatz.com\\\/de\\\/wein\\\/12er-paket-zweigelt-mini\\\/#primaryimage\"},\"image\":{\"@id\":\"https:\\\/\\\/shop.pfarrplatz.com\\\/de\\\/wein\\\/12er-paket-zweigelt-mini\\\/#primaryimage\"},\"thumbnailUrl\":\"https:\\\/\\\/shop.pfarrplatz.com\\\/wp-content\\\/uploads\\\/sites\\\/16\\\/2024\\\/04\\\/Box_Mini.png\",\"datePublished\":\"2024-04-30T13:34:25+00:00\",\"dateModified\":\"2025-05-14T12:48:01+00:00\",\"breadcrumb\":{\"@id\":\"https:\\\/\\\/shop.pfarrplatz.com\\\/de\\\/wein\\\/12er-paket-zweigelt-mini\\\/#breadcrumb\"},\"inLanguage\":\"en-US\",\"potentialAction\":[{\"@type\":\"ReadAction\",\"target\":[\"https:\\\/\\\/shop.pfarrplatz.com\\\/de\\\/wein\\\/12er-paket-zweigelt-mini\\\/\"]}]},{\"@type\":\"ImageObject\",\"inLanguage\":\"en-US\",\"@id\":\"https:\\\/\\\/shop.pfarrplatz.com\\\/de\\\/wein\\\/12er-paket-zweigelt-mini\\\/#primaryimage\",\"url\":\"https:\\\/\\\/shop.pfarrplatz.com\\\/wp-content\\\/uploads\\\/sites\\\/16\\\/2024\\\/04\\\/Box_Mini.png\",\"contentUrl\":\"https:\\\/\\\/shop.pfarrplatz.com\\\/wp-content\\\/uploads\\\/sites\\\/16\\\/2024\\\/04\\\/Box_Mini.png\",\"width\":7123,\"height\":5746},{\"@type\":\"BreadcrumbList\",\"@id\":\"https:\\\/\\\/shop.pfarrplatz.com\\\/de\\\/wein\\\/12er-paket-zweigelt-mini\\\/#breadcrumb\",\"itemListElement\":[{\"@type\":\"ListItem\",\"position\":1,\"name\":\"Startseite\",\"item\":\"https:\\\/\\\/shop.pfarrplatz.com\\\/en\\\/\"},{\"@type\":\"ListItem\",\"position\":2,\"name\":\"Produkte\",\"item\":\"https:\\\/\\\/shop.pfarrplatz.com\\\/de\\\/shop\\\/\"},{\"@type\":\"ListItem\",\"position\":3,\"name\":\"12er-Paket Zweigelt Mini\"}]},{\"@type\":\"WebSite\",\"@id\":\"https:\\\/\\\/shop.pfarrplatz.com\\\/en\\\/#website\",\"url\":\"https:\\\/\\\/shop.pfarrplatz.com\\\/en\\\/\",\"name\":\"Online-Shop der Weing\u00fcter Mayer am Pfarrplatz und Rotes Haus\",\"description\":\"Wein Online-Shop f\u00fcr Mayer am Pfarrplatz und Rotes Haus\",\"alternateName\":\"Online-Shop der Weing\u00fcter Mayer am Pfarrplatz und Rotes Haus\",\"potentialAction\":[{\"@type\":\"SearchAction\",\"target\":{\"@type\":\"EntryPoint\",\"urlTemplate\":\"https:\\\/\\\/shop.pfarrplatz.com\\\/en\\\/?s={search_term_string}\"},\"query-input\":{\"@type\":\"PropertyValueSpecification\",\"valueRequired\":true,\"valueName\":\"search_term_string\"}}],\"inLanguage\":\"en-US\"}]}<\/script>\n<!-- \/ Yoast SEO plugin. -->","yoast_head_json":{"title":"12er-Paket Zweigelt Mini - Online-Shop der Weing\u00fcter Mayer am Pfarrplatz und Rotes Haus","robots":{"index":"index","follow":"follow","max-snippet":"max-snippet:-1","max-image-preview":"max-image-preview:large","max-video-preview":"max-video-preview:-1"},"canonical":"https:\/\/shop.pfarrplatz.com\/de\/wein\/12er-paket-zweigelt-mini\/","og_locale":"en_US","og_type":"article","og_title":"12er-Paket Zweigelt Mini - Online-Shop der Weing\u00fcter Mayer am Pfarrplatz und Rotes Haus","og_description":"Unser Zweigelt in der praktischen Miniflasche , perfekt f\u00fcr den vinophilen Genuss to-go, beim Picknick oder einfach zum Genie\u00dfen, wenn mal eine Bouteille zu viel sein sollte. ;-)  Klares rubinrot, in der Nase w\u00fcrzige Aromen mit heller Beerenfrucht. Am Gaumen zarte Schwarzteearomen unterlegt mit elegant-weichen Tanninen, w\u00fcrziger Nachhall.  Preis pro Karton. Ein Karton beinhaltet 12 Flaschen \u00e0 0,187l.","og_url":"https:\/\/shop.pfarrplatz.com\/de\/wein\/12er-paket-zweigelt-mini\/","og_site_name":"Online-Shop der Weing\u00fcter Mayer am Pfarrplatz und Rotes Haus","article_modified_time":"2025-05-14T12:48:01+00:00","og_image":[{"width":1030,"height":831,"url":"https:\/\/shop.pfarrplatz.com\/wp-content\/uploads\/sites\/16\/2024\/04\/Box_Mini-1030x831.png","type":"image\/png"}],"twitter_card":"summary_large_image","twitter_misc":{"Est. reading time":"1 minute"},"schema":{"@context":"https:\/\/schema.org","@graph":[{"@type":"WebPage","@id":"https:\/\/shop.pfarrplatz.com\/de\/wein\/12er-paket-zweigelt-mini\/","url":"https:\/\/shop.pfarrplatz.com\/de\/wein\/12er-paket-zweigelt-mini\/","name":"12er-Paket Zweigelt Mini - Online-Shop der Weing\u00fcter Mayer am Pfarrplatz und Rotes Haus","isPartOf":{"@id":"https:\/\/shop.pfarrplatz.com\/en\/#website"},"primaryImageOfPage":{"@id":"https:\/\/shop.pfarrplatz.com\/de\/wein\/12er-paket-zweigelt-mini\/#primaryimage"},"image":{"@id":"https:\/\/shop.pfarrplatz.com\/de\/wein\/12er-paket-zweigelt-mini\/#primaryimage"},"thumbnailUrl":"https:\/\/shop.pfarrplatz.com\/wp-content\/uploads\/sites\/16\/2024\/04\/Box_Mini.png","datePublished":"2024-04-30T13:34:25+00:00","dateModified":"2025-05-14T12:48:01+00:00","breadcrumb":{"@id":"https:\/\/shop.pfarrplatz.com\/de\/wein\/12er-paket-zweigelt-mini\/#breadcrumb"},"inLanguage":"en-US","potentialAction":[{"@type":"ReadAction","target":["https:\/\/shop.pfarrplatz.com\/de\/wein\/12er-paket-zweigelt-mini\/"]}]},{"@type":"ImageObject","inLanguage":"en-US","@id":"https:\/\/shop.pfarrplatz.com\/de\/wein\/12er-paket-zweigelt-mini\/#primaryimage","url":"https:\/\/shop.pfarrplatz.com\/wp-content\/uploads\/sites\/16\/2024\/04\/Box_Mini.png","contentUrl":"https:\/\/shop.pfarrplatz.com\/wp-content\/uploads\/sites\/16\/2024\/04\/Box_Mini.png","width":7123,"height":5746},{"@type":"BreadcrumbList","@id":"https:\/\/shop.pfarrplatz.com\/de\/wein\/12er-paket-zweigelt-mini\/#breadcrumb","itemListElement":[{"@type":"ListItem","position":1,"name":"Startseite","item":"https:\/\/shop.pfarrplatz.com\/en\/"},{"@type":"ListItem","position":2,"name":"Produkte","item":"https:\/\/shop.pfarrplatz.com\/de\/shop\/"},{"@type":"ListItem","position":3,"name":"12er-Paket Zweigelt Mini"}]},{"@type":"WebSite","@id":"https:\/\/shop.pfarrplatz.com\/en\/#website","url":"https:\/\/shop.pfarrplatz.com\/en\/","name":"Online-Shop der Weing\u00fcter Mayer am Pfarrplatz und Rotes Haus","description":"Wein Online-Shop f\u00fcr Mayer am Pfarrplatz und Rotes Haus","alternateName":"Online-Shop der Weing\u00fcter Mayer am Pfarrplatz und Rotes Haus","potentialAction":[{"@type":"SearchAction","target":{"@type":"EntryPoint","urlTemplate":"https:\/\/shop.pfarrplatz.com\/en\/?s={search_term_string}"},"query-input":{"@type":"PropertyValueSpecification","valueRequired":true,"valueName":"search_term_string"}}],"inLanguage":"en-US"}]}},"_links":{"self":[{"href":"https:\/\/shop.pfarrplatz.com\/en\/wp-json\/wp\/v2\/product\/93198","targetHints":{"allow":["GET"]}}],"collection":[{"href":"https:\/\/shop.pfarrplatz.com\/en\/wp-json\/wp\/v2\/product"}],"about":[{"href":"https:\/\/shop.pfarrplatz.com\/en\/wp-json\/wp\/v2\/types\/product"}],"replies":[{"embeddable":true,"href":"https:\/\/shop.pfarrplatz.com\/en\/wp-json\/wp\/v2\/comments?post=93198"}],"wp:featuredmedia":[{"embeddable":true,"href":"https:\/\/shop.pfarrplatz.com\/en\/wp-json\/wp\/v2\/media\/94686"}],"wp:attachment":[{"href":"https:\/\/shop.pfarrplatz.com\/en\/wp-json\/wp\/v2\/media?parent=93198"}],"wp:term":[{"taxonomy":"product_brand","embeddable":true,"href":"https:\/\/shop.pfarrplatz.com\/en\/wp-json\/wp\/v2\/product_brand?post=93198"},{"taxonomy":"product_cat","embeddable":true,"href":"https:\/\/shop.pfarrplatz.com\/en\/wp-json\/wp\/v2\/product_cat?post=93198"},{"taxonomy":"product_tag","embeddable":true,"href":"https:\/\/shop.pfarrplatz.com\/en\/wp-json\/wp\/v2\/product_tag?post=93198"}],"curies":[{"name":"wp","href":"https:\/\/api.w.org\/{rel}","templated":true}]}}