{"id":60765,"date":"2022-09-02T12:27:03","date_gmt":"2022-09-02T10:27:03","guid":{"rendered":"https:\/\/shop.pfarrplatz.com\/?post_type=product&#038;p=60765"},"modified":"2025-12-01T00:11:17","modified_gmt":"2025-11-30T23:11:17","slug":"ried-schenkenberg-grinzing-gruener-veltliner-erste-lage","status":"publish","type":"product","link":"https:\/\/shop.pfarrplatz.com\/en\/wein\/ried-schenkenberg-grinzing-gruener-veltliner-erste-lage\/","title":{"rendered":"Ried Schenkenberg-Grinzing 1\u00d6TW Gr\u00fcner Veltliner"},"content":{"rendered":"","protected":false},"excerpt":{"rendered":"<p>In the nose, aromas of concentrated apricots and jasmine blossom, with a backdrop of orange zest and typical Nussberg smokiness. Powerful and firm on the palate, with salty flavours originating from the shell limestone in the Preussen vineyard.<\/p>\n","protected":false},"featured_media":60767,"comment_status":"closed","ping_status":"closed","template":"","meta":[],"product_brand":[],"product_cat":[231,244,233,235,15],"product_tag":[],"class_list":{"0":"post-60765","1":"product","2":"type-product","3":"status-publish","4":"has-post-thumbnail","6":"product_cat-erste-lagen-wines","7":"product_cat-lagen-wines","8":"product_cat-mayer-am-pfarrplatz-en","9":"product_cat-single-vineyard-wines","10":"product_cat-weisswein","11":"product_shipping_class-52","12":"pa_einheit-flasche-en","13":"pa_gebinde-075-en","14":"pa_jahrgang-807","15":"pa_lage-weingarten-schenkenberg-en","16":"pa_produkt-weisswein-en","17":"pa_rebsorte-gruener-veltliner-en","18":"pa_trinktemperatur-10-12-c-en","19":"pa_weingut-mayer-am-pfarrplatz-en","21":"first","22":"instock","23":"taxable","24":"shipping-taxable","25":"purchasable","26":"product-type-simple"},"yoast_head":"<!-- This site is optimized with the Yoast SEO plugin v27.3 - https:\/\/yoast.com\/product\/yoast-seo-wordpress\/ -->\n<title>Ried Schenkenberg-Grinzing 1\u00d6TW Gr\u00fcner Veltliner - Online-Shop der Weing\u00fcter Mayer am Pfarrplatz und Rotes Haus<\/title>\n<meta name=\"robots\" content=\"index, follow, max-snippet:-1, max-image-preview:large, max-video-preview:-1\" \/>\n<link rel=\"canonical\" href=\"https:\/\/shop.pfarrplatz.com\/en\/wein\/ried-schenkenberg-grinzing-gruener-veltliner-erste-lage\/\" \/>\n<meta property=\"og:locale\" content=\"en_US\" \/>\n<meta property=\"og:type\" content=\"article\" \/>\n<meta property=\"og:title\" content=\"Ried Schenkenberg-Grinzing 1\u00d6TW Gr\u00fcner Veltliner - Online-Shop der Weing\u00fcter Mayer am Pfarrplatz und Rotes Haus\" \/>\n<meta property=\"og:description\" content=\"In the nose, aromas of concentrated apricots and jasmine blossom, with a backdrop of orange zest and typical Nussberg smokiness. Powerful and firm on the palate, with salty flavours originating from the shell limestone in the Preussen vineyard.\" \/>\n<meta property=\"og:url\" content=\"https:\/\/shop.pfarrplatz.com\/en\/wein\/ried-schenkenberg-grinzing-gruener-veltliner-erste-lage\/\" \/>\n<meta property=\"og:site_name\" content=\"Online-Shop der Weing\u00fcter Mayer am Pfarrplatz und Rotes Haus\" \/>\n<meta property=\"article:modified_time\" content=\"2025-11-30T23:11:17+00:00\" \/>\n<meta property=\"og:image\" content=\"https:\/\/shop.pfarrplatz.com\/wp-content\/uploads\/sites\/16\/2022\/09\/GV-Schenkenberg-OeTW-freigestellt-267x1030.png\" \/>\n\t<meta property=\"og:image:width\" content=\"267\" \/>\n\t<meta property=\"og:image:height\" content=\"1030\" \/>\n\t<meta property=\"og:image:type\" content=\"image\/png\" \/>\n<meta name=\"twitter:card\" content=\"summary_large_image\" \/>\n<script type=\"application\/ld+json\" class=\"yoast-schema-graph\">{\"@context\":\"https:\\\/\\\/schema.org\",\"@graph\":[{\"@type\":\"WebPage\",\"@id\":\"https:\\\/\\\/shop.pfarrplatz.com\\\/en\\\/wein\\\/ried-schenkenberg-grinzing-gruener-veltliner-erste-lage\\\/\",\"url\":\"https:\\\/\\\/shop.pfarrplatz.com\\\/en\\\/wein\\\/ried-schenkenberg-grinzing-gruener-veltliner-erste-lage\\\/\",\"name\":\"Ried Schenkenberg-Grinzing 1\u00d6TW Gr\u00fcner Veltliner - Online-Shop der Weing\u00fcter Mayer am Pfarrplatz und Rotes Haus\",\"isPartOf\":{\"@id\":\"https:\\\/\\\/shop.pfarrplatz.com\\\/en\\\/#website\"},\"primaryImageOfPage\":{\"@id\":\"https:\\\/\\\/shop.pfarrplatz.com\\\/en\\\/wein\\\/ried-schenkenberg-grinzing-gruener-veltliner-erste-lage\\\/#primaryimage\"},\"image\":{\"@id\":\"https:\\\/\\\/shop.pfarrplatz.com\\\/en\\\/wein\\\/ried-schenkenberg-grinzing-gruener-veltliner-erste-lage\\\/#primaryimage\"},\"thumbnailUrl\":\"https:\\\/\\\/shop.pfarrplatz.com\\\/wp-content\\\/uploads\\\/sites\\\/16\\\/2022\\\/09\\\/GV-Schenkenberg-OeTW-freigestellt.png\",\"datePublished\":\"2022-09-02T10:27:03+00:00\",\"dateModified\":\"2025-11-30T23:11:17+00:00\",\"breadcrumb\":{\"@id\":\"https:\\\/\\\/shop.pfarrplatz.com\\\/en\\\/wein\\\/ried-schenkenberg-grinzing-gruener-veltliner-erste-lage\\\/#breadcrumb\"},\"inLanguage\":\"en-US\",\"potentialAction\":[{\"@type\":\"ReadAction\",\"target\":[\"https:\\\/\\\/shop.pfarrplatz.com\\\/en\\\/wein\\\/ried-schenkenberg-grinzing-gruener-veltliner-erste-lage\\\/\"]}]},{\"@type\":\"ImageObject\",\"inLanguage\":\"en-US\",\"@id\":\"https:\\\/\\\/shop.pfarrplatz.com\\\/en\\\/wein\\\/ried-schenkenberg-grinzing-gruener-veltliner-erste-lage\\\/#primaryimage\",\"url\":\"https:\\\/\\\/shop.pfarrplatz.com\\\/wp-content\\\/uploads\\\/sites\\\/16\\\/2022\\\/09\\\/GV-Schenkenberg-OeTW-freigestellt.png\",\"contentUrl\":\"https:\\\/\\\/shop.pfarrplatz.com\\\/wp-content\\\/uploads\\\/sites\\\/16\\\/2022\\\/09\\\/GV-Schenkenberg-OeTW-freigestellt.png\",\"width\":2072,\"height\":8003},{\"@type\":\"BreadcrumbList\",\"@id\":\"https:\\\/\\\/shop.pfarrplatz.com\\\/en\\\/wein\\\/ried-schenkenberg-grinzing-gruener-veltliner-erste-lage\\\/#breadcrumb\",\"itemListElement\":[{\"@type\":\"ListItem\",\"position\":1,\"name\":\"Startseite\",\"item\":\"https:\\\/\\\/shop.pfarrplatz.com\\\/en\\\/\"},{\"@type\":\"ListItem\",\"position\":2,\"name\":\"Produkte\",\"item\":\"https:\\\/\\\/shop.pfarrplatz.com\\\/de\\\/shop\\\/\"},{\"@type\":\"ListItem\",\"position\":3,\"name\":\"Ried Schenkenberg-Grinzing 1\u00d6TW Gr\u00fcner Veltliner\"}]},{\"@type\":\"WebSite\",\"@id\":\"https:\\\/\\\/shop.pfarrplatz.com\\\/en\\\/#website\",\"url\":\"https:\\\/\\\/shop.pfarrplatz.com\\\/en\\\/\",\"name\":\"Online-Shop der Weing\u00fcter Mayer am Pfarrplatz und Rotes Haus\",\"description\":\"Wein Online-Shop f\u00fcr Mayer am Pfarrplatz und Rotes Haus\",\"alternateName\":\"Online-Shop der Weing\u00fcter Mayer am Pfarrplatz und Rotes Haus\",\"potentialAction\":[{\"@type\":\"SearchAction\",\"target\":{\"@type\":\"EntryPoint\",\"urlTemplate\":\"https:\\\/\\\/shop.pfarrplatz.com\\\/en\\\/?s={search_term_string}\"},\"query-input\":{\"@type\":\"PropertyValueSpecification\",\"valueRequired\":true,\"valueName\":\"search_term_string\"}}],\"inLanguage\":\"en-US\"}]}<\/script>\n<!-- \/ Yoast SEO plugin. -->","yoast_head_json":{"title":"Ried Schenkenberg-Grinzing 1\u00d6TW Gr\u00fcner Veltliner - Online-Shop der Weing\u00fcter Mayer am Pfarrplatz und Rotes Haus","robots":{"index":"index","follow":"follow","max-snippet":"max-snippet:-1","max-image-preview":"max-image-preview:large","max-video-preview":"max-video-preview:-1"},"canonical":"https:\/\/shop.pfarrplatz.com\/en\/wein\/ried-schenkenberg-grinzing-gruener-veltliner-erste-lage\/","og_locale":"en_US","og_type":"article","og_title":"Ried Schenkenberg-Grinzing 1\u00d6TW Gr\u00fcner Veltliner - Online-Shop der Weing\u00fcter Mayer am Pfarrplatz und Rotes Haus","og_description":"In the nose, aromas of concentrated apricots and jasmine blossom, with a backdrop of orange zest and typical Nussberg smokiness. Powerful and firm on the palate, with salty flavours originating from the shell limestone in the Preussen vineyard.","og_url":"https:\/\/shop.pfarrplatz.com\/en\/wein\/ried-schenkenberg-grinzing-gruener-veltliner-erste-lage\/","og_site_name":"Online-Shop der Weing\u00fcter Mayer am Pfarrplatz und Rotes Haus","article_modified_time":"2025-11-30T23:11:17+00:00","og_image":[{"width":267,"height":1030,"url":"https:\/\/shop.pfarrplatz.com\/wp-content\/uploads\/sites\/16\/2022\/09\/GV-Schenkenberg-OeTW-freigestellt-267x1030.png","type":"image\/png"}],"twitter_card":"summary_large_image","schema":{"@context":"https:\/\/schema.org","@graph":[{"@type":"WebPage","@id":"https:\/\/shop.pfarrplatz.com\/en\/wein\/ried-schenkenberg-grinzing-gruener-veltliner-erste-lage\/","url":"https:\/\/shop.pfarrplatz.com\/en\/wein\/ried-schenkenberg-grinzing-gruener-veltliner-erste-lage\/","name":"Ried Schenkenberg-Grinzing 1\u00d6TW Gr\u00fcner Veltliner - Online-Shop der Weing\u00fcter Mayer am Pfarrplatz und Rotes Haus","isPartOf":{"@id":"https:\/\/shop.pfarrplatz.com\/en\/#website"},"primaryImageOfPage":{"@id":"https:\/\/shop.pfarrplatz.com\/en\/wein\/ried-schenkenberg-grinzing-gruener-veltliner-erste-lage\/#primaryimage"},"image":{"@id":"https:\/\/shop.pfarrplatz.com\/en\/wein\/ried-schenkenberg-grinzing-gruener-veltliner-erste-lage\/#primaryimage"},"thumbnailUrl":"https:\/\/shop.pfarrplatz.com\/wp-content\/uploads\/sites\/16\/2022\/09\/GV-Schenkenberg-OeTW-freigestellt.png","datePublished":"2022-09-02T10:27:03+00:00","dateModified":"2025-11-30T23:11:17+00:00","breadcrumb":{"@id":"https:\/\/shop.pfarrplatz.com\/en\/wein\/ried-schenkenberg-grinzing-gruener-veltliner-erste-lage\/#breadcrumb"},"inLanguage":"en-US","potentialAction":[{"@type":"ReadAction","target":["https:\/\/shop.pfarrplatz.com\/en\/wein\/ried-schenkenberg-grinzing-gruener-veltliner-erste-lage\/"]}]},{"@type":"ImageObject","inLanguage":"en-US","@id":"https:\/\/shop.pfarrplatz.com\/en\/wein\/ried-schenkenberg-grinzing-gruener-veltliner-erste-lage\/#primaryimage","url":"https:\/\/shop.pfarrplatz.com\/wp-content\/uploads\/sites\/16\/2022\/09\/GV-Schenkenberg-OeTW-freigestellt.png","contentUrl":"https:\/\/shop.pfarrplatz.com\/wp-content\/uploads\/sites\/16\/2022\/09\/GV-Schenkenberg-OeTW-freigestellt.png","width":2072,"height":8003},{"@type":"BreadcrumbList","@id":"https:\/\/shop.pfarrplatz.com\/en\/wein\/ried-schenkenberg-grinzing-gruener-veltliner-erste-lage\/#breadcrumb","itemListElement":[{"@type":"ListItem","position":1,"name":"Startseite","item":"https:\/\/shop.pfarrplatz.com\/en\/"},{"@type":"ListItem","position":2,"name":"Produkte","item":"https:\/\/shop.pfarrplatz.com\/de\/shop\/"},{"@type":"ListItem","position":3,"name":"Ried Schenkenberg-Grinzing 1\u00d6TW Gr\u00fcner Veltliner"}]},{"@type":"WebSite","@id":"https:\/\/shop.pfarrplatz.com\/en\/#website","url":"https:\/\/shop.pfarrplatz.com\/en\/","name":"Online-Shop der Weing\u00fcter Mayer am Pfarrplatz und Rotes Haus","description":"Wein Online-Shop f\u00fcr Mayer am Pfarrplatz und Rotes Haus","alternateName":"Online-Shop der Weing\u00fcter Mayer am Pfarrplatz und Rotes Haus","potentialAction":[{"@type":"SearchAction","target":{"@type":"EntryPoint","urlTemplate":"https:\/\/shop.pfarrplatz.com\/en\/?s={search_term_string}"},"query-input":{"@type":"PropertyValueSpecification","valueRequired":true,"valueName":"search_term_string"}}],"inLanguage":"en-US"}]}},"_links":{"self":[{"href":"https:\/\/shop.pfarrplatz.com\/en\/wp-json\/wp\/v2\/product\/60765","targetHints":{"allow":["GET"]}}],"collection":[{"href":"https:\/\/shop.pfarrplatz.com\/en\/wp-json\/wp\/v2\/product"}],"about":[{"href":"https:\/\/shop.pfarrplatz.com\/en\/wp-json\/wp\/v2\/types\/product"}],"replies":[{"embeddable":true,"href":"https:\/\/shop.pfarrplatz.com\/en\/wp-json\/wp\/v2\/comments?post=60765"}],"wp:featuredmedia":[{"embeddable":true,"href":"https:\/\/shop.pfarrplatz.com\/en\/wp-json\/wp\/v2\/media\/60767"}],"wp:attachment":[{"href":"https:\/\/shop.pfarrplatz.com\/en\/wp-json\/wp\/v2\/media?parent=60765"}],"wp:term":[{"taxonomy":"product_brand","embeddable":true,"href":"https:\/\/shop.pfarrplatz.com\/en\/wp-json\/wp\/v2\/product_brand?post=60765"},{"taxonomy":"product_cat","embeddable":true,"href":"https:\/\/shop.pfarrplatz.com\/en\/wp-json\/wp\/v2\/product_cat?post=60765"},{"taxonomy":"product_tag","embeddable":true,"href":"https:\/\/shop.pfarrplatz.com\/en\/wp-json\/wp\/v2\/product_tag?post=60765"}],"curies":[{"name":"wp","href":"https:\/\/api.w.org\/{rel}","templated":true}]}}