{"id":60761,"date":"2022-09-02T12:24:46","date_gmt":"2022-09-02T10:24:46","guid":{"rendered":"https:\/\/shop.pfarrplatz.com\/?post_type=product&#038;p=60761"},"modified":"2024-09-26T13:45:15","modified_gmt":"2024-09-26T11:45:15","slug":"ried-langteufel-nussberg-wiener-gemischter-satz-dac-erste-lage-kopie","status":"publish","type":"product","link":"https:\/\/shop.pfarrplatz.com\/en\/wein\/ried-langteufel-nussberg-wiener-gemischter-satz-dac-erste-lage-kopie\/","title":{"rendered":"Ried Langteufel-Nussberg Wiener Gemischter Satz DAC Erste Lage"},"content":{"rendered":"","protected":false},"excerpt":{"rendered":"<p>Chardonnay, Pinot Blanc, Pinot Gris, Neuburger and some Traminer can be found in this Wiener Gemischter Satz. Elegant fruit and biscuit notes in the nose. Powerful on the palate, spicy, carried by strong minerality. A wine with enormous aging potential.<\/p>\n","protected":false},"featured_media":106549,"comment_status":"closed","ping_status":"closed","template":"","meta":[],"product_brand":[],"product_cat":[231,244,237,235,15],"product_tag":[],"class_list":{"0":"post-60761","1":"product","2":"type-product","3":"status-publish","4":"has-post-thumbnail","6":"product_cat-erste-lagen-wines","7":"product_cat-lagen-wines","8":"product_cat-rotes-haus-en","9":"product_cat-single-vineyard-wines","10":"product_cat-weisswein","11":"product_shipping_class-52","12":"pa_allergene-contains-sulfites","13":"pa_einheit-flasche-en","14":"pa_gebinde-075-en","15":"pa_geschmack-dry","16":"pa_jahrgang-802","17":"pa_lage-weingarten-langteufel-nussberg-en","18":"pa_lagerfaehigkeit-10-years","19":"pa_produkt-weisswein-en","20":"pa_qualitaetsstufe-dac-wein-en","21":"pa_rebsorte-chardonnay-en","22":"pa_rebsorte-grauburgunder-en","23":"pa_rebsorte-neuburger-en","24":"pa_rebsorte-traminer-en","25":"pa_rebsorte-weissburgunder-en","26":"pa_trinktemperatur-10-12-c-en","27":"pa_verschluss-natural-cork","28":"pa_weingut-rotes-haus-en","30":"first","31":"instock","32":"taxable","33":"shipping-taxable","34":"purchasable","35":"product-type-simple"},"yoast_head":"<!-- This site is optimized with the Yoast SEO plugin v27.3 - https:\/\/yoast.com\/product\/yoast-seo-wordpress\/ -->\n<title>Ried Langteufel-Nussberg Wiener Gemischter Satz DAC Erste Lage - Online-Shop der Weing\u00fcter Mayer am Pfarrplatz und Rotes Haus<\/title>\n<meta name=\"robots\" content=\"index, follow, max-snippet:-1, max-image-preview:large, max-video-preview:-1\" \/>\n<link rel=\"canonical\" href=\"https:\/\/shop.pfarrplatz.com\/en\/wein\/ried-langteufel-nussberg-wiener-gemischter-satz-dac-erste-lage-kopie\/\" \/>\n<meta property=\"og:locale\" content=\"en_US\" \/>\n<meta property=\"og:type\" content=\"article\" \/>\n<meta property=\"og:title\" content=\"Ried Langteufel-Nussberg Wiener Gemischter Satz DAC Erste Lage - Online-Shop der Weing\u00fcter Mayer am Pfarrplatz und Rotes Haus\" \/>\n<meta property=\"og:description\" content=\"Chardonnay, Pinot Blanc, Pinot Gris, Neuburger and some Traminer can be found in this Wiener Gemischter Satz. Elegant fruit and biscuit notes in the nose. Powerful on the palate, spicy, carried by strong minerality. A wine with enormous aging potential.\" \/>\n<meta property=\"og:url\" content=\"https:\/\/shop.pfarrplatz.com\/en\/wein\/ried-langteufel-nussberg-wiener-gemischter-satz-dac-erste-lage-kopie\/\" \/>\n<meta property=\"og:site_name\" content=\"Online-Shop der Weing\u00fcter Mayer am Pfarrplatz und Rotes Haus\" \/>\n<meta property=\"article:modified_time\" content=\"2024-09-26T11:45:15+00:00\" \/>\n<meta property=\"og:image\" content=\"https:\/\/shop.pfarrplatz.com\/wp-content\/uploads\/sites\/16\/2022\/09\/RH_GemSatz-327x1030.png\" \/>\n\t<meta property=\"og:image:width\" content=\"327\" \/>\n\t<meta property=\"og:image:height\" content=\"1030\" \/>\n\t<meta property=\"og:image:type\" content=\"image\/png\" \/>\n<meta name=\"twitter:card\" content=\"summary_large_image\" \/>\n<script type=\"application\/ld+json\" class=\"yoast-schema-graph\">{\"@context\":\"https:\\\/\\\/schema.org\",\"@graph\":[{\"@type\":\"WebPage\",\"@id\":\"https:\\\/\\\/shop.pfarrplatz.com\\\/en\\\/wein\\\/ried-langteufel-nussberg-wiener-gemischter-satz-dac-erste-lage-kopie\\\/\",\"url\":\"https:\\\/\\\/shop.pfarrplatz.com\\\/en\\\/wein\\\/ried-langteufel-nussberg-wiener-gemischter-satz-dac-erste-lage-kopie\\\/\",\"name\":\"Ried Langteufel-Nussberg Wiener Gemischter Satz DAC Erste Lage - Online-Shop der Weing\u00fcter Mayer am Pfarrplatz und Rotes Haus\",\"isPartOf\":{\"@id\":\"https:\\\/\\\/shop.pfarrplatz.com\\\/en\\\/#website\"},\"primaryImageOfPage\":{\"@id\":\"https:\\\/\\\/shop.pfarrplatz.com\\\/en\\\/wein\\\/ried-langteufel-nussberg-wiener-gemischter-satz-dac-erste-lage-kopie\\\/#primaryimage\"},\"image\":{\"@id\":\"https:\\\/\\\/shop.pfarrplatz.com\\\/en\\\/wein\\\/ried-langteufel-nussberg-wiener-gemischter-satz-dac-erste-lage-kopie\\\/#primaryimage\"},\"thumbnailUrl\":\"https:\\\/\\\/shop.pfarrplatz.com\\\/wp-content\\\/uploads\\\/sites\\\/16\\\/2022\\\/09\\\/RH_GemSatz.png\",\"datePublished\":\"2022-09-02T10:24:46+00:00\",\"dateModified\":\"2024-09-26T11:45:15+00:00\",\"breadcrumb\":{\"@id\":\"https:\\\/\\\/shop.pfarrplatz.com\\\/en\\\/wein\\\/ried-langteufel-nussberg-wiener-gemischter-satz-dac-erste-lage-kopie\\\/#breadcrumb\"},\"inLanguage\":\"en-US\",\"potentialAction\":[{\"@type\":\"ReadAction\",\"target\":[\"https:\\\/\\\/shop.pfarrplatz.com\\\/en\\\/wein\\\/ried-langteufel-nussberg-wiener-gemischter-satz-dac-erste-lage-kopie\\\/\"]}]},{\"@type\":\"ImageObject\",\"inLanguage\":\"en-US\",\"@id\":\"https:\\\/\\\/shop.pfarrplatz.com\\\/en\\\/wein\\\/ried-langteufel-nussberg-wiener-gemischter-satz-dac-erste-lage-kopie\\\/#primaryimage\",\"url\":\"https:\\\/\\\/shop.pfarrplatz.com\\\/wp-content\\\/uploads\\\/sites\\\/16\\\/2022\\\/09\\\/RH_GemSatz.png\",\"contentUrl\":\"https:\\\/\\\/shop.pfarrplatz.com\\\/wp-content\\\/uploads\\\/sites\\\/16\\\/2022\\\/09\\\/RH_GemSatz.png\",\"width\":794,\"height\":2500},{\"@type\":\"BreadcrumbList\",\"@id\":\"https:\\\/\\\/shop.pfarrplatz.com\\\/en\\\/wein\\\/ried-langteufel-nussberg-wiener-gemischter-satz-dac-erste-lage-kopie\\\/#breadcrumb\",\"itemListElement\":[{\"@type\":\"ListItem\",\"position\":1,\"name\":\"Startseite\",\"item\":\"https:\\\/\\\/shop.pfarrplatz.com\\\/en\\\/\"},{\"@type\":\"ListItem\",\"position\":2,\"name\":\"Produkte\",\"item\":\"https:\\\/\\\/shop.pfarrplatz.com\\\/de\\\/shop\\\/\"},{\"@type\":\"ListItem\",\"position\":3,\"name\":\"Ried Langteufel-Nussberg Wiener Gemischter Satz DAC Erste Lage\"}]},{\"@type\":\"WebSite\",\"@id\":\"https:\\\/\\\/shop.pfarrplatz.com\\\/en\\\/#website\",\"url\":\"https:\\\/\\\/shop.pfarrplatz.com\\\/en\\\/\",\"name\":\"Online-Shop der Weing\u00fcter Mayer am Pfarrplatz und Rotes Haus\",\"description\":\"Wein Online-Shop f\u00fcr Mayer am Pfarrplatz und Rotes Haus\",\"alternateName\":\"Online-Shop der Weing\u00fcter Mayer am Pfarrplatz und Rotes Haus\",\"potentialAction\":[{\"@type\":\"SearchAction\",\"target\":{\"@type\":\"EntryPoint\",\"urlTemplate\":\"https:\\\/\\\/shop.pfarrplatz.com\\\/en\\\/?s={search_term_string}\"},\"query-input\":{\"@type\":\"PropertyValueSpecification\",\"valueRequired\":true,\"valueName\":\"search_term_string\"}}],\"inLanguage\":\"en-US\"}]}<\/script>\n<!-- \/ Yoast SEO plugin. -->","yoast_head_json":{"title":"Ried Langteufel-Nussberg Wiener Gemischter Satz DAC Erste Lage - Online-Shop der Weing\u00fcter Mayer am Pfarrplatz und Rotes Haus","robots":{"index":"index","follow":"follow","max-snippet":"max-snippet:-1","max-image-preview":"max-image-preview:large","max-video-preview":"max-video-preview:-1"},"canonical":"https:\/\/shop.pfarrplatz.com\/en\/wein\/ried-langteufel-nussberg-wiener-gemischter-satz-dac-erste-lage-kopie\/","og_locale":"en_US","og_type":"article","og_title":"Ried Langteufel-Nussberg Wiener Gemischter Satz DAC Erste Lage - Online-Shop der Weing\u00fcter Mayer am Pfarrplatz und Rotes Haus","og_description":"Chardonnay, Pinot Blanc, Pinot Gris, Neuburger and some Traminer can be found in this Wiener Gemischter Satz. Elegant fruit and biscuit notes in the nose. Powerful on the palate, spicy, carried by strong minerality. A wine with enormous aging potential.","og_url":"https:\/\/shop.pfarrplatz.com\/en\/wein\/ried-langteufel-nussberg-wiener-gemischter-satz-dac-erste-lage-kopie\/","og_site_name":"Online-Shop der Weing\u00fcter Mayer am Pfarrplatz und Rotes Haus","article_modified_time":"2024-09-26T11:45:15+00:00","og_image":[{"width":327,"height":1030,"url":"https:\/\/shop.pfarrplatz.com\/wp-content\/uploads\/sites\/16\/2022\/09\/RH_GemSatz-327x1030.png","type":"image\/png"}],"twitter_card":"summary_large_image","schema":{"@context":"https:\/\/schema.org","@graph":[{"@type":"WebPage","@id":"https:\/\/shop.pfarrplatz.com\/en\/wein\/ried-langteufel-nussberg-wiener-gemischter-satz-dac-erste-lage-kopie\/","url":"https:\/\/shop.pfarrplatz.com\/en\/wein\/ried-langteufel-nussberg-wiener-gemischter-satz-dac-erste-lage-kopie\/","name":"Ried Langteufel-Nussberg Wiener Gemischter Satz DAC Erste Lage - Online-Shop der Weing\u00fcter Mayer am Pfarrplatz und Rotes Haus","isPartOf":{"@id":"https:\/\/shop.pfarrplatz.com\/en\/#website"},"primaryImageOfPage":{"@id":"https:\/\/shop.pfarrplatz.com\/en\/wein\/ried-langteufel-nussberg-wiener-gemischter-satz-dac-erste-lage-kopie\/#primaryimage"},"image":{"@id":"https:\/\/shop.pfarrplatz.com\/en\/wein\/ried-langteufel-nussberg-wiener-gemischter-satz-dac-erste-lage-kopie\/#primaryimage"},"thumbnailUrl":"https:\/\/shop.pfarrplatz.com\/wp-content\/uploads\/sites\/16\/2022\/09\/RH_GemSatz.png","datePublished":"2022-09-02T10:24:46+00:00","dateModified":"2024-09-26T11:45:15+00:00","breadcrumb":{"@id":"https:\/\/shop.pfarrplatz.com\/en\/wein\/ried-langteufel-nussberg-wiener-gemischter-satz-dac-erste-lage-kopie\/#breadcrumb"},"inLanguage":"en-US","potentialAction":[{"@type":"ReadAction","target":["https:\/\/shop.pfarrplatz.com\/en\/wein\/ried-langteufel-nussberg-wiener-gemischter-satz-dac-erste-lage-kopie\/"]}]},{"@type":"ImageObject","inLanguage":"en-US","@id":"https:\/\/shop.pfarrplatz.com\/en\/wein\/ried-langteufel-nussberg-wiener-gemischter-satz-dac-erste-lage-kopie\/#primaryimage","url":"https:\/\/shop.pfarrplatz.com\/wp-content\/uploads\/sites\/16\/2022\/09\/RH_GemSatz.png","contentUrl":"https:\/\/shop.pfarrplatz.com\/wp-content\/uploads\/sites\/16\/2022\/09\/RH_GemSatz.png","width":794,"height":2500},{"@type":"BreadcrumbList","@id":"https:\/\/shop.pfarrplatz.com\/en\/wein\/ried-langteufel-nussberg-wiener-gemischter-satz-dac-erste-lage-kopie\/#breadcrumb","itemListElement":[{"@type":"ListItem","position":1,"name":"Startseite","item":"https:\/\/shop.pfarrplatz.com\/en\/"},{"@type":"ListItem","position":2,"name":"Produkte","item":"https:\/\/shop.pfarrplatz.com\/de\/shop\/"},{"@type":"ListItem","position":3,"name":"Ried Langteufel-Nussberg Wiener Gemischter Satz DAC Erste Lage"}]},{"@type":"WebSite","@id":"https:\/\/shop.pfarrplatz.com\/en\/#website","url":"https:\/\/shop.pfarrplatz.com\/en\/","name":"Online-Shop der Weing\u00fcter Mayer am Pfarrplatz und Rotes Haus","description":"Wein Online-Shop f\u00fcr Mayer am Pfarrplatz und Rotes Haus","alternateName":"Online-Shop der Weing\u00fcter Mayer am Pfarrplatz und Rotes Haus","potentialAction":[{"@type":"SearchAction","target":{"@type":"EntryPoint","urlTemplate":"https:\/\/shop.pfarrplatz.com\/en\/?s={search_term_string}"},"query-input":{"@type":"PropertyValueSpecification","valueRequired":true,"valueName":"search_term_string"}}],"inLanguage":"en-US"}]}},"_links":{"self":[{"href":"https:\/\/shop.pfarrplatz.com\/en\/wp-json\/wp\/v2\/product\/60761","targetHints":{"allow":["GET"]}}],"collection":[{"href":"https:\/\/shop.pfarrplatz.com\/en\/wp-json\/wp\/v2\/product"}],"about":[{"href":"https:\/\/shop.pfarrplatz.com\/en\/wp-json\/wp\/v2\/types\/product"}],"replies":[{"embeddable":true,"href":"https:\/\/shop.pfarrplatz.com\/en\/wp-json\/wp\/v2\/comments?post=60761"}],"wp:featuredmedia":[{"embeddable":true,"href":"https:\/\/shop.pfarrplatz.com\/en\/wp-json\/wp\/v2\/media\/106549"}],"wp:attachment":[{"href":"https:\/\/shop.pfarrplatz.com\/en\/wp-json\/wp\/v2\/media?parent=60761"}],"wp:term":[{"taxonomy":"product_brand","embeddable":true,"href":"https:\/\/shop.pfarrplatz.com\/en\/wp-json\/wp\/v2\/product_brand?post=60761"},{"taxonomy":"product_cat","embeddable":true,"href":"https:\/\/shop.pfarrplatz.com\/en\/wp-json\/wp\/v2\/product_cat?post=60761"},{"taxonomy":"product_tag","embeddable":true,"href":"https:\/\/shop.pfarrplatz.com\/en\/wp-json\/wp\/v2\/product_tag?post=60761"}],"curies":[{"name":"wp","href":"https:\/\/api.w.org\/{rel}","templated":true}]}}