{"id":39604,"date":"2021-09-23T12:07:40","date_gmt":"2021-09-23T10:07:41","guid":{"rendered":"https:\/\/shop.pfarrplatz.com\/?post_type=product&#038;p=39604"},"modified":"2023-06-29T11:50:22","modified_gmt":"2023-06-29T09:50:22","slug":"ried-langteufel-nussberg-wiener-gemischter-satz-dac-erste-lage-kopie-3","status":"publish","type":"product","link":"https:\/\/shop.pfarrplatz.com\/en\/wein\/ried-langteufel-nussberg-wiener-gemischter-satz-dac-erste-lage-kopie-3\/","title":{"rendered":"Ried Langteufel-Nussberg Wiener Gemischter Satz DAC Erste Lage"},"content":{"rendered":"","protected":false},"excerpt":{"rendered":"<p>Tropical fruit accompanied by honey aroma and delicate jasmine flowers in the background characterizes this Erste Lage wine. With its tight structure and extracted sweetness the finish presents itself as incredibly powerful. This outstanding vineyard located on the famous hill \u201cNussberg\u201d in Vienna allows wines with great potential for ageing.<\/p>\n","protected":false},"featured_media":61218,"comment_status":"closed","ping_status":"closed","template":"","meta":[],"product_brand":[],"product_cat":[231,244,233,235,15],"product_tag":[],"class_list":{"0":"post-39604","1":"product","2":"type-product","3":"status-publish","4":"has-post-thumbnail","6":"product_cat-erste-lagen-wines","7":"product_cat-lagen-wines","8":"product_cat-mayer-am-pfarrplatz-en","9":"product_cat-single-vineyard-wines","10":"product_cat-weisswein","11":"product_shipping_class-52","12":"pa_allergene-contains-sulfites","13":"pa_einheit-flasche-en","14":"pa_gebinde-075-en","15":"pa_geschmack-dry","16":"pa_jahrgang-371","17":"pa_lage-weingarten-langteufel-nussberg-en","18":"pa_lagerfaehigkeit-10-years","19":"pa_produkt-weisswein-en","20":"pa_qualitaetsstufe-dac-wein-en","21":"pa_rebsorte-gemischter-satz-en","22":"pa_trinktemperatur-10-12-c-en","23":"pa_verschluss-screw","24":"pa_weingut-mayer-am-pfarrplatz-en","26":"first","27":"instock","28":"taxable","29":"shipping-taxable","30":"purchasable","31":"product-type-simple"},"yoast_head":"<!-- This site is optimized with the Yoast SEO plugin v27.3 - https:\/\/yoast.com\/product\/yoast-seo-wordpress\/ -->\n<title>Ried Langteufel-Nussberg Wiener Gemischter Satz DAC Erste Lage - Online-Shop der Weing\u00fcter Mayer am Pfarrplatz und Rotes Haus<\/title>\n<meta name=\"robots\" content=\"index, follow, max-snippet:-1, max-image-preview:large, max-video-preview:-1\" \/>\n<link rel=\"canonical\" href=\"https:\/\/shop.pfarrplatz.com\/en\/wein\/ried-langteufel-nussberg-wiener-gemischter-satz-dac-erste-lage-kopie-3\/\" \/>\n<meta property=\"og:locale\" content=\"en_US\" \/>\n<meta property=\"og:type\" content=\"article\" \/>\n<meta property=\"og:title\" content=\"Ried Langteufel-Nussberg Wiener Gemischter Satz DAC Erste Lage - Online-Shop der Weing\u00fcter Mayer am Pfarrplatz und Rotes Haus\" \/>\n<meta property=\"og:description\" content=\"Tropical fruit accompanied by honey aroma and delicate jasmine flowers in the background characterizes this Erste Lage wine. With its tight structure and extracted sweetness the finish presents itself as incredibly powerful. This outstanding vineyard located on the famous hill \u201cNussberg\u201d in Vienna allows wines with great potential for ageing.\" \/>\n<meta property=\"og:url\" content=\"https:\/\/shop.pfarrplatz.com\/en\/wein\/ried-langteufel-nussberg-wiener-gemischter-satz-dac-erste-lage-kopie-3\/\" \/>\n<meta property=\"og:site_name\" content=\"Online-Shop der Weing\u00fcter Mayer am Pfarrplatz und Rotes Haus\" \/>\n<meta property=\"article:modified_time\" content=\"2023-06-29T09:50:22+00:00\" \/>\n<meta property=\"og:image\" content=\"https:\/\/shop.pfarrplatz.com\/wp-content\/uploads\/sites\/16\/2022\/09\/WGS-Langteufel-Nussberg-OETW-Logo-Freigestellt-279x1030.jpg\" \/>\n\t<meta property=\"og:image:width\" content=\"279\" \/>\n\t<meta property=\"og:image:height\" content=\"1030\" \/>\n\t<meta property=\"og:image:type\" content=\"image\/jpeg\" \/>\n<meta name=\"twitter:card\" content=\"summary_large_image\" \/>\n<script type=\"application\/ld+json\" class=\"yoast-schema-graph\">{\"@context\":\"https:\\\/\\\/schema.org\",\"@graph\":[{\"@type\":\"WebPage\",\"@id\":\"https:\\\/\\\/shop.pfarrplatz.com\\\/en\\\/wein\\\/ried-langteufel-nussberg-wiener-gemischter-satz-dac-erste-lage-kopie-3\\\/\",\"url\":\"https:\\\/\\\/shop.pfarrplatz.com\\\/en\\\/wein\\\/ried-langteufel-nussberg-wiener-gemischter-satz-dac-erste-lage-kopie-3\\\/\",\"name\":\"Ried Langteufel-Nussberg Wiener Gemischter Satz DAC Erste Lage - Online-Shop der Weing\u00fcter Mayer am Pfarrplatz und Rotes Haus\",\"isPartOf\":{\"@id\":\"https:\\\/\\\/shop.pfarrplatz.com\\\/en\\\/#website\"},\"primaryImageOfPage\":{\"@id\":\"https:\\\/\\\/shop.pfarrplatz.com\\\/en\\\/wein\\\/ried-langteufel-nussberg-wiener-gemischter-satz-dac-erste-lage-kopie-3\\\/#primaryimage\"},\"image\":{\"@id\":\"https:\\\/\\\/shop.pfarrplatz.com\\\/en\\\/wein\\\/ried-langteufel-nussberg-wiener-gemischter-satz-dac-erste-lage-kopie-3\\\/#primaryimage\"},\"thumbnailUrl\":\"https:\\\/\\\/shop.pfarrplatz.com\\\/wp-content\\\/uploads\\\/sites\\\/16\\\/2022\\\/09\\\/WGS-Langteufel-Nussberg-OETW-Logo-Freigestellt.jpg\",\"datePublished\":\"2021-09-23T10:07:41+00:00\",\"dateModified\":\"2023-06-29T09:50:22+00:00\",\"breadcrumb\":{\"@id\":\"https:\\\/\\\/shop.pfarrplatz.com\\\/en\\\/wein\\\/ried-langteufel-nussberg-wiener-gemischter-satz-dac-erste-lage-kopie-3\\\/#breadcrumb\"},\"inLanguage\":\"en-US\",\"potentialAction\":[{\"@type\":\"ReadAction\",\"target\":[\"https:\\\/\\\/shop.pfarrplatz.com\\\/en\\\/wein\\\/ried-langteufel-nussberg-wiener-gemischter-satz-dac-erste-lage-kopie-3\\\/\"]}]},{\"@type\":\"ImageObject\",\"inLanguage\":\"en-US\",\"@id\":\"https:\\\/\\\/shop.pfarrplatz.com\\\/en\\\/wein\\\/ried-langteufel-nussberg-wiener-gemischter-satz-dac-erste-lage-kopie-3\\\/#primaryimage\",\"url\":\"https:\\\/\\\/shop.pfarrplatz.com\\\/wp-content\\\/uploads\\\/sites\\\/16\\\/2022\\\/09\\\/WGS-Langteufel-Nussberg-OETW-Logo-Freigestellt.jpg\",\"contentUrl\":\"https:\\\/\\\/shop.pfarrplatz.com\\\/wp-content\\\/uploads\\\/sites\\\/16\\\/2022\\\/09\\\/WGS-Langteufel-Nussberg-OETW-Logo-Freigestellt.jpg\",\"width\":2101,\"height\":7766},{\"@type\":\"BreadcrumbList\",\"@id\":\"https:\\\/\\\/shop.pfarrplatz.com\\\/en\\\/wein\\\/ried-langteufel-nussberg-wiener-gemischter-satz-dac-erste-lage-kopie-3\\\/#breadcrumb\",\"itemListElement\":[{\"@type\":\"ListItem\",\"position\":1,\"name\":\"Startseite\",\"item\":\"https:\\\/\\\/shop.pfarrplatz.com\\\/en\\\/\"},{\"@type\":\"ListItem\",\"position\":2,\"name\":\"Produkte\",\"item\":\"https:\\\/\\\/shop.pfarrplatz.com\\\/de\\\/shop\\\/\"},{\"@type\":\"ListItem\",\"position\":3,\"name\":\"Ried Langteufel-Nussberg Wiener Gemischter Satz DAC Erste Lage\"}]},{\"@type\":\"WebSite\",\"@id\":\"https:\\\/\\\/shop.pfarrplatz.com\\\/en\\\/#website\",\"url\":\"https:\\\/\\\/shop.pfarrplatz.com\\\/en\\\/\",\"name\":\"Online-Shop der Weing\u00fcter Mayer am Pfarrplatz und Rotes Haus\",\"description\":\"Wein Online-Shop f\u00fcr Mayer am Pfarrplatz und Rotes Haus\",\"alternateName\":\"Online-Shop der Weing\u00fcter Mayer am Pfarrplatz und Rotes Haus\",\"potentialAction\":[{\"@type\":\"SearchAction\",\"target\":{\"@type\":\"EntryPoint\",\"urlTemplate\":\"https:\\\/\\\/shop.pfarrplatz.com\\\/en\\\/?s={search_term_string}\"},\"query-input\":{\"@type\":\"PropertyValueSpecification\",\"valueRequired\":true,\"valueName\":\"search_term_string\"}}],\"inLanguage\":\"en-US\"}]}<\/script>\n<!-- \/ Yoast SEO plugin. -->","yoast_head_json":{"title":"Ried Langteufel-Nussberg Wiener Gemischter Satz DAC Erste Lage - Online-Shop der Weing\u00fcter Mayer am Pfarrplatz und Rotes Haus","robots":{"index":"index","follow":"follow","max-snippet":"max-snippet:-1","max-image-preview":"max-image-preview:large","max-video-preview":"max-video-preview:-1"},"canonical":"https:\/\/shop.pfarrplatz.com\/en\/wein\/ried-langteufel-nussberg-wiener-gemischter-satz-dac-erste-lage-kopie-3\/","og_locale":"en_US","og_type":"article","og_title":"Ried Langteufel-Nussberg Wiener Gemischter Satz DAC Erste Lage - Online-Shop der Weing\u00fcter Mayer am Pfarrplatz und Rotes Haus","og_description":"Tropical fruit accompanied by honey aroma and delicate jasmine flowers in the background characterizes this Erste Lage wine. With its tight structure and extracted sweetness the finish presents itself as incredibly powerful. This outstanding vineyard located on the famous hill \u201cNussberg\u201d in Vienna allows wines with great potential for ageing.","og_url":"https:\/\/shop.pfarrplatz.com\/en\/wein\/ried-langteufel-nussberg-wiener-gemischter-satz-dac-erste-lage-kopie-3\/","og_site_name":"Online-Shop der Weing\u00fcter Mayer am Pfarrplatz und Rotes Haus","article_modified_time":"2023-06-29T09:50:22+00:00","og_image":[{"width":279,"height":1030,"url":"https:\/\/shop.pfarrplatz.com\/wp-content\/uploads\/sites\/16\/2022\/09\/WGS-Langteufel-Nussberg-OETW-Logo-Freigestellt-279x1030.jpg","type":"image\/jpeg"}],"twitter_card":"summary_large_image","schema":{"@context":"https:\/\/schema.org","@graph":[{"@type":"WebPage","@id":"https:\/\/shop.pfarrplatz.com\/en\/wein\/ried-langteufel-nussberg-wiener-gemischter-satz-dac-erste-lage-kopie-3\/","url":"https:\/\/shop.pfarrplatz.com\/en\/wein\/ried-langteufel-nussberg-wiener-gemischter-satz-dac-erste-lage-kopie-3\/","name":"Ried Langteufel-Nussberg Wiener Gemischter Satz DAC Erste Lage - Online-Shop der Weing\u00fcter Mayer am Pfarrplatz und Rotes Haus","isPartOf":{"@id":"https:\/\/shop.pfarrplatz.com\/en\/#website"},"primaryImageOfPage":{"@id":"https:\/\/shop.pfarrplatz.com\/en\/wein\/ried-langteufel-nussberg-wiener-gemischter-satz-dac-erste-lage-kopie-3\/#primaryimage"},"image":{"@id":"https:\/\/shop.pfarrplatz.com\/en\/wein\/ried-langteufel-nussberg-wiener-gemischter-satz-dac-erste-lage-kopie-3\/#primaryimage"},"thumbnailUrl":"https:\/\/shop.pfarrplatz.com\/wp-content\/uploads\/sites\/16\/2022\/09\/WGS-Langteufel-Nussberg-OETW-Logo-Freigestellt.jpg","datePublished":"2021-09-23T10:07:41+00:00","dateModified":"2023-06-29T09:50:22+00:00","breadcrumb":{"@id":"https:\/\/shop.pfarrplatz.com\/en\/wein\/ried-langteufel-nussberg-wiener-gemischter-satz-dac-erste-lage-kopie-3\/#breadcrumb"},"inLanguage":"en-US","potentialAction":[{"@type":"ReadAction","target":["https:\/\/shop.pfarrplatz.com\/en\/wein\/ried-langteufel-nussberg-wiener-gemischter-satz-dac-erste-lage-kopie-3\/"]}]},{"@type":"ImageObject","inLanguage":"en-US","@id":"https:\/\/shop.pfarrplatz.com\/en\/wein\/ried-langteufel-nussberg-wiener-gemischter-satz-dac-erste-lage-kopie-3\/#primaryimage","url":"https:\/\/shop.pfarrplatz.com\/wp-content\/uploads\/sites\/16\/2022\/09\/WGS-Langteufel-Nussberg-OETW-Logo-Freigestellt.jpg","contentUrl":"https:\/\/shop.pfarrplatz.com\/wp-content\/uploads\/sites\/16\/2022\/09\/WGS-Langteufel-Nussberg-OETW-Logo-Freigestellt.jpg","width":2101,"height":7766},{"@type":"BreadcrumbList","@id":"https:\/\/shop.pfarrplatz.com\/en\/wein\/ried-langteufel-nussberg-wiener-gemischter-satz-dac-erste-lage-kopie-3\/#breadcrumb","itemListElement":[{"@type":"ListItem","position":1,"name":"Startseite","item":"https:\/\/shop.pfarrplatz.com\/en\/"},{"@type":"ListItem","position":2,"name":"Produkte","item":"https:\/\/shop.pfarrplatz.com\/de\/shop\/"},{"@type":"ListItem","position":3,"name":"Ried Langteufel-Nussberg Wiener Gemischter Satz DAC Erste Lage"}]},{"@type":"WebSite","@id":"https:\/\/shop.pfarrplatz.com\/en\/#website","url":"https:\/\/shop.pfarrplatz.com\/en\/","name":"Online-Shop der Weing\u00fcter Mayer am Pfarrplatz und Rotes Haus","description":"Wein Online-Shop f\u00fcr Mayer am Pfarrplatz und Rotes Haus","alternateName":"Online-Shop der Weing\u00fcter Mayer am Pfarrplatz und Rotes Haus","potentialAction":[{"@type":"SearchAction","target":{"@type":"EntryPoint","urlTemplate":"https:\/\/shop.pfarrplatz.com\/en\/?s={search_term_string}"},"query-input":{"@type":"PropertyValueSpecification","valueRequired":true,"valueName":"search_term_string"}}],"inLanguage":"en-US"}]}},"_links":{"self":[{"href":"https:\/\/shop.pfarrplatz.com\/en\/wp-json\/wp\/v2\/product\/39604","targetHints":{"allow":["GET"]}}],"collection":[{"href":"https:\/\/shop.pfarrplatz.com\/en\/wp-json\/wp\/v2\/product"}],"about":[{"href":"https:\/\/shop.pfarrplatz.com\/en\/wp-json\/wp\/v2\/types\/product"}],"replies":[{"embeddable":true,"href":"https:\/\/shop.pfarrplatz.com\/en\/wp-json\/wp\/v2\/comments?post=39604"}],"wp:featuredmedia":[{"embeddable":true,"href":"https:\/\/shop.pfarrplatz.com\/en\/wp-json\/wp\/v2\/media\/61218"}],"wp:attachment":[{"href":"https:\/\/shop.pfarrplatz.com\/en\/wp-json\/wp\/v2\/media?parent=39604"}],"wp:term":[{"taxonomy":"product_brand","embeddable":true,"href":"https:\/\/shop.pfarrplatz.com\/en\/wp-json\/wp\/v2\/product_brand?post=39604"},{"taxonomy":"product_cat","embeddable":true,"href":"https:\/\/shop.pfarrplatz.com\/en\/wp-json\/wp\/v2\/product_cat?post=39604"},{"taxonomy":"product_tag","embeddable":true,"href":"https:\/\/shop.pfarrplatz.com\/en\/wp-json\/wp\/v2\/product_tag?post=39604"}],"curies":[{"name":"wp","href":"https:\/\/api.w.org\/{rel}","templated":true}]}}