{"id":2650,"date":"2018-04-21T23:53:59","date_gmt":"2018-04-21T21:53:59","guid":{"rendered":"https:\/\/shop.pfarrplatz.com\/produkte\/sauvignon-blanc-hernals\/"},"modified":"2021-11-25T17:41:04","modified_gmt":"2021-11-25T16:41:04","slug":"sauvignon-blanc-hernals","status":"publish","type":"product","link":"https:\/\/shop.pfarrplatz.com\/en\/wein\/sauvignon-blanc-hernals\/","title":{"rendered":"Hernals Sauvignon Blanc"},"content":{"rendered":"","protected":false},"excerpt":{"rendered":"<p>Elegant mineral scent of currant and gooseberries in the nose. Extracted sweetness and saturated fruit on the pallet paired with a complex minerality contributes to the enormous multifaceted character of this Sauvignon Blanc.<\/p>\n","protected":false},"featured_media":120,"comment_status":"closed","ping_status":"closed","template":"","meta":[],"product_brand":[],"product_cat":[244,233,235,15],"product_tag":[],"class_list":{"0":"post-2650","1":"product","2":"type-product","3":"status-publish","4":"has-post-thumbnail","6":"product_cat-lagen-wines","7":"product_cat-mayer-am-pfarrplatz-en","8":"product_cat-single-vineyard-wines","9":"product_cat-weisswein","10":"product_shipping_class-52","11":"pa_allergene-contains-sulfites","12":"pa_einheit-flasche-en","13":"pa_gebinde-075-en","14":"pa_geschmack-dry","15":"pa_jahrgang-789","16":"pa_lage-weingarten-hernals-en","17":"pa_lagerfaehigkeit-3-5-years","18":"pa_produkt-weisswein-en","19":"pa_qualitaetsstufe-single-vineyards-wine","20":"pa_trinktemperatur-10-12-c-en","21":"pa_verschluss-screw","22":"pa_weingut-mayer-am-pfarrplatz-en","24":"first","25":"outofstock","26":"taxable","27":"shipping-taxable","28":"purchasable","29":"product-type-simple"},"yoast_head":"<!-- This site is optimized with the Yoast SEO plugin v27.3 - https:\/\/yoast.com\/product\/yoast-seo-wordpress\/ -->\n<title>Hernals Sauvignon Blanc - Online-Shop der Weing\u00fcter Mayer am Pfarrplatz und Rotes Haus<\/title>\n<meta name=\"robots\" content=\"index, follow, max-snippet:-1, max-image-preview:large, max-video-preview:-1\" \/>\n<link rel=\"canonical\" href=\"https:\/\/shop.pfarrplatz.com\/en\/wein\/sauvignon-blanc-hernals\/\" \/>\n<meta property=\"og:locale\" content=\"en_US\" \/>\n<meta property=\"og:type\" content=\"article\" \/>\n<meta property=\"og:title\" content=\"Hernals Sauvignon Blanc - Online-Shop der Weing\u00fcter Mayer am Pfarrplatz und Rotes Haus\" \/>\n<meta property=\"og:description\" content=\"Elegant mineral scent of currant and gooseberries in the nose. Extracted sweetness and saturated fruit on the pallet paired with a complex minerality contributes to the enormous multifaceted character of this Sauvignon Blanc.\" \/>\n<meta property=\"og:url\" content=\"https:\/\/shop.pfarrplatz.com\/en\/wein\/sauvignon-blanc-hernals\/\" \/>\n<meta property=\"og:site_name\" content=\"Online-Shop der Weing\u00fcter Mayer am Pfarrplatz und Rotes Haus\" \/>\n<meta property=\"article:modified_time\" content=\"2021-11-25T16:41:04+00:00\" \/>\n<meta property=\"og:image\" content=\"https:\/\/shop.pfarrplatz.com\/wp-content\/uploads\/sites\/16\/2018\/03\/sb-hernals.png\" \/>\n\t<meta property=\"og:image:width\" content=\"249\" \/>\n\t<meta property=\"og:image:height\" content=\"1096\" \/>\n\t<meta property=\"og:image:type\" content=\"image\/png\" \/>\n<meta name=\"twitter:card\" content=\"summary_large_image\" \/>\n<script type=\"application\/ld+json\" class=\"yoast-schema-graph\">{\"@context\":\"https:\\\/\\\/schema.org\",\"@graph\":[{\"@type\":\"WebPage\",\"@id\":\"https:\\\/\\\/shop.pfarrplatz.com\\\/en\\\/wein\\\/sauvignon-blanc-hernals\\\/\",\"url\":\"https:\\\/\\\/shop.pfarrplatz.com\\\/en\\\/wein\\\/sauvignon-blanc-hernals\\\/\",\"name\":\"Hernals Sauvignon Blanc - Online-Shop der Weing\u00fcter Mayer am Pfarrplatz und Rotes Haus\",\"isPartOf\":{\"@id\":\"https:\\\/\\\/shop.pfarrplatz.com\\\/en\\\/#website\"},\"primaryImageOfPage\":{\"@id\":\"https:\\\/\\\/shop.pfarrplatz.com\\\/en\\\/wein\\\/sauvignon-blanc-hernals\\\/#primaryimage\"},\"image\":{\"@id\":\"https:\\\/\\\/shop.pfarrplatz.com\\\/en\\\/wein\\\/sauvignon-blanc-hernals\\\/#primaryimage\"},\"thumbnailUrl\":\"https:\\\/\\\/shop.pfarrplatz.com\\\/wp-content\\\/uploads\\\/sites\\\/16\\\/2018\\\/03\\\/sb-hernals.png\",\"datePublished\":\"2018-04-21T21:53:59+00:00\",\"dateModified\":\"2021-11-25T16:41:04+00:00\",\"breadcrumb\":{\"@id\":\"https:\\\/\\\/shop.pfarrplatz.com\\\/en\\\/wein\\\/sauvignon-blanc-hernals\\\/#breadcrumb\"},\"inLanguage\":\"en-US\",\"potentialAction\":[{\"@type\":\"ReadAction\",\"target\":[\"https:\\\/\\\/shop.pfarrplatz.com\\\/en\\\/wein\\\/sauvignon-blanc-hernals\\\/\"]}]},{\"@type\":\"ImageObject\",\"inLanguage\":\"en-US\",\"@id\":\"https:\\\/\\\/shop.pfarrplatz.com\\\/en\\\/wein\\\/sauvignon-blanc-hernals\\\/#primaryimage\",\"url\":\"https:\\\/\\\/shop.pfarrplatz.com\\\/wp-content\\\/uploads\\\/sites\\\/16\\\/2018\\\/03\\\/sb-hernals.png\",\"contentUrl\":\"https:\\\/\\\/shop.pfarrplatz.com\\\/wp-content\\\/uploads\\\/sites\\\/16\\\/2018\\\/03\\\/sb-hernals.png\",\"width\":249,\"height\":1096},{\"@type\":\"BreadcrumbList\",\"@id\":\"https:\\\/\\\/shop.pfarrplatz.com\\\/en\\\/wein\\\/sauvignon-blanc-hernals\\\/#breadcrumb\",\"itemListElement\":[{\"@type\":\"ListItem\",\"position\":1,\"name\":\"Startseite\",\"item\":\"https:\\\/\\\/shop.pfarrplatz.com\\\/en\\\/\"},{\"@type\":\"ListItem\",\"position\":2,\"name\":\"Produkte\",\"item\":\"https:\\\/\\\/shop.pfarrplatz.com\\\/de\\\/shop\\\/\"},{\"@type\":\"ListItem\",\"position\":3,\"name\":\"Hernals Sauvignon Blanc\"}]},{\"@type\":\"WebSite\",\"@id\":\"https:\\\/\\\/shop.pfarrplatz.com\\\/en\\\/#website\",\"url\":\"https:\\\/\\\/shop.pfarrplatz.com\\\/en\\\/\",\"name\":\"Online-Shop der Weing\u00fcter Mayer am Pfarrplatz und Rotes Haus\",\"description\":\"Wein Online-Shop f\u00fcr Mayer am Pfarrplatz und Rotes Haus\",\"alternateName\":\"Online-Shop der Weing\u00fcter Mayer am Pfarrplatz und Rotes Haus\",\"potentialAction\":[{\"@type\":\"SearchAction\",\"target\":{\"@type\":\"EntryPoint\",\"urlTemplate\":\"https:\\\/\\\/shop.pfarrplatz.com\\\/en\\\/?s={search_term_string}\"},\"query-input\":{\"@type\":\"PropertyValueSpecification\",\"valueRequired\":true,\"valueName\":\"search_term_string\"}}],\"inLanguage\":\"en-US\"}]}<\/script>\n<!-- \/ Yoast SEO plugin. -->","yoast_head_json":{"title":"Hernals Sauvignon Blanc - Online-Shop der Weing\u00fcter Mayer am Pfarrplatz und Rotes Haus","robots":{"index":"index","follow":"follow","max-snippet":"max-snippet:-1","max-image-preview":"max-image-preview:large","max-video-preview":"max-video-preview:-1"},"canonical":"https:\/\/shop.pfarrplatz.com\/en\/wein\/sauvignon-blanc-hernals\/","og_locale":"en_US","og_type":"article","og_title":"Hernals Sauvignon Blanc - Online-Shop der Weing\u00fcter Mayer am Pfarrplatz und Rotes Haus","og_description":"Elegant mineral scent of currant and gooseberries in the nose. Extracted sweetness and saturated fruit on the pallet paired with a complex minerality contributes to the enormous multifaceted character of this Sauvignon Blanc.","og_url":"https:\/\/shop.pfarrplatz.com\/en\/wein\/sauvignon-blanc-hernals\/","og_site_name":"Online-Shop der Weing\u00fcter Mayer am Pfarrplatz und Rotes Haus","article_modified_time":"2021-11-25T16:41:04+00:00","og_image":[{"width":249,"height":1096,"url":"https:\/\/shop.pfarrplatz.com\/wp-content\/uploads\/sites\/16\/2018\/03\/sb-hernals.png","type":"image\/png"}],"twitter_card":"summary_large_image","schema":{"@context":"https:\/\/schema.org","@graph":[{"@type":"WebPage","@id":"https:\/\/shop.pfarrplatz.com\/en\/wein\/sauvignon-blanc-hernals\/","url":"https:\/\/shop.pfarrplatz.com\/en\/wein\/sauvignon-blanc-hernals\/","name":"Hernals Sauvignon Blanc - Online-Shop der Weing\u00fcter Mayer am Pfarrplatz und Rotes Haus","isPartOf":{"@id":"https:\/\/shop.pfarrplatz.com\/en\/#website"},"primaryImageOfPage":{"@id":"https:\/\/shop.pfarrplatz.com\/en\/wein\/sauvignon-blanc-hernals\/#primaryimage"},"image":{"@id":"https:\/\/shop.pfarrplatz.com\/en\/wein\/sauvignon-blanc-hernals\/#primaryimage"},"thumbnailUrl":"https:\/\/shop.pfarrplatz.com\/wp-content\/uploads\/sites\/16\/2018\/03\/sb-hernals.png","datePublished":"2018-04-21T21:53:59+00:00","dateModified":"2021-11-25T16:41:04+00:00","breadcrumb":{"@id":"https:\/\/shop.pfarrplatz.com\/en\/wein\/sauvignon-blanc-hernals\/#breadcrumb"},"inLanguage":"en-US","potentialAction":[{"@type":"ReadAction","target":["https:\/\/shop.pfarrplatz.com\/en\/wein\/sauvignon-blanc-hernals\/"]}]},{"@type":"ImageObject","inLanguage":"en-US","@id":"https:\/\/shop.pfarrplatz.com\/en\/wein\/sauvignon-blanc-hernals\/#primaryimage","url":"https:\/\/shop.pfarrplatz.com\/wp-content\/uploads\/sites\/16\/2018\/03\/sb-hernals.png","contentUrl":"https:\/\/shop.pfarrplatz.com\/wp-content\/uploads\/sites\/16\/2018\/03\/sb-hernals.png","width":249,"height":1096},{"@type":"BreadcrumbList","@id":"https:\/\/shop.pfarrplatz.com\/en\/wein\/sauvignon-blanc-hernals\/#breadcrumb","itemListElement":[{"@type":"ListItem","position":1,"name":"Startseite","item":"https:\/\/shop.pfarrplatz.com\/en\/"},{"@type":"ListItem","position":2,"name":"Produkte","item":"https:\/\/shop.pfarrplatz.com\/de\/shop\/"},{"@type":"ListItem","position":3,"name":"Hernals Sauvignon Blanc"}]},{"@type":"WebSite","@id":"https:\/\/shop.pfarrplatz.com\/en\/#website","url":"https:\/\/shop.pfarrplatz.com\/en\/","name":"Online-Shop der Weing\u00fcter Mayer am Pfarrplatz und Rotes Haus","description":"Wein Online-Shop f\u00fcr Mayer am Pfarrplatz und Rotes Haus","alternateName":"Online-Shop der Weing\u00fcter Mayer am Pfarrplatz und Rotes Haus","potentialAction":[{"@type":"SearchAction","target":{"@type":"EntryPoint","urlTemplate":"https:\/\/shop.pfarrplatz.com\/en\/?s={search_term_string}"},"query-input":{"@type":"PropertyValueSpecification","valueRequired":true,"valueName":"search_term_string"}}],"inLanguage":"en-US"}]}},"_links":{"self":[{"href":"https:\/\/shop.pfarrplatz.com\/en\/wp-json\/wp\/v2\/product\/2650","targetHints":{"allow":["GET"]}}],"collection":[{"href":"https:\/\/shop.pfarrplatz.com\/en\/wp-json\/wp\/v2\/product"}],"about":[{"href":"https:\/\/shop.pfarrplatz.com\/en\/wp-json\/wp\/v2\/types\/product"}],"replies":[{"embeddable":true,"href":"https:\/\/shop.pfarrplatz.com\/en\/wp-json\/wp\/v2\/comments?post=2650"}],"wp:featuredmedia":[{"embeddable":true,"href":"https:\/\/shop.pfarrplatz.com\/en\/wp-json\/wp\/v2\/media\/120"}],"wp:attachment":[{"href":"https:\/\/shop.pfarrplatz.com\/en\/wp-json\/wp\/v2\/media?parent=2650"}],"wp:term":[{"taxonomy":"product_brand","embeddable":true,"href":"https:\/\/shop.pfarrplatz.com\/en\/wp-json\/wp\/v2\/product_brand?post=2650"},{"taxonomy":"product_cat","embeddable":true,"href":"https:\/\/shop.pfarrplatz.com\/en\/wp-json\/wp\/v2\/product_cat?post=2650"},{"taxonomy":"product_tag","embeddable":true,"href":"https:\/\/shop.pfarrplatz.com\/en\/wp-json\/wp\/v2\/product_tag?post=2650"}],"curies":[{"name":"wp","href":"https:\/\/api.w.org\/{rel}","templated":true}]}}