{"id":2605,"date":"2018-04-21T23:53:52","date_gmt":"2018-04-21T21:53:52","guid":{"rendered":"https:\/\/shop.pfarrplatz.com\/produkte\/wiener-gemischter-satz-dac-nussberg\/"},"modified":"2024-04-01T01:02:49","modified_gmt":"2024-03-31T23:02:49","slug":"wiener-gemischter-satz-dac-nussberg","status":"publish","type":"product","link":"https:\/\/shop.pfarrplatz.com\/en\/wein\/wiener-gemischter-satz-dac-nussberg\/","title":{"rendered":"Wiener Gemischter Satz DAC Nussberg"},"content":{"rendered":"","protected":false},"excerpt":{"rendered":"<p>This wine based on four grape varieties (Gr\u00fcner Veltliner, Riesling, Rotgipfler and Zierfandler) presents itself as strong of character. A highly<br \/>\nconcentrated selection of tropical fruit is recognisable in the aroma. A succulent structure with a velvety body. A powerful palate with fruity<br \/>\nsweet essence on the finish.<\/p>\n","protected":false},"featured_media":20899,"comment_status":"closed","ping_status":"closed","template":"","meta":[],"product_brand":[],"product_cat":[244,233,234,15],"product_tag":[],"class_list":{"0":"post-2605","1":"product","2":"type-product","3":"status-publish","4":"has-post-thumbnail","6":"product_cat-lagen-wines","7":"product_cat-mayer-am-pfarrplatz-en","8":"product_cat-village-wines","9":"product_cat-weisswein","10":"product_shipping_class-52","11":"pa_allergene-contains-sulfites","12":"pa_einheit-flasche-en","13":"pa_gebinde-075-en","14":"pa_geschmack-dry","15":"pa_jahrgang-802","16":"pa_lage-weingarten-nussberg-en","17":"pa_lagerfaehigkeit-2-3-years","18":"pa_produkt-weisswein-en","19":"pa_qualitaetsstufe-dac-wein-en","20":"pa_rebsorte-gruener-veltliner-en","21":"pa_rebsorte-riesling-en","22":"pa_rebsorte-rotgipfler-en","23":"pa_rebsorte-zierfandler-en","24":"pa_trinktemperatur-10-12-c-en","25":"pa_verschluss-screw","26":"pa_weingut-mayer-am-pfarrplatz-en","28":"first","29":"instock","30":"taxable","31":"shipping-taxable","32":"purchasable","33":"product-type-simple"},"yoast_head":"<!-- This site is optimized with the Yoast SEO plugin v27.3 - https:\/\/yoast.com\/product\/yoast-seo-wordpress\/ -->\n<title>Wiener Gemischter Satz DAC Nussberg - Online-Shop der Weing\u00fcter Mayer am Pfarrplatz und Rotes Haus<\/title>\n<meta name=\"robots\" content=\"index, follow, max-snippet:-1, max-image-preview:large, max-video-preview:-1\" \/>\n<link rel=\"canonical\" href=\"https:\/\/shop.pfarrplatz.com\/en\/wein\/wiener-gemischter-satz-dac-nussberg\/\" \/>\n<meta property=\"og:locale\" content=\"en_US\" \/>\n<meta property=\"og:type\" content=\"article\" \/>\n<meta property=\"og:title\" content=\"Wiener Gemischter Satz DAC Nussberg - Online-Shop der Weing\u00fcter Mayer am Pfarrplatz und Rotes Haus\" \/>\n<meta property=\"og:description\" content=\"This wine based on four grape varieties (Gr\u00fcner Veltliner, Riesling, Rotgipfler and Zierfandler) presents itself as strong of character. A highly concentrated selection of tropical fruit is recognisable in the aroma. A succulent structure with a velvety body. A powerful palate with fruity sweet essence on the finish.\" \/>\n<meta property=\"og:url\" content=\"https:\/\/shop.pfarrplatz.com\/en\/wein\/wiener-gemischter-satz-dac-nussberg\/\" \/>\n<meta property=\"og:site_name\" content=\"Online-Shop der Weing\u00fcter Mayer am Pfarrplatz und Rotes Haus\" \/>\n<meta property=\"article:modified_time\" content=\"2024-03-31T23:02:49+00:00\" \/>\n<meta property=\"og:image\" content=\"https:\/\/shop.pfarrplatz.com\/wp-content\/uploads\/sites\/16\/2018\/04\/GemSatz-Nussberg-1.png\" \/>\n\t<meta property=\"og:image:width\" content=\"661\" \/>\n\t<meta property=\"og:image:height\" content=\"2362\" \/>\n\t<meta property=\"og:image:type\" content=\"image\/png\" \/>\n<meta name=\"twitter:card\" content=\"summary_large_image\" \/>\n<script type=\"application\/ld+json\" class=\"yoast-schema-graph\">{\"@context\":\"https:\\\/\\\/schema.org\",\"@graph\":[{\"@type\":\"WebPage\",\"@id\":\"https:\\\/\\\/shop.pfarrplatz.com\\\/en\\\/wein\\\/wiener-gemischter-satz-dac-nussberg\\\/\",\"url\":\"https:\\\/\\\/shop.pfarrplatz.com\\\/en\\\/wein\\\/wiener-gemischter-satz-dac-nussberg\\\/\",\"name\":\"Wiener Gemischter Satz DAC Nussberg - Online-Shop der Weing\u00fcter Mayer am Pfarrplatz und Rotes Haus\",\"isPartOf\":{\"@id\":\"https:\\\/\\\/shop.pfarrplatz.com\\\/en\\\/#website\"},\"primaryImageOfPage\":{\"@id\":\"https:\\\/\\\/shop.pfarrplatz.com\\\/en\\\/wein\\\/wiener-gemischter-satz-dac-nussberg\\\/#primaryimage\"},\"image\":{\"@id\":\"https:\\\/\\\/shop.pfarrplatz.com\\\/en\\\/wein\\\/wiener-gemischter-satz-dac-nussberg\\\/#primaryimage\"},\"thumbnailUrl\":\"https:\\\/\\\/shop.pfarrplatz.com\\\/wp-content\\\/uploads\\\/sites\\\/16\\\/2018\\\/04\\\/GemSatz-Nussberg-1.png\",\"datePublished\":\"2018-04-21T21:53:52+00:00\",\"dateModified\":\"2024-03-31T23:02:49+00:00\",\"breadcrumb\":{\"@id\":\"https:\\\/\\\/shop.pfarrplatz.com\\\/en\\\/wein\\\/wiener-gemischter-satz-dac-nussberg\\\/#breadcrumb\"},\"inLanguage\":\"en-US\",\"potentialAction\":[{\"@type\":\"ReadAction\",\"target\":[\"https:\\\/\\\/shop.pfarrplatz.com\\\/en\\\/wein\\\/wiener-gemischter-satz-dac-nussberg\\\/\"]}]},{\"@type\":\"ImageObject\",\"inLanguage\":\"en-US\",\"@id\":\"https:\\\/\\\/shop.pfarrplatz.com\\\/en\\\/wein\\\/wiener-gemischter-satz-dac-nussberg\\\/#primaryimage\",\"url\":\"https:\\\/\\\/shop.pfarrplatz.com\\\/wp-content\\\/uploads\\\/sites\\\/16\\\/2018\\\/04\\\/GemSatz-Nussberg-1.png\",\"contentUrl\":\"https:\\\/\\\/shop.pfarrplatz.com\\\/wp-content\\\/uploads\\\/sites\\\/16\\\/2018\\\/04\\\/GemSatz-Nussberg-1.png\",\"width\":661,\"height\":2362},{\"@type\":\"BreadcrumbList\",\"@id\":\"https:\\\/\\\/shop.pfarrplatz.com\\\/en\\\/wein\\\/wiener-gemischter-satz-dac-nussberg\\\/#breadcrumb\",\"itemListElement\":[{\"@type\":\"ListItem\",\"position\":1,\"name\":\"Startseite\",\"item\":\"https:\\\/\\\/shop.pfarrplatz.com\\\/en\\\/\"},{\"@type\":\"ListItem\",\"position\":2,\"name\":\"Produkte\",\"item\":\"https:\\\/\\\/shop.pfarrplatz.com\\\/de\\\/shop\\\/\"},{\"@type\":\"ListItem\",\"position\":3,\"name\":\"Wiener Gemischter Satz DAC Nussberg\"}]},{\"@type\":\"WebSite\",\"@id\":\"https:\\\/\\\/shop.pfarrplatz.com\\\/en\\\/#website\",\"url\":\"https:\\\/\\\/shop.pfarrplatz.com\\\/en\\\/\",\"name\":\"Online-Shop der Weing\u00fcter Mayer am Pfarrplatz und Rotes Haus\",\"description\":\"Wein Online-Shop f\u00fcr Mayer am Pfarrplatz und Rotes Haus\",\"alternateName\":\"Online-Shop der Weing\u00fcter Mayer am Pfarrplatz und Rotes Haus\",\"potentialAction\":[{\"@type\":\"SearchAction\",\"target\":{\"@type\":\"EntryPoint\",\"urlTemplate\":\"https:\\\/\\\/shop.pfarrplatz.com\\\/en\\\/?s={search_term_string}\"},\"query-input\":{\"@type\":\"PropertyValueSpecification\",\"valueRequired\":true,\"valueName\":\"search_term_string\"}}],\"inLanguage\":\"en-US\"}]}<\/script>\n<!-- \/ Yoast SEO plugin. -->","yoast_head_json":{"title":"Wiener Gemischter Satz DAC Nussberg - Online-Shop der Weing\u00fcter Mayer am Pfarrplatz und Rotes Haus","robots":{"index":"index","follow":"follow","max-snippet":"max-snippet:-1","max-image-preview":"max-image-preview:large","max-video-preview":"max-video-preview:-1"},"canonical":"https:\/\/shop.pfarrplatz.com\/en\/wein\/wiener-gemischter-satz-dac-nussberg\/","og_locale":"en_US","og_type":"article","og_title":"Wiener Gemischter Satz DAC Nussberg - Online-Shop der Weing\u00fcter Mayer am Pfarrplatz und Rotes Haus","og_description":"This wine based on four grape varieties (Gr\u00fcner Veltliner, Riesling, Rotgipfler and Zierfandler) presents itself as strong of character. A highly concentrated selection of tropical fruit is recognisable in the aroma. A succulent structure with a velvety body. A powerful palate with fruity sweet essence on the finish.","og_url":"https:\/\/shop.pfarrplatz.com\/en\/wein\/wiener-gemischter-satz-dac-nussberg\/","og_site_name":"Online-Shop der Weing\u00fcter Mayer am Pfarrplatz und Rotes Haus","article_modified_time":"2024-03-31T23:02:49+00:00","og_image":[{"width":661,"height":2362,"url":"https:\/\/shop.pfarrplatz.com\/wp-content\/uploads\/sites\/16\/2018\/04\/GemSatz-Nussberg-1.png","type":"image\/png"}],"twitter_card":"summary_large_image","schema":{"@context":"https:\/\/schema.org","@graph":[{"@type":"WebPage","@id":"https:\/\/shop.pfarrplatz.com\/en\/wein\/wiener-gemischter-satz-dac-nussberg\/","url":"https:\/\/shop.pfarrplatz.com\/en\/wein\/wiener-gemischter-satz-dac-nussberg\/","name":"Wiener Gemischter Satz DAC Nussberg - Online-Shop der Weing\u00fcter Mayer am Pfarrplatz und Rotes Haus","isPartOf":{"@id":"https:\/\/shop.pfarrplatz.com\/en\/#website"},"primaryImageOfPage":{"@id":"https:\/\/shop.pfarrplatz.com\/en\/wein\/wiener-gemischter-satz-dac-nussberg\/#primaryimage"},"image":{"@id":"https:\/\/shop.pfarrplatz.com\/en\/wein\/wiener-gemischter-satz-dac-nussberg\/#primaryimage"},"thumbnailUrl":"https:\/\/shop.pfarrplatz.com\/wp-content\/uploads\/sites\/16\/2018\/04\/GemSatz-Nussberg-1.png","datePublished":"2018-04-21T21:53:52+00:00","dateModified":"2024-03-31T23:02:49+00:00","breadcrumb":{"@id":"https:\/\/shop.pfarrplatz.com\/en\/wein\/wiener-gemischter-satz-dac-nussberg\/#breadcrumb"},"inLanguage":"en-US","potentialAction":[{"@type":"ReadAction","target":["https:\/\/shop.pfarrplatz.com\/en\/wein\/wiener-gemischter-satz-dac-nussberg\/"]}]},{"@type":"ImageObject","inLanguage":"en-US","@id":"https:\/\/shop.pfarrplatz.com\/en\/wein\/wiener-gemischter-satz-dac-nussberg\/#primaryimage","url":"https:\/\/shop.pfarrplatz.com\/wp-content\/uploads\/sites\/16\/2018\/04\/GemSatz-Nussberg-1.png","contentUrl":"https:\/\/shop.pfarrplatz.com\/wp-content\/uploads\/sites\/16\/2018\/04\/GemSatz-Nussberg-1.png","width":661,"height":2362},{"@type":"BreadcrumbList","@id":"https:\/\/shop.pfarrplatz.com\/en\/wein\/wiener-gemischter-satz-dac-nussberg\/#breadcrumb","itemListElement":[{"@type":"ListItem","position":1,"name":"Startseite","item":"https:\/\/shop.pfarrplatz.com\/en\/"},{"@type":"ListItem","position":2,"name":"Produkte","item":"https:\/\/shop.pfarrplatz.com\/de\/shop\/"},{"@type":"ListItem","position":3,"name":"Wiener Gemischter Satz DAC Nussberg"}]},{"@type":"WebSite","@id":"https:\/\/shop.pfarrplatz.com\/en\/#website","url":"https:\/\/shop.pfarrplatz.com\/en\/","name":"Online-Shop der Weing\u00fcter Mayer am Pfarrplatz und Rotes Haus","description":"Wein Online-Shop f\u00fcr Mayer am Pfarrplatz und Rotes Haus","alternateName":"Online-Shop der Weing\u00fcter Mayer am Pfarrplatz und Rotes Haus","potentialAction":[{"@type":"SearchAction","target":{"@type":"EntryPoint","urlTemplate":"https:\/\/shop.pfarrplatz.com\/en\/?s={search_term_string}"},"query-input":{"@type":"PropertyValueSpecification","valueRequired":true,"valueName":"search_term_string"}}],"inLanguage":"en-US"}]}},"_links":{"self":[{"href":"https:\/\/shop.pfarrplatz.com\/en\/wp-json\/wp\/v2\/product\/2605","targetHints":{"allow":["GET"]}}],"collection":[{"href":"https:\/\/shop.pfarrplatz.com\/en\/wp-json\/wp\/v2\/product"}],"about":[{"href":"https:\/\/shop.pfarrplatz.com\/en\/wp-json\/wp\/v2\/types\/product"}],"replies":[{"embeddable":true,"href":"https:\/\/shop.pfarrplatz.com\/en\/wp-json\/wp\/v2\/comments?post=2605"}],"wp:featuredmedia":[{"embeddable":true,"href":"https:\/\/shop.pfarrplatz.com\/en\/wp-json\/wp\/v2\/media\/20899"}],"wp:attachment":[{"href":"https:\/\/shop.pfarrplatz.com\/en\/wp-json\/wp\/v2\/media?parent=2605"}],"wp:term":[{"taxonomy":"product_brand","embeddable":true,"href":"https:\/\/shop.pfarrplatz.com\/en\/wp-json\/wp\/v2\/product_brand?post=2605"},{"taxonomy":"product_cat","embeddable":true,"href":"https:\/\/shop.pfarrplatz.com\/en\/wp-json\/wp\/v2\/product_cat?post=2605"},{"taxonomy":"product_tag","embeddable":true,"href":"https:\/\/shop.pfarrplatz.com\/en\/wp-json\/wp\/v2\/product_tag?post=2605"}],"curies":[{"name":"wp","href":"https:\/\/api.w.org\/{rel}","templated":true}]}}