{"id":105405,"date":"2022-09-02T10:27:03","date_gmt":"2022-09-02T08:27:03","guid":{"rendered":"https:\/\/shop-2025.pfarrplatz.vollwerbung.at\/wein\/ried-schenkenberg-grinzing-gruener-veltliner-erste-lage-2\/"},"modified":"2026-04-07T13:56:23","modified_gmt":"2026-04-07T11:56:23","slug":"ried-schenkenberg-grinzing-gruener-veltliner-erste-lage-2","status":"publish","type":"product","link":"https:\/\/shop.pfarrplatz.com\/en\/wein\/ried-schenkenberg-grinzing-gruener-veltliner-erste-lage-2\/","title":{"rendered":"Ried Schenkenberg-Grinzing 1\u00d6TW<br\/> Gr\u00fcner Veltliner"},"content":{"rendered":"","protected":false},"excerpt":{"rendered":"<p>In der Nase vielf\u00e4ltige Aromen von Fenchel, Minze und Wacholder, am Gaumen viel wei\u00dfer Pfeffer, Grapefruit und reifer Apfel, der Abgang ist straff und sehr pr\u00e4zise.<\/p>\n","protected":false},"featured_media":98108,"comment_status":"closed","ping_status":"open","template":"","meta":[],"product_brand":[],"product_cat":[214,208,167,218,178],"product_tag":[],"class_list":{"0":"post-105405","1":"product","2":"type-product","3":"status-publish","4":"has-post-thumbnail","6":"product_cat-erste-lagen-weine","7":"product_cat-lagen-weisswein","8":"product_cat-mayer-am-pfarrplatz","9":"product_cat-riedenwein","10":"product_cat-weisswein","11":"product_shipping_class-52","12":"pa_allergene-enthaelt-sulfite","13":"pa_einheit-flasche","14":"pa_gebinde-075-2","15":"pa_geschmack-trocken-2","16":"pa_jahrgang-827","17":"pa_lage-weingarten-schenkenberg","18":"pa_lagerfaehigkeit-10-years","19":"pa_produkt-weisswein","20":"pa_qualitaetsstufe-single-vineyards-wine","21":"pa_rebsorte-gruener-veltliner","22":"pa_trinktemperatur-10-12-c","23":"pa_verschluss-schraubverschluss","24":"pa_weingut-mayer-am-pfarrplatz","26":"first","27":"instock","28":"taxable","29":"shipping-taxable","30":"purchasable","31":"product-type-simple"},"_links":{"self":[{"href":"https:\/\/shop.pfarrplatz.com\/en\/wp-json\/wp\/v2\/product\/105405","targetHints":{"allow":["GET"]}}],"collection":[{"href":"https:\/\/shop.pfarrplatz.com\/en\/wp-json\/wp\/v2\/product"}],"about":[{"href":"https:\/\/shop.pfarrplatz.com\/en\/wp-json\/wp\/v2\/types\/product"}],"replies":[{"embeddable":true,"href":"https:\/\/shop.pfarrplatz.com\/en\/wp-json\/wp\/v2\/comments?post=105405"}],"wp:featuredmedia":[{"embeddable":true,"href":"https:\/\/shop.pfarrplatz.com\/en\/wp-json\/wp\/v2\/media\/98108"}],"wp:attachment":[{"href":"https:\/\/shop.pfarrplatz.com\/en\/wp-json\/wp\/v2\/media?parent=105405"}],"wp:term":[{"taxonomy":"product_brand","embeddable":true,"href":"https:\/\/shop.pfarrplatz.com\/en\/wp-json\/wp\/v2\/product_brand?post=105405"},{"taxonomy":"product_cat","embeddable":true,"href":"https:\/\/shop.pfarrplatz.com\/en\/wp-json\/wp\/v2\/product_cat?post=105405"},{"taxonomy":"product_tag","embeddable":true,"href":"https:\/\/shop.pfarrplatz.com\/en\/wp-json\/wp\/v2\/product_tag?post=105405"}],"curies":[{"name":"wp","href":"https:\/\/api.w.org\/{rel}","templated":true}]}}