{"id":105402,"date":"2022-09-02T10:21:29","date_gmt":"2022-09-02T08:21:29","guid":{"rendered":"https:\/\/shop-2025.pfarrplatz.vollwerbung.at\/wein\/ried-preussen-nussberg-wiener-gemischter-satz-dac-erste-lage-3-2\/"},"modified":"2026-04-07T13:56:14","modified_gmt":"2026-04-07T11:56:14","slug":"ried-preussen-nussberg-wiener-gemischter-satz-dac-erste-lage-3-2","status":"publish","type":"product","link":"https:\/\/shop.pfarrplatz.com\/en\/wein\/ried-preussen-nussberg-wiener-gemischter-satz-dac-erste-lage-3-2\/","title":{"rendered":"Ried Preussen-Nussberg 1\u00d6TW<br\/> Wiener Gemischter Satz DAC"},"content":{"rendered":"","protected":false},"excerpt":{"rendered":"<p>Chardonnay, Wei\u00dfburgunder, Grauburgunder, Neuburger und etwas Traminer finden sich in diesem Wiener Gemischten Satz. Elegante Frucht- und Biskuitnoten in der Nase. Am Gaumen, druckvoll und w\u00fcrzig. Langer w\u00e4rmender und sehr cremiger Abgang. Ein sehr m\u00e4chtiger Wein mit enormen Reifepotential.<\/p>\n","protected":false},"featured_media":98102,"comment_status":"closed","ping_status":"open","template":"","meta":[],"product_brand":[],"product_cat":[214,369,208,218,166,178],"product_tag":[],"class_list":{"0":"post-105402","1":"product","2":"type-product","3":"status-publish","4":"has-post-thumbnail","6":"product_cat-erste-lagen-weine","7":"product_cat-gutscheine","8":"product_cat-lagen-weisswein","9":"product_cat-riedenwein","10":"product_cat-rotes-haus","11":"product_cat-weisswein","12":"product_shipping_class-52","13":"pa_jahrgang-802","14":"pa_lage-weingarten-preussen-nussberg","15":"pa_qualitaetsstufe-dac-wein","16":"pa_rebsorte-gemischter-satz","18":"first","19":"instock","20":"taxable","21":"shipping-taxable","22":"purchasable","23":"product-type-simple"},"_links":{"self":[{"href":"https:\/\/shop.pfarrplatz.com\/en\/wp-json\/wp\/v2\/product\/105402","targetHints":{"allow":["GET"]}}],"collection":[{"href":"https:\/\/shop.pfarrplatz.com\/en\/wp-json\/wp\/v2\/product"}],"about":[{"href":"https:\/\/shop.pfarrplatz.com\/en\/wp-json\/wp\/v2\/types\/product"}],"replies":[{"embeddable":true,"href":"https:\/\/shop.pfarrplatz.com\/en\/wp-json\/wp\/v2\/comments?post=105402"}],"wp:featuredmedia":[{"embeddable":true,"href":"https:\/\/shop.pfarrplatz.com\/en\/wp-json\/wp\/v2\/media\/98102"}],"wp:attachment":[{"href":"https:\/\/shop.pfarrplatz.com\/en\/wp-json\/wp\/v2\/media?parent=105402"}],"wp:term":[{"taxonomy":"product_brand","embeddable":true,"href":"https:\/\/shop.pfarrplatz.com\/en\/wp-json\/wp\/v2\/product_brand?post=105402"},{"taxonomy":"product_cat","embeddable":true,"href":"https:\/\/shop.pfarrplatz.com\/en\/wp-json\/wp\/v2\/product_cat?post=105402"},{"taxonomy":"product_tag","embeddable":true,"href":"https:\/\/shop.pfarrplatz.com\/en\/wp-json\/wp\/v2\/product_tag?post=105402"}],"curies":[{"name":"wp","href":"https:\/\/api.w.org\/{rel}","templated":true}]}}