{"id":105349,"date":"2018-04-19T18:04:37","date_gmt":"2018-04-19T16:04:37","guid":{"rendered":"https:\/\/shop-2025.pfarrplatz.vollwerbung.at\/wein\/pfarrplatz-buch-2\/"},"modified":"2026-04-07T13:54:41","modified_gmt":"2026-04-07T11:54:41","slug":"pfarrplatz-buch-2","status":"publish","type":"product","link":"https:\/\/shop.pfarrplatz.com\/en\/wein\/pfarrplatz-buch-2\/","title":{"rendered":"Pfarrplatz Buch"},"content":{"rendered":"","protected":false},"excerpt":{"rendered":"<p>Am Pfarrplatz in Wien-Heiligenstadt siedelten bereits vor 2.000 Jahren die R\u00f6mer. Sp\u00e4ter wohnte hier Ludwig van Beethoven und fand Inspiration f\u00fcr seine Kompositionen. Faszinierenderweise pr\u00e4sentiert sich der Platz seit dieser Zeit in einem beinahe unver\u00e4nderten Zustand. Dieses Buch erz\u00e4hlt facettenreich die Jahrhunderte w\u00e4hrende Geschichte dieses magischen Orts, es beschreibt ausf\u00fchrlich den Werdegang des Heurigen &#8220;Mayer&#8221; und des Restaurants &#8220;Pfarrwirt&#8221; sowie der traditionsreichen Weing\u00fcter &#8220;Mayer am Pfarrplatz&#8221; und &#8220;Rotes Haus&#8221; \u2013 Geschichten, die zugleich ein Teil der Wiener Geschichte sind.<\/p>\n<p>Gebundene Ausgabe: 224 Seiten<br \/>\nVerlag: D + R Verlagsgesellschaft (30. November 2016)<br \/>\nSprache: Deutsch<br \/>\nISBN-10: 3902469684<br \/>\nISBN-13: 978-3902469687<\/p>\n","protected":false},"featured_media":97628,"comment_status":"closed","ping_status":"open","template":"","meta":[],"product_brand":[],"product_cat":[217,115],"product_tag":[],"class_list":{"0":"post-105349","1":"product","2":"type-product","3":"status-publish","4":"has-post-thumbnail","6":"product_cat-besonderes","7":"product_cat-weinsets","8":"product_shipping_class-abholung","9":"pa_einheit-stueck","11":"first","12":"instock","13":"taxable","14":"shipping-taxable","15":"purchasable","16":"product-type-simple"},"_links":{"self":[{"href":"https:\/\/shop.pfarrplatz.com\/en\/wp-json\/wp\/v2\/product\/105349","targetHints":{"allow":["GET"]}}],"collection":[{"href":"https:\/\/shop.pfarrplatz.com\/en\/wp-json\/wp\/v2\/product"}],"about":[{"href":"https:\/\/shop.pfarrplatz.com\/en\/wp-json\/wp\/v2\/types\/product"}],"replies":[{"embeddable":true,"href":"https:\/\/shop.pfarrplatz.com\/en\/wp-json\/wp\/v2\/comments?post=105349"}],"wp:featuredmedia":[{"embeddable":true,"href":"https:\/\/shop.pfarrplatz.com\/en\/wp-json\/wp\/v2\/media\/97628"}],"wp:attachment":[{"href":"https:\/\/shop.pfarrplatz.com\/en\/wp-json\/wp\/v2\/media?parent=105349"}],"wp:term":[{"taxonomy":"product_brand","embeddable":true,"href":"https:\/\/shop.pfarrplatz.com\/en\/wp-json\/wp\/v2\/product_brand?post=105349"},{"taxonomy":"product_cat","embeddable":true,"href":"https:\/\/shop.pfarrplatz.com\/en\/wp-json\/wp\/v2\/product_cat?post=105349"},{"taxonomy":"product_tag","embeddable":true,"href":"https:\/\/shop.pfarrplatz.com\/en\/wp-json\/wp\/v2\/product_tag?post=105349"}],"curies":[{"name":"wp","href":"https:\/\/api.w.org\/{rel}","templated":true}]}}