{"id":105330,"date":"2018-04-21T21:53:52","date_gmt":"2018-04-21T19:53:52","guid":{"rendered":"https:\/\/shop-2025.pfarrplatz.vollwerbung.at\/wein\/riesling-nussberg-2\/"},"modified":"2026-04-07T13:53:55","modified_gmt":"2026-04-07T11:53:55","slug":"riesling-nussberg-2","status":"publish","type":"product","link":"https:\/\/shop.pfarrplatz.com\/en\/wein\/riesling-nussberg-2\/","title":{"rendered":"Nussberg Riesling"},"content":{"rendered":"","protected":false},"excerpt":{"rendered":"<p>Duftige und vielschichtige Fruchtaromen. Druckvoller und kr\u00e4ftiger K\u00f6rper mit viel Mineralik. Die elegante S\u00e4ure balanciert den kraftvollen K\u00f6rper perfekt aus. Ein langlebiger Riesling mit viel Klasse.<\/p>\n","protected":false},"featured_media":95514,"comment_status":"closed","ping_status":"open","template":"","meta":[],"product_brand":[],"product_cat":[208,167,212,178],"product_tag":[],"class_list":{"0":"post-105330","1":"product","2":"type-product","3":"status-publish","4":"has-post-thumbnail","6":"product_cat-lagen-weisswein","7":"product_cat-mayer-am-pfarrplatz","8":"product_cat-ortsweine","9":"product_cat-weisswein","10":"product_shipping_class-52","11":"pa_allergene-enthaelt-sulfite","12":"pa_bewertung-93-a-la-carte-punkte","13":"pa_bewertung-93-falstaff-punkte","14":"pa_einheit-flasche","15":"pa_gebinde-075-2","16":"pa_geschmack-trocken","17":"pa_jahrgang-827","18":"pa_lage-weingarten-nussberg","19":"pa_lagerfaehigkeit-10-jahre","20":"pa_produkt-weisswein","21":"pa_qualitaetsstufe-lagenwein","22":"pa_rebsorte-riesling","23":"pa_trinktemperatur-10-12-c","24":"pa_verschluss-schraubverschluss","25":"pa_weingut-mayer-am-pfarrplatz","27":"first","28":"instock","29":"taxable","30":"shipping-taxable","31":"purchasable","32":"product-type-simple"},"_links":{"self":[{"href":"https:\/\/shop.pfarrplatz.com\/en\/wp-json\/wp\/v2\/product\/105330","targetHints":{"allow":["GET"]}}],"collection":[{"href":"https:\/\/shop.pfarrplatz.com\/en\/wp-json\/wp\/v2\/product"}],"about":[{"href":"https:\/\/shop.pfarrplatz.com\/en\/wp-json\/wp\/v2\/types\/product"}],"replies":[{"embeddable":true,"href":"https:\/\/shop.pfarrplatz.com\/en\/wp-json\/wp\/v2\/comments?post=105330"}],"wp:featuredmedia":[{"embeddable":true,"href":"https:\/\/shop.pfarrplatz.com\/en\/wp-json\/wp\/v2\/media\/95514"}],"wp:attachment":[{"href":"https:\/\/shop.pfarrplatz.com\/en\/wp-json\/wp\/v2\/media?parent=105330"}],"wp:term":[{"taxonomy":"product_brand","embeddable":true,"href":"https:\/\/shop.pfarrplatz.com\/en\/wp-json\/wp\/v2\/product_brand?post=105330"},{"taxonomy":"product_cat","embeddable":true,"href":"https:\/\/shop.pfarrplatz.com\/en\/wp-json\/wp\/v2\/product_cat?post=105330"},{"taxonomy":"product_tag","embeddable":true,"href":"https:\/\/shop.pfarrplatz.com\/en\/wp-json\/wp\/v2\/product_tag?post=105330"}],"curies":[{"name":"wp","href":"https:\/\/api.w.org\/{rel}","templated":true}]}}