{"id":105325,"date":"2018-04-21T21:53:52","date_gmt":"2018-04-21T19:53:52","guid":{"rendered":"https:\/\/shop-2025.pfarrplatz.vollwerbung.at\/wein\/gruener-veltliner-nussberg-2\/"},"modified":"2026-04-07T13:53:50","modified_gmt":"2026-04-07T11:53:50","slug":"gruener-veltliner-nussberg-2","status":"publish","type":"product","link":"https:\/\/shop.pfarrplatz.com\/en\/wein\/gruener-veltliner-nussberg-2\/","title":{"rendered":"Nussberg Gr\u00fcner Veltliner"},"content":{"rendered":"","protected":false},"excerpt":{"rendered":"<p>Vielschichtige Aromatik von Tabak und Bratapfel. Am Gaumen erkennt man eine kraftvolle Kombination aus W\u00fcrze und hochreifen Obstsorten. Pikante Pfeffermischung belebt den kr\u00e4ftigen K\u00f6rper. Druckvoller, langer Abgang.<\/p>\n<p>*92 Falstaff Punkte<\/p>\n","protected":false},"featured_media":95473,"comment_status":"closed","ping_status":"open","template":"","meta":[],"product_brand":[],"product_cat":[208,212,166,178],"product_tag":[],"class_list":{"0":"post-105325","1":"product","2":"type-product","3":"status-publish","4":"has-post-thumbnail","6":"product_cat-lagen-weisswein","7":"product_cat-ortsweine","8":"product_cat-rotes-haus","9":"product_cat-weisswein","10":"product_shipping_class-52","11":"pa_allergene-enthaelt-sulfite","12":"pa_einheit-flasche","13":"pa_gebinde-075-2","14":"pa_geschmack-trocken","15":"pa_jahrgang-827","16":"pa_lage-weingarten-nussberg","17":"pa_lagerfaehigkeit-1-3-jahre","18":"pa_produkt-weisswein","19":"pa_qualitaetsstufe-lagenwein","20":"pa_rebsorte-gruener-veltliner","21":"pa_trinktemperatur-9-11-c","22":"pa_verschluss-schraubverschluss","23":"pa_weingut-rotes-haus","25":"first","26":"instock","27":"taxable","28":"shipping-taxable","29":"purchasable","30":"product-type-simple"},"_links":{"self":[{"href":"https:\/\/shop.pfarrplatz.com\/en\/wp-json\/wp\/v2\/product\/105325","targetHints":{"allow":["GET"]}}],"collection":[{"href":"https:\/\/shop.pfarrplatz.com\/en\/wp-json\/wp\/v2\/product"}],"about":[{"href":"https:\/\/shop.pfarrplatz.com\/en\/wp-json\/wp\/v2\/types\/product"}],"replies":[{"embeddable":true,"href":"https:\/\/shop.pfarrplatz.com\/en\/wp-json\/wp\/v2\/comments?post=105325"}],"wp:featuredmedia":[{"embeddable":true,"href":"https:\/\/shop.pfarrplatz.com\/en\/wp-json\/wp\/v2\/media\/95473"}],"wp:attachment":[{"href":"https:\/\/shop.pfarrplatz.com\/en\/wp-json\/wp\/v2\/media?parent=105325"}],"wp:term":[{"taxonomy":"product_brand","embeddable":true,"href":"https:\/\/shop.pfarrplatz.com\/en\/wp-json\/wp\/v2\/product_brand?post=105325"},{"taxonomy":"product_cat","embeddable":true,"href":"https:\/\/shop.pfarrplatz.com\/en\/wp-json\/wp\/v2\/product_cat?post=105325"},{"taxonomy":"product_tag","embeddable":true,"href":"https:\/\/shop.pfarrplatz.com\/en\/wp-json\/wp\/v2\/product_tag?post=105325"}],"curies":[{"name":"wp","href":"https:\/\/api.w.org\/{rel}","templated":true}]}}