{"id":86435,"date":"2023-11-29T11:53:48","date_gmt":"2023-11-29T10:53:48","guid":{"rendered":"https:\/\/shop.pfarrplatz.com\/?post_type=product&#038;p=86435"},"modified":"2026-01-26T15:24:57","modified_gmt":"2026-01-26T14:24:57","slug":"wiener-gemischter-satz-dac-3","status":"publish","type":"product","link":"https:\/\/shop.pfarrplatz.com\/de\/wein\/wiener-gemischter-satz-dac-3\/","title":{"rendered":"Wiener Gemischter Satz DAC Halbflasche"},"content":{"rendered":"","protected":false},"excerpt":{"rendered":"<p>Seit Generationen wird dieser Wein in unserem Haus aus Gr\u00fcner Veltliner, Riesling, Rotgipfler und Zierfandler vinifiziert. Gemeinsam ausgepflanzt, geerntet und vergoren- in ihm b\u00fcndeln sich Charaktere mehrerer ausdrucksvoller Sorten und machen ihn so einzigartig in seiner Aromatik.<\/p>\n<p>Fruchtige Nuancen von Birne, Zitrus und Apfel. Am Gaumen erfrischend knackig und wunderbar saftig. Trinkfreudige und erfrischende Stilistik.<\/p>\n","protected":false},"featured_media":94727,"comment_status":"closed","ping_status":"closed","template":"","meta":[],"product_brand":[],"product_cat":[217,167],"product_tag":[],"class_list":{"0":"post-86435","1":"product","2":"type-product","3":"status-publish","4":"has-post-thumbnail","6":"product_cat-besonderes","7":"product_cat-mayer-am-pfarrplatz","8":"product_shipping_class-52","9":"pa_allergene-contains-sulfites","10":"pa_einheit-flasche-en","11":"pa_gebinde-0375-en","12":"pa_geschmack-dry","13":"pa_jahrgang-815","14":"pa_lage-weingarten-gebietswein-en","15":"pa_lagerfaehigkeit-1-2-years","16":"pa_produkt-weisswein-en","17":"pa_qualitaetsstufe-dac-wein-en","18":"pa_rebsorte-gemischter-satz-en","19":"pa_trinktemperatur-10-12-c-en","20":"pa_verschluss-screw","21":"pa_weingut-mayer-am-pfarrplatz-en","23":"first","24":"instock","25":"taxable","26":"shipping-taxable","27":"purchasable","28":"product-type-simple"},"yoast_head":"<!-- This site is optimized with the Yoast SEO plugin v27.3 - https:\/\/yoast.com\/product\/yoast-seo-wordpress\/ -->\n<title>Wiener Gemischter Satz DAC Halbflasche - Online-Shop der Weing\u00fcter Mayer am Pfarrplatz und Rotes Haus<\/title>\n<meta name=\"robots\" content=\"index, follow, max-snippet:-1, max-image-preview:large, max-video-preview:-1\" \/>\n<link rel=\"canonical\" href=\"https:\/\/shop.pfarrplatz.com\/de\/wein\/wiener-gemischter-satz-dac-3\/\" \/>\n<meta property=\"og:locale\" content=\"de_DE\" \/>\n<meta property=\"og:type\" content=\"article\" \/>\n<meta property=\"og:title\" content=\"Wiener Gemischter Satz DAC Halbflasche - Online-Shop der Weing\u00fcter Mayer am Pfarrplatz und Rotes Haus\" \/>\n<meta property=\"og:description\" content=\"Seit Generationen wird dieser Wein in unserem Haus aus Gr\u00fcner Veltliner, Riesling, Rotgipfler und Zierfandler vinifiziert. Gemeinsam ausgepflanzt, geerntet und vergoren- in ihm b\u00fcndeln sich Charaktere mehrerer ausdrucksvoller Sorten und machen ihn so einzigartig in seiner Aromatik.  Fruchtige Nuancen von Birne, Zitrus und Apfel. Am Gaumen erfrischend knackig und wunderbar saftig. Trinkfreudige und erfrischende Stilistik.\" \/>\n<meta property=\"og:url\" content=\"https:\/\/shop.pfarrplatz.com\/de\/wein\/wiener-gemischter-satz-dac-3\/\" \/>\n<meta property=\"og:site_name\" content=\"Online-Shop der Weing\u00fcter Mayer am Pfarrplatz und Rotes Haus\" \/>\n<meta property=\"article:modified_time\" content=\"2026-01-26T14:24:57+00:00\" \/>\n<meta property=\"og:image\" content=\"https:\/\/shop.pfarrplatz.com\/wp-content\/uploads\/sites\/16\/2023\/11\/Mayer_Gemischter_Satz_DAC_Halbflasche.png\" \/>\n\t<meta property=\"og:image:width\" content=\"700\" \/>\n\t<meta property=\"og:image:height\" content=\"2349\" \/>\n\t<meta property=\"og:image:type\" content=\"image\/png\" \/>\n<meta name=\"twitter:card\" content=\"summary_large_image\" \/>\n<meta name=\"twitter:label1\" content=\"Gesch\u00e4tzte Lesezeit\" \/>\n\t<meta name=\"twitter:data1\" content=\"1\u00a0Minute\" \/>\n<script type=\"application\/ld+json\" class=\"yoast-schema-graph\">{\"@context\":\"https:\\\/\\\/schema.org\",\"@graph\":[{\"@type\":\"WebPage\",\"@id\":\"https:\\\/\\\/shop.pfarrplatz.com\\\/de\\\/wein\\\/wiener-gemischter-satz-dac-3\\\/\",\"url\":\"https:\\\/\\\/shop.pfarrplatz.com\\\/de\\\/wein\\\/wiener-gemischter-satz-dac-3\\\/\",\"name\":\"Wiener Gemischter Satz DAC Halbflasche - Online-Shop der Weing\u00fcter Mayer am Pfarrplatz und Rotes Haus\",\"isPartOf\":{\"@id\":\"https:\\\/\\\/shop.pfarrplatz.com\\\/en\\\/#website\"},\"primaryImageOfPage\":{\"@id\":\"https:\\\/\\\/shop.pfarrplatz.com\\\/de\\\/wein\\\/wiener-gemischter-satz-dac-3\\\/#primaryimage\"},\"image\":{\"@id\":\"https:\\\/\\\/shop.pfarrplatz.com\\\/de\\\/wein\\\/wiener-gemischter-satz-dac-3\\\/#primaryimage\"},\"thumbnailUrl\":\"https:\\\/\\\/shop.pfarrplatz.com\\\/wp-content\\\/uploads\\\/sites\\\/16\\\/2023\\\/11\\\/Mayer_Gemischter_Satz_DAC_Halbflasche.png\",\"datePublished\":\"2023-11-29T10:53:48+00:00\",\"dateModified\":\"2026-01-26T14:24:57+00:00\",\"breadcrumb\":{\"@id\":\"https:\\\/\\\/shop.pfarrplatz.com\\\/de\\\/wein\\\/wiener-gemischter-satz-dac-3\\\/#breadcrumb\"},\"inLanguage\":\"de\",\"potentialAction\":[{\"@type\":\"ReadAction\",\"target\":[\"https:\\\/\\\/shop.pfarrplatz.com\\\/de\\\/wein\\\/wiener-gemischter-satz-dac-3\\\/\"]}]},{\"@type\":\"ImageObject\",\"inLanguage\":\"de\",\"@id\":\"https:\\\/\\\/shop.pfarrplatz.com\\\/de\\\/wein\\\/wiener-gemischter-satz-dac-3\\\/#primaryimage\",\"url\":\"https:\\\/\\\/shop.pfarrplatz.com\\\/wp-content\\\/uploads\\\/sites\\\/16\\\/2023\\\/11\\\/Mayer_Gemischter_Satz_DAC_Halbflasche.png\",\"contentUrl\":\"https:\\\/\\\/shop.pfarrplatz.com\\\/wp-content\\\/uploads\\\/sites\\\/16\\\/2023\\\/11\\\/Mayer_Gemischter_Satz_DAC_Halbflasche.png\",\"width\":700,\"height\":2349},{\"@type\":\"BreadcrumbList\",\"@id\":\"https:\\\/\\\/shop.pfarrplatz.com\\\/de\\\/wein\\\/wiener-gemischter-satz-dac-3\\\/#breadcrumb\",\"itemListElement\":[{\"@type\":\"ListItem\",\"position\":1,\"name\":\"Startseite\",\"item\":\"https:\\\/\\\/shop.pfarrplatz.com\\\/de\\\/\"},{\"@type\":\"ListItem\",\"position\":2,\"name\":\"Produkte\",\"item\":\"https:\\\/\\\/shop.pfarrplatz.com\\\/de\\\/shop\\\/\"},{\"@type\":\"ListItem\",\"position\":3,\"name\":\"Wiener Gemischter Satz DAC Halbflasche\"}]},{\"@type\":\"WebSite\",\"@id\":\"https:\\\/\\\/shop.pfarrplatz.com\\\/en\\\/#website\",\"url\":\"https:\\\/\\\/shop.pfarrplatz.com\\\/en\\\/\",\"name\":\"Online-Shop der Weing\u00fcter Mayer am Pfarrplatz und Rotes Haus\",\"description\":\"Wein Online-Shop f\u00fcr Mayer am Pfarrplatz und Rotes Haus\",\"alternateName\":\"Online-Shop der Weing\u00fcter Mayer am Pfarrplatz und Rotes Haus\",\"potentialAction\":[{\"@type\":\"SearchAction\",\"target\":{\"@type\":\"EntryPoint\",\"urlTemplate\":\"https:\\\/\\\/shop.pfarrplatz.com\\\/en\\\/?s={search_term_string}\"},\"query-input\":{\"@type\":\"PropertyValueSpecification\",\"valueRequired\":true,\"valueName\":\"search_term_string\"}}],\"inLanguage\":\"de\"}]}<\/script>\n<!-- \/ Yoast SEO plugin. -->","yoast_head_json":{"title":"Wiener Gemischter Satz DAC Halbflasche - Online-Shop der Weing\u00fcter Mayer am Pfarrplatz und Rotes Haus","robots":{"index":"index","follow":"follow","max-snippet":"max-snippet:-1","max-image-preview":"max-image-preview:large","max-video-preview":"max-video-preview:-1"},"canonical":"https:\/\/shop.pfarrplatz.com\/de\/wein\/wiener-gemischter-satz-dac-3\/","og_locale":"de_DE","og_type":"article","og_title":"Wiener Gemischter Satz DAC Halbflasche - Online-Shop der Weing\u00fcter Mayer am Pfarrplatz und Rotes Haus","og_description":"Seit Generationen wird dieser Wein in unserem Haus aus Gr\u00fcner Veltliner, Riesling, Rotgipfler und Zierfandler vinifiziert. Gemeinsam ausgepflanzt, geerntet und vergoren- in ihm b\u00fcndeln sich Charaktere mehrerer ausdrucksvoller Sorten und machen ihn so einzigartig in seiner Aromatik.  Fruchtige Nuancen von Birne, Zitrus und Apfel. Am Gaumen erfrischend knackig und wunderbar saftig. Trinkfreudige und erfrischende Stilistik.","og_url":"https:\/\/shop.pfarrplatz.com\/de\/wein\/wiener-gemischter-satz-dac-3\/","og_site_name":"Online-Shop der Weing\u00fcter Mayer am Pfarrplatz und Rotes Haus","article_modified_time":"2026-01-26T14:24:57+00:00","og_image":[{"width":700,"height":2349,"url":"https:\/\/shop.pfarrplatz.com\/wp-content\/uploads\/sites\/16\/2023\/11\/Mayer_Gemischter_Satz_DAC_Halbflasche.png","type":"image\/png"}],"twitter_card":"summary_large_image","twitter_misc":{"Gesch\u00e4tzte Lesezeit":"1\u00a0Minute"},"schema":{"@context":"https:\/\/schema.org","@graph":[{"@type":"WebPage","@id":"https:\/\/shop.pfarrplatz.com\/de\/wein\/wiener-gemischter-satz-dac-3\/","url":"https:\/\/shop.pfarrplatz.com\/de\/wein\/wiener-gemischter-satz-dac-3\/","name":"Wiener Gemischter Satz DAC Halbflasche - Online-Shop der Weing\u00fcter Mayer am Pfarrplatz und Rotes Haus","isPartOf":{"@id":"https:\/\/shop.pfarrplatz.com\/en\/#website"},"primaryImageOfPage":{"@id":"https:\/\/shop.pfarrplatz.com\/de\/wein\/wiener-gemischter-satz-dac-3\/#primaryimage"},"image":{"@id":"https:\/\/shop.pfarrplatz.com\/de\/wein\/wiener-gemischter-satz-dac-3\/#primaryimage"},"thumbnailUrl":"https:\/\/shop.pfarrplatz.com\/wp-content\/uploads\/sites\/16\/2023\/11\/Mayer_Gemischter_Satz_DAC_Halbflasche.png","datePublished":"2023-11-29T10:53:48+00:00","dateModified":"2026-01-26T14:24:57+00:00","breadcrumb":{"@id":"https:\/\/shop.pfarrplatz.com\/de\/wein\/wiener-gemischter-satz-dac-3\/#breadcrumb"},"inLanguage":"de","potentialAction":[{"@type":"ReadAction","target":["https:\/\/shop.pfarrplatz.com\/de\/wein\/wiener-gemischter-satz-dac-3\/"]}]},{"@type":"ImageObject","inLanguage":"de","@id":"https:\/\/shop.pfarrplatz.com\/de\/wein\/wiener-gemischter-satz-dac-3\/#primaryimage","url":"https:\/\/shop.pfarrplatz.com\/wp-content\/uploads\/sites\/16\/2023\/11\/Mayer_Gemischter_Satz_DAC_Halbflasche.png","contentUrl":"https:\/\/shop.pfarrplatz.com\/wp-content\/uploads\/sites\/16\/2023\/11\/Mayer_Gemischter_Satz_DAC_Halbflasche.png","width":700,"height":2349},{"@type":"BreadcrumbList","@id":"https:\/\/shop.pfarrplatz.com\/de\/wein\/wiener-gemischter-satz-dac-3\/#breadcrumb","itemListElement":[{"@type":"ListItem","position":1,"name":"Startseite","item":"https:\/\/shop.pfarrplatz.com\/de\/"},{"@type":"ListItem","position":2,"name":"Produkte","item":"https:\/\/shop.pfarrplatz.com\/de\/shop\/"},{"@type":"ListItem","position":3,"name":"Wiener Gemischter Satz DAC Halbflasche"}]},{"@type":"WebSite","@id":"https:\/\/shop.pfarrplatz.com\/en\/#website","url":"https:\/\/shop.pfarrplatz.com\/en\/","name":"Online-Shop der Weing\u00fcter Mayer am Pfarrplatz und Rotes Haus","description":"Wein Online-Shop f\u00fcr Mayer am Pfarrplatz und Rotes Haus","alternateName":"Online-Shop der Weing\u00fcter Mayer am Pfarrplatz und Rotes Haus","potentialAction":[{"@type":"SearchAction","target":{"@type":"EntryPoint","urlTemplate":"https:\/\/shop.pfarrplatz.com\/en\/?s={search_term_string}"},"query-input":{"@type":"PropertyValueSpecification","valueRequired":true,"valueName":"search_term_string"}}],"inLanguage":"de"}]}},"_links":{"self":[{"href":"https:\/\/shop.pfarrplatz.com\/de\/wp-json\/wp\/v2\/product\/86435","targetHints":{"allow":["GET"]}}],"collection":[{"href":"https:\/\/shop.pfarrplatz.com\/de\/wp-json\/wp\/v2\/product"}],"about":[{"href":"https:\/\/shop.pfarrplatz.com\/de\/wp-json\/wp\/v2\/types\/product"}],"replies":[{"embeddable":true,"href":"https:\/\/shop.pfarrplatz.com\/de\/wp-json\/wp\/v2\/comments?post=86435"}],"wp:featuredmedia":[{"embeddable":true,"href":"https:\/\/shop.pfarrplatz.com\/de\/wp-json\/wp\/v2\/media\/94727"}],"wp:attachment":[{"href":"https:\/\/shop.pfarrplatz.com\/de\/wp-json\/wp\/v2\/media?parent=86435"}],"wp:term":[{"taxonomy":"product_brand","embeddable":true,"href":"https:\/\/shop.pfarrplatz.com\/de\/wp-json\/wp\/v2\/product_brand?post=86435"},{"taxonomy":"product_cat","embeddable":true,"href":"https:\/\/shop.pfarrplatz.com\/de\/wp-json\/wp\/v2\/product_cat?post=86435"},{"taxonomy":"product_tag","embeddable":true,"href":"https:\/\/shop.pfarrplatz.com\/de\/wp-json\/wp\/v2\/product_tag?post=86435"}],"curies":[{"name":"wp","href":"https:\/\/api.w.org\/{rel}","templated":true}]}}