{"id":670,"date":"2018-06-26T14:22:19","date_gmt":"2018-06-26T12:22:19","guid":{"rendered":"https:\/\/localhost\/dev\/pfarrplatz\/weingutmayer\/de\/?post_type=product&#038;p=4784"},"modified":"2025-11-17T10:57:48","modified_gmt":"2025-11-17T09:57:48","slug":"wiener-gemischter-satz-dac-weisleiten-2","status":"publish","type":"product","link":"https:\/\/shop.pfarrplatz.com\/de\/wein\/wiener-gemischter-satz-dac-weisleiten-2\/","title":{"rendered":"Weisleiten Wiener Gemischter Satz DAC"},"content":{"rendered":"","protected":false},"excerpt":{"rendered":"<p>Riesling, Gr\u00fcner Veltliner, Rotgipfler und Zierfandler bilden den Hauptanteil f\u00fcr den Wiener Gemischten Satz DAC Weisleiten.\u00a0In der Nase dominieren fruchtig frische Aromen nach gelbem Apfel gepaart mit einer feinen Exotik. Am Gaumen zeigt sich eine rassige animierende S\u00e4ure welche in Verbindung mit einer reifen Fruchts\u00fc\u00dfe einen hohen Trinkfluss verspricht.<\/p>\n<p>Unser Wiener Gemischter Satz DAC Ried Weisleiten ist exklusiv im Schwarzem Kameel erh\u00e4ltlich. Bognergasse 5, 1010 Wien.<\/p>\n","protected":false},"featured_media":1161,"comment_status":"closed","ping_status":"closed","template":"","meta":[],"product_brand":[],"product_cat":[208,167,218,178],"product_tag":[],"class_list":{"0":"post-670","1":"product","2":"type-product","3":"status-publish","4":"has-post-thumbnail","6":"product_cat-lagen-weisswein","7":"product_cat-mayer-am-pfarrplatz","8":"product_cat-riedenwein","9":"product_cat-weisswein","10":"product_shipping_class-52","11":"pa_allergene-enthaelt-sulfite","12":"pa_einheit-flasche","13":"pa_gebinde-117","14":"pa_geschmack-trocken","15":"pa_lagerfaehigkeit-2-3-jahre","16":"pa_produkt-weisswein","17":"pa_qualitaetsstufe-dac-wein","18":"pa_rebsorte-gruener-veltliner","19":"pa_rebsorte-riesling","20":"pa_rebsorte-rotgipfler","21":"pa_rebsorte-zierfandler","22":"pa_trinktemperatur-10-12-c","23":"pa_verschluss-schraubverschluss","24":"pa_weingut-mayer-am-pfarrplatz","26":"first","27":"outofstock","28":"taxable","29":"shipping-taxable","30":"purchasable","31":"product-type-simple"},"yoast_head":"<!-- This site is optimized with the Yoast SEO plugin v27.3 - https:\/\/yoast.com\/product\/yoast-seo-wordpress\/ -->\n<title>Weisleiten Wiener Gemischter Satz DAC - Online-Shop der Weing\u00fcter Mayer am Pfarrplatz und Rotes Haus<\/title>\n<meta name=\"robots\" content=\"index, follow, max-snippet:-1, max-image-preview:large, max-video-preview:-1\" \/>\n<link rel=\"canonical\" href=\"https:\/\/shop.pfarrplatz.com\/de\/wein\/wiener-gemischter-satz-dac-weisleiten-2\/\" \/>\n<meta property=\"og:locale\" content=\"de_DE\" \/>\n<meta property=\"og:type\" content=\"article\" \/>\n<meta property=\"og:title\" content=\"Weisleiten Wiener Gemischter Satz DAC - Online-Shop der Weing\u00fcter Mayer am Pfarrplatz und Rotes Haus\" \/>\n<meta property=\"og:description\" content=\"Riesling, Gr\u00fcner Veltliner, Rotgipfler und Zierfandler bilden den Hauptanteil f\u00fcr den Wiener Gemischten Satz DAC Weisleiten.\u00a0In der Nase dominieren fruchtig frische Aromen nach gelbem Apfel gepaart mit einer feinen Exotik. Am Gaumen zeigt sich eine rassige animierende S\u00e4ure welche in Verbindung mit einer reifen Fruchts\u00fc\u00dfe einen hohen Trinkfluss verspricht.  Unser Wiener Gemischter Satz DAC Ried Weisleiten ist exklusiv im Schwarzem Kameel erh\u00e4ltlich. Bognergasse 5, 1010 Wien.\" \/>\n<meta property=\"og:url\" content=\"https:\/\/shop.pfarrplatz.com\/de\/wein\/wiener-gemischter-satz-dac-weisleiten-2\/\" \/>\n<meta property=\"og:site_name\" content=\"Online-Shop der Weing\u00fcter Mayer am Pfarrplatz und Rotes Haus\" \/>\n<meta property=\"article:modified_time\" content=\"2025-11-17T09:57:48+00:00\" \/>\n<meta property=\"og:image\" content=\"https:\/\/shop.pfarrplatz.com\/wp-content\/uploads\/sites\/16\/2018\/11\/kameel_transparent_klein.png\" \/>\n\t<meta property=\"og:image:width\" content=\"135\" \/>\n\t<meta property=\"og:image:height\" content=\"600\" \/>\n\t<meta property=\"og:image:type\" content=\"image\/png\" \/>\n<meta name=\"twitter:card\" content=\"summary_large_image\" \/>\n<meta name=\"twitter:label1\" content=\"Gesch\u00e4tzte Lesezeit\" \/>\n\t<meta name=\"twitter:data1\" content=\"1\u00a0Minute\" \/>\n<script type=\"application\/ld+json\" class=\"yoast-schema-graph\">{\"@context\":\"https:\\\/\\\/schema.org\",\"@graph\":[{\"@type\":\"WebPage\",\"@id\":\"https:\\\/\\\/shop.pfarrplatz.com\\\/de\\\/wein\\\/wiener-gemischter-satz-dac-weisleiten-2\\\/\",\"url\":\"https:\\\/\\\/shop.pfarrplatz.com\\\/de\\\/wein\\\/wiener-gemischter-satz-dac-weisleiten-2\\\/\",\"name\":\"Weisleiten Wiener Gemischter Satz DAC - Online-Shop der Weing\u00fcter Mayer am Pfarrplatz und Rotes Haus\",\"isPartOf\":{\"@id\":\"https:\\\/\\\/shop.pfarrplatz.com\\\/en\\\/#website\"},\"primaryImageOfPage\":{\"@id\":\"https:\\\/\\\/shop.pfarrplatz.com\\\/de\\\/wein\\\/wiener-gemischter-satz-dac-weisleiten-2\\\/#primaryimage\"},\"image\":{\"@id\":\"https:\\\/\\\/shop.pfarrplatz.com\\\/de\\\/wein\\\/wiener-gemischter-satz-dac-weisleiten-2\\\/#primaryimage\"},\"thumbnailUrl\":\"https:\\\/\\\/shop.pfarrplatz.com\\\/wp-content\\\/uploads\\\/sites\\\/16\\\/2018\\\/11\\\/kameel_transparent_klein.png\",\"datePublished\":\"2018-06-26T12:22:19+00:00\",\"dateModified\":\"2025-11-17T09:57:48+00:00\",\"breadcrumb\":{\"@id\":\"https:\\\/\\\/shop.pfarrplatz.com\\\/de\\\/wein\\\/wiener-gemischter-satz-dac-weisleiten-2\\\/#breadcrumb\"},\"inLanguage\":\"de\",\"potentialAction\":[{\"@type\":\"ReadAction\",\"target\":[\"https:\\\/\\\/shop.pfarrplatz.com\\\/de\\\/wein\\\/wiener-gemischter-satz-dac-weisleiten-2\\\/\"]}]},{\"@type\":\"ImageObject\",\"inLanguage\":\"de\",\"@id\":\"https:\\\/\\\/shop.pfarrplatz.com\\\/de\\\/wein\\\/wiener-gemischter-satz-dac-weisleiten-2\\\/#primaryimage\",\"url\":\"https:\\\/\\\/shop.pfarrplatz.com\\\/wp-content\\\/uploads\\\/sites\\\/16\\\/2018\\\/11\\\/kameel_transparent_klein.png\",\"contentUrl\":\"https:\\\/\\\/shop.pfarrplatz.com\\\/wp-content\\\/uploads\\\/sites\\\/16\\\/2018\\\/11\\\/kameel_transparent_klein.png\",\"width\":135,\"height\":600},{\"@type\":\"BreadcrumbList\",\"@id\":\"https:\\\/\\\/shop.pfarrplatz.com\\\/de\\\/wein\\\/wiener-gemischter-satz-dac-weisleiten-2\\\/#breadcrumb\",\"itemListElement\":[{\"@type\":\"ListItem\",\"position\":1,\"name\":\"Startseite\",\"item\":\"https:\\\/\\\/shop.pfarrplatz.com\\\/de\\\/\"},{\"@type\":\"ListItem\",\"position\":2,\"name\":\"Produkte\",\"item\":\"https:\\\/\\\/shop.pfarrplatz.com\\\/de\\\/shop\\\/\"},{\"@type\":\"ListItem\",\"position\":3,\"name\":\"Weisleiten Wiener Gemischter Satz DAC\"}]},{\"@type\":\"WebSite\",\"@id\":\"https:\\\/\\\/shop.pfarrplatz.com\\\/en\\\/#website\",\"url\":\"https:\\\/\\\/shop.pfarrplatz.com\\\/en\\\/\",\"name\":\"Online-Shop der Weing\u00fcter Mayer am Pfarrplatz und Rotes Haus\",\"description\":\"Wein Online-Shop f\u00fcr Mayer am Pfarrplatz und Rotes Haus\",\"alternateName\":\"Online-Shop der Weing\u00fcter Mayer am Pfarrplatz und Rotes Haus\",\"potentialAction\":[{\"@type\":\"SearchAction\",\"target\":{\"@type\":\"EntryPoint\",\"urlTemplate\":\"https:\\\/\\\/shop.pfarrplatz.com\\\/en\\\/?s={search_term_string}\"},\"query-input\":{\"@type\":\"PropertyValueSpecification\",\"valueRequired\":true,\"valueName\":\"search_term_string\"}}],\"inLanguage\":\"de\"}]}<\/script>\n<!-- \/ Yoast SEO plugin. -->","yoast_head_json":{"title":"Weisleiten Wiener Gemischter Satz DAC - Online-Shop der Weing\u00fcter Mayer am Pfarrplatz und Rotes Haus","robots":{"index":"index","follow":"follow","max-snippet":"max-snippet:-1","max-image-preview":"max-image-preview:large","max-video-preview":"max-video-preview:-1"},"canonical":"https:\/\/shop.pfarrplatz.com\/de\/wein\/wiener-gemischter-satz-dac-weisleiten-2\/","og_locale":"de_DE","og_type":"article","og_title":"Weisleiten Wiener Gemischter Satz DAC - Online-Shop der Weing\u00fcter Mayer am Pfarrplatz und Rotes Haus","og_description":"Riesling, Gr\u00fcner Veltliner, Rotgipfler und Zierfandler bilden den Hauptanteil f\u00fcr den Wiener Gemischten Satz DAC Weisleiten.\u00a0In der Nase dominieren fruchtig frische Aromen nach gelbem Apfel gepaart mit einer feinen Exotik. Am Gaumen zeigt sich eine rassige animierende S\u00e4ure welche in Verbindung mit einer reifen Fruchts\u00fc\u00dfe einen hohen Trinkfluss verspricht.  Unser Wiener Gemischter Satz DAC Ried Weisleiten ist exklusiv im Schwarzem Kameel erh\u00e4ltlich. Bognergasse 5, 1010 Wien.","og_url":"https:\/\/shop.pfarrplatz.com\/de\/wein\/wiener-gemischter-satz-dac-weisleiten-2\/","og_site_name":"Online-Shop der Weing\u00fcter Mayer am Pfarrplatz und Rotes Haus","article_modified_time":"2025-11-17T09:57:48+00:00","og_image":[{"width":135,"height":600,"url":"https:\/\/shop.pfarrplatz.com\/wp-content\/uploads\/sites\/16\/2018\/11\/kameel_transparent_klein.png","type":"image\/png"}],"twitter_card":"summary_large_image","twitter_misc":{"Gesch\u00e4tzte Lesezeit":"1\u00a0Minute"},"schema":{"@context":"https:\/\/schema.org","@graph":[{"@type":"WebPage","@id":"https:\/\/shop.pfarrplatz.com\/de\/wein\/wiener-gemischter-satz-dac-weisleiten-2\/","url":"https:\/\/shop.pfarrplatz.com\/de\/wein\/wiener-gemischter-satz-dac-weisleiten-2\/","name":"Weisleiten Wiener Gemischter Satz DAC - Online-Shop der Weing\u00fcter Mayer am Pfarrplatz und Rotes Haus","isPartOf":{"@id":"https:\/\/shop.pfarrplatz.com\/en\/#website"},"primaryImageOfPage":{"@id":"https:\/\/shop.pfarrplatz.com\/de\/wein\/wiener-gemischter-satz-dac-weisleiten-2\/#primaryimage"},"image":{"@id":"https:\/\/shop.pfarrplatz.com\/de\/wein\/wiener-gemischter-satz-dac-weisleiten-2\/#primaryimage"},"thumbnailUrl":"https:\/\/shop.pfarrplatz.com\/wp-content\/uploads\/sites\/16\/2018\/11\/kameel_transparent_klein.png","datePublished":"2018-06-26T12:22:19+00:00","dateModified":"2025-11-17T09:57:48+00:00","breadcrumb":{"@id":"https:\/\/shop.pfarrplatz.com\/de\/wein\/wiener-gemischter-satz-dac-weisleiten-2\/#breadcrumb"},"inLanguage":"de","potentialAction":[{"@type":"ReadAction","target":["https:\/\/shop.pfarrplatz.com\/de\/wein\/wiener-gemischter-satz-dac-weisleiten-2\/"]}]},{"@type":"ImageObject","inLanguage":"de","@id":"https:\/\/shop.pfarrplatz.com\/de\/wein\/wiener-gemischter-satz-dac-weisleiten-2\/#primaryimage","url":"https:\/\/shop.pfarrplatz.com\/wp-content\/uploads\/sites\/16\/2018\/11\/kameel_transparent_klein.png","contentUrl":"https:\/\/shop.pfarrplatz.com\/wp-content\/uploads\/sites\/16\/2018\/11\/kameel_transparent_klein.png","width":135,"height":600},{"@type":"BreadcrumbList","@id":"https:\/\/shop.pfarrplatz.com\/de\/wein\/wiener-gemischter-satz-dac-weisleiten-2\/#breadcrumb","itemListElement":[{"@type":"ListItem","position":1,"name":"Startseite","item":"https:\/\/shop.pfarrplatz.com\/de\/"},{"@type":"ListItem","position":2,"name":"Produkte","item":"https:\/\/shop.pfarrplatz.com\/de\/shop\/"},{"@type":"ListItem","position":3,"name":"Weisleiten Wiener Gemischter Satz DAC"}]},{"@type":"WebSite","@id":"https:\/\/shop.pfarrplatz.com\/en\/#website","url":"https:\/\/shop.pfarrplatz.com\/en\/","name":"Online-Shop der Weing\u00fcter Mayer am Pfarrplatz und Rotes Haus","description":"Wein Online-Shop f\u00fcr Mayer am Pfarrplatz und Rotes Haus","alternateName":"Online-Shop der Weing\u00fcter Mayer am Pfarrplatz und Rotes Haus","potentialAction":[{"@type":"SearchAction","target":{"@type":"EntryPoint","urlTemplate":"https:\/\/shop.pfarrplatz.com\/en\/?s={search_term_string}"},"query-input":{"@type":"PropertyValueSpecification","valueRequired":true,"valueName":"search_term_string"}}],"inLanguage":"de"}]}},"_links":{"self":[{"href":"https:\/\/shop.pfarrplatz.com\/de\/wp-json\/wp\/v2\/product\/670","targetHints":{"allow":["GET"]}}],"collection":[{"href":"https:\/\/shop.pfarrplatz.com\/de\/wp-json\/wp\/v2\/product"}],"about":[{"href":"https:\/\/shop.pfarrplatz.com\/de\/wp-json\/wp\/v2\/types\/product"}],"replies":[{"embeddable":true,"href":"https:\/\/shop.pfarrplatz.com\/de\/wp-json\/wp\/v2\/comments?post=670"}],"wp:featuredmedia":[{"embeddable":true,"href":"https:\/\/shop.pfarrplatz.com\/de\/wp-json\/wp\/v2\/media\/1161"}],"wp:attachment":[{"href":"https:\/\/shop.pfarrplatz.com\/de\/wp-json\/wp\/v2\/media?parent=670"}],"wp:term":[{"taxonomy":"product_brand","embeddable":true,"href":"https:\/\/shop.pfarrplatz.com\/de\/wp-json\/wp\/v2\/product_brand?post=670"},{"taxonomy":"product_cat","embeddable":true,"href":"https:\/\/shop.pfarrplatz.com\/de\/wp-json\/wp\/v2\/product_cat?post=670"},{"taxonomy":"product_tag","embeddable":true,"href":"https:\/\/shop.pfarrplatz.com\/de\/wp-json\/wp\/v2\/product_tag?post=670"}],"curies":[{"name":"wp","href":"https:\/\/api.w.org\/{rel}","templated":true}]}}