{"id":60745,"date":"2022-09-02T11:59:50","date_gmt":"2022-09-02T09:59:50","guid":{"rendered":"https:\/\/shop.pfarrplatz.com\/?post_type=product&#038;p=60745"},"modified":"2025-09-22T12:53:26","modified_gmt":"2025-09-22T10:53:26","slug":"ried-preussen-nussberg-wiener-gemischter-satz-dac-erste-lage","status":"publish","type":"product","link":"https:\/\/shop.pfarrplatz.com\/de\/wein\/ried-preussen-nussberg-wiener-gemischter-satz-dac-erste-lage\/","title":{"rendered":"Ried Preussen-Nussberg 1\u00d6TW Wiener Gemischter Satz DAC"},"content":{"rendered":"","protected":false},"excerpt":{"rendered":"<p>Tropenfrucht mit Bl\u00fctenhonig und zarten Jasminbl\u00fcten unterlegt, straffe Textur mit feiner Extrakts\u00fc\u00dfe, unglaublich druckvolle L\u00e4nge mit viel Entwicklungspotenzial.<\/p>\n<p>&nbsp;<\/p>\n","protected":false},"featured_media":94692,"comment_status":"closed","ping_status":"closed","template":"","meta":[],"product_brand":[],"product_cat":[214,167,218,178],"product_tag":[],"class_list":{"0":"post-60745","1":"product","2":"type-product","3":"status-publish","4":"has-post-thumbnail","6":"product_cat-erste-lagen-weine","7":"product_cat-mayer-am-pfarrplatz","8":"product_cat-riedenwein","9":"product_cat-weisswein","10":"product_shipping_class-52","11":"pa_jahrgang-807","13":"first","14":"instock","15":"taxable","16":"shipping-taxable","17":"purchasable","18":"product-type-simple"},"yoast_head":"<!-- This site is optimized with the Yoast SEO plugin v27.3 - https:\/\/yoast.com\/product\/yoast-seo-wordpress\/ -->\n<title>Ried Preussen-Nussberg 1\u00d6TW Wiener Gemischter Satz DAC - Online-Shop der Weing\u00fcter Mayer am Pfarrplatz und Rotes Haus<\/title>\n<meta name=\"robots\" content=\"index, follow, max-snippet:-1, max-image-preview:large, max-video-preview:-1\" \/>\n<link rel=\"canonical\" href=\"https:\/\/shop.pfarrplatz.com\/de\/wein\/ried-preussen-nussberg-wiener-gemischter-satz-dac-erste-lage\/\" \/>\n<meta property=\"og:locale\" content=\"de_DE\" \/>\n<meta property=\"og:type\" content=\"article\" \/>\n<meta property=\"og:title\" content=\"Ried Preussen-Nussberg 1\u00d6TW Wiener Gemischter Satz DAC - Online-Shop der Weing\u00fcter Mayer am Pfarrplatz und Rotes Haus\" \/>\n<meta property=\"og:description\" content=\"Tropenfrucht mit Bl\u00fctenhonig und zarten Jasminbl\u00fcten unterlegt, straffe Textur mit feiner Extrakts\u00fc\u00dfe, unglaublich druckvolle L\u00e4nge mit viel Entwicklungspotenzial.  &nbsp;\" \/>\n<meta property=\"og:url\" content=\"https:\/\/shop.pfarrplatz.com\/de\/wein\/ried-preussen-nussberg-wiener-gemischter-satz-dac-erste-lage\/\" \/>\n<meta property=\"og:site_name\" content=\"Online-Shop der Weing\u00fcter Mayer am Pfarrplatz und Rotes Haus\" \/>\n<meta property=\"article:modified_time\" content=\"2025-09-22T10:53:26+00:00\" \/>\n<meta property=\"og:image\" content=\"https:\/\/shop.pfarrplatz.com\/wp-content\/uploads\/sites\/16\/2022\/09\/WGS-Preussen-Nussberg-OETW-Logo-Freigestellt.png\" \/>\n\t<meta property=\"og:image:width\" content=\"676\" \/>\n\t<meta property=\"og:image:height\" content=\"2500\" \/>\n\t<meta property=\"og:image:type\" content=\"image\/png\" \/>\n<meta name=\"twitter:card\" content=\"summary_large_image\" \/>\n<meta name=\"twitter:label1\" content=\"Gesch\u00e4tzte Lesezeit\" \/>\n\t<meta name=\"twitter:data1\" content=\"1\u00a0Minute\" \/>\n<script type=\"application\/ld+json\" class=\"yoast-schema-graph\">{\"@context\":\"https:\\\/\\\/schema.org\",\"@graph\":[{\"@type\":\"WebPage\",\"@id\":\"https:\\\/\\\/shop.pfarrplatz.com\\\/de\\\/wein\\\/ried-preussen-nussberg-wiener-gemischter-satz-dac-erste-lage\\\/\",\"url\":\"https:\\\/\\\/shop.pfarrplatz.com\\\/de\\\/wein\\\/ried-preussen-nussberg-wiener-gemischter-satz-dac-erste-lage\\\/\",\"name\":\"Ried Preussen-Nussberg 1\u00d6TW Wiener Gemischter Satz DAC - Online-Shop der Weing\u00fcter Mayer am Pfarrplatz und Rotes Haus\",\"isPartOf\":{\"@id\":\"https:\\\/\\\/shop.pfarrplatz.com\\\/en\\\/#website\"},\"primaryImageOfPage\":{\"@id\":\"https:\\\/\\\/shop.pfarrplatz.com\\\/de\\\/wein\\\/ried-preussen-nussberg-wiener-gemischter-satz-dac-erste-lage\\\/#primaryimage\"},\"image\":{\"@id\":\"https:\\\/\\\/shop.pfarrplatz.com\\\/de\\\/wein\\\/ried-preussen-nussberg-wiener-gemischter-satz-dac-erste-lage\\\/#primaryimage\"},\"thumbnailUrl\":\"https:\\\/\\\/shop.pfarrplatz.com\\\/wp-content\\\/uploads\\\/sites\\\/16\\\/2022\\\/09\\\/WGS-Preussen-Nussberg-OETW-Logo-Freigestellt.png\",\"datePublished\":\"2022-09-02T09:59:50+00:00\",\"dateModified\":\"2025-09-22T10:53:26+00:00\",\"breadcrumb\":{\"@id\":\"https:\\\/\\\/shop.pfarrplatz.com\\\/de\\\/wein\\\/ried-preussen-nussberg-wiener-gemischter-satz-dac-erste-lage\\\/#breadcrumb\"},\"inLanguage\":\"de\",\"potentialAction\":[{\"@type\":\"ReadAction\",\"target\":[\"https:\\\/\\\/shop.pfarrplatz.com\\\/de\\\/wein\\\/ried-preussen-nussberg-wiener-gemischter-satz-dac-erste-lage\\\/\"]}]},{\"@type\":\"ImageObject\",\"inLanguage\":\"de\",\"@id\":\"https:\\\/\\\/shop.pfarrplatz.com\\\/de\\\/wein\\\/ried-preussen-nussberg-wiener-gemischter-satz-dac-erste-lage\\\/#primaryimage\",\"url\":\"https:\\\/\\\/shop.pfarrplatz.com\\\/wp-content\\\/uploads\\\/sites\\\/16\\\/2022\\\/09\\\/WGS-Preussen-Nussberg-OETW-Logo-Freigestellt.png\",\"contentUrl\":\"https:\\\/\\\/shop.pfarrplatz.com\\\/wp-content\\\/uploads\\\/sites\\\/16\\\/2022\\\/09\\\/WGS-Preussen-Nussberg-OETW-Logo-Freigestellt.png\",\"width\":676,\"height\":2500},{\"@type\":\"BreadcrumbList\",\"@id\":\"https:\\\/\\\/shop.pfarrplatz.com\\\/de\\\/wein\\\/ried-preussen-nussberg-wiener-gemischter-satz-dac-erste-lage\\\/#breadcrumb\",\"itemListElement\":[{\"@type\":\"ListItem\",\"position\":1,\"name\":\"Startseite\",\"item\":\"https:\\\/\\\/shop.pfarrplatz.com\\\/de\\\/\"},{\"@type\":\"ListItem\",\"position\":2,\"name\":\"Produkte\",\"item\":\"https:\\\/\\\/shop.pfarrplatz.com\\\/de\\\/shop\\\/\"},{\"@type\":\"ListItem\",\"position\":3,\"name\":\"Ried Preussen-Nussberg 1\u00d6TW Wiener Gemischter Satz DAC\"}]},{\"@type\":\"WebSite\",\"@id\":\"https:\\\/\\\/shop.pfarrplatz.com\\\/en\\\/#website\",\"url\":\"https:\\\/\\\/shop.pfarrplatz.com\\\/en\\\/\",\"name\":\"Online-Shop der Weing\u00fcter Mayer am Pfarrplatz und Rotes Haus\",\"description\":\"Wein Online-Shop f\u00fcr Mayer am Pfarrplatz und Rotes Haus\",\"alternateName\":\"Online-Shop der Weing\u00fcter Mayer am Pfarrplatz und Rotes Haus\",\"potentialAction\":[{\"@type\":\"SearchAction\",\"target\":{\"@type\":\"EntryPoint\",\"urlTemplate\":\"https:\\\/\\\/shop.pfarrplatz.com\\\/en\\\/?s={search_term_string}\"},\"query-input\":{\"@type\":\"PropertyValueSpecification\",\"valueRequired\":true,\"valueName\":\"search_term_string\"}}],\"inLanguage\":\"de\"}]}<\/script>\n<!-- \/ Yoast SEO plugin. -->","yoast_head_json":{"title":"Ried Preussen-Nussberg 1\u00d6TW Wiener Gemischter Satz DAC - Online-Shop der Weing\u00fcter Mayer am Pfarrplatz und Rotes Haus","robots":{"index":"index","follow":"follow","max-snippet":"max-snippet:-1","max-image-preview":"max-image-preview:large","max-video-preview":"max-video-preview:-1"},"canonical":"https:\/\/shop.pfarrplatz.com\/de\/wein\/ried-preussen-nussberg-wiener-gemischter-satz-dac-erste-lage\/","og_locale":"de_DE","og_type":"article","og_title":"Ried Preussen-Nussberg 1\u00d6TW Wiener Gemischter Satz DAC - Online-Shop der Weing\u00fcter Mayer am Pfarrplatz und Rotes Haus","og_description":"Tropenfrucht mit Bl\u00fctenhonig und zarten Jasminbl\u00fcten unterlegt, straffe Textur mit feiner Extrakts\u00fc\u00dfe, unglaublich druckvolle L\u00e4nge mit viel Entwicklungspotenzial.  &nbsp;","og_url":"https:\/\/shop.pfarrplatz.com\/de\/wein\/ried-preussen-nussberg-wiener-gemischter-satz-dac-erste-lage\/","og_site_name":"Online-Shop der Weing\u00fcter Mayer am Pfarrplatz und Rotes Haus","article_modified_time":"2025-09-22T10:53:26+00:00","og_image":[{"width":676,"height":2500,"url":"https:\/\/shop.pfarrplatz.com\/wp-content\/uploads\/sites\/16\/2022\/09\/WGS-Preussen-Nussberg-OETW-Logo-Freigestellt.png","type":"image\/png"}],"twitter_card":"summary_large_image","twitter_misc":{"Gesch\u00e4tzte Lesezeit":"1\u00a0Minute"},"schema":{"@context":"https:\/\/schema.org","@graph":[{"@type":"WebPage","@id":"https:\/\/shop.pfarrplatz.com\/de\/wein\/ried-preussen-nussberg-wiener-gemischter-satz-dac-erste-lage\/","url":"https:\/\/shop.pfarrplatz.com\/de\/wein\/ried-preussen-nussberg-wiener-gemischter-satz-dac-erste-lage\/","name":"Ried Preussen-Nussberg 1\u00d6TW Wiener Gemischter Satz DAC - Online-Shop der Weing\u00fcter Mayer am Pfarrplatz und Rotes Haus","isPartOf":{"@id":"https:\/\/shop.pfarrplatz.com\/en\/#website"},"primaryImageOfPage":{"@id":"https:\/\/shop.pfarrplatz.com\/de\/wein\/ried-preussen-nussberg-wiener-gemischter-satz-dac-erste-lage\/#primaryimage"},"image":{"@id":"https:\/\/shop.pfarrplatz.com\/de\/wein\/ried-preussen-nussberg-wiener-gemischter-satz-dac-erste-lage\/#primaryimage"},"thumbnailUrl":"https:\/\/shop.pfarrplatz.com\/wp-content\/uploads\/sites\/16\/2022\/09\/WGS-Preussen-Nussberg-OETW-Logo-Freigestellt.png","datePublished":"2022-09-02T09:59:50+00:00","dateModified":"2025-09-22T10:53:26+00:00","breadcrumb":{"@id":"https:\/\/shop.pfarrplatz.com\/de\/wein\/ried-preussen-nussberg-wiener-gemischter-satz-dac-erste-lage\/#breadcrumb"},"inLanguage":"de","potentialAction":[{"@type":"ReadAction","target":["https:\/\/shop.pfarrplatz.com\/de\/wein\/ried-preussen-nussberg-wiener-gemischter-satz-dac-erste-lage\/"]}]},{"@type":"ImageObject","inLanguage":"de","@id":"https:\/\/shop.pfarrplatz.com\/de\/wein\/ried-preussen-nussberg-wiener-gemischter-satz-dac-erste-lage\/#primaryimage","url":"https:\/\/shop.pfarrplatz.com\/wp-content\/uploads\/sites\/16\/2022\/09\/WGS-Preussen-Nussberg-OETW-Logo-Freigestellt.png","contentUrl":"https:\/\/shop.pfarrplatz.com\/wp-content\/uploads\/sites\/16\/2022\/09\/WGS-Preussen-Nussberg-OETW-Logo-Freigestellt.png","width":676,"height":2500},{"@type":"BreadcrumbList","@id":"https:\/\/shop.pfarrplatz.com\/de\/wein\/ried-preussen-nussberg-wiener-gemischter-satz-dac-erste-lage\/#breadcrumb","itemListElement":[{"@type":"ListItem","position":1,"name":"Startseite","item":"https:\/\/shop.pfarrplatz.com\/de\/"},{"@type":"ListItem","position":2,"name":"Produkte","item":"https:\/\/shop.pfarrplatz.com\/de\/shop\/"},{"@type":"ListItem","position":3,"name":"Ried Preussen-Nussberg 1\u00d6TW Wiener Gemischter Satz DAC"}]},{"@type":"WebSite","@id":"https:\/\/shop.pfarrplatz.com\/en\/#website","url":"https:\/\/shop.pfarrplatz.com\/en\/","name":"Online-Shop der Weing\u00fcter Mayer am Pfarrplatz und Rotes Haus","description":"Wein Online-Shop f\u00fcr Mayer am Pfarrplatz und Rotes Haus","alternateName":"Online-Shop der Weing\u00fcter Mayer am Pfarrplatz und Rotes Haus","potentialAction":[{"@type":"SearchAction","target":{"@type":"EntryPoint","urlTemplate":"https:\/\/shop.pfarrplatz.com\/en\/?s={search_term_string}"},"query-input":{"@type":"PropertyValueSpecification","valueRequired":true,"valueName":"search_term_string"}}],"inLanguage":"de"}]}},"_links":{"self":[{"href":"https:\/\/shop.pfarrplatz.com\/de\/wp-json\/wp\/v2\/product\/60745","targetHints":{"allow":["GET"]}}],"collection":[{"href":"https:\/\/shop.pfarrplatz.com\/de\/wp-json\/wp\/v2\/product"}],"about":[{"href":"https:\/\/shop.pfarrplatz.com\/de\/wp-json\/wp\/v2\/types\/product"}],"replies":[{"embeddable":true,"href":"https:\/\/shop.pfarrplatz.com\/de\/wp-json\/wp\/v2\/comments?post=60745"}],"wp:featuredmedia":[{"embeddable":true,"href":"https:\/\/shop.pfarrplatz.com\/de\/wp-json\/wp\/v2\/media\/94692"}],"wp:attachment":[{"href":"https:\/\/shop.pfarrplatz.com\/de\/wp-json\/wp\/v2\/media?parent=60745"}],"wp:term":[{"taxonomy":"product_brand","embeddable":true,"href":"https:\/\/shop.pfarrplatz.com\/de\/wp-json\/wp\/v2\/product_brand?post=60745"},{"taxonomy":"product_cat","embeddable":true,"href":"https:\/\/shop.pfarrplatz.com\/de\/wp-json\/wp\/v2\/product_cat?post=60745"},{"taxonomy":"product_tag","embeddable":true,"href":"https:\/\/shop.pfarrplatz.com\/de\/wp-json\/wp\/v2\/product_tag?post=60745"}],"curies":[{"name":"wp","href":"https:\/\/api.w.org\/{rel}","templated":true}]}}