{"id":4769,"date":"2019-11-19T16:20:37","date_gmt":"2019-11-19T15:20:37","guid":{"rendered":"https:\/\/shop.pfarrplatz.com\/?post_type=product&#038;p=4769"},"modified":"2026-02-16T10:06:59","modified_gmt":"2026-02-16T09:06:59","slug":"beethoven-viennese-white","status":"publish","type":"product","link":"https:\/\/shop.pfarrplatz.com\/de\/wein\/beethoven-viennese-white\/","title":{"rendered":"Beethoven Viennese White"},"content":{"rendered":"","protected":false},"excerpt":{"rendered":"<p>Wie die Musik ist auch der Wein ein unverzichtbarer Bestandteil Wiener Kultur. Im geschichtstr\u00e4chtigen Mayer am Pfarrplatz lebte 1817 Ludwig van Beethoven und arbeitete w\u00e4hrend seiner Zeit in Wien Heiligenstadt an der bekannten Symphonie Nr.9<\/p>\n<p>Ihm zu Ehren keltert das Weingut einen eigenen Wein, der mit seiner lebendigen und w\u00fcrzigen Art \u00e4u\u00dferst trinkfreudig ist.<\/p>\n","protected":false},"featured_media":94711,"comment_status":"closed","ping_status":"closed","template":"","meta":[],"product_brand":[],"product_cat":[217,167],"product_tag":[],"class_list":{"0":"post-4769","1":"product","2":"type-product","3":"status-publish","4":"has-post-thumbnail","6":"product_cat-besonderes","7":"product_cat-mayer-am-pfarrplatz","8":"product_shipping_class-52","9":"pa_allergene-contains-sulfites-2","10":"pa_einheit-flasche","11":"pa_gebinde-117","12":"pa_geschmack-dry-2","13":"pa_jahrgang-815","14":"pa_lage-weingarten-gebietswein","15":"pa_lagerfaehigkeit-1-2-years-2","16":"pa_produkt-weisswein","17":"pa_qualitaetsstufe-klassikwein","18":"pa_rebsorte-gruener-veltliner","19":"pa_rebsorte-riesling","20":"pa_rebsorte-weissburgunder","21":"pa_trinktemperatur-9-11-c","22":"pa_verschluss-screw-2","23":"pa_weingut-mayer-am-pfarrplatz","25":"first","26":"instock","27":"taxable","28":"shipping-taxable","29":"purchasable","30":"product-type-simple"},"yoast_head":"<!-- This site is optimized with the Yoast SEO plugin v27.3 - https:\/\/yoast.com\/product\/yoast-seo-wordpress\/ -->\n<title>Beethoven Viennese White - Online-Shop der Weing\u00fcter Mayer am Pfarrplatz und Rotes Haus<\/title>\n<meta name=\"robots\" content=\"index, follow, max-snippet:-1, max-image-preview:large, max-video-preview:-1\" \/>\n<link rel=\"canonical\" href=\"https:\/\/shop.pfarrplatz.com\/de\/wein\/beethoven-viennese-white\/\" \/>\n<meta property=\"og:locale\" content=\"de_DE\" \/>\n<meta property=\"og:type\" content=\"article\" \/>\n<meta property=\"og:title\" content=\"Beethoven Viennese White - Online-Shop der Weing\u00fcter Mayer am Pfarrplatz und Rotes Haus\" \/>\n<meta property=\"og:description\" content=\"Wie die Musik ist auch der Wein ein unverzichtbarer Bestandteil Wiener Kultur. Im geschichtstr\u00e4chtigen Mayer am Pfarrplatz lebte 1817 Ludwig van Beethoven und arbeitete w\u00e4hrend seiner Zeit in Wien Heiligenstadt an der bekannten Symphonie Nr.9  Ihm zu Ehren keltert das Weingut einen eigenen Wein, der mit seiner lebendigen und w\u00fcrzigen Art \u00e4u\u00dferst trinkfreudig ist.\" \/>\n<meta property=\"og:url\" content=\"https:\/\/shop.pfarrplatz.com\/de\/wein\/beethoven-viennese-white\/\" \/>\n<meta property=\"og:site_name\" content=\"Online-Shop der Weing\u00fcter Mayer am Pfarrplatz und Rotes Haus\" \/>\n<meta property=\"article:modified_time\" content=\"2026-02-16T09:06:59+00:00\" \/>\n<meta property=\"og:image\" content=\"https:\/\/shop.pfarrplatz.com\/wp-content\/uploads\/sites\/16\/2019\/11\/Viennese-White-freigestellt-e1729768120878.png\" \/>\n\t<meta property=\"og:image:width\" content=\"254\" \/>\n\t<meta property=\"og:image:height\" content=\"858\" \/>\n\t<meta property=\"og:image:type\" content=\"image\/png\" \/>\n<meta name=\"twitter:card\" content=\"summary_large_image\" \/>\n<meta name=\"twitter:label1\" content=\"Gesch\u00e4tzte Lesezeit\" \/>\n\t<meta name=\"twitter:data1\" content=\"1\u00a0Minute\" \/>\n<script type=\"application\/ld+json\" class=\"yoast-schema-graph\">{\"@context\":\"https:\\\/\\\/schema.org\",\"@graph\":[{\"@type\":\"WebPage\",\"@id\":\"https:\\\/\\\/shop.pfarrplatz.com\\\/de\\\/wein\\\/beethoven-viennese-white\\\/\",\"url\":\"https:\\\/\\\/shop.pfarrplatz.com\\\/de\\\/wein\\\/beethoven-viennese-white\\\/\",\"name\":\"Beethoven Viennese White - Online-Shop der Weing\u00fcter Mayer am Pfarrplatz und Rotes Haus\",\"isPartOf\":{\"@id\":\"https:\\\/\\\/shop.pfarrplatz.com\\\/en\\\/#website\"},\"primaryImageOfPage\":{\"@id\":\"https:\\\/\\\/shop.pfarrplatz.com\\\/de\\\/wein\\\/beethoven-viennese-white\\\/#primaryimage\"},\"image\":{\"@id\":\"https:\\\/\\\/shop.pfarrplatz.com\\\/de\\\/wein\\\/beethoven-viennese-white\\\/#primaryimage\"},\"thumbnailUrl\":\"https:\\\/\\\/shop.pfarrplatz.com\\\/wp-content\\\/uploads\\\/sites\\\/16\\\/2019\\\/11\\\/Viennese-White-freigestellt-e1729768120878.png\",\"datePublished\":\"2019-11-19T15:20:37+00:00\",\"dateModified\":\"2026-02-16T09:06:59+00:00\",\"breadcrumb\":{\"@id\":\"https:\\\/\\\/shop.pfarrplatz.com\\\/de\\\/wein\\\/beethoven-viennese-white\\\/#breadcrumb\"},\"inLanguage\":\"de\",\"potentialAction\":[{\"@type\":\"ReadAction\",\"target\":[\"https:\\\/\\\/shop.pfarrplatz.com\\\/de\\\/wein\\\/beethoven-viennese-white\\\/\"]}]},{\"@type\":\"ImageObject\",\"inLanguage\":\"de\",\"@id\":\"https:\\\/\\\/shop.pfarrplatz.com\\\/de\\\/wein\\\/beethoven-viennese-white\\\/#primaryimage\",\"url\":\"https:\\\/\\\/shop.pfarrplatz.com\\\/wp-content\\\/uploads\\\/sites\\\/16\\\/2019\\\/11\\\/Viennese-White-freigestellt-e1729768120878.png\",\"contentUrl\":\"https:\\\/\\\/shop.pfarrplatz.com\\\/wp-content\\\/uploads\\\/sites\\\/16\\\/2019\\\/11\\\/Viennese-White-freigestellt-e1729768120878.png\",\"width\":254,\"height\":858},{\"@type\":\"BreadcrumbList\",\"@id\":\"https:\\\/\\\/shop.pfarrplatz.com\\\/de\\\/wein\\\/beethoven-viennese-white\\\/#breadcrumb\",\"itemListElement\":[{\"@type\":\"ListItem\",\"position\":1,\"name\":\"Startseite\",\"item\":\"https:\\\/\\\/shop.pfarrplatz.com\\\/de\\\/\"},{\"@type\":\"ListItem\",\"position\":2,\"name\":\"Produkte\",\"item\":\"https:\\\/\\\/shop.pfarrplatz.com\\\/de\\\/shop\\\/\"},{\"@type\":\"ListItem\",\"position\":3,\"name\":\"Beethoven Viennese White\"}]},{\"@type\":\"WebSite\",\"@id\":\"https:\\\/\\\/shop.pfarrplatz.com\\\/en\\\/#website\",\"url\":\"https:\\\/\\\/shop.pfarrplatz.com\\\/en\\\/\",\"name\":\"Online-Shop der Weing\u00fcter Mayer am Pfarrplatz und Rotes Haus\",\"description\":\"Wein Online-Shop f\u00fcr Mayer am Pfarrplatz und Rotes Haus\",\"alternateName\":\"Online-Shop der Weing\u00fcter Mayer am Pfarrplatz und Rotes Haus\",\"potentialAction\":[{\"@type\":\"SearchAction\",\"target\":{\"@type\":\"EntryPoint\",\"urlTemplate\":\"https:\\\/\\\/shop.pfarrplatz.com\\\/en\\\/?s={search_term_string}\"},\"query-input\":{\"@type\":\"PropertyValueSpecification\",\"valueRequired\":true,\"valueName\":\"search_term_string\"}}],\"inLanguage\":\"de\"}]}<\/script>\n<!-- \/ Yoast SEO plugin. -->","yoast_head_json":{"title":"Beethoven Viennese White - Online-Shop der Weing\u00fcter Mayer am Pfarrplatz und Rotes Haus","robots":{"index":"index","follow":"follow","max-snippet":"max-snippet:-1","max-image-preview":"max-image-preview:large","max-video-preview":"max-video-preview:-1"},"canonical":"https:\/\/shop.pfarrplatz.com\/de\/wein\/beethoven-viennese-white\/","og_locale":"de_DE","og_type":"article","og_title":"Beethoven Viennese White - Online-Shop der Weing\u00fcter Mayer am Pfarrplatz und Rotes Haus","og_description":"Wie die Musik ist auch der Wein ein unverzichtbarer Bestandteil Wiener Kultur. Im geschichtstr\u00e4chtigen Mayer am Pfarrplatz lebte 1817 Ludwig van Beethoven und arbeitete w\u00e4hrend seiner Zeit in Wien Heiligenstadt an der bekannten Symphonie Nr.9  Ihm zu Ehren keltert das Weingut einen eigenen Wein, der mit seiner lebendigen und w\u00fcrzigen Art \u00e4u\u00dferst trinkfreudig ist.","og_url":"https:\/\/shop.pfarrplatz.com\/de\/wein\/beethoven-viennese-white\/","og_site_name":"Online-Shop der Weing\u00fcter Mayer am Pfarrplatz und Rotes Haus","article_modified_time":"2026-02-16T09:06:59+00:00","og_image":[{"width":254,"height":858,"url":"https:\/\/shop.pfarrplatz.com\/wp-content\/uploads\/sites\/16\/2019\/11\/Viennese-White-freigestellt-e1729768120878.png","type":"image\/png"}],"twitter_card":"summary_large_image","twitter_misc":{"Gesch\u00e4tzte Lesezeit":"1\u00a0Minute"},"schema":{"@context":"https:\/\/schema.org","@graph":[{"@type":"WebPage","@id":"https:\/\/shop.pfarrplatz.com\/de\/wein\/beethoven-viennese-white\/","url":"https:\/\/shop.pfarrplatz.com\/de\/wein\/beethoven-viennese-white\/","name":"Beethoven Viennese White - Online-Shop der Weing\u00fcter Mayer am Pfarrplatz und Rotes Haus","isPartOf":{"@id":"https:\/\/shop.pfarrplatz.com\/en\/#website"},"primaryImageOfPage":{"@id":"https:\/\/shop.pfarrplatz.com\/de\/wein\/beethoven-viennese-white\/#primaryimage"},"image":{"@id":"https:\/\/shop.pfarrplatz.com\/de\/wein\/beethoven-viennese-white\/#primaryimage"},"thumbnailUrl":"https:\/\/shop.pfarrplatz.com\/wp-content\/uploads\/sites\/16\/2019\/11\/Viennese-White-freigestellt-e1729768120878.png","datePublished":"2019-11-19T15:20:37+00:00","dateModified":"2026-02-16T09:06:59+00:00","breadcrumb":{"@id":"https:\/\/shop.pfarrplatz.com\/de\/wein\/beethoven-viennese-white\/#breadcrumb"},"inLanguage":"de","potentialAction":[{"@type":"ReadAction","target":["https:\/\/shop.pfarrplatz.com\/de\/wein\/beethoven-viennese-white\/"]}]},{"@type":"ImageObject","inLanguage":"de","@id":"https:\/\/shop.pfarrplatz.com\/de\/wein\/beethoven-viennese-white\/#primaryimage","url":"https:\/\/shop.pfarrplatz.com\/wp-content\/uploads\/sites\/16\/2019\/11\/Viennese-White-freigestellt-e1729768120878.png","contentUrl":"https:\/\/shop.pfarrplatz.com\/wp-content\/uploads\/sites\/16\/2019\/11\/Viennese-White-freigestellt-e1729768120878.png","width":254,"height":858},{"@type":"BreadcrumbList","@id":"https:\/\/shop.pfarrplatz.com\/de\/wein\/beethoven-viennese-white\/#breadcrumb","itemListElement":[{"@type":"ListItem","position":1,"name":"Startseite","item":"https:\/\/shop.pfarrplatz.com\/de\/"},{"@type":"ListItem","position":2,"name":"Produkte","item":"https:\/\/shop.pfarrplatz.com\/de\/shop\/"},{"@type":"ListItem","position":3,"name":"Beethoven Viennese White"}]},{"@type":"WebSite","@id":"https:\/\/shop.pfarrplatz.com\/en\/#website","url":"https:\/\/shop.pfarrplatz.com\/en\/","name":"Online-Shop der Weing\u00fcter Mayer am Pfarrplatz und Rotes Haus","description":"Wein Online-Shop f\u00fcr Mayer am Pfarrplatz und Rotes Haus","alternateName":"Online-Shop der Weing\u00fcter Mayer am Pfarrplatz und Rotes Haus","potentialAction":[{"@type":"SearchAction","target":{"@type":"EntryPoint","urlTemplate":"https:\/\/shop.pfarrplatz.com\/en\/?s={search_term_string}"},"query-input":{"@type":"PropertyValueSpecification","valueRequired":true,"valueName":"search_term_string"}}],"inLanguage":"de"}]}},"_links":{"self":[{"href":"https:\/\/shop.pfarrplatz.com\/de\/wp-json\/wp\/v2\/product\/4769","targetHints":{"allow":["GET"]}}],"collection":[{"href":"https:\/\/shop.pfarrplatz.com\/de\/wp-json\/wp\/v2\/product"}],"about":[{"href":"https:\/\/shop.pfarrplatz.com\/de\/wp-json\/wp\/v2\/types\/product"}],"replies":[{"embeddable":true,"href":"https:\/\/shop.pfarrplatz.com\/de\/wp-json\/wp\/v2\/comments?post=4769"}],"wp:featuredmedia":[{"embeddable":true,"href":"https:\/\/shop.pfarrplatz.com\/de\/wp-json\/wp\/v2\/media\/94711"}],"wp:attachment":[{"href":"https:\/\/shop.pfarrplatz.com\/de\/wp-json\/wp\/v2\/media?parent=4769"}],"wp:term":[{"taxonomy":"product_brand","embeddable":true,"href":"https:\/\/shop.pfarrplatz.com\/de\/wp-json\/wp\/v2\/product_brand?post=4769"},{"taxonomy":"product_cat","embeddable":true,"href":"https:\/\/shop.pfarrplatz.com\/de\/wp-json\/wp\/v2\/product_cat?post=4769"},{"taxonomy":"product_tag","embeddable":true,"href":"https:\/\/shop.pfarrplatz.com\/de\/wp-json\/wp\/v2\/product_tag?post=4769"}],"curies":[{"name":"wp","href":"https:\/\/api.w.org\/{rel}","templated":true}]}}