{"id":253,"date":"2018-04-19T20:04:37","date_gmt":"2018-04-19T18:04:37","guid":{"rendered":"https:\/\/localhost\/dev\/pfarrplatz\/shop\/produkt\/pfarrplatz-buch\/"},"modified":"2023-01-04T12:02:31","modified_gmt":"2023-01-04T11:02:31","slug":"pfarrplatz-buch","status":"publish","type":"product","link":"https:\/\/shop.pfarrplatz.com\/de\/wein\/pfarrplatz-buch\/","title":{"rendered":"Pfarrplatz Buch"},"content":{"rendered":"","protected":false},"excerpt":{"rendered":"<p>Am Pfarrplatz in Wien-Heiligenstadt siedelten bereits vor 2.000 Jahren die R\u00f6mer. Sp\u00e4ter wohnte hier Ludwig van Beethoven und fand Inspiration f\u00fcr seine Kompositionen. Faszinierenderweise pr\u00e4sentiert sich der Platz seit dieser Zeit in einem beinahe unver\u00e4nderten Zustand. Dieses Buch erz\u00e4hlt facettenreich die Jahrhunderte w\u00e4hrende Geschichte dieses magischen Orts, es beschreibt ausf\u00fchrlich den Werdegang des Heurigen &#8222;Mayer&#8220; und des Restaurants &#8222;Pfarrwirt&#8220; sowie der traditionsreichen Weing\u00fcter &#8222;Mayer am Pfarrplatz&#8220; und &#8222;Rotes Haus&#8220; \u2013 Geschichten, die zugleich ein Teil der Wiener Geschichte sind.<\/p>\n<p>Gebundene Ausgabe: 224 Seiten<br \/>\nVerlag: D + R Verlagsgesellschaft (30. November 2016)<br \/>\nSprache: Deutsch<br \/>\nISBN-10: 3902469684<br \/>\nISBN-13: 978-3902469687<\/p>\n","protected":false},"featured_media":149,"comment_status":"closed","ping_status":"closed","template":"","meta":[],"product_brand":[],"product_cat":[217,115],"product_tag":[],"class_list":{"0":"post-253","1":"product","2":"type-product","3":"status-publish","4":"has-post-thumbnail","6":"product_cat-besonderes","7":"product_cat-weinsets","8":"product_shipping_class-abholung","9":"pa_einheit-stueck","11":"first","12":"instock","13":"taxable","14":"shipping-taxable","15":"purchasable","16":"product-type-simple"},"yoast_head":"<!-- This site is optimized with the Yoast SEO plugin v27.3 - https:\/\/yoast.com\/product\/yoast-seo-wordpress\/ -->\n<title>Pfarrplatz Buch - Online-Shop der Weing\u00fcter Mayer am Pfarrplatz und Rotes Haus<\/title>\n<meta name=\"robots\" content=\"index, follow, max-snippet:-1, max-image-preview:large, max-video-preview:-1\" \/>\n<link rel=\"canonical\" href=\"https:\/\/shop.pfarrplatz.com\/de\/wein\/pfarrplatz-buch\/\" \/>\n<meta property=\"og:locale\" content=\"de_DE\" \/>\n<meta property=\"og:type\" content=\"article\" \/>\n<meta property=\"og:title\" content=\"Pfarrplatz Buch - Online-Shop der Weing\u00fcter Mayer am Pfarrplatz und Rotes Haus\" \/>\n<meta property=\"og:description\" content=\"Am Pfarrplatz in Wien-Heiligenstadt siedelten bereits vor 2.000 Jahren die R\u00f6mer. Sp\u00e4ter wohnte hier Ludwig van Beethoven und fand Inspiration f\u00fcr seine Kompositionen. Faszinierenderweise pr\u00e4sentiert sich der Platz seit dieser Zeit in einem beinahe unver\u00e4nderten Zustand. Dieses Buch erz\u00e4hlt facettenreich die Jahrhunderte w\u00e4hrende Geschichte dieses magischen Orts, es beschreibt ausf\u00fchrlich den Werdegang des Heurigen &quot;Mayer&quot; und des Restaurants &quot;Pfarrwirt&quot; sowie der traditionsreichen Weing\u00fcter &quot;Mayer am Pfarrplatz&quot; und &quot;Rotes Haus&quot; \u2013 Geschichten, die zugleich ein Teil der Wiener Geschichte sind.  Gebundene Ausgabe: 224 Seiten Verlag: D + R Verlagsgesellschaft (30. November 2016) Sprache: Deutsch ISBN-10: 3902469684 ISBN-13: 978-3902469687\" \/>\n<meta property=\"og:url\" content=\"https:\/\/shop.pfarrplatz.com\/de\/wein\/pfarrplatz-buch\/\" \/>\n<meta property=\"og:site_name\" content=\"Online-Shop der Weing\u00fcter Mayer am Pfarrplatz und Rotes Haus\" \/>\n<meta property=\"article:modified_time\" content=\"2023-01-04T11:02:31+00:00\" \/>\n<meta property=\"og:image\" content=\"https:\/\/shop.pfarrplatz.com\/wp-content\/uploads\/sites\/16\/2018\/03\/Pfarrwirt_Buch2016.png\" \/>\n\t<meta property=\"og:image:width\" content=\"718\" \/>\n\t<meta property=\"og:image:height\" content=\"900\" \/>\n\t<meta property=\"og:image:type\" content=\"image\/png\" \/>\n<meta name=\"twitter:card\" content=\"summary_large_image\" \/>\n<script type=\"application\/ld+json\" class=\"yoast-schema-graph\">{\"@context\":\"https:\\\/\\\/schema.org\",\"@graph\":[{\"@type\":\"WebPage\",\"@id\":\"https:\\\/\\\/shop.pfarrplatz.com\\\/de\\\/wein\\\/pfarrplatz-buch\\\/\",\"url\":\"https:\\\/\\\/shop.pfarrplatz.com\\\/de\\\/wein\\\/pfarrplatz-buch\\\/\",\"name\":\"Pfarrplatz Buch - Online-Shop der Weing\u00fcter Mayer am Pfarrplatz und Rotes Haus\",\"isPartOf\":{\"@id\":\"https:\\\/\\\/shop.pfarrplatz.com\\\/en\\\/#website\"},\"primaryImageOfPage\":{\"@id\":\"https:\\\/\\\/shop.pfarrplatz.com\\\/de\\\/wein\\\/pfarrplatz-buch\\\/#primaryimage\"},\"image\":{\"@id\":\"https:\\\/\\\/shop.pfarrplatz.com\\\/de\\\/wein\\\/pfarrplatz-buch\\\/#primaryimage\"},\"thumbnailUrl\":\"https:\\\/\\\/shop.pfarrplatz.com\\\/wp-content\\\/uploads\\\/sites\\\/16\\\/2018\\\/03\\\/Pfarrwirt_Buch2016.png\",\"datePublished\":\"2018-04-19T18:04:37+00:00\",\"dateModified\":\"2023-01-04T11:02:31+00:00\",\"breadcrumb\":{\"@id\":\"https:\\\/\\\/shop.pfarrplatz.com\\\/de\\\/wein\\\/pfarrplatz-buch\\\/#breadcrumb\"},\"inLanguage\":\"de\",\"potentialAction\":[{\"@type\":\"ReadAction\",\"target\":[\"https:\\\/\\\/shop.pfarrplatz.com\\\/de\\\/wein\\\/pfarrplatz-buch\\\/\"]}]},{\"@type\":\"ImageObject\",\"inLanguage\":\"de\",\"@id\":\"https:\\\/\\\/shop.pfarrplatz.com\\\/de\\\/wein\\\/pfarrplatz-buch\\\/#primaryimage\",\"url\":\"https:\\\/\\\/shop.pfarrplatz.com\\\/wp-content\\\/uploads\\\/sites\\\/16\\\/2018\\\/03\\\/Pfarrwirt_Buch2016.png\",\"contentUrl\":\"https:\\\/\\\/shop.pfarrplatz.com\\\/wp-content\\\/uploads\\\/sites\\\/16\\\/2018\\\/03\\\/Pfarrwirt_Buch2016.png\",\"width\":718,\"height\":900},{\"@type\":\"BreadcrumbList\",\"@id\":\"https:\\\/\\\/shop.pfarrplatz.com\\\/de\\\/wein\\\/pfarrplatz-buch\\\/#breadcrumb\",\"itemListElement\":[{\"@type\":\"ListItem\",\"position\":1,\"name\":\"Startseite\",\"item\":\"https:\\\/\\\/shop.pfarrplatz.com\\\/de\\\/\"},{\"@type\":\"ListItem\",\"position\":2,\"name\":\"Produkte\",\"item\":\"https:\\\/\\\/shop.pfarrplatz.com\\\/de\\\/shop\\\/\"},{\"@type\":\"ListItem\",\"position\":3,\"name\":\"Pfarrplatz Buch\"}]},{\"@type\":\"WebSite\",\"@id\":\"https:\\\/\\\/shop.pfarrplatz.com\\\/en\\\/#website\",\"url\":\"https:\\\/\\\/shop.pfarrplatz.com\\\/en\\\/\",\"name\":\"Online-Shop der Weing\u00fcter Mayer am Pfarrplatz und Rotes Haus\",\"description\":\"Wein Online-Shop f\u00fcr Mayer am Pfarrplatz und Rotes Haus\",\"alternateName\":\"Online-Shop der Weing\u00fcter Mayer am Pfarrplatz und Rotes Haus\",\"potentialAction\":[{\"@type\":\"SearchAction\",\"target\":{\"@type\":\"EntryPoint\",\"urlTemplate\":\"https:\\\/\\\/shop.pfarrplatz.com\\\/en\\\/?s={search_term_string}\"},\"query-input\":{\"@type\":\"PropertyValueSpecification\",\"valueRequired\":true,\"valueName\":\"search_term_string\"}}],\"inLanguage\":\"de\"}]}<\/script>\n<!-- \/ Yoast SEO plugin. -->","yoast_head_json":{"title":"Pfarrplatz Buch - Online-Shop der Weing\u00fcter Mayer am Pfarrplatz und Rotes Haus","robots":{"index":"index","follow":"follow","max-snippet":"max-snippet:-1","max-image-preview":"max-image-preview:large","max-video-preview":"max-video-preview:-1"},"canonical":"https:\/\/shop.pfarrplatz.com\/de\/wein\/pfarrplatz-buch\/","og_locale":"de_DE","og_type":"article","og_title":"Pfarrplatz Buch - Online-Shop der Weing\u00fcter Mayer am Pfarrplatz und Rotes Haus","og_description":"Am Pfarrplatz in Wien-Heiligenstadt siedelten bereits vor 2.000 Jahren die R\u00f6mer. Sp\u00e4ter wohnte hier Ludwig van Beethoven und fand Inspiration f\u00fcr seine Kompositionen. Faszinierenderweise pr\u00e4sentiert sich der Platz seit dieser Zeit in einem beinahe unver\u00e4nderten Zustand. Dieses Buch erz\u00e4hlt facettenreich die Jahrhunderte w\u00e4hrende Geschichte dieses magischen Orts, es beschreibt ausf\u00fchrlich den Werdegang des Heurigen \"Mayer\" und des Restaurants \"Pfarrwirt\" sowie der traditionsreichen Weing\u00fcter \"Mayer am Pfarrplatz\" und \"Rotes Haus\" \u2013 Geschichten, die zugleich ein Teil der Wiener Geschichte sind.  Gebundene Ausgabe: 224 Seiten Verlag: D + R Verlagsgesellschaft (30. November 2016) Sprache: Deutsch ISBN-10: 3902469684 ISBN-13: 978-3902469687","og_url":"https:\/\/shop.pfarrplatz.com\/de\/wein\/pfarrplatz-buch\/","og_site_name":"Online-Shop der Weing\u00fcter Mayer am Pfarrplatz und Rotes Haus","article_modified_time":"2023-01-04T11:02:31+00:00","og_image":[{"width":718,"height":900,"url":"https:\/\/shop.pfarrplatz.com\/wp-content\/uploads\/sites\/16\/2018\/03\/Pfarrwirt_Buch2016.png","type":"image\/png"}],"twitter_card":"summary_large_image","schema":{"@context":"https:\/\/schema.org","@graph":[{"@type":"WebPage","@id":"https:\/\/shop.pfarrplatz.com\/de\/wein\/pfarrplatz-buch\/","url":"https:\/\/shop.pfarrplatz.com\/de\/wein\/pfarrplatz-buch\/","name":"Pfarrplatz Buch - Online-Shop der Weing\u00fcter Mayer am Pfarrplatz und Rotes Haus","isPartOf":{"@id":"https:\/\/shop.pfarrplatz.com\/en\/#website"},"primaryImageOfPage":{"@id":"https:\/\/shop.pfarrplatz.com\/de\/wein\/pfarrplatz-buch\/#primaryimage"},"image":{"@id":"https:\/\/shop.pfarrplatz.com\/de\/wein\/pfarrplatz-buch\/#primaryimage"},"thumbnailUrl":"https:\/\/shop.pfarrplatz.com\/wp-content\/uploads\/sites\/16\/2018\/03\/Pfarrwirt_Buch2016.png","datePublished":"2018-04-19T18:04:37+00:00","dateModified":"2023-01-04T11:02:31+00:00","breadcrumb":{"@id":"https:\/\/shop.pfarrplatz.com\/de\/wein\/pfarrplatz-buch\/#breadcrumb"},"inLanguage":"de","potentialAction":[{"@type":"ReadAction","target":["https:\/\/shop.pfarrplatz.com\/de\/wein\/pfarrplatz-buch\/"]}]},{"@type":"ImageObject","inLanguage":"de","@id":"https:\/\/shop.pfarrplatz.com\/de\/wein\/pfarrplatz-buch\/#primaryimage","url":"https:\/\/shop.pfarrplatz.com\/wp-content\/uploads\/sites\/16\/2018\/03\/Pfarrwirt_Buch2016.png","contentUrl":"https:\/\/shop.pfarrplatz.com\/wp-content\/uploads\/sites\/16\/2018\/03\/Pfarrwirt_Buch2016.png","width":718,"height":900},{"@type":"BreadcrumbList","@id":"https:\/\/shop.pfarrplatz.com\/de\/wein\/pfarrplatz-buch\/#breadcrumb","itemListElement":[{"@type":"ListItem","position":1,"name":"Startseite","item":"https:\/\/shop.pfarrplatz.com\/de\/"},{"@type":"ListItem","position":2,"name":"Produkte","item":"https:\/\/shop.pfarrplatz.com\/de\/shop\/"},{"@type":"ListItem","position":3,"name":"Pfarrplatz Buch"}]},{"@type":"WebSite","@id":"https:\/\/shop.pfarrplatz.com\/en\/#website","url":"https:\/\/shop.pfarrplatz.com\/en\/","name":"Online-Shop der Weing\u00fcter Mayer am Pfarrplatz und Rotes Haus","description":"Wein Online-Shop f\u00fcr Mayer am Pfarrplatz und Rotes Haus","alternateName":"Online-Shop der Weing\u00fcter Mayer am Pfarrplatz und Rotes Haus","potentialAction":[{"@type":"SearchAction","target":{"@type":"EntryPoint","urlTemplate":"https:\/\/shop.pfarrplatz.com\/en\/?s={search_term_string}"},"query-input":{"@type":"PropertyValueSpecification","valueRequired":true,"valueName":"search_term_string"}}],"inLanguage":"de"}]}},"_links":{"self":[{"href":"https:\/\/shop.pfarrplatz.com\/de\/wp-json\/wp\/v2\/product\/253","targetHints":{"allow":["GET"]}}],"collection":[{"href":"https:\/\/shop.pfarrplatz.com\/de\/wp-json\/wp\/v2\/product"}],"about":[{"href":"https:\/\/shop.pfarrplatz.com\/de\/wp-json\/wp\/v2\/types\/product"}],"replies":[{"embeddable":true,"href":"https:\/\/shop.pfarrplatz.com\/de\/wp-json\/wp\/v2\/comments?post=253"}],"wp:featuredmedia":[{"embeddable":true,"href":"https:\/\/shop.pfarrplatz.com\/de\/wp-json\/wp\/v2\/media\/149"}],"wp:attachment":[{"href":"https:\/\/shop.pfarrplatz.com\/de\/wp-json\/wp\/v2\/media?parent=253"}],"wp:term":[{"taxonomy":"product_brand","embeddable":true,"href":"https:\/\/shop.pfarrplatz.com\/de\/wp-json\/wp\/v2\/product_brand?post=253"},{"taxonomy":"product_cat","embeddable":true,"href":"https:\/\/shop.pfarrplatz.com\/de\/wp-json\/wp\/v2\/product_cat?post=253"},{"taxonomy":"product_tag","embeddable":true,"href":"https:\/\/shop.pfarrplatz.com\/de\/wp-json\/wp\/v2\/product_tag?post=253"}],"curies":[{"name":"wp","href":"https:\/\/api.w.org\/{rel}","templated":true}]}}