{"id":247,"date":"2018-04-21T23:53:59","date_gmt":"2018-04-21T21:53:59","guid":{"rendered":"https:\/\/localhost\/dev\/pfarrplatz\/shop\/produkt\/sekt-brut\/"},"modified":"2024-10-24T13:06:54","modified_gmt":"2024-10-24T11:06:54","slug":"sekt-brut","status":"publish","type":"product","link":"https:\/\/shop.pfarrplatz.com\/de\/wein\/sekt-brut\/","title":{"rendered":"Sekt Brut"},"content":{"rendered":"","protected":false},"excerpt":{"rendered":"<p>Zweite G\u00e4rung im Stahltank mit 9-monatigen Hefekontakt sowie einer Abrundung durch 10g Dosage. Zarte Kr\u00e4uter in der Nase. Fein-w\u00fcrzig unterlegte Frucht erinnert an Grapefruit und Kr\u00e4uter. Gut integrierte S\u00e4urestruktur mit einer feinen Perlenstruktur.<\/p>\n","protected":false},"featured_media":94708,"comment_status":"closed","ping_status":"closed","template":"","meta":[],"product_brand":[],"product_cat":[233,239],"product_tag":[],"class_list":{"0":"post-247","1":"product","2":"type-product","3":"status-publish","4":"has-post-thumbnail","6":"product_cat-mayer-am-pfarrplatz-en","7":"product_cat-sparkling-wine","8":"product_shipping_class-52","9":"pa_allergene-contains-sulfites","10":"pa_einheit-flasche-en","11":"pa_gebinde-075-en","12":"pa_geschmack-dry","13":"pa_lage-weingarten-gebietswein-en","14":"pa_lagerfaehigkeit-1-2-years","15":"pa_produkt-sparkling-wine","16":"pa_rebsorte-gruener-veltliner-en","17":"pa_trinktemperatur-6-8-c-en","18":"pa_verschluss-sparkling-wine-corc","19":"pa_weingut-mayer-am-pfarrplatz-en","21":"first","22":"instock","23":"taxable","24":"shipping-taxable","25":"purchasable","26":"product-type-simple"},"yoast_head":"<!-- This site is optimized with the Yoast SEO plugin v27.3 - https:\/\/yoast.com\/product\/yoast-seo-wordpress\/ -->\n<title>Sekt Brut - Online-Shop der Weing\u00fcter Mayer am Pfarrplatz und Rotes Haus<\/title>\n<meta name=\"robots\" content=\"index, follow, max-snippet:-1, max-image-preview:large, max-video-preview:-1\" \/>\n<link rel=\"canonical\" href=\"https:\/\/shop.pfarrplatz.com\/de\/wein\/sekt-brut\/\" \/>\n<meta property=\"og:locale\" content=\"de_DE\" \/>\n<meta property=\"og:type\" content=\"article\" \/>\n<meta property=\"og:title\" content=\"Sekt Brut - Online-Shop der Weing\u00fcter Mayer am Pfarrplatz und Rotes Haus\" \/>\n<meta property=\"og:description\" content=\"Zweite G\u00e4rung im Stahltank mit 9-monatigen Hefekontakt sowie einer Abrundung durch 10g Dosage. Zarte Kr\u00e4uter in der Nase. Fein-w\u00fcrzig unterlegte Frucht erinnert an Grapefruit und Kr\u00e4uter. Gut integrierte S\u00e4urestruktur mit einer feinen Perlenstruktur.\" \/>\n<meta property=\"og:url\" content=\"https:\/\/shop.pfarrplatz.com\/de\/wein\/sekt-brut\/\" \/>\n<meta property=\"og:site_name\" content=\"Online-Shop der Weing\u00fcter Mayer am Pfarrplatz und Rotes Haus\" \/>\n<meta property=\"article:modified_time\" content=\"2024-10-24T11:06:54+00:00\" \/>\n<meta property=\"og:image\" content=\"https:\/\/shop.pfarrplatz.com\/wp-content\/uploads\/sites\/16\/2018\/04\/SektBrut-freigestellt-326x1030.png\" \/>\n\t<meta property=\"og:image:width\" content=\"326\" \/>\n\t<meta property=\"og:image:height\" content=\"1030\" \/>\n\t<meta property=\"og:image:type\" content=\"image\/png\" \/>\n<meta name=\"twitter:card\" content=\"summary_large_image\" \/>\n<script type=\"application\/ld+json\" class=\"yoast-schema-graph\">{\"@context\":\"https:\\\/\\\/schema.org\",\"@graph\":[{\"@type\":\"WebPage\",\"@id\":\"https:\\\/\\\/shop.pfarrplatz.com\\\/de\\\/wein\\\/sekt-brut\\\/\",\"url\":\"https:\\\/\\\/shop.pfarrplatz.com\\\/de\\\/wein\\\/sekt-brut\\\/\",\"name\":\"Sekt Brut - Online-Shop der Weing\u00fcter Mayer am Pfarrplatz und Rotes Haus\",\"isPartOf\":{\"@id\":\"https:\\\/\\\/shop.pfarrplatz.com\\\/en\\\/#website\"},\"primaryImageOfPage\":{\"@id\":\"https:\\\/\\\/shop.pfarrplatz.com\\\/de\\\/wein\\\/sekt-brut\\\/#primaryimage\"},\"image\":{\"@id\":\"https:\\\/\\\/shop.pfarrplatz.com\\\/de\\\/wein\\\/sekt-brut\\\/#primaryimage\"},\"thumbnailUrl\":\"https:\\\/\\\/shop.pfarrplatz.com\\\/wp-content\\\/uploads\\\/sites\\\/16\\\/2018\\\/04\\\/SektBrut-freigestellt.png\",\"datePublished\":\"2018-04-21T21:53:59+00:00\",\"dateModified\":\"2024-10-24T11:06:54+00:00\",\"breadcrumb\":{\"@id\":\"https:\\\/\\\/shop.pfarrplatz.com\\\/de\\\/wein\\\/sekt-brut\\\/#breadcrumb\"},\"inLanguage\":\"de\",\"potentialAction\":[{\"@type\":\"ReadAction\",\"target\":[\"https:\\\/\\\/shop.pfarrplatz.com\\\/de\\\/wein\\\/sekt-brut\\\/\"]}]},{\"@type\":\"ImageObject\",\"inLanguage\":\"de\",\"@id\":\"https:\\\/\\\/shop.pfarrplatz.com\\\/de\\\/wein\\\/sekt-brut\\\/#primaryimage\",\"url\":\"https:\\\/\\\/shop.pfarrplatz.com\\\/wp-content\\\/uploads\\\/sites\\\/16\\\/2018\\\/04\\\/SektBrut-freigestellt.png\",\"contentUrl\":\"https:\\\/\\\/shop.pfarrplatz.com\\\/wp-content\\\/uploads\\\/sites\\\/16\\\/2018\\\/04\\\/SektBrut-freigestellt.png\",\"width\":2381,\"height\":7528},{\"@type\":\"BreadcrumbList\",\"@id\":\"https:\\\/\\\/shop.pfarrplatz.com\\\/de\\\/wein\\\/sekt-brut\\\/#breadcrumb\",\"itemListElement\":[{\"@type\":\"ListItem\",\"position\":1,\"name\":\"Startseite\",\"item\":\"https:\\\/\\\/shop.pfarrplatz.com\\\/de\\\/\"},{\"@type\":\"ListItem\",\"position\":2,\"name\":\"Produkte\",\"item\":\"https:\\\/\\\/shop.pfarrplatz.com\\\/de\\\/shop\\\/\"},{\"@type\":\"ListItem\",\"position\":3,\"name\":\"Sekt Brut\"}]},{\"@type\":\"WebSite\",\"@id\":\"https:\\\/\\\/shop.pfarrplatz.com\\\/en\\\/#website\",\"url\":\"https:\\\/\\\/shop.pfarrplatz.com\\\/en\\\/\",\"name\":\"Online-Shop der Weing\u00fcter Mayer am Pfarrplatz und Rotes Haus\",\"description\":\"Wein Online-Shop f\u00fcr Mayer am Pfarrplatz und Rotes Haus\",\"alternateName\":\"Online-Shop der Weing\u00fcter Mayer am Pfarrplatz und Rotes Haus\",\"potentialAction\":[{\"@type\":\"SearchAction\",\"target\":{\"@type\":\"EntryPoint\",\"urlTemplate\":\"https:\\\/\\\/shop.pfarrplatz.com\\\/en\\\/?s={search_term_string}\"},\"query-input\":{\"@type\":\"PropertyValueSpecification\",\"valueRequired\":true,\"valueName\":\"search_term_string\"}}],\"inLanguage\":\"de\"}]}<\/script>\n<!-- \/ Yoast SEO plugin. -->","yoast_head_json":{"title":"Sekt Brut - Online-Shop der Weing\u00fcter Mayer am Pfarrplatz und Rotes Haus","robots":{"index":"index","follow":"follow","max-snippet":"max-snippet:-1","max-image-preview":"max-image-preview:large","max-video-preview":"max-video-preview:-1"},"canonical":"https:\/\/shop.pfarrplatz.com\/de\/wein\/sekt-brut\/","og_locale":"de_DE","og_type":"article","og_title":"Sekt Brut - Online-Shop der Weing\u00fcter Mayer am Pfarrplatz und Rotes Haus","og_description":"Zweite G\u00e4rung im Stahltank mit 9-monatigen Hefekontakt sowie einer Abrundung durch 10g Dosage. Zarte Kr\u00e4uter in der Nase. Fein-w\u00fcrzig unterlegte Frucht erinnert an Grapefruit und Kr\u00e4uter. Gut integrierte S\u00e4urestruktur mit einer feinen Perlenstruktur.","og_url":"https:\/\/shop.pfarrplatz.com\/de\/wein\/sekt-brut\/","og_site_name":"Online-Shop der Weing\u00fcter Mayer am Pfarrplatz und Rotes Haus","article_modified_time":"2024-10-24T11:06:54+00:00","og_image":[{"width":326,"height":1030,"url":"https:\/\/shop.pfarrplatz.com\/wp-content\/uploads\/sites\/16\/2018\/04\/SektBrut-freigestellt-326x1030.png","type":"image\/png"}],"twitter_card":"summary_large_image","schema":{"@context":"https:\/\/schema.org","@graph":[{"@type":"WebPage","@id":"https:\/\/shop.pfarrplatz.com\/de\/wein\/sekt-brut\/","url":"https:\/\/shop.pfarrplatz.com\/de\/wein\/sekt-brut\/","name":"Sekt Brut - Online-Shop der Weing\u00fcter Mayer am Pfarrplatz und Rotes Haus","isPartOf":{"@id":"https:\/\/shop.pfarrplatz.com\/en\/#website"},"primaryImageOfPage":{"@id":"https:\/\/shop.pfarrplatz.com\/de\/wein\/sekt-brut\/#primaryimage"},"image":{"@id":"https:\/\/shop.pfarrplatz.com\/de\/wein\/sekt-brut\/#primaryimage"},"thumbnailUrl":"https:\/\/shop.pfarrplatz.com\/wp-content\/uploads\/sites\/16\/2018\/04\/SektBrut-freigestellt.png","datePublished":"2018-04-21T21:53:59+00:00","dateModified":"2024-10-24T11:06:54+00:00","breadcrumb":{"@id":"https:\/\/shop.pfarrplatz.com\/de\/wein\/sekt-brut\/#breadcrumb"},"inLanguage":"de","potentialAction":[{"@type":"ReadAction","target":["https:\/\/shop.pfarrplatz.com\/de\/wein\/sekt-brut\/"]}]},{"@type":"ImageObject","inLanguage":"de","@id":"https:\/\/shop.pfarrplatz.com\/de\/wein\/sekt-brut\/#primaryimage","url":"https:\/\/shop.pfarrplatz.com\/wp-content\/uploads\/sites\/16\/2018\/04\/SektBrut-freigestellt.png","contentUrl":"https:\/\/shop.pfarrplatz.com\/wp-content\/uploads\/sites\/16\/2018\/04\/SektBrut-freigestellt.png","width":2381,"height":7528},{"@type":"BreadcrumbList","@id":"https:\/\/shop.pfarrplatz.com\/de\/wein\/sekt-brut\/#breadcrumb","itemListElement":[{"@type":"ListItem","position":1,"name":"Startseite","item":"https:\/\/shop.pfarrplatz.com\/de\/"},{"@type":"ListItem","position":2,"name":"Produkte","item":"https:\/\/shop.pfarrplatz.com\/de\/shop\/"},{"@type":"ListItem","position":3,"name":"Sekt Brut"}]},{"@type":"WebSite","@id":"https:\/\/shop.pfarrplatz.com\/en\/#website","url":"https:\/\/shop.pfarrplatz.com\/en\/","name":"Online-Shop der Weing\u00fcter Mayer am Pfarrplatz und Rotes Haus","description":"Wein Online-Shop f\u00fcr Mayer am Pfarrplatz und Rotes Haus","alternateName":"Online-Shop der Weing\u00fcter Mayer am Pfarrplatz und Rotes Haus","potentialAction":[{"@type":"SearchAction","target":{"@type":"EntryPoint","urlTemplate":"https:\/\/shop.pfarrplatz.com\/en\/?s={search_term_string}"},"query-input":{"@type":"PropertyValueSpecification","valueRequired":true,"valueName":"search_term_string"}}],"inLanguage":"de"}]}},"_links":{"self":[{"href":"https:\/\/shop.pfarrplatz.com\/de\/wp-json\/wp\/v2\/product\/247","targetHints":{"allow":["GET"]}}],"collection":[{"href":"https:\/\/shop.pfarrplatz.com\/de\/wp-json\/wp\/v2\/product"}],"about":[{"href":"https:\/\/shop.pfarrplatz.com\/de\/wp-json\/wp\/v2\/types\/product"}],"replies":[{"embeddable":true,"href":"https:\/\/shop.pfarrplatz.com\/de\/wp-json\/wp\/v2\/comments?post=247"}],"wp:featuredmedia":[{"embeddable":true,"href":"https:\/\/shop.pfarrplatz.com\/de\/wp-json\/wp\/v2\/media\/94708"}],"wp:attachment":[{"href":"https:\/\/shop.pfarrplatz.com\/de\/wp-json\/wp\/v2\/media?parent=247"}],"wp:term":[{"taxonomy":"product_brand","embeddable":true,"href":"https:\/\/shop.pfarrplatz.com\/de\/wp-json\/wp\/v2\/product_brand?post=247"},{"taxonomy":"product_cat","embeddable":true,"href":"https:\/\/shop.pfarrplatz.com\/de\/wp-json\/wp\/v2\/product_cat?post=247"},{"taxonomy":"product_tag","embeddable":true,"href":"https:\/\/shop.pfarrplatz.com\/de\/wp-json\/wp\/v2\/product_tag?post=247"}],"curies":[{"name":"wp","href":"https:\/\/api.w.org\/{rel}","templated":true}]}}