{"id":17021,"date":"2021-02-01T16:15:03","date_gmt":"2021-02-01T15:15:03","guid":{"rendered":"https:\/\/shop.pfarrplatz.com\/?post_type=product&#038;p=17021"},"modified":"2026-03-12T14:06:21","modified_gmt":"2026-03-12T13:06:21","slug":"fraeulein-rose-von-doebling-magnum","status":"publish","type":"product","link":"https:\/\/shop.pfarrplatz.com\/de\/wein\/fraeulein-rose-von-doebling-magnum\/","title":{"rendered":"Fr\u00e4ulein Ros\u00e9 Magnum"},"content":{"rendered":"","protected":false},"excerpt":{"rendered":"<p>Zartes Lachsrosa, feine Waldbeeren- und Ribiselaromen, ausbalanciert und h\u00f6chst elegant am Gaumen, mit mineralischem Nachhall.<\/p>\n","protected":false},"featured_media":94724,"comment_status":"closed","ping_status":"closed","template":"","meta":[],"product_brand":[],"product_cat":[217,167,47],"product_tag":[],"class_list":{"0":"post-17021","1":"product","2":"type-product","3":"status-publish","4":"has-post-thumbnail","6":"product_cat-besonderes","7":"product_cat-mayer-am-pfarrplatz","8":"product_cat-rose","9":"product_shipping_class-52","10":"pa_allergene-contains-sulfites-2","11":"pa_einheit-flasche","12":"pa_gebinde-117","13":"pa_geschmack-dry-2","14":"pa_jahrgang-807","15":"pa_lage-weingarten-gebietswein","16":"pa_lagerfaehigkeit-1-2-years-2","17":"pa_produkt-rose","18":"pa_qualitaetsstufe-klassikwein","19":"pa_rebsorte-pinot-noir","20":"pa_trinktemperatur-9-11-c","21":"pa_verschluss-screw-2","22":"pa_weingut-mayer-am-pfarrplatz","24":"first","25":"instock","26":"taxable","27":"shipping-taxable","28":"purchasable","29":"product-type-simple"},"yoast_head":"<!-- This site is optimized with the Yoast SEO plugin v27.3 - https:\/\/yoast.com\/product\/yoast-seo-wordpress\/ -->\n<title>Fr\u00e4ulein Ros\u00e9 Magnum - Online-Shop der Weing\u00fcter Mayer am Pfarrplatz und Rotes Haus<\/title>\n<meta name=\"robots\" content=\"index, follow, max-snippet:-1, max-image-preview:large, max-video-preview:-1\" \/>\n<link rel=\"canonical\" href=\"https:\/\/shop.pfarrplatz.com\/de\/wein\/fraeulein-rose-von-doebling-magnum\/\" \/>\n<meta property=\"og:locale\" content=\"de_DE\" \/>\n<meta property=\"og:type\" content=\"article\" \/>\n<meta property=\"og:title\" content=\"Fr\u00e4ulein Ros\u00e9 Magnum - Online-Shop der Weing\u00fcter Mayer am Pfarrplatz und Rotes Haus\" \/>\n<meta property=\"og:description\" content=\"Zartes Lachsrosa, feine Waldbeeren- und Ribiselaromen, ausbalanciert und h\u00f6chst elegant am Gaumen, mit mineralischem Nachhall.\" \/>\n<meta property=\"og:url\" content=\"https:\/\/shop.pfarrplatz.com\/de\/wein\/fraeulein-rose-von-doebling-magnum\/\" \/>\n<meta property=\"og:site_name\" content=\"Online-Shop der Weing\u00fcter Mayer am Pfarrplatz und Rotes Haus\" \/>\n<meta property=\"article:modified_time\" content=\"2026-03-12T13:06:21+00:00\" \/>\n<meta property=\"og:image\" content=\"https:\/\/shop.pfarrplatz.com\/wp-content\/uploads\/sites\/16\/2021\/02\/Mayer_FraeuleinRose_72dpi_Web_Magnum.png\" \/>\n\t<meta property=\"og:image:width\" content=\"429\" \/>\n\t<meta property=\"og:image:height\" content=\"900\" \/>\n\t<meta property=\"og:image:type\" content=\"image\/png\" \/>\n<meta name=\"twitter:card\" content=\"summary_large_image\" \/>\n<meta name=\"twitter:label1\" content=\"Gesch\u00e4tzte Lesezeit\" \/>\n\t<meta name=\"twitter:data1\" content=\"1\u00a0Minute\" \/>\n<script type=\"application\/ld+json\" class=\"yoast-schema-graph\">{\"@context\":\"https:\\\/\\\/schema.org\",\"@graph\":[{\"@type\":\"WebPage\",\"@id\":\"https:\\\/\\\/shop.pfarrplatz.com\\\/de\\\/wein\\\/fraeulein-rose-von-doebling-magnum\\\/\",\"url\":\"https:\\\/\\\/shop.pfarrplatz.com\\\/de\\\/wein\\\/fraeulein-rose-von-doebling-magnum\\\/\",\"name\":\"Fr\u00e4ulein Ros\u00e9 Magnum - Online-Shop der Weing\u00fcter Mayer am Pfarrplatz und Rotes Haus\",\"isPartOf\":{\"@id\":\"https:\\\/\\\/shop.pfarrplatz.com\\\/en\\\/#website\"},\"primaryImageOfPage\":{\"@id\":\"https:\\\/\\\/shop.pfarrplatz.com\\\/de\\\/wein\\\/fraeulein-rose-von-doebling-magnum\\\/#primaryimage\"},\"image\":{\"@id\":\"https:\\\/\\\/shop.pfarrplatz.com\\\/de\\\/wein\\\/fraeulein-rose-von-doebling-magnum\\\/#primaryimage\"},\"thumbnailUrl\":\"https:\\\/\\\/shop.pfarrplatz.com\\\/wp-content\\\/uploads\\\/sites\\\/16\\\/2021\\\/02\\\/Mayer_FraeuleinRose_72dpi_Web_Magnum.png\",\"datePublished\":\"2021-02-01T15:15:03+00:00\",\"dateModified\":\"2026-03-12T13:06:21+00:00\",\"breadcrumb\":{\"@id\":\"https:\\\/\\\/shop.pfarrplatz.com\\\/de\\\/wein\\\/fraeulein-rose-von-doebling-magnum\\\/#breadcrumb\"},\"inLanguage\":\"de\",\"potentialAction\":[{\"@type\":\"ReadAction\",\"target\":[\"https:\\\/\\\/shop.pfarrplatz.com\\\/de\\\/wein\\\/fraeulein-rose-von-doebling-magnum\\\/\"]}]},{\"@type\":\"ImageObject\",\"inLanguage\":\"de\",\"@id\":\"https:\\\/\\\/shop.pfarrplatz.com\\\/de\\\/wein\\\/fraeulein-rose-von-doebling-magnum\\\/#primaryimage\",\"url\":\"https:\\\/\\\/shop.pfarrplatz.com\\\/wp-content\\\/uploads\\\/sites\\\/16\\\/2021\\\/02\\\/Mayer_FraeuleinRose_72dpi_Web_Magnum.png\",\"contentUrl\":\"https:\\\/\\\/shop.pfarrplatz.com\\\/wp-content\\\/uploads\\\/sites\\\/16\\\/2021\\\/02\\\/Mayer_FraeuleinRose_72dpi_Web_Magnum.png\",\"width\":429,\"height\":900},{\"@type\":\"BreadcrumbList\",\"@id\":\"https:\\\/\\\/shop.pfarrplatz.com\\\/de\\\/wein\\\/fraeulein-rose-von-doebling-magnum\\\/#breadcrumb\",\"itemListElement\":[{\"@type\":\"ListItem\",\"position\":1,\"name\":\"Startseite\",\"item\":\"https:\\\/\\\/shop.pfarrplatz.com\\\/de\\\/\"},{\"@type\":\"ListItem\",\"position\":2,\"name\":\"Produkte\",\"item\":\"https:\\\/\\\/shop.pfarrplatz.com\\\/de\\\/shop\\\/\"},{\"@type\":\"ListItem\",\"position\":3,\"name\":\"Fr\u00e4ulein Ros\u00e9 Magnum\"}]},{\"@type\":\"WebSite\",\"@id\":\"https:\\\/\\\/shop.pfarrplatz.com\\\/en\\\/#website\",\"url\":\"https:\\\/\\\/shop.pfarrplatz.com\\\/en\\\/\",\"name\":\"Online-Shop der Weing\u00fcter Mayer am Pfarrplatz und Rotes Haus\",\"description\":\"Wein Online-Shop f\u00fcr Mayer am Pfarrplatz und Rotes Haus\",\"alternateName\":\"Online-Shop der Weing\u00fcter Mayer am Pfarrplatz und Rotes Haus\",\"potentialAction\":[{\"@type\":\"SearchAction\",\"target\":{\"@type\":\"EntryPoint\",\"urlTemplate\":\"https:\\\/\\\/shop.pfarrplatz.com\\\/en\\\/?s={search_term_string}\"},\"query-input\":{\"@type\":\"PropertyValueSpecification\",\"valueRequired\":true,\"valueName\":\"search_term_string\"}}],\"inLanguage\":\"de\"}]}<\/script>\n<!-- \/ Yoast SEO plugin. -->","yoast_head_json":{"title":"Fr\u00e4ulein Ros\u00e9 Magnum - Online-Shop der Weing\u00fcter Mayer am Pfarrplatz und Rotes Haus","robots":{"index":"index","follow":"follow","max-snippet":"max-snippet:-1","max-image-preview":"max-image-preview:large","max-video-preview":"max-video-preview:-1"},"canonical":"https:\/\/shop.pfarrplatz.com\/de\/wein\/fraeulein-rose-von-doebling-magnum\/","og_locale":"de_DE","og_type":"article","og_title":"Fr\u00e4ulein Ros\u00e9 Magnum - Online-Shop der Weing\u00fcter Mayer am Pfarrplatz und Rotes Haus","og_description":"Zartes Lachsrosa, feine Waldbeeren- und Ribiselaromen, ausbalanciert und h\u00f6chst elegant am Gaumen, mit mineralischem Nachhall.","og_url":"https:\/\/shop.pfarrplatz.com\/de\/wein\/fraeulein-rose-von-doebling-magnum\/","og_site_name":"Online-Shop der Weing\u00fcter Mayer am Pfarrplatz und Rotes Haus","article_modified_time":"2026-03-12T13:06:21+00:00","og_image":[{"width":429,"height":900,"url":"https:\/\/shop.pfarrplatz.com\/wp-content\/uploads\/sites\/16\/2021\/02\/Mayer_FraeuleinRose_72dpi_Web_Magnum.png","type":"image\/png"}],"twitter_card":"summary_large_image","twitter_misc":{"Gesch\u00e4tzte Lesezeit":"1\u00a0Minute"},"schema":{"@context":"https:\/\/schema.org","@graph":[{"@type":"WebPage","@id":"https:\/\/shop.pfarrplatz.com\/de\/wein\/fraeulein-rose-von-doebling-magnum\/","url":"https:\/\/shop.pfarrplatz.com\/de\/wein\/fraeulein-rose-von-doebling-magnum\/","name":"Fr\u00e4ulein Ros\u00e9 Magnum - Online-Shop der Weing\u00fcter Mayer am Pfarrplatz und Rotes Haus","isPartOf":{"@id":"https:\/\/shop.pfarrplatz.com\/en\/#website"},"primaryImageOfPage":{"@id":"https:\/\/shop.pfarrplatz.com\/de\/wein\/fraeulein-rose-von-doebling-magnum\/#primaryimage"},"image":{"@id":"https:\/\/shop.pfarrplatz.com\/de\/wein\/fraeulein-rose-von-doebling-magnum\/#primaryimage"},"thumbnailUrl":"https:\/\/shop.pfarrplatz.com\/wp-content\/uploads\/sites\/16\/2021\/02\/Mayer_FraeuleinRose_72dpi_Web_Magnum.png","datePublished":"2021-02-01T15:15:03+00:00","dateModified":"2026-03-12T13:06:21+00:00","breadcrumb":{"@id":"https:\/\/shop.pfarrplatz.com\/de\/wein\/fraeulein-rose-von-doebling-magnum\/#breadcrumb"},"inLanguage":"de","potentialAction":[{"@type":"ReadAction","target":["https:\/\/shop.pfarrplatz.com\/de\/wein\/fraeulein-rose-von-doebling-magnum\/"]}]},{"@type":"ImageObject","inLanguage":"de","@id":"https:\/\/shop.pfarrplatz.com\/de\/wein\/fraeulein-rose-von-doebling-magnum\/#primaryimage","url":"https:\/\/shop.pfarrplatz.com\/wp-content\/uploads\/sites\/16\/2021\/02\/Mayer_FraeuleinRose_72dpi_Web_Magnum.png","contentUrl":"https:\/\/shop.pfarrplatz.com\/wp-content\/uploads\/sites\/16\/2021\/02\/Mayer_FraeuleinRose_72dpi_Web_Magnum.png","width":429,"height":900},{"@type":"BreadcrumbList","@id":"https:\/\/shop.pfarrplatz.com\/de\/wein\/fraeulein-rose-von-doebling-magnum\/#breadcrumb","itemListElement":[{"@type":"ListItem","position":1,"name":"Startseite","item":"https:\/\/shop.pfarrplatz.com\/de\/"},{"@type":"ListItem","position":2,"name":"Produkte","item":"https:\/\/shop.pfarrplatz.com\/de\/shop\/"},{"@type":"ListItem","position":3,"name":"Fr\u00e4ulein Ros\u00e9 Magnum"}]},{"@type":"WebSite","@id":"https:\/\/shop.pfarrplatz.com\/en\/#website","url":"https:\/\/shop.pfarrplatz.com\/en\/","name":"Online-Shop der Weing\u00fcter Mayer am Pfarrplatz und Rotes Haus","description":"Wein Online-Shop f\u00fcr Mayer am Pfarrplatz und Rotes Haus","alternateName":"Online-Shop der Weing\u00fcter Mayer am Pfarrplatz und Rotes Haus","potentialAction":[{"@type":"SearchAction","target":{"@type":"EntryPoint","urlTemplate":"https:\/\/shop.pfarrplatz.com\/en\/?s={search_term_string}"},"query-input":{"@type":"PropertyValueSpecification","valueRequired":true,"valueName":"search_term_string"}}],"inLanguage":"de"}]}},"_links":{"self":[{"href":"https:\/\/shop.pfarrplatz.com\/de\/wp-json\/wp\/v2\/product\/17021","targetHints":{"allow":["GET"]}}],"collection":[{"href":"https:\/\/shop.pfarrplatz.com\/de\/wp-json\/wp\/v2\/product"}],"about":[{"href":"https:\/\/shop.pfarrplatz.com\/de\/wp-json\/wp\/v2\/types\/product"}],"replies":[{"embeddable":true,"href":"https:\/\/shop.pfarrplatz.com\/de\/wp-json\/wp\/v2\/comments?post=17021"}],"wp:featuredmedia":[{"embeddable":true,"href":"https:\/\/shop.pfarrplatz.com\/de\/wp-json\/wp\/v2\/media\/94724"}],"wp:attachment":[{"href":"https:\/\/shop.pfarrplatz.com\/de\/wp-json\/wp\/v2\/media?parent=17021"}],"wp:term":[{"taxonomy":"product_brand","embeddable":true,"href":"https:\/\/shop.pfarrplatz.com\/de\/wp-json\/wp\/v2\/product_brand?post=17021"},{"taxonomy":"product_cat","embeddable":true,"href":"https:\/\/shop.pfarrplatz.com\/de\/wp-json\/wp\/v2\/product_cat?post=17021"},{"taxonomy":"product_tag","embeddable":true,"href":"https:\/\/shop.pfarrplatz.com\/de\/wp-json\/wp\/v2\/product_tag?post=17021"}],"curies":[{"name":"wp","href":"https:\/\/api.w.org\/{rel}","templated":true}]}}