{"id":105468,"date":"2026-03-02T13:48:43","date_gmt":"2026-03-02T12:48:43","guid":{"rendered":"https:\/\/shop-2025.pfarrplatz.vollwerbung.at\/wein\/siegerkollektion\/"},"modified":"2026-04-09T22:20:03","modified_gmt":"2026-04-09T20:20:03","slug":"siegerkollektion","status":"publish","type":"product","link":"https:\/\/shop.pfarrplatz.com\/de\/wein\/siegerkollektion\/","title":{"rendered":"Siegerkollektion"},"content":{"rendered":"","protected":false},"excerpt":{"rendered":"<p>Unsere Siegerkollektion beinhaltet je eine Flasche unserer h\u00f6chstbewerteten Weine:<\/p>\n<ul>\n<li>Ried Langteufel Nussberg 1\u00d6TW Wiener Gemischter Satz DAC 2024 Rotes Haus<\/li>\n<li>Ried Obere Schos Nussberg Chardonnay 2023 Rotes Haus<\/li>\n<li>Ried Rosengartel Nussberg 1\u00d6TW Riesling 2023 Mayer am Pfarrplatz<\/li>\n<li>Nussberg Weisser Marmor Riesling 2024 Mayer am Pfarrplatz<\/li>\n<li>Ried Preussen Nussberg 1\u00d6TW Riesling 2024 Mayer am Pfarrplatz<\/li>\n<li>Ried Langteufel Nussberg 1\u00d6TW Wiener Gemischter Satz DAC 2024 Mayer am Pfarrplatz<\/li>\n<\/ul>\n<p>Frei Haus Lieferung in \u00d6sterreich und nach Deutschland.<\/p>\n<p><em><small>*Paket nicht mit Rabatten und Gutscheinen kombinierbar.<\/small><\/em><\/p>\n","protected":false},"featured_media":105479,"comment_status":"closed","ping_status":"closed","template":"","meta":[],"product_brand":[],"product_cat":[369,794],"product_tag":[],"class_list":{"0":"post-105468","1":"product","2":"type-product","3":"status-publish","4":"has-post-thumbnail","6":"product_cat-gutscheine","7":"product_cat-pakete","8":"product_shipping_class-aktion","10":"first","11":"instock","12":"featured","13":"taxable","14":"shipping-taxable","15":"purchasable","16":"product-type-simple"},"yoast_head":"<!-- This site is optimized with the Yoast SEO plugin v27.3 - https:\/\/yoast.com\/product\/yoast-seo-wordpress\/ -->\n<title>Siegerkollektion - Online-Shop der Weing\u00fcter Mayer am Pfarrplatz und Rotes Haus<\/title>\n<meta name=\"robots\" content=\"index, follow, max-snippet:-1, max-image-preview:large, max-video-preview:-1\" \/>\n<link rel=\"canonical\" href=\"https:\/\/shop.pfarrplatz.com\/de\/wein\/siegerkollektion\/\" \/>\n<meta property=\"og:locale\" content=\"de_DE\" \/>\n<meta property=\"og:type\" content=\"article\" \/>\n<meta property=\"og:title\" content=\"Siegerkollektion - Online-Shop der Weing\u00fcter Mayer am Pfarrplatz und Rotes Haus\" \/>\n<meta property=\"og:description\" content=\"Unsere Siegerkollektion beinhaltet je eine Flasche unserer h\u00f6chstbewerteten Weine:   Ried Langteufel Nussberg 1\u00d6TW Wiener Gemischter Satz DAC 2024 Rotes Haus  Ried Obere Schos Nussberg Chardonnay 2023 Rotes Haus  Ried Rosengartel Nussberg 1\u00d6TW Riesling 2023 Mayer am Pfarrplatz  Nussberg Weisser Marmor Riesling 2024 Mayer am Pfarrplatz  Ried Preussen Nussberg 1\u00d6TW Riesling 2024 Mayer am Pfarrplatz  Ried Langteufel Nussberg 1\u00d6TW Wiener Gemischter Satz DAC 2024 Mayer am Pfarrplatz  Frei Haus Lieferung in \u00d6sterreich und nach Deutschland.  *Paket nicht mit Rabatten und Gutscheinen kombinierbar.\" \/>\n<meta property=\"og:url\" content=\"https:\/\/shop.pfarrplatz.com\/de\/wein\/siegerkollektion\/\" \/>\n<meta property=\"og:site_name\" content=\"Online-Shop der Weing\u00fcter Mayer am Pfarrplatz und Rotes Haus\" \/>\n<meta property=\"article:publisher\" content=\"https:\/\/www.facebook.com\/mayerampfarrplatz\" \/>\n<meta property=\"article:modified_time\" content=\"2026-04-09T20:20:03+00:00\" \/>\n<meta property=\"og:image\" content=\"https:\/\/shop.pfarrplatz.com\/wp-content\/uploads\/2026\/03\/Guide-Paket-psfix_hoch.webp\" \/>\n\t<meta property=\"og:image:width\" content=\"1500\" \/>\n\t<meta property=\"og:image:height\" content=\"1907\" \/>\n\t<meta property=\"og:image:type\" content=\"image\/webp\" \/>\n<meta name=\"twitter:card\" content=\"summary_large_image\" \/>\n<script type=\"application\/ld+json\" class=\"yoast-schema-graph\">{\"@context\":\"https:\\\/\\\/schema.org\",\"@graph\":[{\"@type\":\"WebPage\",\"@id\":\"https:\\\/\\\/shop.pfarrplatz.com\\\/de\\\/wein\\\/siegerkollektion\\\/\",\"url\":\"https:\\\/\\\/shop.pfarrplatz.com\\\/de\\\/wein\\\/siegerkollektion\\\/\",\"name\":\"Siegerkollektion - Online-Shop der Weing\u00fcter Mayer am Pfarrplatz und Rotes Haus\",\"isPartOf\":{\"@id\":\"https:\\\/\\\/shop.pfarrplatz.com\\\/de\\\/#website\"},\"primaryImageOfPage\":{\"@id\":\"https:\\\/\\\/shop.pfarrplatz.com\\\/de\\\/wein\\\/siegerkollektion\\\/#primaryimage\"},\"image\":{\"@id\":\"https:\\\/\\\/shop.pfarrplatz.com\\\/de\\\/wein\\\/siegerkollektion\\\/#primaryimage\"},\"thumbnailUrl\":\"https:\\\/\\\/shop.pfarrplatz.com\\\/wp-content\\\/uploads\\\/2026\\\/03\\\/Guide-Paket-psfix_hoch.webp\",\"datePublished\":\"2026-03-02T12:48:43+00:00\",\"dateModified\":\"2026-04-09T20:20:03+00:00\",\"breadcrumb\":{\"@id\":\"https:\\\/\\\/shop.pfarrplatz.com\\\/de\\\/wein\\\/siegerkollektion\\\/#breadcrumb\"},\"inLanguage\":\"de\",\"potentialAction\":[{\"@type\":\"ReadAction\",\"target\":[\"https:\\\/\\\/shop.pfarrplatz.com\\\/de\\\/wein\\\/siegerkollektion\\\/\"]}]},{\"@type\":\"ImageObject\",\"inLanguage\":\"de\",\"@id\":\"https:\\\/\\\/shop.pfarrplatz.com\\\/de\\\/wein\\\/siegerkollektion\\\/#primaryimage\",\"url\":\"https:\\\/\\\/shop.pfarrplatz.com\\\/wp-content\\\/uploads\\\/2026\\\/03\\\/Guide-Paket-psfix_hoch.webp\",\"contentUrl\":\"https:\\\/\\\/shop.pfarrplatz.com\\\/wp-content\\\/uploads\\\/2026\\\/03\\\/Guide-Paket-psfix_hoch.webp\",\"width\":1500,\"height\":1907},{\"@type\":\"BreadcrumbList\",\"@id\":\"https:\\\/\\\/shop.pfarrplatz.com\\\/de\\\/wein\\\/siegerkollektion\\\/#breadcrumb\",\"itemListElement\":[{\"@type\":\"ListItem\",\"position\":1,\"name\":\"Start\",\"item\":\"https:\\\/\\\/shop.pfarrplatz.com\\\/de\\\/\"},{\"@type\":\"ListItem\",\"position\":2,\"name\":\"Shop\",\"item\":\"https:\\\/\\\/shop.pfarrplatz.com\\\/de\\\/shop\\\/\"},{\"@type\":\"ListItem\",\"position\":3,\"name\":\"Siegerkollektion\"}]},{\"@type\":\"WebSite\",\"@id\":\"https:\\\/\\\/shop.pfarrplatz.com\\\/de\\\/#website\",\"url\":\"https:\\\/\\\/shop.pfarrplatz.com\\\/de\\\/\",\"name\":\"Online-Shop der Weing\u00fcter Mayer am Pfarrplatz und Rotes Haus\",\"description\":\"Von den 10 besten Weinen Wiens sind 6 von den Weing\u00fctern Mayer am Pfarrplatz und Rotes Haus\",\"publisher\":{\"@id\":\"https:\\\/\\\/shop.pfarrplatz.com\\\/de\\\/#organization\"},\"potentialAction\":[{\"@type\":\"SearchAction\",\"target\":{\"@type\":\"EntryPoint\",\"urlTemplate\":\"https:\\\/\\\/shop.pfarrplatz.com\\\/de\\\/?s={search_term_string}\"},\"query-input\":{\"@type\":\"PropertyValueSpecification\",\"valueRequired\":true,\"valueName\":\"search_term_string\"}}],\"inLanguage\":\"de\"},{\"@type\":\"Organization\",\"@id\":\"https:\\\/\\\/shop.pfarrplatz.com\\\/de\\\/#organization\",\"name\":\"Mayer am Pfarrplatz und Rotes Haus\",\"alternateName\":\"VWG \u201eVienna 19\u201c Wein GmbH\",\"url\":\"https:\\\/\\\/shop.pfarrplatz.com\\\/de\\\/\",\"logo\":{\"@type\":\"ImageObject\",\"inLanguage\":\"de\",\"@id\":\"https:\\\/\\\/shop.pfarrplatz.com\\\/de\\\/#\\\/schema\\\/logo\\\/image\\\/\",\"url\":\"https:\\\/\\\/shop.pfarrplatz.com\\\/wp-content\\\/uploads\\\/2018\\\/06\\\/weingut_mayer_am_pfarrplatz_logo.png\",\"contentUrl\":\"https:\\\/\\\/shop.pfarrplatz.com\\\/wp-content\\\/uploads\\\/2018\\\/06\\\/weingut_mayer_am_pfarrplatz_logo.png\",\"width\":124,\"height\":106,\"caption\":\"Mayer am Pfarrplatz und Rotes Haus\"},\"image\":{\"@id\":\"https:\\\/\\\/shop.pfarrplatz.com\\\/de\\\/#\\\/schema\\\/logo\\\/image\\\/\"},\"sameAs\":[\"https:\\\/\\\/www.facebook.com\\\/mayerampfarrplatz\",\"https:\\\/\\\/www.instagram.com\\\/mayerampfarrplatz.pfarrwirt\\\/\"]}]}<\/script>\n<!-- \/ Yoast SEO plugin. -->","yoast_head_json":{"title":"Siegerkollektion - Online-Shop der Weing\u00fcter Mayer am Pfarrplatz und Rotes Haus","robots":{"index":"index","follow":"follow","max-snippet":"max-snippet:-1","max-image-preview":"max-image-preview:large","max-video-preview":"max-video-preview:-1"},"canonical":"https:\/\/shop.pfarrplatz.com\/de\/wein\/siegerkollektion\/","og_locale":"de_DE","og_type":"article","og_title":"Siegerkollektion - Online-Shop der Weing\u00fcter Mayer am Pfarrplatz und Rotes Haus","og_description":"Unsere Siegerkollektion beinhaltet je eine Flasche unserer h\u00f6chstbewerteten Weine:   Ried Langteufel Nussberg 1\u00d6TW Wiener Gemischter Satz DAC 2024 Rotes Haus  Ried Obere Schos Nussberg Chardonnay 2023 Rotes Haus  Ried Rosengartel Nussberg 1\u00d6TW Riesling 2023 Mayer am Pfarrplatz  Nussberg Weisser Marmor Riesling 2024 Mayer am Pfarrplatz  Ried Preussen Nussberg 1\u00d6TW Riesling 2024 Mayer am Pfarrplatz  Ried Langteufel Nussberg 1\u00d6TW Wiener Gemischter Satz DAC 2024 Mayer am Pfarrplatz  Frei Haus Lieferung in \u00d6sterreich und nach Deutschland.  *Paket nicht mit Rabatten und Gutscheinen kombinierbar.","og_url":"https:\/\/shop.pfarrplatz.com\/de\/wein\/siegerkollektion\/","og_site_name":"Online-Shop der Weing\u00fcter Mayer am Pfarrplatz und Rotes Haus","article_publisher":"https:\/\/www.facebook.com\/mayerampfarrplatz","article_modified_time":"2026-04-09T20:20:03+00:00","og_image":[{"width":1500,"height":1907,"url":"https:\/\/shop.pfarrplatz.com\/wp-content\/uploads\/2026\/03\/Guide-Paket-psfix_hoch.webp","type":"image\/webp"}],"twitter_card":"summary_large_image","schema":{"@context":"https:\/\/schema.org","@graph":[{"@type":"WebPage","@id":"https:\/\/shop.pfarrplatz.com\/de\/wein\/siegerkollektion\/","url":"https:\/\/shop.pfarrplatz.com\/de\/wein\/siegerkollektion\/","name":"Siegerkollektion - Online-Shop der Weing\u00fcter Mayer am Pfarrplatz und Rotes Haus","isPartOf":{"@id":"https:\/\/shop.pfarrplatz.com\/de\/#website"},"primaryImageOfPage":{"@id":"https:\/\/shop.pfarrplatz.com\/de\/wein\/siegerkollektion\/#primaryimage"},"image":{"@id":"https:\/\/shop.pfarrplatz.com\/de\/wein\/siegerkollektion\/#primaryimage"},"thumbnailUrl":"https:\/\/shop.pfarrplatz.com\/wp-content\/uploads\/2026\/03\/Guide-Paket-psfix_hoch.webp","datePublished":"2026-03-02T12:48:43+00:00","dateModified":"2026-04-09T20:20:03+00:00","breadcrumb":{"@id":"https:\/\/shop.pfarrplatz.com\/de\/wein\/siegerkollektion\/#breadcrumb"},"inLanguage":"de","potentialAction":[{"@type":"ReadAction","target":["https:\/\/shop.pfarrplatz.com\/de\/wein\/siegerkollektion\/"]}]},{"@type":"ImageObject","inLanguage":"de","@id":"https:\/\/shop.pfarrplatz.com\/de\/wein\/siegerkollektion\/#primaryimage","url":"https:\/\/shop.pfarrplatz.com\/wp-content\/uploads\/2026\/03\/Guide-Paket-psfix_hoch.webp","contentUrl":"https:\/\/shop.pfarrplatz.com\/wp-content\/uploads\/2026\/03\/Guide-Paket-psfix_hoch.webp","width":1500,"height":1907},{"@type":"BreadcrumbList","@id":"https:\/\/shop.pfarrplatz.com\/de\/wein\/siegerkollektion\/#breadcrumb","itemListElement":[{"@type":"ListItem","position":1,"name":"Start","item":"https:\/\/shop.pfarrplatz.com\/de\/"},{"@type":"ListItem","position":2,"name":"Shop","item":"https:\/\/shop.pfarrplatz.com\/de\/shop\/"},{"@type":"ListItem","position":3,"name":"Siegerkollektion"}]},{"@type":"WebSite","@id":"https:\/\/shop.pfarrplatz.com\/de\/#website","url":"https:\/\/shop.pfarrplatz.com\/de\/","name":"Online-Shop der Weing\u00fcter Mayer am Pfarrplatz und Rotes Haus","description":"Von den 10 besten Weinen Wiens sind 6 von den Weing\u00fctern Mayer am Pfarrplatz und Rotes Haus","publisher":{"@id":"https:\/\/shop.pfarrplatz.com\/de\/#organization"},"potentialAction":[{"@type":"SearchAction","target":{"@type":"EntryPoint","urlTemplate":"https:\/\/shop.pfarrplatz.com\/de\/?s={search_term_string}"},"query-input":{"@type":"PropertyValueSpecification","valueRequired":true,"valueName":"search_term_string"}}],"inLanguage":"de"},{"@type":"Organization","@id":"https:\/\/shop.pfarrplatz.com\/de\/#organization","name":"Mayer am Pfarrplatz und Rotes Haus","alternateName":"VWG \u201eVienna 19\u201c Wein GmbH","url":"https:\/\/shop.pfarrplatz.com\/de\/","logo":{"@type":"ImageObject","inLanguage":"de","@id":"https:\/\/shop.pfarrplatz.com\/de\/#\/schema\/logo\/image\/","url":"https:\/\/shop.pfarrplatz.com\/wp-content\/uploads\/2018\/06\/weingut_mayer_am_pfarrplatz_logo.png","contentUrl":"https:\/\/shop.pfarrplatz.com\/wp-content\/uploads\/2018\/06\/weingut_mayer_am_pfarrplatz_logo.png","width":124,"height":106,"caption":"Mayer am Pfarrplatz und Rotes Haus"},"image":{"@id":"https:\/\/shop.pfarrplatz.com\/de\/#\/schema\/logo\/image\/"},"sameAs":["https:\/\/www.facebook.com\/mayerampfarrplatz","https:\/\/www.instagram.com\/mayerampfarrplatz.pfarrwirt\/"]}]}},"_links":{"self":[{"href":"https:\/\/shop.pfarrplatz.com\/de\/wp-json\/wp\/v2\/product\/105468","targetHints":{"allow":["GET"]}}],"collection":[{"href":"https:\/\/shop.pfarrplatz.com\/de\/wp-json\/wp\/v2\/product"}],"about":[{"href":"https:\/\/shop.pfarrplatz.com\/de\/wp-json\/wp\/v2\/types\/product"}],"replies":[{"embeddable":true,"href":"https:\/\/shop.pfarrplatz.com\/de\/wp-json\/wp\/v2\/comments?post=105468"}],"wp:featuredmedia":[{"embeddable":true,"href":"https:\/\/shop.pfarrplatz.com\/de\/wp-json\/wp\/v2\/media\/105479"}],"wp:attachment":[{"href":"https:\/\/shop.pfarrplatz.com\/de\/wp-json\/wp\/v2\/media?parent=105468"}],"wp:term":[{"taxonomy":"product_brand","embeddable":true,"href":"https:\/\/shop.pfarrplatz.com\/de\/wp-json\/wp\/v2\/product_brand?post=105468"},{"taxonomy":"product_cat","embeddable":true,"href":"https:\/\/shop.pfarrplatz.com\/de\/wp-json\/wp\/v2\/product_cat?post=105468"},{"taxonomy":"product_tag","embeddable":true,"href":"https:\/\/shop.pfarrplatz.com\/de\/wp-json\/wp\/v2\/product_tag?post=105468"}],"curies":[{"name":"wp","href":"https:\/\/api.w.org\/{rel}","templated":true}]}}