{"id":105466,"date":"2025-12-04T08:59:39","date_gmt":"2025-12-04T07:59:39","guid":{"rendered":"https:\/\/shop-2025.pfarrplatz.vollwerbung.at\/wein\/ried-obere-schos-nussberg-chardonnay-2\/"},"modified":"2026-04-07T14:00:41","modified_gmt":"2026-04-07T12:00:41","slug":"ried-obere-schos-nussberg-chardonnay-2","status":"publish","type":"product","link":"https:\/\/shop.pfarrplatz.com\/de\/wein\/ried-obere-schos-nussberg-chardonnay-2\/","title":{"rendered":"Ried Obere-Schos Nussberg Chardonnay"},"content":{"rendered":"","protected":false},"excerpt":{"rendered":"<p>In der Nase feine Feuersteinaromen und einer vom Nussberg beeinflussten Kalkmineralik. Am Gaumen \u00e4u\u00dferst burgundisch mit einer straffen S\u00e4ure und einem langen salzigen Abgang.<\/p>\n","protected":false},"featured_media":104536,"comment_status":"closed","ping_status":"open","template":"","meta":[],"product_brand":[],"product_cat":[208,218,166,178],"product_tag":[],"class_list":{"0":"post-105466","1":"product","2":"type-product","3":"status-publish","4":"has-post-thumbnail","6":"product_cat-lagen-weisswein","7":"product_cat-riedenwein","8":"product_cat-rotes-haus","9":"product_cat-weisswein","10":"product_shipping_class-52","11":"pa_allergene-enthaelt-sulfite","12":"pa_einheit-flasche","13":"pa_gebinde-075-2","14":"pa_geschmack-trocken-2","15":"pa_jahrgang-802","16":"pa_lage-weingarten-nussberg","17":"pa_lagerfaehigkeit-5-8-jahre","18":"pa_produkt-weisswein","19":"pa_qualitaetsstufe-single-vineyards-wine","20":"pa_rebsorte-chardonnay","21":"pa_trinktemperatur-9-11-c","22":"pa_verschluss-schraubverschluss","23":"pa_weingut-rotes-haus","25":"first","26":"instock","27":"taxable","28":"shipping-taxable","29":"purchasable","30":"product-type-simple"},"_links":{"self":[{"href":"https:\/\/shop.pfarrplatz.com\/de\/wp-json\/wp\/v2\/product\/105466","targetHints":{"allow":["GET"]}}],"collection":[{"href":"https:\/\/shop.pfarrplatz.com\/de\/wp-json\/wp\/v2\/product"}],"about":[{"href":"https:\/\/shop.pfarrplatz.com\/de\/wp-json\/wp\/v2\/types\/product"}],"replies":[{"embeddable":true,"href":"https:\/\/shop.pfarrplatz.com\/de\/wp-json\/wp\/v2\/comments?post=105466"}],"wp:featuredmedia":[{"embeddable":true,"href":"https:\/\/shop.pfarrplatz.com\/de\/wp-json\/wp\/v2\/media\/104536"}],"wp:attachment":[{"href":"https:\/\/shop.pfarrplatz.com\/de\/wp-json\/wp\/v2\/media?parent=105466"}],"wp:term":[{"taxonomy":"product_brand","embeddable":true,"href":"https:\/\/shop.pfarrplatz.com\/de\/wp-json\/wp\/v2\/product_brand?post=105466"},{"taxonomy":"product_cat","embeddable":true,"href":"https:\/\/shop.pfarrplatz.com\/de\/wp-json\/wp\/v2\/product_cat?post=105466"},{"taxonomy":"product_tag","embeddable":true,"href":"https:\/\/shop.pfarrplatz.com\/de\/wp-json\/wp\/v2\/product_tag?post=105466"}],"curies":[{"name":"wp","href":"https:\/\/api.w.org\/{rel}","templated":true}]}}