{"id":105465,"date":"2025-11-26T14:54:55","date_gmt":"2025-11-26T13:54:55","guid":{"rendered":"https:\/\/shop-2025.pfarrplatz.vollwerbung.at\/wein\/gruener-veltliner-halbflasche-2\/"},"modified":"2026-04-09T11:17:11","modified_gmt":"2026-04-09T09:17:11","slug":"gruener-veltliner-halbflasche-2","status":"publish","type":"product","link":"https:\/\/shop.pfarrplatz.com\/de\/wein\/gruener-veltliner-halbflasche-2\/","title":{"rendered":"Gr\u00fcner Veltliner Halbflasche"},"content":{"rendered":"","protected":false},"excerpt":{"rendered":"<p>Zarte Wiesenkr\u00e4uter in der Nase. Feinw\u00fcrzig unterlegte Frucht, erinnert an Grapefruit mit gut integrierter S\u00e4urestruktur. Wei\u00dfer Pfeffer im Nachhall, ein idealer Speisebegleiter.<\/p>\n","protected":false},"featured_media":104527,"comment_status":"closed","ping_status":"closed","template":"","meta":[],"product_brand":[],"product_cat":[167,885],"product_tag":[],"class_list":{"0":"post-105465","1":"product","2":"type-product","3":"status-publish","4":"has-post-thumbnail","6":"product_cat-mayer-am-pfarrplatz","7":"product_cat-sonderformate","8":"product_shipping_class-52","9":"pa_allergene-enthaelt-sulfite","10":"pa_einheit-flasche","11":"pa_gebinde-176","12":"pa_geschmack-trocken","13":"pa_jahrgang-827","14":"pa_lage-weingarten-gebietswein","15":"pa_lagerfaehigkeit-1-2-jahre","16":"pa_produkt-weisswein","17":"pa_rebsorte-gemischter-satz","18":"pa_trinktemperatur-10-12-c","19":"pa_verschluss-schraubverschluss","20":"pa_weingut-mayer-am-pfarrplatz","22":"first","23":"instock","24":"taxable","25":"shipping-taxable","26":"purchasable","27":"product-type-simple"},"_links":{"self":[{"href":"https:\/\/shop.pfarrplatz.com\/de\/wp-json\/wp\/v2\/product\/105465","targetHints":{"allow":["GET"]}}],"collection":[{"href":"https:\/\/shop.pfarrplatz.com\/de\/wp-json\/wp\/v2\/product"}],"about":[{"href":"https:\/\/shop.pfarrplatz.com\/de\/wp-json\/wp\/v2\/types\/product"}],"replies":[{"embeddable":true,"href":"https:\/\/shop.pfarrplatz.com\/de\/wp-json\/wp\/v2\/comments?post=105465"}],"wp:featuredmedia":[{"embeddable":true,"href":"https:\/\/shop.pfarrplatz.com\/de\/wp-json\/wp\/v2\/media\/104527"}],"wp:attachment":[{"href":"https:\/\/shop.pfarrplatz.com\/de\/wp-json\/wp\/v2\/media?parent=105465"}],"wp:term":[{"taxonomy":"product_brand","embeddable":true,"href":"https:\/\/shop.pfarrplatz.com\/de\/wp-json\/wp\/v2\/product_brand?post=105465"},{"taxonomy":"product_cat","embeddable":true,"href":"https:\/\/shop.pfarrplatz.com\/de\/wp-json\/wp\/v2\/product_cat?post=105465"},{"taxonomy":"product_tag","embeddable":true,"href":"https:\/\/shop.pfarrplatz.com\/de\/wp-json\/wp\/v2\/product_tag?post=105465"}],"curies":[{"name":"wp","href":"https:\/\/api.w.org\/{rel}","templated":true}]}}