{"id":105457,"date":"2025-07-30T08:48:30","date_gmt":"2025-07-30T06:48:30","guid":{"rendered":"https:\/\/shop-2025.pfarrplatz.vollwerbung.at\/wein\/das-prickelnde-fraeulein-rose-magnum-2\/"},"modified":"2026-04-07T13:59:58","modified_gmt":"2026-04-07T11:59:58","slug":"das-prickelnde-fraeulein-rose-magnum-2","status":"publish","type":"product","link":"https:\/\/shop.pfarrplatz.com\/de\/wein\/das-prickelnde-fraeulein-rose-magnum-2\/","title":{"rendered":"Das prickelnde Fr\u00e4ulein Ros\u00e9 Magnum"},"content":{"rendered":"","protected":false},"excerpt":{"rendered":"<p>Lebendiger Ros\u00e9-Sekt , floral und aromatisch in der Nase, schmeichelhaft am Gaumen mit leicht s\u00fc\u00dfen Beerenaromen. Feines Mousseux und gut integrierter Perlage.<\/p>\n","protected":false},"featured_media":97624,"comment_status":"closed","ping_status":"open","template":"","meta":[],"product_brand":[],"product_cat":[167,47,45],"product_tag":[],"class_list":{"0":"post-105457","1":"product","2":"type-product","3":"status-publish","4":"has-post-thumbnail","6":"product_cat-mayer-am-pfarrplatz","7":"product_cat-rose","8":"product_cat-sekt","9":"product_shipping_class-magnum","10":"pa_allergene-enthaelt-sulfite","11":"pa_einheit-flasche","12":"pa_gebinde-075-2","13":"pa_geschmack-trocken","14":"pa_lage-weingarten-gebietswein","15":"pa_lagerfaehigkeit-1-2-jahre","16":"pa_produkt-sekt","17":"pa_rebsorte-zweigelt","18":"pa_trinktemperatur-6-8-c","19":"pa_verschluss-sektkork","20":"pa_weingut-mayer-am-pfarrplatz","22":"first","23":"instock","24":"taxable","25":"shipping-taxable","26":"purchasable","27":"product-type-simple"},"_links":{"self":[{"href":"https:\/\/shop.pfarrplatz.com\/de\/wp-json\/wp\/v2\/product\/105457","targetHints":{"allow":["GET"]}}],"collection":[{"href":"https:\/\/shop.pfarrplatz.com\/de\/wp-json\/wp\/v2\/product"}],"about":[{"href":"https:\/\/shop.pfarrplatz.com\/de\/wp-json\/wp\/v2\/types\/product"}],"replies":[{"embeddable":true,"href":"https:\/\/shop.pfarrplatz.com\/de\/wp-json\/wp\/v2\/comments?post=105457"}],"wp:featuredmedia":[{"embeddable":true,"href":"https:\/\/shop.pfarrplatz.com\/de\/wp-json\/wp\/v2\/media\/97624"}],"wp:attachment":[{"href":"https:\/\/shop.pfarrplatz.com\/de\/wp-json\/wp\/v2\/media?parent=105457"}],"wp:term":[{"taxonomy":"product_brand","embeddable":true,"href":"https:\/\/shop.pfarrplatz.com\/de\/wp-json\/wp\/v2\/product_brand?post=105457"},{"taxonomy":"product_cat","embeddable":true,"href":"https:\/\/shop.pfarrplatz.com\/de\/wp-json\/wp\/v2\/product_cat?post=105457"},{"taxonomy":"product_tag","embeddable":true,"href":"https:\/\/shop.pfarrplatz.com\/de\/wp-json\/wp\/v2\/product_tag?post=105457"}],"curies":[{"name":"wp","href":"https:\/\/api.w.org\/{rel}","templated":true}]}}