{"id":105455,"date":"2025-06-17T09:19:47","date_gmt":"2025-06-17T07:19:47","guid":{"rendered":"https:\/\/shop-2025.pfarrplatz.vollwerbung.at\/wein\/12er-paket-das-prickelnde-fraeulein-rose-mini-2\/"},"modified":"2026-04-09T11:17:21","modified_gmt":"2026-04-09T09:17:21","slug":"12er-paket-das-prickelnde-fraeulein-rose-mini-2","status":"publish","type":"product","link":"https:\/\/shop.pfarrplatz.com\/de\/wein\/12er-paket-das-prickelnde-fraeulein-rose-mini-2\/","title":{"rendered":"12er-Paket Das prickelnde Fr\u00e4ulein Ros\u00e9 Mini"},"content":{"rendered":"","protected":false},"excerpt":{"rendered":"<p>Lebendiger Ros\u00e9-Sekt , floral und aromatisch in der Nase, schmeichelhaft am Gaumen mit leicht s\u00fc\u00dfen Beerenaromen. Feines Mousseux und gut integrierter Perlage.<\/p>\n","protected":false},"featured_media":96759,"comment_status":"closed","ping_status":"closed","template":"","meta":[],"product_brand":[],"product_cat":[167,45,885,115],"product_tag":[],"class_list":{"0":"post-105455","1":"product","2":"type-product","3":"status-publish","4":"has-post-thumbnail","6":"product_cat-mayer-am-pfarrplatz","7":"product_cat-sekt","8":"product_cat-sonderformate","9":"product_cat-weinsets","10":"pa_allergene-enthaelt-sulfite","11":"pa_einheit-flasche","12":"pa_gebinde-075-2","13":"pa_geschmack-trocken-2","14":"pa_lage-weingarten-gebietswein","15":"pa_lagerfaehigkeit-1-2-years","16":"pa_produkt-rose","17":"pa_produkt-sekt","18":"pa_rebsorte-zweigelt","19":"pa_weingut-mayer-am-pfarrplatz","21":"first","22":"instock","23":"taxable","24":"shipping-taxable","25":"purchasable","26":"product-type-simple"},"_links":{"self":[{"href":"https:\/\/shop.pfarrplatz.com\/de\/wp-json\/wp\/v2\/product\/105455","targetHints":{"allow":["GET"]}}],"collection":[{"href":"https:\/\/shop.pfarrplatz.com\/de\/wp-json\/wp\/v2\/product"}],"about":[{"href":"https:\/\/shop.pfarrplatz.com\/de\/wp-json\/wp\/v2\/types\/product"}],"replies":[{"embeddable":true,"href":"https:\/\/shop.pfarrplatz.com\/de\/wp-json\/wp\/v2\/comments?post=105455"}],"wp:featuredmedia":[{"embeddable":true,"href":"https:\/\/shop.pfarrplatz.com\/de\/wp-json\/wp\/v2\/media\/96759"}],"wp:attachment":[{"href":"https:\/\/shop.pfarrplatz.com\/de\/wp-json\/wp\/v2\/media?parent=105455"}],"wp:term":[{"taxonomy":"product_brand","embeddable":true,"href":"https:\/\/shop.pfarrplatz.com\/de\/wp-json\/wp\/v2\/product_brand?post=105455"},{"taxonomy":"product_cat","embeddable":true,"href":"https:\/\/shop.pfarrplatz.com\/de\/wp-json\/wp\/v2\/product_cat?post=105455"},{"taxonomy":"product_tag","embeddable":true,"href":"https:\/\/shop.pfarrplatz.com\/de\/wp-json\/wp\/v2\/product_tag?post=105455"}],"curies":[{"name":"wp","href":"https:\/\/api.w.org\/{rel}","templated":true}]}}