{"id":105403,"date":"2022-09-02T10:24:46","date_gmt":"2022-09-02T08:24:46","guid":{"rendered":"https:\/\/shop-2025.pfarrplatz.vollwerbung.at\/wein\/ried-langteufel-nussberg-wiener-gemischter-satz-dac-erste-lage-2-2\/"},"modified":"2026-04-07T13:56:18","modified_gmt":"2026-04-07T11:56:18","slug":"ried-langteufel-nussberg-wiener-gemischter-satz-dac-erste-lage-2-2","status":"publish","type":"product","link":"https:\/\/shop.pfarrplatz.com\/de\/wein\/ried-langteufel-nussberg-wiener-gemischter-satz-dac-erste-lage-2-2\/","title":{"rendered":"Ried Langteufel-Nussberg 1\u00d6TW<br\/> Wiener Gemischter Satz DAC"},"content":{"rendered":"","protected":false},"excerpt":{"rendered":"<p>Chardonnay, Wei\u00dfburgunder, Grauburgunder, Neuburger und etwas Traminer finden sich in diesem Wiener Gemischten Satz. In der Nase finden man vielf\u00e4ltige Aromen wie Quitte, Tabak und Biskuite. Die burgundische Stilistik mit feiner Reduktion, machen den Wein \u00e4u\u00dferst straff und \u00a0salzmineralisch. Ein Wiener Gemischter Satz mit Reifepotential f\u00fcr 10 Jahre und mehr.<\/p>\n","protected":false},"featured_media":104457,"comment_status":"closed","ping_status":"open","template":"","meta":[],"product_brand":[],"product_cat":[214,208,218,166,178],"product_tag":[],"class_list":{"0":"post-105403","1":"product","2":"type-product","3":"status-publish","4":"has-post-thumbnail","6":"product_cat-erste-lagen-weine","7":"product_cat-lagen-weisswein","8":"product_cat-riedenwein","9":"product_cat-rotes-haus","10":"product_cat-weisswein","11":"product_shipping_class-52","12":"pa_allergene-enthaelt-sulfite","13":"pa_einheit-flasche","14":"pa_gebinde-075-2","15":"pa_geschmack-trocken","16":"pa_jahrgang-827","17":"pa_lage-weingarten-langteufel-nussberg","18":"pa_lagerfaehigkeit-10-jahre","19":"pa_produkt-weisswein","20":"pa_qualitaetsstufe-dac-wein","21":"pa_rebsorte-chardonnay","22":"pa_rebsorte-grauburgunder","23":"pa_rebsorte-neuburger","24":"pa_rebsorte-traminer","25":"pa_rebsorte-weissburgunder","26":"pa_trinktemperatur-10-12-c","27":"pa_verschluss-naturkork","28":"pa_weingut-rotes-haus","30":"first","31":"instock","32":"taxable","33":"shipping-taxable","34":"purchasable","35":"product-type-simple"},"_links":{"self":[{"href":"https:\/\/shop.pfarrplatz.com\/de\/wp-json\/wp\/v2\/product\/105403","targetHints":{"allow":["GET"]}}],"collection":[{"href":"https:\/\/shop.pfarrplatz.com\/de\/wp-json\/wp\/v2\/product"}],"about":[{"href":"https:\/\/shop.pfarrplatz.com\/de\/wp-json\/wp\/v2\/types\/product"}],"replies":[{"embeddable":true,"href":"https:\/\/shop.pfarrplatz.com\/de\/wp-json\/wp\/v2\/comments?post=105403"}],"wp:featuredmedia":[{"embeddable":true,"href":"https:\/\/shop.pfarrplatz.com\/de\/wp-json\/wp\/v2\/media\/104457"}],"wp:attachment":[{"href":"https:\/\/shop.pfarrplatz.com\/de\/wp-json\/wp\/v2\/media?parent=105403"}],"wp:term":[{"taxonomy":"product_brand","embeddable":true,"href":"https:\/\/shop.pfarrplatz.com\/de\/wp-json\/wp\/v2\/product_brand?post=105403"},{"taxonomy":"product_cat","embeddable":true,"href":"https:\/\/shop.pfarrplatz.com\/de\/wp-json\/wp\/v2\/product_cat?post=105403"},{"taxonomy":"product_tag","embeddable":true,"href":"https:\/\/shop.pfarrplatz.com\/de\/wp-json\/wp\/v2\/product_tag?post=105403"}],"curies":[{"name":"wp","href":"https:\/\/api.w.org\/{rel}","templated":true}]}}