{"id":105398,"date":"2022-09-02T09:59:50","date_gmt":"2022-09-02T07:59:50","guid":{"rendered":"https:\/\/shop-2025.pfarrplatz.vollwerbung.at\/wein\/ried-preussen-nussberg-wiener-gemischter-satz-dac-erste-lage-2\/"},"modified":"2026-04-07T13:56:05","modified_gmt":"2026-04-07T11:56:05","slug":"ried-preussen-nussberg-wiener-gemischter-satz-dac-erste-lage-2","status":"publish","type":"product","link":"https:\/\/shop.pfarrplatz.com\/de\/wein\/ried-preussen-nussberg-wiener-gemischter-satz-dac-erste-lage-2\/","title":{"rendered":"Ried Preussen-Nussberg 1\u00d6TW<br\/> Wiener Gemischter Satz DAC"},"content":{"rendered":"","protected":false},"excerpt":{"rendered":"<p>Tropenfrucht mit Bl\u00fctenhonig und zarten Jasminbl\u00fcten unterlegt, straffe Textur mit feiner Extrakts\u00fc\u00dfe, unglaublich druckvolle L\u00e4nge mit viel Entwicklungspotenzial.<\/p>\n<p>&nbsp;<\/p>\n","protected":false},"featured_media":94620,"comment_status":"closed","ping_status":"open","template":"","meta":[],"product_brand":[],"product_cat":[214,167,218,178],"product_tag":[],"class_list":{"0":"post-105398","1":"product","2":"type-product","3":"status-publish","4":"has-post-thumbnail","6":"product_cat-erste-lagen-weine","7":"product_cat-mayer-am-pfarrplatz","8":"product_cat-riedenwein","9":"product_cat-weisswein","10":"product_shipping_class-52","11":"pa_jahrgang-827","13":"first","14":"instock","15":"taxable","16":"shipping-taxable","17":"purchasable","18":"product-type-simple"},"_links":{"self":[{"href":"https:\/\/shop.pfarrplatz.com\/de\/wp-json\/wp\/v2\/product\/105398","targetHints":{"allow":["GET"]}}],"collection":[{"href":"https:\/\/shop.pfarrplatz.com\/de\/wp-json\/wp\/v2\/product"}],"about":[{"href":"https:\/\/shop.pfarrplatz.com\/de\/wp-json\/wp\/v2\/types\/product"}],"replies":[{"embeddable":true,"href":"https:\/\/shop.pfarrplatz.com\/de\/wp-json\/wp\/v2\/comments?post=105398"}],"wp:featuredmedia":[{"embeddable":true,"href":"https:\/\/shop.pfarrplatz.com\/de\/wp-json\/wp\/v2\/media\/94620"}],"wp:attachment":[{"href":"https:\/\/shop.pfarrplatz.com\/de\/wp-json\/wp\/v2\/media?parent=105398"}],"wp:term":[{"taxonomy":"product_brand","embeddable":true,"href":"https:\/\/shop.pfarrplatz.com\/de\/wp-json\/wp\/v2\/product_brand?post=105398"},{"taxonomy":"product_cat","embeddable":true,"href":"https:\/\/shop.pfarrplatz.com\/de\/wp-json\/wp\/v2\/product_cat?post=105398"},{"taxonomy":"product_tag","embeddable":true,"href":"https:\/\/shop.pfarrplatz.com\/de\/wp-json\/wp\/v2\/product_tag?post=105398"}],"curies":[{"name":"wp","href":"https:\/\/api.w.org\/{rel}","templated":true}]}}