{"id":105385,"date":"2021-11-09T14:56:08","date_gmt":"2021-11-09T13:56:08","guid":{"rendered":"https:\/\/shop-2025.pfarrplatz.vollwerbung.at\/wein\/weisser-balsamessig-wiener-gemischter-satz-2\/"},"modified":"2026-04-07T13:55:47","modified_gmt":"2026-04-07T11:55:47","slug":"weisser-balsamessig-wiener-gemischter-satz-2","status":"publish","type":"product","link":"https:\/\/shop.pfarrplatz.com\/de\/wein\/weisser-balsamessig-wiener-gemischter-satz-2\/","title":{"rendered":"Wiener Gemischter Satz Weisser Balsamessig"},"content":{"rendered":"<p>Passt wunderbar zum Verfeinern einer Spargel-Vinaigrette, Salaten, Saurer Wurst und einem Rindfleischsalat.<\/p>\n","protected":false},"excerpt":{"rendered":"<p>Gemeinsam mit der steirischen Essigmanufaktur G\u00f6lles wurde dieser wei\u00dfe Balsamessig sorgf\u00e4ltig aus Wiener Gemischten Satz DAC hergestellt.<\/p>\n","protected":false},"featured_media":98028,"comment_status":"closed","ping_status":"open","template":"","meta":[],"product_brand":[],"product_cat":[217,115],"product_tag":[],"class_list":{"0":"post-105385","1":"product","2":"type-product","3":"status-publish","4":"has-post-thumbnail","6":"product_cat-besonderes","7":"product_cat-weinsets","8":"product_shipping_class-52","9":"pa_einheit-stueck","11":"first","12":"instock","13":"taxable","14":"shipping-taxable","15":"purchasable","16":"product-type-simple"},"_links":{"self":[{"href":"https:\/\/shop.pfarrplatz.com\/de\/wp-json\/wp\/v2\/product\/105385","targetHints":{"allow":["GET"]}}],"collection":[{"href":"https:\/\/shop.pfarrplatz.com\/de\/wp-json\/wp\/v2\/product"}],"about":[{"href":"https:\/\/shop.pfarrplatz.com\/de\/wp-json\/wp\/v2\/types\/product"}],"replies":[{"embeddable":true,"href":"https:\/\/shop.pfarrplatz.com\/de\/wp-json\/wp\/v2\/comments?post=105385"}],"wp:featuredmedia":[{"embeddable":true,"href":"https:\/\/shop.pfarrplatz.com\/de\/wp-json\/wp\/v2\/media\/98028"}],"wp:attachment":[{"href":"https:\/\/shop.pfarrplatz.com\/de\/wp-json\/wp\/v2\/media?parent=105385"}],"wp:term":[{"taxonomy":"product_brand","embeddable":true,"href":"https:\/\/shop.pfarrplatz.com\/de\/wp-json\/wp\/v2\/product_brand?post=105385"},{"taxonomy":"product_cat","embeddable":true,"href":"https:\/\/shop.pfarrplatz.com\/de\/wp-json\/wp\/v2\/product_cat?post=105385"},{"taxonomy":"product_tag","embeddable":true,"href":"https:\/\/shop.pfarrplatz.com\/de\/wp-json\/wp\/v2\/product_tag?post=105385"}],"curies":[{"name":"wp","href":"https:\/\/api.w.org\/{rel}","templated":true}]}}