{"id":105369,"date":"2021-03-04T09:25:45","date_gmt":"2021-03-04T08:25:45","guid":{"rendered":"https:\/\/shop-2025.pfarrplatz.vollwerbung.at\/wein\/gv-mini-2\/"},"modified":"2026-04-09T11:17:30","modified_gmt":"2026-04-09T09:17:30","slug":"gv-mini-2","status":"publish","type":"product","link":"https:\/\/shop.pfarrplatz.com\/de\/wein\/gv-mini-2\/","title":{"rendered":"12er-Paket Gr\u00fcner Veltliner Mini"},"content":{"rendered":"","protected":false},"excerpt":{"rendered":"<p>Unser Gr\u00fcner Veltliner in der praktischen Miniflasche , perfekt f\u00fcr den vinophilen Genuss to-go, beim Picknick oder einfach zum Genie\u00dfen, wenn mal eine Bouteille zu viel sein sollte. ;-)<\/p>\n<p>Zarte Wiesenkr\u00e4uter in der Nase. Feinw\u00fcrzig unterlegte Frucht, erinnert an Grapefruit mit gut integrierter S\u00e4urestruktur. Wei\u00dfer Pfeffer im Nachhall, ein idealer Speisebegleiter.<\/p>\n<p>Preis pro Karton. Ein Karton beinhaltet 12 Flaschen \u00e0 0,187l.<\/p>\n","protected":false},"featured_media":94618,"comment_status":"closed","ping_status":"closed","template":"","meta":[],"product_brand":[],"product_cat":[167,885,115],"product_tag":[],"class_list":{"0":"post-105369","1":"product","2":"type-product","3":"status-publish","4":"has-post-thumbnail","6":"product_cat-mayer-am-pfarrplatz","7":"product_cat-sonderformate","8":"product_cat-weinsets","9":"pa_allergene-enthaelt-sulfite","10":"pa_einheit-flasche","11":"pa_gebinde-075-2","12":"pa_geschmack-trocken-2","13":"pa_jahrgang-876","14":"pa_lage-weingarten-gebietswein","15":"pa_lagerfaehigkeit-1-2-years","16":"pa_produkt-weisswein","17":"pa_rebsorte-gruener-veltliner","18":"pa_trinktemperatur-10-12-c","19":"pa_verschluss-schraubverschluss","20":"pa_weingut-mayer-am-pfarrplatz","22":"first","23":"instock","24":"taxable","25":"shipping-taxable","26":"purchasable","27":"product-type-simple"},"_links":{"self":[{"href":"https:\/\/shop.pfarrplatz.com\/de\/wp-json\/wp\/v2\/product\/105369","targetHints":{"allow":["GET"]}}],"collection":[{"href":"https:\/\/shop.pfarrplatz.com\/de\/wp-json\/wp\/v2\/product"}],"about":[{"href":"https:\/\/shop.pfarrplatz.com\/de\/wp-json\/wp\/v2\/types\/product"}],"replies":[{"embeddable":true,"href":"https:\/\/shop.pfarrplatz.com\/de\/wp-json\/wp\/v2\/comments?post=105369"}],"wp:featuredmedia":[{"embeddable":true,"href":"https:\/\/shop.pfarrplatz.com\/de\/wp-json\/wp\/v2\/media\/94618"}],"wp:attachment":[{"href":"https:\/\/shop.pfarrplatz.com\/de\/wp-json\/wp\/v2\/media?parent=105369"}],"wp:term":[{"taxonomy":"product_brand","embeddable":true,"href":"https:\/\/shop.pfarrplatz.com\/de\/wp-json\/wp\/v2\/product_brand?post=105369"},{"taxonomy":"product_cat","embeddable":true,"href":"https:\/\/shop.pfarrplatz.com\/de\/wp-json\/wp\/v2\/product_cat?post=105369"},{"taxonomy":"product_tag","embeddable":true,"href":"https:\/\/shop.pfarrplatz.com\/de\/wp-json\/wp\/v2\/product_tag?post=105369"}],"curies":[{"name":"wp","href":"https:\/\/api.w.org\/{rel}","templated":true}]}}