{"id":105361,"date":"2019-11-19T15:20:37","date_gmt":"2019-11-19T14:20:37","guid":{"rendered":"https:\/\/shop-2025.pfarrplatz.vollwerbung.at\/wein\/beethoven-viennese-white-2\/"},"modified":"2026-04-07T13:54:49","modified_gmt":"2026-04-07T11:54:49","slug":"beethoven-viennese-white-2","status":"publish","type":"product","link":"https:\/\/shop.pfarrplatz.com\/de\/wein\/beethoven-viennese-white-2\/","title":{"rendered":"Beethoven Viennese White"},"content":{"rendered":"","protected":false},"excerpt":{"rendered":"<p>Wie die Musik ist auch der Wein ein unverzichtbarer Bestandteil Wiener Kultur. Im geschichtstr\u00e4chtigen Mayer am Pfarrplatz lebte 1817 Ludwig van Beethoven und arbeitete w\u00e4hrend seiner Zeit in Wien Heiligenstadt an der bekannten Symphonie Nr.9<\/p>\n<p>Ihm zu Ehren keltert das Weingut einen eigenen Wein, der mit seiner lebendigen und w\u00fcrzigen Art \u00e4u\u00dferst trinkfreudig ist.<\/p>\n","protected":false},"featured_media":97639,"comment_status":"closed","ping_status":"open","template":"","meta":[],"product_brand":[],"product_cat":[217,167],"product_tag":[],"class_list":{"0":"post-105361","1":"product","2":"type-product","3":"status-publish","4":"has-post-thumbnail","6":"product_cat-besonderes","7":"product_cat-mayer-am-pfarrplatz","8":"product_shipping_class-52","9":"pa_allergene-enthaelt-sulfite","10":"pa_einheit-flasche","11":"pa_gebinde-075-2","12":"pa_geschmack-trocken-2","13":"pa_jahrgang-876","14":"pa_lage-weingarten-gebietswein","15":"pa_lagerfaehigkeit-1-2-years","16":"pa_produkt-weisswein","17":"pa_qualitaetsstufe-klassikwein","18":"pa_rebsorte-gruener-veltliner","19":"pa_rebsorte-riesling","20":"pa_rebsorte-weissburgunder","21":"pa_trinktemperatur-9-11-c","22":"pa_verschluss-schraubverschluss","23":"pa_weingut-mayer-am-pfarrplatz","25":"first","26":"instock","27":"taxable","28":"shipping-taxable","29":"purchasable","30":"product-type-simple"},"_links":{"self":[{"href":"https:\/\/shop.pfarrplatz.com\/de\/wp-json\/wp\/v2\/product\/105361","targetHints":{"allow":["GET"]}}],"collection":[{"href":"https:\/\/shop.pfarrplatz.com\/de\/wp-json\/wp\/v2\/product"}],"about":[{"href":"https:\/\/shop.pfarrplatz.com\/de\/wp-json\/wp\/v2\/types\/product"}],"replies":[{"embeddable":true,"href":"https:\/\/shop.pfarrplatz.com\/de\/wp-json\/wp\/v2\/comments?post=105361"}],"wp:featuredmedia":[{"embeddable":true,"href":"https:\/\/shop.pfarrplatz.com\/de\/wp-json\/wp\/v2\/media\/97639"}],"wp:attachment":[{"href":"https:\/\/shop.pfarrplatz.com\/de\/wp-json\/wp\/v2\/media?parent=105361"}],"wp:term":[{"taxonomy":"product_brand","embeddable":true,"href":"https:\/\/shop.pfarrplatz.com\/de\/wp-json\/wp\/v2\/product_brand?post=105361"},{"taxonomy":"product_cat","embeddable":true,"href":"https:\/\/shop.pfarrplatz.com\/de\/wp-json\/wp\/v2\/product_cat?post=105361"},{"taxonomy":"product_tag","embeddable":true,"href":"https:\/\/shop.pfarrplatz.com\/de\/wp-json\/wp\/v2\/product_tag?post=105361"}],"curies":[{"name":"wp","href":"https:\/\/api.w.org\/{rel}","templated":true}]}}