{"id":105355,"date":"2019-09-16T14:07:44","date_gmt":"2019-09-16T12:07:44","guid":{"rendered":"https:\/\/shop-2025.pfarrplatz.vollwerbung.at\/wein\/nussberg-traminer-2\/"},"modified":"2026-04-07T13:54:46","modified_gmt":"2026-04-07T11:54:46","slug":"nussberg-traminer-2","status":"publish","type":"product","link":"https:\/\/shop.pfarrplatz.com\/de\/wein\/nussberg-traminer-2\/","title":{"rendered":"Nussberg Traminer 0,375"},"content":{"rendered":"","protected":false},"excerpt":{"rendered":"<p>Feiner Duft nach Rosen, Jasmin und Orangenzesten. Opulente Honigaromen mit einem feinem S\u00fc\u00dfe-S\u00e4ure-Spiel.<\/p>\n","protected":false},"featured_media":95807,"comment_status":"closed","ping_status":"open","template":"","meta":[],"product_brand":[],"product_cat":[208,212,166,178],"product_tag":[],"class_list":{"0":"post-105355","1":"product","2":"type-product","3":"status-publish","4":"has-post-thumbnail","6":"product_cat-lagen-weisswein","7":"product_cat-ortsweine","8":"product_cat-rotes-haus","9":"product_cat-weisswein","10":"pa_allergene-enthaelt-sulfite","11":"pa_einheit-flasche","12":"pa_gebinde-176","13":"pa_geschmack-lieblich","14":"pa_jahrgang-509","15":"pa_lage-weingarten-nussberg","16":"pa_lagerfaehigkeit-5-8-years","17":"pa_produkt-weisswein","18":"pa_qualitaetsstufe-klassikwein","19":"pa_rebsorte-traminer","20":"pa_trinktemperatur-10-12-c","21":"pa_verschluss-schraubverschluss","22":"pa_weingut-rotes-haus","24":"first","25":"instock","26":"taxable","27":"shipping-taxable","28":"purchasable","29":"product-type-simple"},"_links":{"self":[{"href":"https:\/\/shop.pfarrplatz.com\/de\/wp-json\/wp\/v2\/product\/105355","targetHints":{"allow":["GET"]}}],"collection":[{"href":"https:\/\/shop.pfarrplatz.com\/de\/wp-json\/wp\/v2\/product"}],"about":[{"href":"https:\/\/shop.pfarrplatz.com\/de\/wp-json\/wp\/v2\/types\/product"}],"replies":[{"embeddable":true,"href":"https:\/\/shop.pfarrplatz.com\/de\/wp-json\/wp\/v2\/comments?post=105355"}],"wp:featuredmedia":[{"embeddable":true,"href":"https:\/\/shop.pfarrplatz.com\/de\/wp-json\/wp\/v2\/media\/95807"}],"wp:attachment":[{"href":"https:\/\/shop.pfarrplatz.com\/de\/wp-json\/wp\/v2\/media?parent=105355"}],"wp:term":[{"taxonomy":"product_brand","embeddable":true,"href":"https:\/\/shop.pfarrplatz.com\/de\/wp-json\/wp\/v2\/product_brand?post=105355"},{"taxonomy":"product_cat","embeddable":true,"href":"https:\/\/shop.pfarrplatz.com\/de\/wp-json\/wp\/v2\/product_cat?post=105355"},{"taxonomy":"product_tag","embeddable":true,"href":"https:\/\/shop.pfarrplatz.com\/de\/wp-json\/wp\/v2\/product_tag?post=105355"}],"curies":[{"name":"wp","href":"https:\/\/api.w.org\/{rel}","templated":true}]}}