{"id":105354,"date":"2018-06-26T12:22:19","date_gmt":"2018-06-26T10:22:19","guid":{"rendered":"https:\/\/shop-2025.pfarrplatz.vollwerbung.at\/wein\/wiener-gemischter-satz-dac-weisleiten-2-2\/"},"modified":"2026-04-07T13:54:45","modified_gmt":"2026-04-07T11:54:45","slug":"wiener-gemischter-satz-dac-weisleiten-2-2","status":"publish","type":"product","link":"https:\/\/shop.pfarrplatz.com\/de\/wein\/wiener-gemischter-satz-dac-weisleiten-2-2\/","title":{"rendered":"Weisleiten Wiener Gemischter Satz DAC"},"content":{"rendered":"","protected":false},"excerpt":{"rendered":"<p>Riesling, Gr\u00fcner Veltliner, Rotgipfler und Zierfandler bilden den Hauptanteil f\u00fcr den Wiener Gemischten Satz DAC Weisleiten.\u00a0In der Nase dominieren fruchtig frische Aromen nach gelbem Apfel gepaart mit einer feinen Exotik. Am Gaumen zeigt sich eine rassige animierende S\u00e4ure welche in Verbindung mit einer reifen Fruchts\u00fc\u00dfe einen hohen Trinkfluss verspricht.<\/p>\n<p>Unser Wiener Gemischter Satz DAC Ried Weisleiten ist exklusiv im Schwarzem Kameel erh\u00e4ltlich. Bognergasse 5, 1010 Wien.<\/p>\n","protected":false},"featured_media":95609,"comment_status":"closed","ping_status":"open","template":"","meta":[],"product_brand":[],"product_cat":[208,167,218,178],"product_tag":[],"class_list":{"0":"post-105354","1":"product","2":"type-product","3":"status-publish","4":"has-post-thumbnail","6":"product_cat-lagen-weisswein","7":"product_cat-mayer-am-pfarrplatz","8":"product_cat-riedenwein","9":"product_cat-weisswein","10":"product_shipping_class-52","11":"pa_allergene-enthaelt-sulfite","12":"pa_einheit-flasche","13":"pa_gebinde-075-2","14":"pa_geschmack-trocken","15":"pa_lagerfaehigkeit-2-3-jahre","16":"pa_produkt-weisswein","17":"pa_qualitaetsstufe-dac-wein","18":"pa_rebsorte-gruener-veltliner","19":"pa_rebsorte-riesling","20":"pa_rebsorte-rotgipfler","21":"pa_rebsorte-zierfandler","22":"pa_trinktemperatur-10-12-c","23":"pa_verschluss-schraubverschluss","24":"pa_weingut-mayer-am-pfarrplatz","26":"first","27":"outofstock","28":"taxable","29":"shipping-taxable","30":"purchasable","31":"product-type-simple"},"_links":{"self":[{"href":"https:\/\/shop.pfarrplatz.com\/de\/wp-json\/wp\/v2\/product\/105354","targetHints":{"allow":["GET"]}}],"collection":[{"href":"https:\/\/shop.pfarrplatz.com\/de\/wp-json\/wp\/v2\/product"}],"about":[{"href":"https:\/\/shop.pfarrplatz.com\/de\/wp-json\/wp\/v2\/types\/product"}],"replies":[{"embeddable":true,"href":"https:\/\/shop.pfarrplatz.com\/de\/wp-json\/wp\/v2\/comments?post=105354"}],"wp:featuredmedia":[{"embeddable":true,"href":"https:\/\/shop.pfarrplatz.com\/de\/wp-json\/wp\/v2\/media\/95609"}],"wp:attachment":[{"href":"https:\/\/shop.pfarrplatz.com\/de\/wp-json\/wp\/v2\/media?parent=105354"}],"wp:term":[{"taxonomy":"product_brand","embeddable":true,"href":"https:\/\/shop.pfarrplatz.com\/de\/wp-json\/wp\/v2\/product_brand?post=105354"},{"taxonomy":"product_cat","embeddable":true,"href":"https:\/\/shop.pfarrplatz.com\/de\/wp-json\/wp\/v2\/product_cat?post=105354"},{"taxonomy":"product_tag","embeddable":true,"href":"https:\/\/shop.pfarrplatz.com\/de\/wp-json\/wp\/v2\/product_tag?post=105354"}],"curies":[{"name":"wp","href":"https:\/\/api.w.org\/{rel}","templated":true}]}}