{"id":105348,"date":"2018-04-19T18:04:37","date_gmt":"2018-04-19T16:04:37","guid":{"rendered":"https:\/\/shop-2025.pfarrplatz.vollwerbung.at\/wein\/the-cookingspoon-2\/"},"modified":"2026-04-13T16:44:19","modified_gmt":"2026-04-13T14:44:19","slug":"the-cookingspoon-2","status":"publish","type":"product","link":"https:\/\/shop.pfarrplatz.com\/de\/wein\/the-cookingspoon-2\/","title":{"rendered":"The CookingSpoon"},"content":{"rendered":"","protected":false},"excerpt":{"rendered":"<p style=\"font-weight: 400;\">Die F\u00e4sser der Wiener Traditionsweing\u00fcter f\u00fcr TheCookingSpoon Normalzeit Edition. Dieser Kochl\u00f6ffel ist aus dem Nussberg Pinot Noir Barrique von: Mayer am Pfarrplatz WienWein Jedes St\u00fcck wird in aufw\u00e4ndiger Handarbeit zu einem Unikat! Das Besondere an TheCookingSpoon ist die weltweite Einzigartigkeit eines Kochl\u00f6ffels mit einer besonderen Geschichte und einem besonderen Aroma.<\/p>\n","protected":false},"featured_media":97626,"comment_status":"closed","ping_status":"open","template":"","meta":[],"product_brand":[],"product_cat":[229,888,242],"product_tag":[],"class_list":{"0":"post-105348","1":"product","2":"type-product","3":"status-publish","4":"has-post-thumbnail","6":"product_cat-special","7":"product_cat-not-discountable","8":"product_cat-wine-sets","9":"product_shipping_class-abholung","10":"pa_einheit-stueck-en","12":"first","13":"outofstock","14":"taxable","15":"shipping-taxable","16":"purchasable","17":"product-type-simple"},"yoast_head":"<!-- This site is optimized with the Yoast SEO plugin v27.5 - https:\/\/yoast.com\/product\/yoast-seo-wordpress\/ -->\n<title>The CookingSpoon - Online-Shop der Weing\u00fcter Mayer am Pfarrplatz und Rotes Haus<\/title>\n<meta name=\"robots\" content=\"index, follow, max-snippet:-1, max-image-preview:large, max-video-preview:-1\" \/>\n<link rel=\"canonical\" href=\"https:\/\/shop.pfarrplatz.com\/de\/wein\/the-cookingspoon-2\/\" \/>\n<meta property=\"og:locale\" content=\"de_DE\" \/>\n<meta property=\"og:type\" content=\"article\" \/>\n<meta property=\"og:title\" content=\"The CookingSpoon - Online-Shop der Weing\u00fcter Mayer am Pfarrplatz und Rotes Haus\" \/>\n<meta property=\"og:description\" content=\"Die F\u00e4sser der Wiener Traditionsweing\u00fcter f\u00fcr TheCookingSpoon Normalzeit Edition. Dieser Kochl\u00f6ffel ist aus dem Nussberg Pinot Noir Barrique von: Mayer am Pfarrplatz WienWein Jedes St\u00fcck wird in aufw\u00e4ndiger Handarbeit zu einem Unikat! Das Besondere an TheCookingSpoon ist die weltweite Einzigartigkeit eines Kochl\u00f6ffels mit einer besonderen Geschichte und einem besonderen Aroma.\" \/>\n<meta property=\"og:url\" content=\"https:\/\/shop.pfarrplatz.com\/de\/wein\/the-cookingspoon-2\/\" \/>\n<meta property=\"og:site_name\" content=\"Online-Shop der Weing\u00fcter Mayer am Pfarrplatz und Rotes Haus\" \/>\n<meta property=\"article:publisher\" content=\"https:\/\/www.facebook.com\/mayerampfarrplatz\" \/>\n<meta property=\"article:modified_time\" content=\"2026-04-13T14:44:19+00:00\" \/>\n<meta property=\"og:image\" content=\"https:\/\/shop.pfarrplatz.com\/wp-content\/uploads\/2025\/07\/TheCookingSpoon.webp\" \/>\n\t<meta property=\"og:image:width\" content=\"443\" \/>\n\t<meta property=\"og:image:height\" content=\"555\" \/>\n\t<meta property=\"og:image:type\" content=\"image\/webp\" \/>\n<meta name=\"twitter:card\" content=\"summary_large_image\" \/>\n<script type=\"application\/ld+json\" class=\"yoast-schema-graph\">{\"@context\":\"https:\\\/\\\/schema.org\",\"@graph\":[{\"@type\":\"WebPage\",\"@id\":\"https:\\\/\\\/shop.pfarrplatz.com\\\/de\\\/wein\\\/the-cookingspoon-2\\\/\",\"url\":\"https:\\\/\\\/shop.pfarrplatz.com\\\/de\\\/wein\\\/the-cookingspoon-2\\\/\",\"name\":\"The CookingSpoon - Online-Shop der Weing\u00fcter Mayer am Pfarrplatz und Rotes Haus\",\"isPartOf\":{\"@id\":\"https:\\\/\\\/shop.pfarrplatz.com\\\/de\\\/#website\"},\"primaryImageOfPage\":{\"@id\":\"https:\\\/\\\/shop.pfarrplatz.com\\\/de\\\/wein\\\/the-cookingspoon-2\\\/#primaryimage\"},\"image\":{\"@id\":\"https:\\\/\\\/shop.pfarrplatz.com\\\/de\\\/wein\\\/the-cookingspoon-2\\\/#primaryimage\"},\"thumbnailUrl\":\"https:\\\/\\\/shop.pfarrplatz.com\\\/wp-content\\\/uploads\\\/2025\\\/07\\\/TheCookingSpoon.webp\",\"datePublished\":\"2018-04-19T16:04:37+00:00\",\"dateModified\":\"2026-04-13T14:44:19+00:00\",\"breadcrumb\":{\"@id\":\"https:\\\/\\\/shop.pfarrplatz.com\\\/de\\\/wein\\\/the-cookingspoon-2\\\/#breadcrumb\"},\"inLanguage\":\"de\",\"potentialAction\":[{\"@type\":\"ReadAction\",\"target\":[\"https:\\\/\\\/shop.pfarrplatz.com\\\/de\\\/wein\\\/the-cookingspoon-2\\\/\"]}]},{\"@type\":\"ImageObject\",\"inLanguage\":\"de\",\"@id\":\"https:\\\/\\\/shop.pfarrplatz.com\\\/de\\\/wein\\\/the-cookingspoon-2\\\/#primaryimage\",\"url\":\"https:\\\/\\\/shop.pfarrplatz.com\\\/wp-content\\\/uploads\\\/2025\\\/07\\\/TheCookingSpoon.webp\",\"contentUrl\":\"https:\\\/\\\/shop.pfarrplatz.com\\\/wp-content\\\/uploads\\\/2025\\\/07\\\/TheCookingSpoon.webp\",\"width\":443,\"height\":555},{\"@type\":\"BreadcrumbList\",\"@id\":\"https:\\\/\\\/shop.pfarrplatz.com\\\/de\\\/wein\\\/the-cookingspoon-2\\\/#breadcrumb\",\"itemListElement\":[{\"@type\":\"ListItem\",\"position\":1,\"name\":\"Start\",\"item\":\"https:\\\/\\\/shop.pfarrplatz.com\\\/de\\\/\"},{\"@type\":\"ListItem\",\"position\":2,\"name\":\"Shop\",\"item\":\"https:\\\/\\\/shop.pfarrplatz.com\\\/de\\\/shop\\\/\"},{\"@type\":\"ListItem\",\"position\":3,\"name\":\"The CookingSpoon\"}]},{\"@type\":\"WebSite\",\"@id\":\"https:\\\/\\\/shop.pfarrplatz.com\\\/de\\\/#website\",\"url\":\"https:\\\/\\\/shop.pfarrplatz.com\\\/de\\\/\",\"name\":\"Online-Shop der Weing\u00fcter Mayer am Pfarrplatz und Rotes Haus\",\"description\":\"Von den 10 besten Weinen Wiens sind 6 von den Weing\u00fctern Mayer am Pfarrplatz und Rotes Haus\",\"publisher\":{\"@id\":\"https:\\\/\\\/shop.pfarrplatz.com\\\/de\\\/#organization\"},\"potentialAction\":[{\"@type\":\"SearchAction\",\"target\":{\"@type\":\"EntryPoint\",\"urlTemplate\":\"https:\\\/\\\/shop.pfarrplatz.com\\\/de\\\/?s={search_term_string}\"},\"query-input\":{\"@type\":\"PropertyValueSpecification\",\"valueRequired\":true,\"valueName\":\"search_term_string\"}}],\"inLanguage\":\"de\"},{\"@type\":\"Organization\",\"@id\":\"https:\\\/\\\/shop.pfarrplatz.com\\\/de\\\/#organization\",\"name\":\"Mayer am Pfarrplatz und Rotes Haus\",\"alternateName\":\"VWG \u201eVienna 19\u201c Wein GmbH\",\"url\":\"https:\\\/\\\/shop.pfarrplatz.com\\\/de\\\/\",\"logo\":{\"@type\":\"ImageObject\",\"inLanguage\":\"de\",\"@id\":\"https:\\\/\\\/shop.pfarrplatz.com\\\/de\\\/#\\\/schema\\\/logo\\\/image\\\/\",\"url\":\"https:\\\/\\\/shop.pfarrplatz.com\\\/wp-content\\\/uploads\\\/2018\\\/06\\\/weingut_mayer_am_pfarrplatz_logo.png\",\"contentUrl\":\"https:\\\/\\\/shop.pfarrplatz.com\\\/wp-content\\\/uploads\\\/2018\\\/06\\\/weingut_mayer_am_pfarrplatz_logo.png\",\"width\":124,\"height\":106,\"caption\":\"Mayer am Pfarrplatz und Rotes Haus\"},\"image\":{\"@id\":\"https:\\\/\\\/shop.pfarrplatz.com\\\/de\\\/#\\\/schema\\\/logo\\\/image\\\/\"},\"sameAs\":[\"https:\\\/\\\/www.facebook.com\\\/mayerampfarrplatz\",\"https:\\\/\\\/www.instagram.com\\\/mayerampfarrplatz.pfarrwirt\\\/\"]}]}<\/script>\n<!-- \/ Yoast SEO plugin. -->","yoast_head_json":{"title":"The CookingSpoon - Online-Shop der Weing\u00fcter Mayer am Pfarrplatz und Rotes Haus","robots":{"index":"index","follow":"follow","max-snippet":"max-snippet:-1","max-image-preview":"max-image-preview:large","max-video-preview":"max-video-preview:-1"},"canonical":"https:\/\/shop.pfarrplatz.com\/de\/wein\/the-cookingspoon-2\/","og_locale":"de_DE","og_type":"article","og_title":"The CookingSpoon - Online-Shop der Weing\u00fcter Mayer am Pfarrplatz und Rotes Haus","og_description":"Die F\u00e4sser der Wiener Traditionsweing\u00fcter f\u00fcr TheCookingSpoon Normalzeit Edition. Dieser Kochl\u00f6ffel ist aus dem Nussberg Pinot Noir Barrique von: Mayer am Pfarrplatz WienWein Jedes St\u00fcck wird in aufw\u00e4ndiger Handarbeit zu einem Unikat! Das Besondere an TheCookingSpoon ist die weltweite Einzigartigkeit eines Kochl\u00f6ffels mit einer besonderen Geschichte und einem besonderen Aroma.","og_url":"https:\/\/shop.pfarrplatz.com\/de\/wein\/the-cookingspoon-2\/","og_site_name":"Online-Shop der Weing\u00fcter Mayer am Pfarrplatz und Rotes Haus","article_publisher":"https:\/\/www.facebook.com\/mayerampfarrplatz","article_modified_time":"2026-04-13T14:44:19+00:00","og_image":[{"width":443,"height":555,"url":"https:\/\/shop.pfarrplatz.com\/wp-content\/uploads\/2025\/07\/TheCookingSpoon.webp","type":"image\/webp"}],"twitter_card":"summary_large_image","schema":{"@context":"https:\/\/schema.org","@graph":[{"@type":"WebPage","@id":"https:\/\/shop.pfarrplatz.com\/de\/wein\/the-cookingspoon-2\/","url":"https:\/\/shop.pfarrplatz.com\/de\/wein\/the-cookingspoon-2\/","name":"The CookingSpoon - Online-Shop der Weing\u00fcter Mayer am Pfarrplatz und Rotes Haus","isPartOf":{"@id":"https:\/\/shop.pfarrplatz.com\/de\/#website"},"primaryImageOfPage":{"@id":"https:\/\/shop.pfarrplatz.com\/de\/wein\/the-cookingspoon-2\/#primaryimage"},"image":{"@id":"https:\/\/shop.pfarrplatz.com\/de\/wein\/the-cookingspoon-2\/#primaryimage"},"thumbnailUrl":"https:\/\/shop.pfarrplatz.com\/wp-content\/uploads\/2025\/07\/TheCookingSpoon.webp","datePublished":"2018-04-19T16:04:37+00:00","dateModified":"2026-04-13T14:44:19+00:00","breadcrumb":{"@id":"https:\/\/shop.pfarrplatz.com\/de\/wein\/the-cookingspoon-2\/#breadcrumb"},"inLanguage":"de","potentialAction":[{"@type":"ReadAction","target":["https:\/\/shop.pfarrplatz.com\/de\/wein\/the-cookingspoon-2\/"]}]},{"@type":"ImageObject","inLanguage":"de","@id":"https:\/\/shop.pfarrplatz.com\/de\/wein\/the-cookingspoon-2\/#primaryimage","url":"https:\/\/shop.pfarrplatz.com\/wp-content\/uploads\/2025\/07\/TheCookingSpoon.webp","contentUrl":"https:\/\/shop.pfarrplatz.com\/wp-content\/uploads\/2025\/07\/TheCookingSpoon.webp","width":443,"height":555},{"@type":"BreadcrumbList","@id":"https:\/\/shop.pfarrplatz.com\/de\/wein\/the-cookingspoon-2\/#breadcrumb","itemListElement":[{"@type":"ListItem","position":1,"name":"Start","item":"https:\/\/shop.pfarrplatz.com\/de\/"},{"@type":"ListItem","position":2,"name":"Shop","item":"https:\/\/shop.pfarrplatz.com\/de\/shop\/"},{"@type":"ListItem","position":3,"name":"The CookingSpoon"}]},{"@type":"WebSite","@id":"https:\/\/shop.pfarrplatz.com\/de\/#website","url":"https:\/\/shop.pfarrplatz.com\/de\/","name":"Online-Shop der Weing\u00fcter Mayer am Pfarrplatz und Rotes Haus","description":"Von den 10 besten Weinen Wiens sind 6 von den Weing\u00fctern Mayer am Pfarrplatz und Rotes Haus","publisher":{"@id":"https:\/\/shop.pfarrplatz.com\/de\/#organization"},"potentialAction":[{"@type":"SearchAction","target":{"@type":"EntryPoint","urlTemplate":"https:\/\/shop.pfarrplatz.com\/de\/?s={search_term_string}"},"query-input":{"@type":"PropertyValueSpecification","valueRequired":true,"valueName":"search_term_string"}}],"inLanguage":"de"},{"@type":"Organization","@id":"https:\/\/shop.pfarrplatz.com\/de\/#organization","name":"Mayer am Pfarrplatz und Rotes Haus","alternateName":"VWG \u201eVienna 19\u201c Wein GmbH","url":"https:\/\/shop.pfarrplatz.com\/de\/","logo":{"@type":"ImageObject","inLanguage":"de","@id":"https:\/\/shop.pfarrplatz.com\/de\/#\/schema\/logo\/image\/","url":"https:\/\/shop.pfarrplatz.com\/wp-content\/uploads\/2018\/06\/weingut_mayer_am_pfarrplatz_logo.png","contentUrl":"https:\/\/shop.pfarrplatz.com\/wp-content\/uploads\/2018\/06\/weingut_mayer_am_pfarrplatz_logo.png","width":124,"height":106,"caption":"Mayer am Pfarrplatz und Rotes Haus"},"image":{"@id":"https:\/\/shop.pfarrplatz.com\/de\/#\/schema\/logo\/image\/"},"sameAs":["https:\/\/www.facebook.com\/mayerampfarrplatz","https:\/\/www.instagram.com\/mayerampfarrplatz.pfarrwirt\/"]}]}},"_links":{"self":[{"href":"https:\/\/shop.pfarrplatz.com\/de\/wp-json\/wp\/v2\/product\/105348","targetHints":{"allow":["GET"]}}],"collection":[{"href":"https:\/\/shop.pfarrplatz.com\/de\/wp-json\/wp\/v2\/product"}],"about":[{"href":"https:\/\/shop.pfarrplatz.com\/de\/wp-json\/wp\/v2\/types\/product"}],"replies":[{"embeddable":true,"href":"https:\/\/shop.pfarrplatz.com\/de\/wp-json\/wp\/v2\/comments?post=105348"}],"wp:featuredmedia":[{"embeddable":true,"href":"https:\/\/shop.pfarrplatz.com\/de\/wp-json\/wp\/v2\/media\/97626"}],"wp:attachment":[{"href":"https:\/\/shop.pfarrplatz.com\/de\/wp-json\/wp\/v2\/media?parent=105348"}],"wp:term":[{"taxonomy":"product_brand","embeddable":true,"href":"https:\/\/shop.pfarrplatz.com\/de\/wp-json\/wp\/v2\/product_brand?post=105348"},{"taxonomy":"product_cat","embeddable":true,"href":"https:\/\/shop.pfarrplatz.com\/de\/wp-json\/wp\/v2\/product_cat?post=105348"},{"taxonomy":"product_tag","embeddable":true,"href":"https:\/\/shop.pfarrplatz.com\/de\/wp-json\/wp\/v2\/product_tag?post=105348"}],"curies":[{"name":"wp","href":"https:\/\/api.w.org\/{rel}","templated":true}]}}