{"id":105335,"date":"2018-04-21T21:53:59","date_gmt":"2018-04-21T19:53:59","guid":{"rendered":"https:\/\/shop-2025.pfarrplatz.vollwerbung.at\/wein\/asia-cuvee-2\/"},"modified":"2026-04-07T13:54:00","modified_gmt":"2026-04-07T11:54:00","slug":"asia-cuvee-2","status":"publish","type":"product","link":"https:\/\/shop.pfarrplatz.com\/de\/wein\/asia-cuvee-2\/","title":{"rendered":"Asia Cuv\u00e9e"},"content":{"rendered":"","protected":false},"excerpt":{"rendered":"<p>Verf\u00fchrerische Fruchtexotik, eleganter Muskat und Rosenduft. Am Gaumen ausgewogen und lebendig, zarte Rests\u00fc\u00dfe im Nachhall.<\/p>\n","protected":false},"featured_media":97616,"comment_status":"closed","ping_status":"open","template":"","meta":[],"product_brand":[],"product_cat":[213,209,167,178],"product_tag":[],"class_list":{"0":"post-105335","1":"product","2":"type-product","3":"status-publish","4":"has-post-thumbnail","6":"product_cat-gebietsweine","7":"product_cat-klassik-weisswein","8":"product_cat-mayer-am-pfarrplatz","9":"product_cat-weisswein","10":"product_shipping_class-52","11":"pa_allergene-enthaelt-sulfite","12":"pa_einheit-flasche","13":"pa_gebinde-075-2","14":"pa_geschmack-halbtrocken","15":"pa_jahrgang-876","16":"pa_lagerfaehigkeit-1-2-jahre","17":"pa_produkt-weisswein","18":"pa_qualitaetsstufe-klassikwein","19":"pa_rebsorte-gruener-veltliner","20":"pa_rebsorte-riesling","21":"pa_rebsorte-sauvignon-blanc","22":"pa_rebsorte-traminer","23":"pa_rebsorte-weissburgunder","24":"pa_trinktemperatur-9-11-c","25":"pa_verschluss-schraubverschluss","26":"pa_weingut-mayer-am-pfarrplatz","28":"first","29":"instock","30":"taxable","31":"shipping-taxable","32":"purchasable","33":"product-type-simple"},"_links":{"self":[{"href":"https:\/\/shop.pfarrplatz.com\/de\/wp-json\/wp\/v2\/product\/105335","targetHints":{"allow":["GET"]}}],"collection":[{"href":"https:\/\/shop.pfarrplatz.com\/de\/wp-json\/wp\/v2\/product"}],"about":[{"href":"https:\/\/shop.pfarrplatz.com\/de\/wp-json\/wp\/v2\/types\/product"}],"replies":[{"embeddable":true,"href":"https:\/\/shop.pfarrplatz.com\/de\/wp-json\/wp\/v2\/comments?post=105335"}],"wp:featuredmedia":[{"embeddable":true,"href":"https:\/\/shop.pfarrplatz.com\/de\/wp-json\/wp\/v2\/media\/97616"}],"wp:attachment":[{"href":"https:\/\/shop.pfarrplatz.com\/de\/wp-json\/wp\/v2\/media?parent=105335"}],"wp:term":[{"taxonomy":"product_brand","embeddable":true,"href":"https:\/\/shop.pfarrplatz.com\/de\/wp-json\/wp\/v2\/product_brand?post=105335"},{"taxonomy":"product_cat","embeddable":true,"href":"https:\/\/shop.pfarrplatz.com\/de\/wp-json\/wp\/v2\/product_cat?post=105335"},{"taxonomy":"product_tag","embeddable":true,"href":"https:\/\/shop.pfarrplatz.com\/de\/wp-json\/wp\/v2\/product_tag?post=105335"}],"curies":[{"name":"wp","href":"https:\/\/api.w.org\/{rel}","templated":true}]}}