{"id":105332,"date":"2018-04-21T21:53:52","date_gmt":"2018-04-21T19:53:52","guid":{"rendered":"https:\/\/shop-2025.pfarrplatz.vollwerbung.at\/wein\/sauvignon-blanc-2\/"},"modified":"2026-04-07T13:53:57","modified_gmt":"2026-04-07T11:53:57","slug":"sauvignon-blanc-2","status":"publish","type":"product","link":"https:\/\/shop.pfarrplatz.com\/de\/wein\/sauvignon-blanc-2\/","title":{"rendered":"Sauvignon Blanc"},"content":{"rendered":"","protected":false},"excerpt":{"rendered":"<p>In der Nase intensive exotische Duftnoten von Stachelbeeren und Litschi. Druckvoll am Gaumen mit einem dichten Fruchtschmelz. Die feine Extrakts\u00fc\u00dfe unterst\u00fctzt den kr\u00e4ftigen K\u00f6rper. Ein sehr langer pikant - w\u00fcrziger Abgang. Ein sehr typischer Sauvignon Blanc.<\/p>\n","protected":false},"featured_media":95539,"comment_status":"closed","ping_status":"open","template":"","meta":[],"product_brand":[],"product_cat":[213,209,167,178],"product_tag":[],"class_list":{"0":"post-105332","1":"product","2":"type-product","3":"status-publish","4":"has-post-thumbnail","6":"product_cat-gebietsweine","7":"product_cat-klassik-weisswein","8":"product_cat-mayer-am-pfarrplatz","9":"product_cat-weisswein","10":"product_shipping_class-52","11":"pa_allergene-enthaelt-sulfite","12":"pa_bewertung-89-falstaff-punkte","13":"pa_einheit-flasche","14":"pa_gebinde-075-2","15":"pa_geschmack-trocken-2","16":"pa_jahrgang-827","17":"pa_lage-weingarten-gebietswein","18":"pa_lagerfaehigkeit-1-2-years","19":"pa_produkt-weisswein","20":"pa_qualitaetsstufe-klassikwein","21":"pa_rebsorte-sauvignon-blanc","22":"pa_trinktemperatur-10-12-c","23":"pa_verschluss-schraubverschluss","24":"pa_weingut-mayer-am-pfarrplatz","26":"first","27":"instock","28":"taxable","29":"shipping-taxable","30":"purchasable","31":"product-type-simple"},"_links":{"self":[{"href":"https:\/\/shop.pfarrplatz.com\/de\/wp-json\/wp\/v2\/product\/105332","targetHints":{"allow":["GET"]}}],"collection":[{"href":"https:\/\/shop.pfarrplatz.com\/de\/wp-json\/wp\/v2\/product"}],"about":[{"href":"https:\/\/shop.pfarrplatz.com\/de\/wp-json\/wp\/v2\/types\/product"}],"replies":[{"embeddable":true,"href":"https:\/\/shop.pfarrplatz.com\/de\/wp-json\/wp\/v2\/comments?post=105332"}],"wp:featuredmedia":[{"embeddable":true,"href":"https:\/\/shop.pfarrplatz.com\/de\/wp-json\/wp\/v2\/media\/95539"}],"wp:attachment":[{"href":"https:\/\/shop.pfarrplatz.com\/de\/wp-json\/wp\/v2\/media?parent=105332"}],"wp:term":[{"taxonomy":"product_brand","embeddable":true,"href":"https:\/\/shop.pfarrplatz.com\/de\/wp-json\/wp\/v2\/product_brand?post=105332"},{"taxonomy":"product_cat","embeddable":true,"href":"https:\/\/shop.pfarrplatz.com\/de\/wp-json\/wp\/v2\/product_cat?post=105332"},{"taxonomy":"product_tag","embeddable":true,"href":"https:\/\/shop.pfarrplatz.com\/de\/wp-json\/wp\/v2\/product_tag?post=105332"}],"curies":[{"name":"wp","href":"https:\/\/api.w.org\/{rel}","templated":true}]}}