{"id":105329,"date":"2018-04-21T21:53:52","date_gmt":"2018-04-21T19:53:52","guid":{"rendered":"https:\/\/shop-2025.pfarrplatz.vollwerbung.at\/wein\/riesling-alsegg-2\/"},"modified":"2026-04-07T14:16:29","modified_gmt":"2026-04-07T12:16:29","slug":"riesling-alsegg-2","status":"publish","type":"product","link":"https:\/\/shop.pfarrplatz.com\/de\/wein\/riesling-alsegg-2\/","title":{"rendered":"Ried Alsegg Riesling"},"content":{"rendered":"","protected":false},"excerpt":{"rendered":"<p>Reifer saftiger Pfirsich in der Nase, knackiges S\u00e4urespiel mit feiner Fruchts\u00fc\u00dfe, enorme Mineralik mit einer fein salzigen Note am Gaumen, vielschichtige und druckvolle Frucht im Nachhall.<\/p>\n<p><strong>Nur im April-10% Rabatt auf unseren Ried Alsegg Riesling.<\/strong><\/p>\n","protected":false},"featured_media":97607,"comment_status":"closed","ping_status":"closed","template":"","meta":[],"product_brand":[],"product_cat":[208,167,218,178],"product_tag":[],"class_list":{"0":"post-105329","1":"product","2":"type-product","3":"status-publish","4":"has-post-thumbnail","6":"product_cat-lagen-weisswein","7":"product_cat-mayer-am-pfarrplatz","8":"product_cat-riedenwein","9":"product_cat-weisswein","10":"product_shipping_class-52","11":"pa_allergene-enthaelt-sulfite","12":"pa_einheit-flasche","13":"pa_gebinde-075-2","14":"pa_geschmack-trocken","15":"pa_jahrgang-827","16":"pa_lage-weingarten-alsegg","17":"pa_lagerfaehigkeit-10-jahre","18":"pa_produkt-weisswein","19":"pa_qualitaetsstufe-lagenwein","20":"pa_rebsorte-riesling","21":"pa_trinktemperatur-10-12-c","22":"pa_verschluss-schraubverschluss","23":"pa_weingut-mayer-am-pfarrplatz","25":"first","26":"instock","27":"sale","28":"featured","29":"taxable","30":"shipping-taxable","31":"purchasable","32":"product-type-simple"},"_links":{"self":[{"href":"https:\/\/shop.pfarrplatz.com\/de\/wp-json\/wp\/v2\/product\/105329","targetHints":{"allow":["GET"]}}],"collection":[{"href":"https:\/\/shop.pfarrplatz.com\/de\/wp-json\/wp\/v2\/product"}],"about":[{"href":"https:\/\/shop.pfarrplatz.com\/de\/wp-json\/wp\/v2\/types\/product"}],"replies":[{"embeddable":true,"href":"https:\/\/shop.pfarrplatz.com\/de\/wp-json\/wp\/v2\/comments?post=105329"}],"wp:featuredmedia":[{"embeddable":true,"href":"https:\/\/shop.pfarrplatz.com\/de\/wp-json\/wp\/v2\/media\/97607"}],"wp:attachment":[{"href":"https:\/\/shop.pfarrplatz.com\/de\/wp-json\/wp\/v2\/media?parent=105329"}],"wp:term":[{"taxonomy":"product_brand","embeddable":true,"href":"https:\/\/shop.pfarrplatz.com\/de\/wp-json\/wp\/v2\/product_brand?post=105329"},{"taxonomy":"product_cat","embeddable":true,"href":"https:\/\/shop.pfarrplatz.com\/de\/wp-json\/wp\/v2\/product_cat?post=105329"},{"taxonomy":"product_tag","embeddable":true,"href":"https:\/\/shop.pfarrplatz.com\/de\/wp-json\/wp\/v2\/product_tag?post=105329"}],"curies":[{"name":"wp","href":"https:\/\/api.w.org\/{rel}","templated":true}]}}