{"id":105324,"date":"2018-04-21T21:53:52","date_gmt":"2018-04-21T19:53:52","guid":{"rendered":"https:\/\/shop-2025.pfarrplatz.vollwerbung.at\/wein\/grinzing-gruener-veltliner-2\/"},"modified":"2026-04-07T13:53:49","modified_gmt":"2026-04-07T11:53:49","slug":"grinzing-gruener-veltliner-2","status":"publish","type":"product","link":"https:\/\/shop.pfarrplatz.com\/de\/wein\/grinzing-gruener-veltliner-2\/","title":{"rendered":"Grinzing Gr\u00fcner Veltliner"},"content":{"rendered":"","protected":false},"excerpt":{"rendered":"<p>Duft nach Saftbirne und gelbem Apfel. Am Gaumen cremig-dichte Textur in der sich die Birne wiederfindet. S\u00e4ure und W\u00fcrze bilden eine abwechslungsreiche Struktur. Ein sehr saftiger und konzentrierter Gr\u00fcner Veltliner.<\/p>\n","protected":false},"featured_media":95417,"comment_status":"closed","ping_status":"open","template":"","meta":[],"product_brand":[],"product_cat":[208,167,212,178],"product_tag":[],"class_list":{"0":"post-105324","1":"product","2":"type-product","3":"status-publish","4":"has-post-thumbnail","6":"product_cat-lagen-weisswein","7":"product_cat-mayer-am-pfarrplatz","8":"product_cat-ortsweine","9":"product_cat-weisswein","10":"product_shipping_class-52","11":"pa_allergene-enthaelt-sulfite","12":"pa_einheit-flasche","13":"pa_gebinde-075-2","14":"pa_geschmack-trocken","15":"pa_jahrgang-827","16":"pa_lage-weingarten-schenkenberg","17":"pa_lagerfaehigkeit-3-5-jahre","18":"pa_produkt-weisswein","19":"pa_qualitaetsstufe-lagenwein","20":"pa_rebsorte-gruener-veltliner","21":"pa_trinktemperatur-10-12-c","22":"pa_verschluss-schraubverschluss","23":"pa_weingut-mayer-am-pfarrplatz","25":"first","26":"instock","27":"taxable","28":"shipping-taxable","29":"purchasable","30":"product-type-simple"},"_links":{"self":[{"href":"https:\/\/shop.pfarrplatz.com\/de\/wp-json\/wp\/v2\/product\/105324","targetHints":{"allow":["GET"]}}],"collection":[{"href":"https:\/\/shop.pfarrplatz.com\/de\/wp-json\/wp\/v2\/product"}],"about":[{"href":"https:\/\/shop.pfarrplatz.com\/de\/wp-json\/wp\/v2\/types\/product"}],"replies":[{"embeddable":true,"href":"https:\/\/shop.pfarrplatz.com\/de\/wp-json\/wp\/v2\/comments?post=105324"}],"wp:featuredmedia":[{"embeddable":true,"href":"https:\/\/shop.pfarrplatz.com\/de\/wp-json\/wp\/v2\/media\/95417"}],"wp:attachment":[{"href":"https:\/\/shop.pfarrplatz.com\/de\/wp-json\/wp\/v2\/media?parent=105324"}],"wp:term":[{"taxonomy":"product_brand","embeddable":true,"href":"https:\/\/shop.pfarrplatz.com\/de\/wp-json\/wp\/v2\/product_brand?post=105324"},{"taxonomy":"product_cat","embeddable":true,"href":"https:\/\/shop.pfarrplatz.com\/de\/wp-json\/wp\/v2\/product_cat?post=105324"},{"taxonomy":"product_tag","embeddable":true,"href":"https:\/\/shop.pfarrplatz.com\/de\/wp-json\/wp\/v2\/product_tag?post=105324"}],"curies":[{"name":"wp","href":"https:\/\/api.w.org\/{rel}","templated":true}]}}