{"id":105323,"date":"2018-04-21T21:53:52","date_gmt":"2018-04-21T19:53:52","guid":{"rendered":"https:\/\/shop-2025.pfarrplatz.vollwerbung.at\/wein\/gruener-veltliner-2\/"},"modified":"2026-04-07T13:53:49","modified_gmt":"2026-04-07T11:53:49","slug":"gruener-veltliner-2","status":"publish","type":"product","link":"https:\/\/shop.pfarrplatz.com\/de\/wein\/gruener-veltliner-2\/","title":{"rendered":"Gr\u00fcner Veltliner"},"content":{"rendered":"","protected":false},"excerpt":{"rendered":"<p>Zarte Wiesenkr\u00e4uter in der Nase. Feinw\u00fcrzig unterlegte Frucht, erinnert an Grapefruit mit gut integrierter S\u00e4urestruktur. Wei\u00dfer Pfeffer im Nachhall, ein idealer Speisebegleiter.<\/p>\n<p>&nbsp;<\/p>\n","protected":false},"featured_media":97595,"comment_status":"closed","ping_status":"open","template":"","meta":[],"product_brand":[],"product_cat":[213,209,167,178],"product_tag":[],"class_list":{"0":"post-105323","1":"product","2":"type-product","3":"status-publish","4":"has-post-thumbnail","6":"product_cat-gebietsweine","7":"product_cat-klassik-weisswein","8":"product_cat-mayer-am-pfarrplatz","9":"product_cat-weisswein","10":"product_shipping_class-52","11":"pa_allergene-enthaelt-sulfite","12":"pa_einheit-flasche","13":"pa_gebinde-075-2","14":"pa_geschmack-trocken-2","15":"pa_jahrgang-876","16":"pa_lage-weingarten-gebietswein","17":"pa_lagerfaehigkeit-1-2-years","18":"pa_produkt-weisswein","19":"pa_qualitaetsstufe-klassikwein","20":"pa_rebsorte-gruener-veltliner","21":"pa_trinktemperatur-9-11-c","22":"pa_verschluss-schraubverschluss","23":"pa_weingut-mayer-am-pfarrplatz","25":"first","26":"instock","27":"taxable","28":"shipping-taxable","29":"purchasable","30":"product-type-simple"},"_links":{"self":[{"href":"https:\/\/shop.pfarrplatz.com\/de\/wp-json\/wp\/v2\/product\/105323","targetHints":{"allow":["GET"]}}],"collection":[{"href":"https:\/\/shop.pfarrplatz.com\/de\/wp-json\/wp\/v2\/product"}],"about":[{"href":"https:\/\/shop.pfarrplatz.com\/de\/wp-json\/wp\/v2\/types\/product"}],"replies":[{"embeddable":true,"href":"https:\/\/shop.pfarrplatz.com\/de\/wp-json\/wp\/v2\/comments?post=105323"}],"wp:featuredmedia":[{"embeddable":true,"href":"https:\/\/shop.pfarrplatz.com\/de\/wp-json\/wp\/v2\/media\/97595"}],"wp:attachment":[{"href":"https:\/\/shop.pfarrplatz.com\/de\/wp-json\/wp\/v2\/media?parent=105323"}],"wp:term":[{"taxonomy":"product_brand","embeddable":true,"href":"https:\/\/shop.pfarrplatz.com\/de\/wp-json\/wp\/v2\/product_brand?post=105323"},{"taxonomy":"product_cat","embeddable":true,"href":"https:\/\/shop.pfarrplatz.com\/de\/wp-json\/wp\/v2\/product_cat?post=105323"},{"taxonomy":"product_tag","embeddable":true,"href":"https:\/\/shop.pfarrplatz.com\/de\/wp-json\/wp\/v2\/product_tag?post=105323"}],"curies":[{"name":"wp","href":"https:\/\/api.w.org\/{rel}","templated":true}]}}