{"id":105320,"date":"2018-04-21T21:53:52","date_gmt":"2018-04-21T19:53:52","guid":{"rendered":"https:\/\/shop-2025.pfarrplatz.vollwerbung.at\/wein\/wiener-gemischter-satz-dac-nussberg-3\/"},"modified":"2026-04-07T13:53:46","modified_gmt":"2026-04-07T11:53:46","slug":"wiener-gemischter-satz-dac-nussberg-3","status":"publish","type":"product","link":"https:\/\/shop.pfarrplatz.com\/de\/wein\/wiener-gemischter-satz-dac-nussberg-3\/","title":{"rendered":"Nussberg Wiener Gemischter Satz DAC"},"content":{"rendered":"","protected":false},"excerpt":{"rendered":"<p>Riesling, Gr\u00fcner Veltliner, Rotgipfler und Zierfandler bilden den Hauptanteil f\u00fcr den Wiener Gemischten Satz DAC Nussberg. Der Wein pr\u00e4sentiert sich sehr duftig und aromatisch. In der Nase Ankl\u00e4nge von Mandarinen und rotem Pfirsich. Druckvoll und Salz-mineralisch am Gaumen. Trotz der Kraft elegant und enorm vielschichtig.<\/p>\n","protected":false},"featured_media":95370,"comment_status":"closed","ping_status":"open","template":"","meta":[],"product_brand":[],"product_cat":[208,167,212,178],"product_tag":[],"class_list":{"0":"post-105320","1":"product","2":"type-product","3":"status-publish","4":"has-post-thumbnail","6":"product_cat-lagen-weisswein","7":"product_cat-mayer-am-pfarrplatz","8":"product_cat-ortsweine","9":"product_cat-weisswein","10":"product_shipping_class-52","11":"pa_allergene-enthaelt-sulfite","12":"pa_einheit-flasche","13":"pa_gebinde-075-2","14":"pa_geschmack-trocken","15":"pa_jahrgang-827","16":"pa_lage-weingarten-nussberg","17":"pa_lagerfaehigkeit-2-3-jahre","18":"pa_produkt-weisswein","19":"pa_qualitaetsstufe-dac-wein","20":"pa_rebsorte-gruener-veltliner","21":"pa_rebsorte-riesling","22":"pa_rebsorte-rotgipfler","23":"pa_rebsorte-zierfandler","24":"pa_trinktemperatur-10-12-c","25":"pa_verschluss-schraubverschluss","26":"pa_weingut-mayer-am-pfarrplatz","28":"first","29":"instock","30":"taxable","31":"shipping-taxable","32":"purchasable","33":"product-type-simple"},"_links":{"self":[{"href":"https:\/\/shop.pfarrplatz.com\/de\/wp-json\/wp\/v2\/product\/105320","targetHints":{"allow":["GET"]}}],"collection":[{"href":"https:\/\/shop.pfarrplatz.com\/de\/wp-json\/wp\/v2\/product"}],"about":[{"href":"https:\/\/shop.pfarrplatz.com\/de\/wp-json\/wp\/v2\/types\/product"}],"replies":[{"embeddable":true,"href":"https:\/\/shop.pfarrplatz.com\/de\/wp-json\/wp\/v2\/comments?post=105320"}],"wp:featuredmedia":[{"embeddable":true,"href":"https:\/\/shop.pfarrplatz.com\/de\/wp-json\/wp\/v2\/media\/95370"}],"wp:attachment":[{"href":"https:\/\/shop.pfarrplatz.com\/de\/wp-json\/wp\/v2\/media?parent=105320"}],"wp:term":[{"taxonomy":"product_brand","embeddable":true,"href":"https:\/\/shop.pfarrplatz.com\/de\/wp-json\/wp\/v2\/product_brand?post=105320"},{"taxonomy":"product_cat","embeddable":true,"href":"https:\/\/shop.pfarrplatz.com\/de\/wp-json\/wp\/v2\/product_cat?post=105320"},{"taxonomy":"product_tag","embeddable":true,"href":"https:\/\/shop.pfarrplatz.com\/de\/wp-json\/wp\/v2\/product_tag?post=105320"}],"curies":[{"name":"wp","href":"https:\/\/api.w.org\/{rel}","templated":true}]}}