{"id":99246,"date":"2025-08-07T14:27:20","date_gmt":"2025-08-07T12:27:20","guid":{"rendered":"https:\/\/shop.pfarrplatz.com\/?page_id=99246"},"modified":"2025-08-07T14:27:20","modified_gmt":"2025-08-07T12:27:20","slug":"barrierefreiheitserklaerung","status":"publish","type":"page","link":"https:\/\/shop.pfarrplatz.com\/de\/barrierefreiheitserklaerung\/","title":{"rendered":"Barrierefreiheitserkl\u00e4rung"},"content":{"rendered":"<div class=\"flex_column av_one_full  flex_column_div av-zero-column-padding first  avia-builder-el-0  avia-builder-el-no-sibling  \" style='border-radius:0px; '><section class=\"av_textblock_section \"  itemscope=\"itemscope\" itemtype=\"https:\/\/schema.org\/CreativeWork\" ><div class='avia_textblock  '   itemprop=\"text\" ><h1>Erkl\u00e4rung zur digitalen Barrierefreiheit<\/h1>\n<p>Diese Erkl\u00e4rung zur Barrierefreiheit gilt f\u00fcr die Website <a href=\"https:\/\/shop.pfarrplatz.com\" target=\"_blank\" rel=\"noopener noreferrer\">shop.pfarrplatz.com<\/a>.<\/p>\n<p>Wir sind bem\u00fcht, unsere Website im Einklang mit dem <strong>Web-Zug\u00e4nglichkeits-Gesetz (WZG)<\/strong> sowie der <strong>NORM EN 301 549<\/strong> barrierefrei zug\u00e4nglich zu machen.<br \/>\nDie Anforderungen entsprechen den <strong>Web Content Accessibility Guidelines (WCAG) 2.1<\/strong>, Konformit\u00e4tsstufe AA.<\/p>\n<h3>Stand der Vereinbarkeit mit den Anforderungen<\/h3>\n<p>Diese Website ist <strong>nicht konform<\/strong> mit den oben genannten Anforderungen.<\/p>\n<h3>Nicht barrierefreie Inhalte<\/h3>\n<p>Die nachstehend aufgef\u00fchrten Inhalte sind aus folgenden Gr\u00fcnden nicht oder nur eingeschr\u00e4nkt barrierefrei:<\/p>\n<ul>\n<li>Einige <strong>PDF-Dokumente<\/strong> sind nicht barrierefrei.<\/li>\n<li>F\u00fcr <strong>Bilder<\/strong> fehlen teilweise <strong>Alternativtexte<\/strong>.<\/li>\n<li>Das <strong>Instagram-Karussell<\/strong> enth\u00e4lt keine eindeutigen Rollen-Zuweisungen und ist nicht vollst\u00e4ndig mit der Tastatur bedienbar.<\/li>\n<li>Das <strong>Reservierungstool<\/strong> weist Probleme in der Farbkontrastgestaltung und der Tastaturnavigation auf.<\/li>\n<li>Die <strong>allgemeine Tastaturnavigation<\/strong> ist auf manchen Seiten eingeschr\u00e4nkt.<\/li>\n<li>Nicht alle <strong>Farbkontraste<\/strong> auf der Website entsprechen den Anforderungen der Barrierefreiheit.<\/li>\n<\/ul>\n<p><strong>Begr\u00fcndung:<\/strong><br \/>\nEin Teil dieser Einschr\u00e4nkungen wird derzeit im Rahmen technischer \u00dcberarbeitungen behoben.<br \/>\nBei extern eingebundenen Komponenten (z.\u202fB. Reservierungstool, Social Media Widgets) sind wir auf Barrierefreiheits-Updates der jeweiligen Hersteller angewiesen.<\/p>\n<h3>Erstellung der Erkl\u00e4rung<\/h3>\n<p>Diese Erkl\u00e4rung wurde am <strong>6. August 2025<\/strong> erstellt.<br \/>\nDie Erkl\u00e4rung wurde auf Grundlage einer von einem Dritten vorgenommenen Bewertung erstellt.<\/p>\n<h3>Feedback und Kontakt<\/h3>\n<p>Wenn Ihnen Barrieren auf <a href=\"https:\/\/shop.pfarrplatz.com\" target=\"_blank\" rel=\"noopener noreferrer\">shop.pfarrplatz.com<\/a> auffallen oder Sie Inhalte in barrierefreier Form ben\u00f6tigen, kontaktieren Sie uns bitte:<\/p>\n<ul>\n<li>E-Mail: <a href=\"mailto:weingut@pfarrplatz.at\">weingut@pfarrplatz.at<\/a><\/li>\n<li>Telefon: <a href=\"tel:+4313360197\">01 33 60 197<\/a><\/li>\n<\/ul>\n<h3>Durchsetzungsverfahren<\/h3>\n<p>Bei nicht zufriedenstellenden Antworten aus oben genannter Kontaktm\u00f6glichkeit k\u00f6nnen Sie sich mittels Beschwerde an die Beschwerdestelle der <a class=\"glossar-hover\" title=\"\u00d6sterreichische Forschungsf\u00f6rderungsgesellschaft - Begriff im Glossar nachschlagen\" href=\"https:\/\/www.digitalbarrierefrei.at\/de\/glossar\/oesterreichische-forschungsfoerderungsgesellschaft-mbh-2\" data-glossary-id=\"120\">\u00d6sterreichische Forschungsf\u00f6rderungsgesellschaft<\/a> mit beschr\u00e4nkter Haftung (<a class=\"glossar-hover\" title=\"FFG - Begriff im Glossar nachschlagen\" href=\"https:\/\/www.digitalbarrierefrei.at\/de\/glossar\/oesterreichische-forschungsfoerderungsgesellschaft-mbh-2\" data-glossary-id=\"120\">FFG<\/a>) wenden. Die <a class=\"glossar-hover\" title=\"FFG - Begriff im Glossar nachschlagen\" href=\"https:\/\/www.digitalbarrierefrei.at\/de\/glossar\/oesterreichische-forschungsfoerderungsgesellschaft-mbh-2\" data-glossary-id=\"120\">FFG<\/a> nimmt \u00fcber das <a href=\"https:\/\/www.digitalbarrierefrei.at\/de\/beschwerdestelle\/kontaktformular-beschwerdestelle\">Kontaktformular der Beschwerdestelle<\/a> Beschwerden auf elektronischem Weg entgegen.<\/p>\n<p>Die Beschwerden werden von der <a class=\"glossar-hover\" title=\"FFG - Begriff im Glossar nachschlagen\" href=\"https:\/\/www.digitalbarrierefrei.at\/de\/glossar\/oesterreichische-forschungsfoerderungsgesellschaft-mbh-2\" data-glossary-id=\"120\">FFG<\/a> dahingehend gepr\u00fcft, ob sie sich auf Verst\u00f6\u00dfe gegen die Vorgaben des Web-Zug\u00e4nglichkeits-Gesetzes, insbesondere M\u00e4ngel bei der Einhaltung der Barrierefreiheitsanforderungen, durch den Bund oder einer ihm zuordenbaren Einrichtung beziehen.<\/p>\n<p>Sofern die Beschwerde berechtigt ist, hat die <a class=\"glossar-hover\" title=\"FFG - Begriff im Glossar nachschlagen\" href=\"https:\/\/www.digitalbarrierefrei.at\/de\/glossar\/oesterreichische-forschungsfoerderungsgesellschaft-mbh-2\" data-glossary-id=\"120\">FFG<\/a> dem Bund oder den betroffenen Rechtstr\u00e4gern Handlungsempfehlungen auszusprechen und Ma\u00dfnahmen vorzuschlagen, die der Beseitigung der vorliegenden M\u00e4ngel dienen.<\/p>\n<\/div><\/section><\/div>\n","protected":false},"excerpt":{"rendered":"","protected":false},"author":3437,"featured_media":0,"parent":0,"menu_order":2,"comment_status":"closed","ping_status":"closed","template":"","meta":{"footnotes":""},"class_list":["post-99246","page","type-page","status-publish","hentry"],"yoast_head":"<!-- This site is optimized with the Yoast SEO plugin v27.3 - https:\/\/yoast.com\/product\/yoast-seo-wordpress\/ -->\n<title>Barrierefreiheitserkl\u00e4rung - Online-Shop der Weing\u00fcter Mayer am Pfarrplatz und Rotes Haus<\/title>\n<meta name=\"robots\" content=\"index, follow, max-snippet:-1, max-image-preview:large, max-video-preview:-1\" \/>\n<link rel=\"canonical\" href=\"https:\/\/shop.pfarrplatz.com\/de\/barrierefreiheitserklaerung\/\" \/>\n<meta property=\"og:locale\" content=\"de_DE\" \/>\n<meta property=\"og:type\" content=\"article\" \/>\n<meta property=\"og:title\" content=\"Barrierefreiheitserkl\u00e4rung - Online-Shop der Weing\u00fcter Mayer am Pfarrplatz und Rotes Haus\" \/>\n<meta property=\"og:url\" content=\"https:\/\/shop.pfarrplatz.com\/de\/barrierefreiheitserklaerung\/\" \/>\n<meta property=\"og:site_name\" content=\"Online-Shop der Weing\u00fcter Mayer am Pfarrplatz und Rotes Haus\" \/>\n<meta name=\"twitter:card\" content=\"summary_large_image\" \/>\n<meta name=\"twitter:label1\" content=\"Gesch\u00e4tzte Lesezeit\" \/>\n\t<meta name=\"twitter:data1\" content=\"1\u00a0Minute\" \/>\n<script type=\"application\/ld+json\" class=\"yoast-schema-graph\">{\"@context\":\"https:\\\/\\\/schema.org\",\"@graph\":[{\"@type\":\"WebPage\",\"@id\":\"https:\\\/\\\/shop.pfarrplatz.com\\\/de\\\/barrierefreiheitserklaerung\\\/\",\"url\":\"https:\\\/\\\/shop.pfarrplatz.com\\\/de\\\/barrierefreiheitserklaerung\\\/\",\"name\":\"Barrierefreiheitserkl\u00e4rung - Online-Shop der Weing\u00fcter Mayer am Pfarrplatz und Rotes Haus\",\"isPartOf\":{\"@id\":\"https:\\\/\\\/shop.pfarrplatz.com\\\/en\\\/#website\"},\"datePublished\":\"2025-08-07T12:27:20+00:00\",\"breadcrumb\":{\"@id\":\"https:\\\/\\\/shop.pfarrplatz.com\\\/de\\\/barrierefreiheitserklaerung\\\/#breadcrumb\"},\"inLanguage\":\"de\",\"potentialAction\":[{\"@type\":\"ReadAction\",\"target\":[\"https:\\\/\\\/shop.pfarrplatz.com\\\/de\\\/barrierefreiheitserklaerung\\\/\"]}]},{\"@type\":\"BreadcrumbList\",\"@id\":\"https:\\\/\\\/shop.pfarrplatz.com\\\/de\\\/barrierefreiheitserklaerung\\\/#breadcrumb\",\"itemListElement\":[{\"@type\":\"ListItem\",\"position\":1,\"name\":\"Startseite\",\"item\":\"https:\\\/\\\/shop.pfarrplatz.com\\\/de\\\/\"},{\"@type\":\"ListItem\",\"position\":2,\"name\":\"Barrierefreiheitserkl\u00e4rung\"}]},{\"@type\":\"WebSite\",\"@id\":\"https:\\\/\\\/shop.pfarrplatz.com\\\/en\\\/#website\",\"url\":\"https:\\\/\\\/shop.pfarrplatz.com\\\/en\\\/\",\"name\":\"Online-Shop der Weing\u00fcter Mayer am Pfarrplatz und Rotes Haus\",\"description\":\"Wein Online-Shop f\u00fcr Mayer am Pfarrplatz und Rotes Haus\",\"alternateName\":\"Online-Shop der Weing\u00fcter Mayer am Pfarrplatz und Rotes Haus\",\"potentialAction\":[{\"@type\":\"SearchAction\",\"target\":{\"@type\":\"EntryPoint\",\"urlTemplate\":\"https:\\\/\\\/shop.pfarrplatz.com\\\/en\\\/?s={search_term_string}\"},\"query-input\":{\"@type\":\"PropertyValueSpecification\",\"valueRequired\":true,\"valueName\":\"search_term_string\"}}],\"inLanguage\":\"de\"}]}<\/script>\n<!-- \/ Yoast SEO plugin. -->","yoast_head_json":{"title":"Barrierefreiheitserkl\u00e4rung - Online-Shop der Weing\u00fcter Mayer am Pfarrplatz und Rotes Haus","robots":{"index":"index","follow":"follow","max-snippet":"max-snippet:-1","max-image-preview":"max-image-preview:large","max-video-preview":"max-video-preview:-1"},"canonical":"https:\/\/shop.pfarrplatz.com\/de\/barrierefreiheitserklaerung\/","og_locale":"de_DE","og_type":"article","og_title":"Barrierefreiheitserkl\u00e4rung - Online-Shop der Weing\u00fcter Mayer am Pfarrplatz und Rotes Haus","og_url":"https:\/\/shop.pfarrplatz.com\/de\/barrierefreiheitserklaerung\/","og_site_name":"Online-Shop der Weing\u00fcter Mayer am Pfarrplatz und Rotes Haus","twitter_card":"summary_large_image","twitter_misc":{"Gesch\u00e4tzte Lesezeit":"1\u00a0Minute"},"schema":{"@context":"https:\/\/schema.org","@graph":[{"@type":"WebPage","@id":"https:\/\/shop.pfarrplatz.com\/de\/barrierefreiheitserklaerung\/","url":"https:\/\/shop.pfarrplatz.com\/de\/barrierefreiheitserklaerung\/","name":"Barrierefreiheitserkl\u00e4rung - Online-Shop der Weing\u00fcter Mayer am Pfarrplatz und Rotes Haus","isPartOf":{"@id":"https:\/\/shop.pfarrplatz.com\/en\/#website"},"datePublished":"2025-08-07T12:27:20+00:00","breadcrumb":{"@id":"https:\/\/shop.pfarrplatz.com\/de\/barrierefreiheitserklaerung\/#breadcrumb"},"inLanguage":"de","potentialAction":[{"@type":"ReadAction","target":["https:\/\/shop.pfarrplatz.com\/de\/barrierefreiheitserklaerung\/"]}]},{"@type":"BreadcrumbList","@id":"https:\/\/shop.pfarrplatz.com\/de\/barrierefreiheitserklaerung\/#breadcrumb","itemListElement":[{"@type":"ListItem","position":1,"name":"Startseite","item":"https:\/\/shop.pfarrplatz.com\/de\/"},{"@type":"ListItem","position":2,"name":"Barrierefreiheitserkl\u00e4rung"}]},{"@type":"WebSite","@id":"https:\/\/shop.pfarrplatz.com\/en\/#website","url":"https:\/\/shop.pfarrplatz.com\/en\/","name":"Online-Shop der Weing\u00fcter Mayer am Pfarrplatz und Rotes Haus","description":"Wein Online-Shop f\u00fcr Mayer am Pfarrplatz und Rotes Haus","alternateName":"Online-Shop der Weing\u00fcter Mayer am Pfarrplatz und Rotes Haus","potentialAction":[{"@type":"SearchAction","target":{"@type":"EntryPoint","urlTemplate":"https:\/\/shop.pfarrplatz.com\/en\/?s={search_term_string}"},"query-input":{"@type":"PropertyValueSpecification","valueRequired":true,"valueName":"search_term_string"}}],"inLanguage":"de"}]}},"_links":{"self":[{"href":"https:\/\/shop.pfarrplatz.com\/de\/wp-json\/wp\/v2\/pages\/99246","targetHints":{"allow":["GET"]}}],"collection":[{"href":"https:\/\/shop.pfarrplatz.com\/de\/wp-json\/wp\/v2\/pages"}],"about":[{"href":"https:\/\/shop.pfarrplatz.com\/de\/wp-json\/wp\/v2\/types\/page"}],"author":[{"embeddable":true,"href":"https:\/\/shop.pfarrplatz.com\/de\/wp-json\/wp\/v2\/users\/3437"}],"replies":[{"embeddable":true,"href":"https:\/\/shop.pfarrplatz.com\/de\/wp-json\/wp\/v2\/comments?post=99246"}],"version-history":[{"count":2,"href":"https:\/\/shop.pfarrplatz.com\/de\/wp-json\/wp\/v2\/pages\/99246\/revisions"}],"predecessor-version":[{"id":99248,"href":"https:\/\/shop.pfarrplatz.com\/de\/wp-json\/wp\/v2\/pages\/99246\/revisions\/99248"}],"wp:attachment":[{"href":"https:\/\/shop.pfarrplatz.com\/de\/wp-json\/wp\/v2\/media?parent=99246"}],"curies":[{"name":"wp","href":"https:\/\/api.w.org\/{rel}","templated":true}]}}