{"id":16,"date":"2018-03-22T14:29:04","date_gmt":"2018-03-22T13:29:04","guid":{"rendered":"https:\/\/localhost\/dev\/pfarrplatz\/shop\/agb\/"},"modified":"2026-01-12T14:41:24","modified_gmt":"2026-01-12T13:41:24","slug":"agb","status":"publish","type":"page","link":"https:\/\/shop.pfarrplatz.com\/de\/agb\/","title":{"rendered":"AGB"},"content":{"rendered":"<div class=\"fusion-fullwidth fullwidth-box fusion-builder-row-1 fusion-flex-container has-pattern-background has-mask-background nonhundred-percent-fullwidth non-hundred-percent-height-scrolling\" style=\"--awb-border-radius-top-left:0px;--awb-border-radius-top-right:0px;--awb-border-radius-bottom-right:0px;--awb-border-radius-bottom-left:0px;--awb-margin-bottom:80px;--awb-flex-wrap:wrap;\" ><div class=\"fusion-builder-row fusion-row fusion-flex-align-items-flex-start fusion-flex-content-wrap\" style=\"max-width:1570.4px;margin-left: calc(-4% \/ 2 );margin-right: calc(-4% \/ 2 );\"><div class=\"fusion-layout-column fusion_builder_column fusion-builder-column-0 fusion_builder_column_1_1 1_1 fusion-flex-column\" style=\"--awb-bg-size:cover;--awb-width-large:100%;--awb-margin-top-large:0px;--awb-spacing-right-large:1.92%;--awb-margin-bottom-large:0px;--awb-spacing-left-large:1.92%;--awb-width-medium:100%;--awb-spacing-right-medium:1.92%;--awb-spacing-left-medium:1.92%;--awb-width-small:100%;--awb-spacing-right-small:1.92%;--awb-spacing-left-small:1.92%;\"><div class=\"fusion-column-wrapper fusion-flex-justify-content-flex-start fusion-content-layout-column\"><div class=\"fusion-text fusion-text-1\"><h1 style=\"margin-bottom: 30px;\">AGB<\/h1>\n<p><b>1. Angebote\u00a0<\/b><br \/>\nUnsere Angebote sind unverbindlich, das letzte Angebot hebt alle vorhergehenden Angebote auf. Aufgrund der beschr\u00e4nkten Mengen einzelner Jahrg\u00e4nge kann w\u00e4hrend Ihrer Bestellung eine Ausverkaufssituation eintreten.<\/p>\n<p>Verf\u00fcgbarkeit freibleibend!<\/p>\n<p>F\u00fcr die Lieferung sind nur unsere aktuellen Liefer- und Zahlungsbedingungen ma\u00dfgebend. Abweichende Vereinbarungen sind nur g\u00fcltig, wenn sie von uns schriftlich best\u00e4tigt werden.<\/p>\n<p><b>2. F\u00e4lligkeit\u00a0<\/b><br \/>\nDie Bestellung kommt mit Best\u00e4tigung der Bestellung (per E-Mail, Telefon oder per Briefsendung) durch uns g\u00fcltig zustande. Bei Schreib-, Druck- und Rechenfehlern auf der Website ist www.pfarrplatz.at zum R\u00fccktritt berechtigt.<\/p>\n<p><b>3.\u00a0Sendungen\u00a0<\/b><br \/>\nF\u00fcr Sendungen innerhalb \u00d6sterreichs verrechnen wir ab 12 Flaschen keine Versandkosten. Unter 12 Flaschen betragen die Versandkosten \u20ac 7,90<\/p>\n<p>F\u00fcr Sendungen nach Deutschland verrechnen wir ab 12 Flaschen keine Versandkosten. Unter 12 Flaschen betragen die Versandkosten \u20ac 14,90<\/p>\n<p>Bestellungen aus anderen L\u00e4ndern werden gesondert bearbeitet.<\/p>\n<p><b>4. Transportsch\u00e4den\u00a0<\/b><br \/>\nF\u00fcr Sch\u00e4den und Beeintr\u00e4chtigungen, welche w\u00e4hrend des Transportes entstehen, garantieren wir Ihnen vollst\u00e4ndigen Ersatz unter folgenden Bedingungen:<\/p>\n<ul>\n<li>Die eintreffende Ware ist sofort auf Ordnungsm\u00e4\u00dfigkeit und Vollst\u00e4ndigkeit zu \u00fcberpr\u00fcfen.<\/li>\n<li>Eine Beanstandung der Ware ist innerhalb von 3 Tagen nach der Zustellung mitzuteilen.<\/li>\n<li>Jegliche Beanstandungen sind vom Transportunternehmen best\u00e4tigen zu lassen.<\/li>\n<\/ul>\n<p><b>5. Vorbehalte<\/b><br \/>\nDie gelieferten Waren bleiben bis zur vollst\u00e4ndigen Bezahlung unser Eigentum. \u00dcbereignung und Pf\u00e4ndung sind bis zur Bezahlung unzul\u00e4ssig. Der K\u00e4ufer ist verpflichtet, uns bei etwaigen Zugriffen zu verst\u00e4ndigen.<\/p>\n<p><b>6. Preise<\/b><br \/>\nDie Preise verstehen sich in Euro pro Flasche, inklusive aller gesetzliche Abgaben und Steuern (Umsatzsteuer), bei anfallenden Transportkosten, werden diese deutlich in der Rubrik \u201eKassa\u201c unter Produkt\u00fcbersicht gesondert angef\u00fchrt.<\/p>\n<p>Preis\u00e4nderungen und Irrt\u00fcmer vorbehalten!<\/p>\n<p><b>7. Gew\u00e4hrleistungen<\/b><br \/>\nDer Verkauf von alkoholischen Getr\u00e4nken erfolgt nur an Personen \u00fcber 18 Jahren.<\/p>\n<p>Etwaige Unwirksamkeiten einzelner Bestimmungen ber\u00fchren die Wirksamkeit der \u00fcbrigen Bestimmungen nicht.<\/p>\n<p><b>8. Gerichtsstand<\/b><br \/>\nErf\u00fcllungsort ist Wien. F\u00fcr alle Rechtsstreitigkeiten unterwerfen sich die Vertragsparteien ohne R\u00fccksicht auf die H\u00f6he des Streitwertes der Zust\u00e4ndigkeit des Bezirksgerichtes D\u00f6bling.<\/p>\n<p><strong>9. R\u00fccktritt, Widerrufsbelehrung und Streitbeilegung<br \/>\n<\/strong>F\u00fcr Verbraucher besteht das Recht auf einen R\u00fccktritt bzw Widerruf im Rahmen des Konsumentenschutzgesetzes oder des Fern- und Ausw\u00e4rtsabsatzgesetzes Siehe dazu nachstehend unsere Widerrufsbelehrung. Dieses besteht nicht f\u00fcr Unternehmer.<\/p>\n<p><u>Widerrufsbelehrung \u2013 Widerrufsrecht<\/u><\/p>\n<p>Sie haben das Recht, binnen vierzehn Tagen ohne Angabe von Gr\u00fcnden diesen Vertrag zu widerrufen. Die Widerrufsfrist betr\u00e4gt vierzehn Tage ab dem Tag an dem Sie oder ein von Ihnen benannter Dritter, der nicht der Bef\u00f6rderer ist, die Waren in Besitz genommen haben.<\/p>\n<p>Um Ihr Widerrufsrecht auszu\u00fcben, m\u00fcssen Sie uns, der Atzberg Wein GmbH, mittels einer eindeutigen Erkl\u00e4rung (z.B. ein mit der Post versandter Brief, Telefax oder E-Mail) \u00fcber Ihren Entschluss, diesen Vertrag zu widerrufen, informieren.<\/p>\n<p>Zur Wahrung der Widerrufsfrist reicht es aus, dass Sie die Mitteilung \u00fcber die Aus\u00fcbung des Widerrufsrechts vor Ablauf der Widerrufsfrist absenden.<\/p>\n<p><u>Folgen des Widerrufs<\/u><\/p>\n<p>Wenn Sie diesen Vertrag widerrufen, haben wir Ihnen alle Zahlungen, die wir von Ihnen erhalten haben, einschlie\u00dflich der Lieferkosten (mit Ausnahme der zus\u00e4tzlichen Kosten, die sich daraus ergeben, dass Sie eine andere Art der Lieferung als die von uns angebotene, g\u00fcnstigste Standardlieferung gew\u00e4hlt haben), unverz\u00fcglich und sp\u00e4testens binnen vierzehn Tagen ab dem Tag zur\u00fcckzuzahlen, an dem die Mitteilung \u00fcber Ihren Widerruf dieses Vertrags bei uns eingegangen ist. F\u00fcr diese R\u00fcckzahlung verwenden wir dasselbe Zahlungsmittel, das Sie bei der urspr\u00fcnglichen Transaktion eingesetzt haben, es sei denn, mit Ihnen wurde ausdr\u00fccklich etwas anderes vereinbart; in keinem Fall werden Ihnen wegen dieser R\u00fcckzahlung Entgelte berechnet.<\/p>\n<p>Online-Streitbeilegung gem\u00e4\u00df Art. 14 Abs. 1 ODR-VO: Link <a href=\"http:\/\/ec.europa.eu\/consumers\/odr\/\">http:\/\/ec.europa.eu\/consumers\/odr\/<\/a>.<\/p>\n<\/div><\/div><\/div><\/div><\/div>\n","protected":false},"excerpt":{"rendered":"","protected":false},"author":1,"featured_media":0,"parent":0,"menu_order":31,"comment_status":"closed","ping_status":"closed","template":"","meta":{"footnotes":""},"class_list":["post-16","page","type-page","status-publish","hentry"],"yoast_head":"<!-- This site is optimized with the Yoast SEO plugin v27.4 - https:\/\/yoast.com\/product\/yoast-seo-wordpress\/ -->\n<title>AGB - Online-Shop der Weing\u00fcter Mayer am Pfarrplatz und Rotes Haus<\/title>\n<meta name=\"robots\" content=\"index, follow, max-snippet:-1, max-image-preview:large, max-video-preview:-1\" \/>\n<link rel=\"canonical\" href=\"https:\/\/shop.pfarrplatz.com\/de\/agb\/\" \/>\n<meta property=\"og:locale\" content=\"de_DE\" \/>\n<meta property=\"og:type\" content=\"article\" \/>\n<meta property=\"og:title\" content=\"AGB - Online-Shop der Weing\u00fcter Mayer am Pfarrplatz und Rotes Haus\" \/>\n<meta property=\"og:url\" content=\"https:\/\/shop.pfarrplatz.com\/de\/agb\/\" \/>\n<meta property=\"og:site_name\" content=\"Online-Shop der Weing\u00fcter Mayer am Pfarrplatz und Rotes Haus\" \/>\n<meta property=\"article:publisher\" content=\"https:\/\/www.facebook.com\/mayerampfarrplatz\" \/>\n<meta property=\"article:modified_time\" content=\"2026-01-12T13:41:24+00:00\" \/>\n<meta name=\"twitter:card\" content=\"summary_large_image\" \/>\n<meta name=\"twitter:label1\" content=\"Gesch\u00e4tzte Lesezeit\" \/>\n\t<meta name=\"twitter:data1\" content=\"7\u00a0Minuten\" \/>\n<script type=\"application\/ld+json\" class=\"yoast-schema-graph\">{\"@context\":\"https:\\\/\\\/schema.org\",\"@graph\":[{\"@type\":\"WebPage\",\"@id\":\"https:\\\/\\\/shop.pfarrplatz.com\\\/de\\\/agb\\\/\",\"url\":\"https:\\\/\\\/shop.pfarrplatz.com\\\/de\\\/agb\\\/\",\"name\":\"AGB - Online-Shop der Weing\u00fcter Mayer am Pfarrplatz und Rotes Haus\",\"isPartOf\":{\"@id\":\"https:\\\/\\\/shop.pfarrplatz.com\\\/de\\\/#website\"},\"datePublished\":\"2018-03-22T13:29:04+00:00\",\"dateModified\":\"2026-01-12T13:41:24+00:00\",\"breadcrumb\":{\"@id\":\"https:\\\/\\\/shop.pfarrplatz.com\\\/de\\\/agb\\\/#breadcrumb\"},\"inLanguage\":\"de\",\"potentialAction\":[{\"@type\":\"ReadAction\",\"target\":[\"https:\\\/\\\/shop.pfarrplatz.com\\\/de\\\/agb\\\/\"]}]},{\"@type\":\"BreadcrumbList\",\"@id\":\"https:\\\/\\\/shop.pfarrplatz.com\\\/de\\\/agb\\\/#breadcrumb\",\"itemListElement\":[{\"@type\":\"ListItem\",\"position\":1,\"name\":\"Start\",\"item\":\"https:\\\/\\\/shop.pfarrplatz.com\\\/de\\\/\"},{\"@type\":\"ListItem\",\"position\":2,\"name\":\"AGB\"}]},{\"@type\":\"WebSite\",\"@id\":\"https:\\\/\\\/shop.pfarrplatz.com\\\/de\\\/#website\",\"url\":\"https:\\\/\\\/shop.pfarrplatz.com\\\/de\\\/\",\"name\":\"Online-Shop der Weing\u00fcter Mayer am Pfarrplatz und Rotes Haus\",\"description\":\"Von den 10 besten Weinen Wiens sind 6 von den Weing\u00fctern Mayer am Pfarrplatz und Rotes Haus\",\"publisher\":{\"@id\":\"https:\\\/\\\/shop.pfarrplatz.com\\\/de\\\/#organization\"},\"potentialAction\":[{\"@type\":\"SearchAction\",\"target\":{\"@type\":\"EntryPoint\",\"urlTemplate\":\"https:\\\/\\\/shop.pfarrplatz.com\\\/de\\\/?s={search_term_string}\"},\"query-input\":{\"@type\":\"PropertyValueSpecification\",\"valueRequired\":true,\"valueName\":\"search_term_string\"}}],\"inLanguage\":\"de\"},{\"@type\":\"Organization\",\"@id\":\"https:\\\/\\\/shop.pfarrplatz.com\\\/de\\\/#organization\",\"name\":\"Mayer am Pfarrplatz und Rotes Haus\",\"alternateName\":\"VWG \u201eVienna 19\u201c Wein GmbH\",\"url\":\"https:\\\/\\\/shop.pfarrplatz.com\\\/de\\\/\",\"logo\":{\"@type\":\"ImageObject\",\"inLanguage\":\"de\",\"@id\":\"https:\\\/\\\/shop.pfarrplatz.com\\\/de\\\/#\\\/schema\\\/logo\\\/image\\\/\",\"url\":\"https:\\\/\\\/shop.pfarrplatz.com\\\/wp-content\\\/uploads\\\/2018\\\/06\\\/weingut_mayer_am_pfarrplatz_logo.png\",\"contentUrl\":\"https:\\\/\\\/shop.pfarrplatz.com\\\/wp-content\\\/uploads\\\/2018\\\/06\\\/weingut_mayer_am_pfarrplatz_logo.png\",\"width\":124,\"height\":106,\"caption\":\"Mayer am Pfarrplatz und Rotes Haus\"},\"image\":{\"@id\":\"https:\\\/\\\/shop.pfarrplatz.com\\\/de\\\/#\\\/schema\\\/logo\\\/image\\\/\"},\"sameAs\":[\"https:\\\/\\\/www.facebook.com\\\/mayerampfarrplatz\",\"https:\\\/\\\/www.instagram.com\\\/mayerampfarrplatz.pfarrwirt\\\/\"]}]}<\/script>\n<!-- \/ Yoast SEO plugin. -->","yoast_head_json":{"title":"AGB - Online-Shop der Weing\u00fcter Mayer am Pfarrplatz und Rotes Haus","robots":{"index":"index","follow":"follow","max-snippet":"max-snippet:-1","max-image-preview":"max-image-preview:large","max-video-preview":"max-video-preview:-1"},"canonical":"https:\/\/shop.pfarrplatz.com\/de\/agb\/","og_locale":"de_DE","og_type":"article","og_title":"AGB - Online-Shop der Weing\u00fcter Mayer am Pfarrplatz und Rotes Haus","og_url":"https:\/\/shop.pfarrplatz.com\/de\/agb\/","og_site_name":"Online-Shop der Weing\u00fcter Mayer am Pfarrplatz und Rotes Haus","article_publisher":"https:\/\/www.facebook.com\/mayerampfarrplatz","article_modified_time":"2026-01-12T13:41:24+00:00","twitter_card":"summary_large_image","twitter_misc":{"Gesch\u00e4tzte Lesezeit":"7\u00a0Minuten"},"schema":{"@context":"https:\/\/schema.org","@graph":[{"@type":"WebPage","@id":"https:\/\/shop.pfarrplatz.com\/de\/agb\/","url":"https:\/\/shop.pfarrplatz.com\/de\/agb\/","name":"AGB - Online-Shop der Weing\u00fcter Mayer am Pfarrplatz und Rotes Haus","isPartOf":{"@id":"https:\/\/shop.pfarrplatz.com\/de\/#website"},"datePublished":"2018-03-22T13:29:04+00:00","dateModified":"2026-01-12T13:41:24+00:00","breadcrumb":{"@id":"https:\/\/shop.pfarrplatz.com\/de\/agb\/#breadcrumb"},"inLanguage":"de","potentialAction":[{"@type":"ReadAction","target":["https:\/\/shop.pfarrplatz.com\/de\/agb\/"]}]},{"@type":"BreadcrumbList","@id":"https:\/\/shop.pfarrplatz.com\/de\/agb\/#breadcrumb","itemListElement":[{"@type":"ListItem","position":1,"name":"Start","item":"https:\/\/shop.pfarrplatz.com\/de\/"},{"@type":"ListItem","position":2,"name":"AGB"}]},{"@type":"WebSite","@id":"https:\/\/shop.pfarrplatz.com\/de\/#website","url":"https:\/\/shop.pfarrplatz.com\/de\/","name":"Online-Shop der Weing\u00fcter Mayer am Pfarrplatz und Rotes Haus","description":"Von den 10 besten Weinen Wiens sind 6 von den Weing\u00fctern Mayer am Pfarrplatz und Rotes Haus","publisher":{"@id":"https:\/\/shop.pfarrplatz.com\/de\/#organization"},"potentialAction":[{"@type":"SearchAction","target":{"@type":"EntryPoint","urlTemplate":"https:\/\/shop.pfarrplatz.com\/de\/?s={search_term_string}"},"query-input":{"@type":"PropertyValueSpecification","valueRequired":true,"valueName":"search_term_string"}}],"inLanguage":"de"},{"@type":"Organization","@id":"https:\/\/shop.pfarrplatz.com\/de\/#organization","name":"Mayer am Pfarrplatz und Rotes Haus","alternateName":"VWG \u201eVienna 19\u201c Wein GmbH","url":"https:\/\/shop.pfarrplatz.com\/de\/","logo":{"@type":"ImageObject","inLanguage":"de","@id":"https:\/\/shop.pfarrplatz.com\/de\/#\/schema\/logo\/image\/","url":"https:\/\/shop.pfarrplatz.com\/wp-content\/uploads\/2018\/06\/weingut_mayer_am_pfarrplatz_logo.png","contentUrl":"https:\/\/shop.pfarrplatz.com\/wp-content\/uploads\/2018\/06\/weingut_mayer_am_pfarrplatz_logo.png","width":124,"height":106,"caption":"Mayer am Pfarrplatz und Rotes Haus"},"image":{"@id":"https:\/\/shop.pfarrplatz.com\/de\/#\/schema\/logo\/image\/"},"sameAs":["https:\/\/www.facebook.com\/mayerampfarrplatz","https:\/\/www.instagram.com\/mayerampfarrplatz.pfarrwirt\/"]}]}},"_links":{"self":[{"href":"https:\/\/shop.pfarrplatz.com\/de\/wp-json\/wp\/v2\/pages\/16","targetHints":{"allow":["GET"]}}],"collection":[{"href":"https:\/\/shop.pfarrplatz.com\/de\/wp-json\/wp\/v2\/pages"}],"about":[{"href":"https:\/\/shop.pfarrplatz.com\/de\/wp-json\/wp\/v2\/types\/page"}],"author":[{"embeddable":true,"href":"https:\/\/shop.pfarrplatz.com\/de\/wp-json\/wp\/v2\/users\/1"}],"replies":[{"embeddable":true,"href":"https:\/\/shop.pfarrplatz.com\/de\/wp-json\/wp\/v2\/comments?post=16"}],"version-history":[{"count":10,"href":"https:\/\/shop.pfarrplatz.com\/de\/wp-json\/wp\/v2\/pages\/16\/revisions"}],"predecessor-version":[{"id":103935,"href":"https:\/\/shop.pfarrplatz.com\/de\/wp-json\/wp\/v2\/pages\/16\/revisions\/103935"}],"wp:attachment":[{"href":"https:\/\/shop.pfarrplatz.com\/de\/wp-json\/wp\/v2\/media?parent=16"}],"curies":[{"name":"wp","href":"https:\/\/api.w.org\/{rel}","templated":true}]}}