{"id":14,"date":"2018-03-22T14:29:04","date_gmt":"2018-03-22T13:29:04","guid":{"rendered":"https:\/\/localhost\/dev\/pfarrplatz\/shop\/datenschutzbelehrung\/"},"modified":"2021-04-19T13:43:07","modified_gmt":"2021-04-19T11:43:07","slug":"datenschutzbelehrung","status":"publish","type":"page","link":"https:\/\/shop.pfarrplatz.com\/de\/datenschutzbelehrung\/","title":{"rendered":"Datenschutzbelehrung"},"content":{"rendered":"<section class=\"av_textblock_section \"  itemscope=\"itemscope\" itemtype=\"https:\/\/schema.org\/CreativeWork\" ><div class='avia_textblock  '   itemprop=\"text\" ><div class=\"agb\">\n<p>Wir freuen uns \u00fcber Ihr Interesse an unserem Unternehmen und unserer Website www.pfarrplatz.at. Das Unternehmen VWG \u201eVienna 19\u201c Wein GmbH, FN\u00a0<span style=\"font-family: Arial, sans-serif; font-size: 10pt;\">286637a<\/span>, mit der Gesch\u00e4ftsanschrift Eroicagasse 4, 1190 Wien, betreibt f\u00fcr seine Kunden ein Onlineportal unter der Webadresse \u201ewww.pfarrplatz.at\u201c. Weiterf\u00fchrende Informationen \u00fcber VWG \u201eVienna 19\u201c Wein GmbH finden sie im <a href=\"https:\/\/www.ameisenhaufen.at\/dev\/pfarrplatz\/shop\/impressum\/\">Impressum dieser Seite<\/a>. Diese Datenschutzinformation gilt f\u00fcr die im Namen der VWG &#8222;Vienna 19&#8220; Wein GmbH unternommenen und im Onlineportal angebotenen Kundenangebote.<\/p>\n<p>Die VWG \u201eVienna 19\u201c Wein GmbH ist Teil einer Unternehmensgruppe. Zur Erf\u00fcllung seiner Verpflichtungen bedient sich die VWG &#8222;Vienna 19&#8220; Wein GmbH arbeitsteiliger Weise auch Konzernverbundenen Unternehmen. Eine Liste der in den Anwendungsbereich dieser Datenschutzinformation fallenden Unternehmen finden Sie <a href=\"http:\/\/www.pfarrplatz.com\/DSGVO\/07_Unternehmen_VWG.pdf\" target=\"_blank\" rel=\"noopener\">hier<\/a>.<\/p>\n<p><strong>Gegenstand der Information<\/strong><br \/>\nIn dieser allgemeinen Datenschutzinformation wird unser grunds\u00e4tzliches Bekenntnis zum Datenschutz und allgemeine Sicherheitsma\u00dfnahmen beschrieben und erl\u00e4utert. Die Erf\u00fcllung unserer datenschutzrechtlichen Informationspflichten nehmen wir durch f\u00fcr die einzelnen Kundenangebote gesondert erstellte Datenschutzinformationen war, die einen integrierenden Bestandteil dieser Datenschutzinformation bilden. N\u00e4here Informationen und eine Verlinkung zu den Dokumenten finden Sie nachstehend unter \u201e<a href=\"#kundenangebote\">Datenschutzinformation nach Kundenangeboten<\/a>\u201c<em><strong>.<\/strong><\/em><\/p>\n<p><strong>Sicherheitsma\u00dfnahmen<\/strong><br \/>\nDer Schutz Ihrer personenbezogenen Daten und Informationen, die zur Feststellung Ihrer Identit\u00e4t f\u00fchren k\u00f6nnen, ist uns sehr wichtig. Ziel der Pfarrplatz Gastronomiebetriebs GmbH ist es, die Erwartungen unserer Kunden an unseren Produkten und Dienstleistungen fortw\u00e4hrend zu erf\u00fcllen. Dazu z\u00e4hlt auch der verantwortungsvolle Umgang mit den Daten, die Sie uns f\u00fcr im Rahmen unserer Kundenbeziehung anvertrauen. Wir verpflichten uns, Ihre Daten gem\u00e4\u00df den jeweils geltenden Datenschutzgesetzen zu sch\u00fctzen.<br \/>\nAus diesem Grund arbeiten wir auch st\u00e4ndig an der \u00dcberpr\u00fcfung und Verbesserung unserer technischen und physischen Sicherheitsregeln. In einem Sicherheitskonzept haben wir durch Regeln und Vorkehrungen Sicherheitsma\u00dfnahmen implementiert, um auf allen von der VWG \u201eVienna 19\u201c Wein GmbH\u00a0betriebenen Websites und Servern, ihre personenbezogenen Daten vor unbeabsichtigtem Verlust, Missbrauch und Ver\u00e4nderungen zu sch\u00fctzen, w\u00e4hrend sie unserer Kontrolle unterliegen.<br \/>\nDie Einhaltung datenschutzrechtlicher Auflagen stellen wir auch durch regelm\u00e4\u00dfige Schulungen unseres Personals, der Bereitstellung eines Datenschutzkoordinators und durch schriftliche \u00dcberbindung der Verpflichtung zur Datengeheimhaltung an Mitarbeiter und externe Auftragsverarbeiter sicher.<\/p>\n<p><strong>Minderj\u00e4hrige<\/strong><br \/>\nWir beabsichtigen nicht die Erfassung personenbezogener Daten von Minderj\u00e4hrigen; leider k\u00f6nnen wir aber das Alter der Personen, die unsere Websites aufrufen und verwenden, jedoch nicht immer \u00fcberpr\u00fcfen. Wenn eine minderj\u00e4hrige Person uns ihre Daten ohne Genehmigung des Erziehungsberechtigten \u00fcbermittelt, ersuchen wird diese sich an uns zu wenden, damit diese Daten gel\u00f6scht werden und die minderj\u00e4hrige Person unsererseits nicht mehr (zB Werbematerial) kontaktiert werden kann. Kontakt: <a href=\"mailto:office@pfarrplatz.at\">office@pfarrplatz.at<\/a><\/p>\n<p><strong>Verlinkung zu Facebook, Twitter und Instagram<br \/>\n<\/strong>Auf unserem Online-Angebot stellen wir eine Verlinkung zum sozialen Netzwerk \u201e<a href=\"http:\/\/facebook.com\/\">facebook.com<\/a>\u201c, welches von der Facebook Inc., 1601 S. California Ave, Palo Alto, CA 94304, USA betrieben wird (\u201cFacebook\u201d), zur Verf\u00fcgung. Weiters stellen wir eine Verlinkung zur Social Media Plattform \u201eInstagram\u201c(Instagram Inc., 1601 Willow Road, Menlo Park, CA, 94025, USA) sowie zu Twitter (1355 Market Street, Suite 900, San Francisco, CA 94103) zur Verf\u00fcgung.<\/p>\n<p><a href=\"#\" name=\"kundenangebote\"><\/a><\/p>\n<p>Diese Links werden nicht durch den blo\u00dfen Besuch der Webseite aktiviert, sondern m\u00fcssen aktiv angeklickt werden.<\/p>\n<p><a href=\"#\" name=\"kundenangebote\"><\/a><\/p>\n<p><strong>Facebook Custom Audience<br \/>\n<\/strong>Mittels \u201eFacebook Custom Audience\u201d wird ein Cookie zum Sammeln von Informationen dar\u00fcber gesetzt, wer mit der Betten Reiter Facebook Seite Kontakt hatte. Wir setzen dazu die Facebook Analysetools \u201eCustom Audiences\u201c und \u201eWebsite Custom Audiences\u201c ein. Dabei wird eine nicht-reversible und nicht-personenbezogene Pr\u00fcfsumme (Hash-Wert) aus Ihren Nutzungsdaten generiert, die an Facebook zu Analyse- und Marketingzwecken \u00fcbermittelt werden kann. F\u00fcr das Produkt Website Custom Audiences wird der Facebook Cookie angesprochen.<\/p>\n<p><a href=\"#\" name=\"kundenangebote\"><\/a><\/p>\n<p>Weitere Informationen \u00fcber Zweck und Umfang der Datenerhebung und die weitere Verarbeitung und Nutzung der Daten durch Facebook sowie Ihre Einstellungsm\u00f6glichkeiten zum Schutz Ihrer Privatsph\u00e4re entnehmen Sie bitte den Datenschutzrichtlinien von Facebook, welche u.a. auf\u00a0<a href=\"https:\/\/www.facebook.com\/ads\/website_custom_audiences\/\">https:\/\/www.facebook.com\/ads\/website_custom_audiences\/<\/a>\u00a0und\u00a0<a href=\"https:\/\/www.facebook.com\/privacy\/explanation\">https:\/\/www.facebook.com\/privacy\/explanation<\/a>\u00a0zu finden sind.<\/p>\n<p><a href=\"#\" name=\"kundenangebote\"><\/a><\/p>\n<p>Wenn Sie der Nutzung von Facebook Website Custom Audiences widersprechen m\u00f6chten, k\u00f6nnen Sie dies unter\u00a0<a href=\"https:\/\/www.facebook.com\/ads\/website_custom_audiences\/\">https:\/\/www.facebook.com\/ads\/website_custom_audiences\/<\/a>\u00a0tun.<\/p>\n<p><a href=\"#\" name=\"kundenangebote\"><\/a><\/p>\n<p>Verarbeitung von Kunden- und Interessentendaten<\/p>\n<p><a href=\"#\" name=\"kundenangebote\"><\/a><\/p>\n<p>Personenbezogene Daten von Kunden und Interessenten werden verarbeitet zum Zwecke der ordentlichen Abwicklung von Gesch\u00e4ftsverh\u00e4ltnissen sowie zur damit verbundenen Abrechnung und Erf\u00fcllung rechtlicher Anforderungen.<\/p>\n<p><a href=\"#\" name=\"kundenangebote\"><\/a><\/p>\n<p><strong>Datenverarbeitung im Rahmen der Auftragsabwicklung<br \/>\n<\/strong>Zum Zweck der ordentlichen Abwicklung von Gesch\u00e4ftsverh\u00e4ltnissen (zB. Lieferung von Ware, etc.) sowie der damit verbundenen Abrechnung und Erf\u00fcllung rechtlicher Anforderungen werden folgende Kategorien von Daten und des Einkaufsverhaltens verarbeitet:<\/p>\n<p>Vor- und Nachname,<br \/>\nTitel,<br \/>\nE-Mail-Adresse,<br \/>\nTelefonnummer,<br \/>\nAdresse,<br \/>\neingekaufte Waren und Dienstleistungen,<br \/>\nPreis, Ort, Zeit und Zahlungsweise des Einkaufes,<br \/>\nGutscheineinl\u00f6sung<br \/>\noptional: Lieferanschrift.<\/p>\n<p><a href=\"#\" name=\"kundenangebote\"><\/a><\/p>\n<p><a href=\"#\" name=\"kundenangebote\"><\/a><strong>Datenschutzinformation nach Kundenangeboten<\/strong><\/p>\n<p>Zur Erf\u00fcllung unserer datenschutzrechtlichen Informationspflichten haben wir f\u00fcr unsere Kundenangebote zur besseren Lesbarkeit und Transparenz gesonderte Datenschutzinformationen erstellt. Durch Anklicken des, beim Kundenangebot ausgewiesenen Links \u201e<em>Datenschutzinformation<\/em>\u201c, werden sie zum zugeh\u00f6rigen Dokument weitergeleitet.<br \/>\nIn den Datenschutzinformationen nach Kundenangeboten informieren wir Sie ausf\u00fchrlich dar\u00fcber<\/p>\n<ul>\n<li>wer wir sind und wie Sie mit uns in Kontakt treten k\u00f6nnen,<\/li>\n<li>auf welche Produkte sich die Datenschutzinformation bezieht,<\/li>\n<li>welche Kategorien personenbezogener Daten wir verarbeiten,<\/li>\n<li>aus welchen Quellen wir Daten beziehen,<\/li>\n<li>zu welchen Zwecken wir personenbezogene Daten (auch innerhalb der Unternehmensgruppe) verarbeiten,<\/li>\n<li>auf welcher Rechtsgrundlage wir dies tun,<\/li>\n<li>an wen wir personenbezogene Daten gegebenenfalls \u00fcbermitteln,<\/li>\n<li>wie lange wir personenbezogene Daten speichern und<\/li>\n<li>welche Rechte Ihnen in Bezug auf die verarbeiteten personenbezogenen Daten zukommen.<\/li>\n<\/ul>\n<p>Soweit in den Datenschutzinformationen darauf verwiesen wird, dass wir Datenverarbeitungen gest\u00fctzt auf Ihre Einwilligung vornehmen, setzt dies nat\u00fcrlich voraus, dass sie uns diese Einwilligung wirksam erteilt haben. Liegt keine Einwilligung vor, werden wir Datenverarbeitungen, die wir auf Einwilligung st\u00fctzen in Bezug auf ihre Person nicht vornehmen.<\/p>\n<p>Nat\u00fcrlich k\u00f6nnen unsere Onlineangebote (Websites) auch besucht werden, ohne dass Angaben zur Person des Nutzers gemacht werden. In diesem Fall, aber auch im Fall der Nutzung des Online-Angebots durch registrierte Nutzer, werden Zugriffsdaten ohne Personenbezug (zB Name des Internet Service Providers, die Seite von welcher der Nutzer die Websites besucht, die anonymisierte IP-Adresse, Datum und Uhrzeit des Besuches) gespeichert. Datenschutzinformationen zu dieser Art der Datenverarbeitung finden Sie neben den einzelnen Datenschutzinformationen in der \u201e<a href=\"http:\/\/www.pfarrplatz.com\/DSGVO\/09_4_Cookie_Information_VWG.pdf\" target=\"_blank\" rel=\"noopener\">Cookie Information<\/a>\u201c. In dieser Information finden sich auch Ausf\u00fchrungen betreffend \u201eSocial Plug-Ins\u201c, mit welchen Inhalte unserer Website mit anderen geteilt Websites geteilt werden k\u00f6nnen.<\/p>\n<p><strong>Unsere Kundenangebote sind:<\/strong><\/p>\n<ul>\n<li><u>Online \u2013 Dienste (Information, Newsletter Service, Online-Store)<\/u><a href=\"http:\/\/www.pfarrplatz.com\/DSGVO\/09_1_DSI_Online_Dienste_VWG.pdf\" target=\"_blank\" rel=\"noopener\">Datenschutzinformation Online \u2013 Dienste<\/a><br \/>\n<a href=\"http:\/\/www.pfarrplatz.com\/DSGVO\/09_2_DSI_Newsletter_Service_VWG.pdf\" target=\"_blank\" rel=\"noopener\">Datenschutzinformation Newsletter<\/a><\/li>\n<\/ul>\n<ul>\n<li><u>Gewinnspiele<\/u><a href=\"http:\/\/www.pfarrplatz.com\/DSGVO\/09_3_DSI_Gewinnspiele_VWG.pdf\" target=\"_blank\" rel=\"noopener\">Datenschutzinformation Gewinnspiele<\/a><\/li>\n<\/ul>\n<ul>\n<li><u>Besuch der Website f\u00fcr nicht registrierte User<\/u><a href=\"http:\/\/www.pfarrplatz.com\/DSGVO\/09_4_Cookie_Information_VWG.pdf\" target=\"_blank\" rel=\"noopener\">Cookie-Information<\/a><\/li>\n<\/ul>\n<p><strong>Kontakt<\/strong><br \/>\nWenn Sie Ihre Daten, die Datenverwendung oder Ihren bevorzugten Kommunikationsweg aktualisieren m\u00f6chten oder wenn Sie von der VWG \u201eVienna 19\u201c Wein GmbH keine Mitteilungen mehr empfangen oder Widerspruch gegen die Datenverarbeitung erheben m\u00f6chten, k\u00f6nnen Sie dies jederzeit, ohne Angabe von Gr\u00fcndungen unter folgenden Kontaktdaten:<\/p>\n<ul>\n<li>Per e-mail: \u00a0\u00a0\u00a0\u00a0\u00a0<a href=\"mailto:office@pfarrplatz.at\">office@pfarrplatz.at<\/a><\/li>\n<li>Per Telefon:\u00a0\u00a0\u00a0 0043 1 336 01 97<\/li>\n<li>Per Post:\u00a0\u00a0\u00a0\u00a0\u00a0\u00a0\u00a0 VWG \u201eVienna 19\u201c Wein GmbH, Eroicagasse 4, 1190 Wien<\/li>\n<\/ul>\n<p>Sollten Sie Anmerkungen oder Fragen zum Datenschutzoder zu unseren Datenschutzinformationen haben, k\u00f6nnen Sie sich auf einem der unten angegebenen Wege an uns wenden:<\/p>\n<ul>\n<li>Per e-mail: \u00a0\u00a0 <a href=\"mailto:office@pfarrplatz.at\">office@pfarrplatz.at<\/a><\/li>\n<li>Per Telefon:\u00a0 0043 1 336 01 97<\/li>\n<\/ul>\n<p><strong>Stand: April 2021<\/strong><\/p>\n<p><a href=\"https:\/\/shop.pfarrplatz.com\/wp-content\/uploads\/sites\/16\/2021\/04\/09_Allgemeine_DSI_VWG_2021.pdf\" target=\"_blank\" rel=\"noopener\">Laden Sie die Allgemeinen Datenschutzinformationen als PDF herunter.<\/a><\/p>\n<\/div>\n<\/div><\/section>\n","protected":false},"excerpt":{"rendered":"","protected":false},"author":1,"featured_media":0,"parent":0,"menu_order":48,"comment_status":"closed","ping_status":"closed","template":"","meta":{"footnotes":""},"class_list":["post-14","page","type-page","status-publish","hentry"],"yoast_head":"<!-- This site is optimized with the Yoast SEO plugin v27.3 - https:\/\/yoast.com\/product\/yoast-seo-wordpress\/ -->\n<title>Datenschutzbelehrung - Online-Shop der Weing\u00fcter Mayer am Pfarrplatz und Rotes Haus<\/title>\n<meta name=\"robots\" content=\"index, follow, max-snippet:-1, max-image-preview:large, max-video-preview:-1\" \/>\n<link rel=\"canonical\" href=\"https:\/\/shop.pfarrplatz.com\/de\/datenschutzbelehrung\/\" \/>\n<meta property=\"og:locale\" content=\"de_DE\" \/>\n<meta property=\"og:type\" content=\"article\" \/>\n<meta property=\"og:title\" content=\"Datenschutzbelehrung - Online-Shop der Weing\u00fcter Mayer am Pfarrplatz und Rotes Haus\" \/>\n<meta property=\"og:url\" content=\"https:\/\/shop.pfarrplatz.com\/de\/datenschutzbelehrung\/\" \/>\n<meta property=\"og:site_name\" content=\"Online-Shop der Weing\u00fcter Mayer am Pfarrplatz und Rotes Haus\" \/>\n<meta property=\"article:modified_time\" content=\"2021-04-19T11:43:07+00:00\" \/>\n<meta name=\"twitter:card\" content=\"summary_large_image\" \/>\n<meta name=\"twitter:label1\" content=\"Gesch\u00e4tzte Lesezeit\" \/>\n\t<meta name=\"twitter:data1\" content=\"6\u00a0Minuten\" \/>\n<script type=\"application\/ld+json\" class=\"yoast-schema-graph\">{\"@context\":\"https:\\\/\\\/schema.org\",\"@graph\":[{\"@type\":\"WebPage\",\"@id\":\"https:\\\/\\\/shop.pfarrplatz.com\\\/de\\\/datenschutzbelehrung\\\/\",\"url\":\"https:\\\/\\\/shop.pfarrplatz.com\\\/de\\\/datenschutzbelehrung\\\/\",\"name\":\"Datenschutzbelehrung - Online-Shop der Weing\u00fcter Mayer am Pfarrplatz und Rotes Haus\",\"isPartOf\":{\"@id\":\"https:\\\/\\\/shop.pfarrplatz.com\\\/en\\\/#website\"},\"datePublished\":\"2018-03-22T13:29:04+00:00\",\"dateModified\":\"2021-04-19T11:43:07+00:00\",\"breadcrumb\":{\"@id\":\"https:\\\/\\\/shop.pfarrplatz.com\\\/de\\\/datenschutzbelehrung\\\/#breadcrumb\"},\"inLanguage\":\"de\",\"potentialAction\":[{\"@type\":\"ReadAction\",\"target\":[\"https:\\\/\\\/shop.pfarrplatz.com\\\/de\\\/datenschutzbelehrung\\\/\"]}]},{\"@type\":\"BreadcrumbList\",\"@id\":\"https:\\\/\\\/shop.pfarrplatz.com\\\/de\\\/datenschutzbelehrung\\\/#breadcrumb\",\"itemListElement\":[{\"@type\":\"ListItem\",\"position\":1,\"name\":\"Startseite\",\"item\":\"https:\\\/\\\/shop.pfarrplatz.com\\\/de\\\/\"},{\"@type\":\"ListItem\",\"position\":2,\"name\":\"Datenschutzbelehrung\"}]},{\"@type\":\"WebSite\",\"@id\":\"https:\\\/\\\/shop.pfarrplatz.com\\\/en\\\/#website\",\"url\":\"https:\\\/\\\/shop.pfarrplatz.com\\\/en\\\/\",\"name\":\"Online-Shop der Weing\u00fcter Mayer am Pfarrplatz und Rotes Haus\",\"description\":\"Wein Online-Shop f\u00fcr Mayer am Pfarrplatz und Rotes Haus\",\"alternateName\":\"Online-Shop der Weing\u00fcter Mayer am Pfarrplatz und Rotes Haus\",\"potentialAction\":[{\"@type\":\"SearchAction\",\"target\":{\"@type\":\"EntryPoint\",\"urlTemplate\":\"https:\\\/\\\/shop.pfarrplatz.com\\\/en\\\/?s={search_term_string}\"},\"query-input\":{\"@type\":\"PropertyValueSpecification\",\"valueRequired\":true,\"valueName\":\"search_term_string\"}}],\"inLanguage\":\"de\"}]}<\/script>\n<!-- \/ Yoast SEO plugin. -->","yoast_head_json":{"title":"Datenschutzbelehrung - Online-Shop der Weing\u00fcter Mayer am Pfarrplatz und Rotes Haus","robots":{"index":"index","follow":"follow","max-snippet":"max-snippet:-1","max-image-preview":"max-image-preview:large","max-video-preview":"max-video-preview:-1"},"canonical":"https:\/\/shop.pfarrplatz.com\/de\/datenschutzbelehrung\/","og_locale":"de_DE","og_type":"article","og_title":"Datenschutzbelehrung - Online-Shop der Weing\u00fcter Mayer am Pfarrplatz und Rotes Haus","og_url":"https:\/\/shop.pfarrplatz.com\/de\/datenschutzbelehrung\/","og_site_name":"Online-Shop der Weing\u00fcter Mayer am Pfarrplatz und Rotes Haus","article_modified_time":"2021-04-19T11:43:07+00:00","twitter_card":"summary_large_image","twitter_misc":{"Gesch\u00e4tzte Lesezeit":"6\u00a0Minuten"},"schema":{"@context":"https:\/\/schema.org","@graph":[{"@type":"WebPage","@id":"https:\/\/shop.pfarrplatz.com\/de\/datenschutzbelehrung\/","url":"https:\/\/shop.pfarrplatz.com\/de\/datenschutzbelehrung\/","name":"Datenschutzbelehrung - Online-Shop der Weing\u00fcter Mayer am Pfarrplatz und Rotes Haus","isPartOf":{"@id":"https:\/\/shop.pfarrplatz.com\/en\/#website"},"datePublished":"2018-03-22T13:29:04+00:00","dateModified":"2021-04-19T11:43:07+00:00","breadcrumb":{"@id":"https:\/\/shop.pfarrplatz.com\/de\/datenschutzbelehrung\/#breadcrumb"},"inLanguage":"de","potentialAction":[{"@type":"ReadAction","target":["https:\/\/shop.pfarrplatz.com\/de\/datenschutzbelehrung\/"]}]},{"@type":"BreadcrumbList","@id":"https:\/\/shop.pfarrplatz.com\/de\/datenschutzbelehrung\/#breadcrumb","itemListElement":[{"@type":"ListItem","position":1,"name":"Startseite","item":"https:\/\/shop.pfarrplatz.com\/de\/"},{"@type":"ListItem","position":2,"name":"Datenschutzbelehrung"}]},{"@type":"WebSite","@id":"https:\/\/shop.pfarrplatz.com\/en\/#website","url":"https:\/\/shop.pfarrplatz.com\/en\/","name":"Online-Shop der Weing\u00fcter Mayer am Pfarrplatz und Rotes Haus","description":"Wein Online-Shop f\u00fcr Mayer am Pfarrplatz und Rotes Haus","alternateName":"Online-Shop der Weing\u00fcter Mayer am Pfarrplatz und Rotes Haus","potentialAction":[{"@type":"SearchAction","target":{"@type":"EntryPoint","urlTemplate":"https:\/\/shop.pfarrplatz.com\/en\/?s={search_term_string}"},"query-input":{"@type":"PropertyValueSpecification","valueRequired":true,"valueName":"search_term_string"}}],"inLanguage":"de"}]}},"_links":{"self":[{"href":"https:\/\/shop.pfarrplatz.com\/de\/wp-json\/wp\/v2\/pages\/14","targetHints":{"allow":["GET"]}}],"collection":[{"href":"https:\/\/shop.pfarrplatz.com\/de\/wp-json\/wp\/v2\/pages"}],"about":[{"href":"https:\/\/shop.pfarrplatz.com\/de\/wp-json\/wp\/v2\/types\/page"}],"author":[{"embeddable":true,"href":"https:\/\/shop.pfarrplatz.com\/de\/wp-json\/wp\/v2\/users\/1"}],"replies":[{"embeddable":true,"href":"https:\/\/shop.pfarrplatz.com\/de\/wp-json\/wp\/v2\/comments?post=14"}],"version-history":[{"count":9,"href":"https:\/\/shop.pfarrplatz.com\/de\/wp-json\/wp\/v2\/pages\/14\/revisions"}],"predecessor-version":[{"id":9901,"href":"https:\/\/shop.pfarrplatz.com\/de\/wp-json\/wp\/v2\/pages\/14\/revisions\/9901"}],"wp:attachment":[{"href":"https:\/\/shop.pfarrplatz.com\/de\/wp-json\/wp\/v2\/media?parent=14"}],"curies":[{"name":"wp","href":"https:\/\/api.w.org\/{rel}","templated":true}]}}